{"id":14358,"date":"2019-01-08T18:34:54","date_gmt":"2019-01-08T16:34:54","guid":{"rendered":"https:\/\/casadicurareginapacis.com\/?page_id=14358"},"modified":"2024-01-12T11:01:56","modified_gmt":"2024-01-12T09:01:56","slug":"radiologia-senologica","status":"publish","type":"page","link":"https:\/\/casadicurareginapacis.com\/en\/radiologia-senologica\/","title":{"rendered":"Radiologia Senologica"},"content":{"rendered":"<div class=\"auto-format ui--animation\"><p><strong>LA NOSTRA ATTIVITA&#8217;<\/strong><\/p>\n<p>Per garantire un servizio efficace alla popolazione sono necessarie strutture sanitarie qualificate che possano essere un chiaro riferimento per la popolazione che vi afferisce. In queste strutture la paziente potr\u00e0 ricevere un preciso inquadramento clinico in caso di patologia accertata, o in caso di assenza di patologia avere informazioni adeguate per programmare la modalit\u00e0 dei successivi controlli.<\/p>\n<p>\u00c8 con queste finalit\u00e0 che \u00e8 nata e si \u00e8 sviluppata la Divisione di Radiologia Senologica della Casa di Cura &#8220;Regina Pacis&#8221; con sede a San Cataldo (CL). In questa Struttura, la corretta e tempestiva diagnosi \u00e8 frutto della competenza e sinergia delle diverse figure professionali che in essa operano e che si avvalgono peraltro di strumentazioni di ultima generazione e metodologie sempre pi\u00f9 innovative.<\/p>\n<p>L\u2019approccio multidisciplinare e il costante confronto tra i diversi specialisti che operano all&#8217;interno della Struttura (radiologi, chirurghi, anatomo-patologi) consente di offrire alla Paziente un servizio attento e completo, dalla diagnosi alla cura, con tutte le tappe intermedie necessarie. <\/p>\n<p>La Divisione si occupa sia di attivit\u00e0 clinica di assistenza al paziente con esami radiologici utili nelle diverse situazioni sia di assistenza alla popolazione sana per diagnosticare una patologia mammaria ed eventualmente indirizzare allo specialista Chirurgo e\/o Oncologo per le relative terapie.<br \/>\nSi studia e si lavora per un\u2019integrazione sempre migliore tra le tecniche diagnostiche tradizionali come la mammografia, l\u2019ecografia, la risonanza magnetica, l\u2019agoaspirato per citologia, la biopsia per microistologia, la localizzazione pre-operatoria di lesioni non palpabili che prepara molte Pazienti alla <a href=\"https:\/\/casadicurareginapacis.com\/senologia\/\" target=\"_blank\">chirurgia<\/a>.<\/p>\n<\/div><div class=\"ui--image-wrap clearfix alignright ui--animation text-right ui--block\"><div class=\"ui--image-inline-block\"><img  id=\"ui--image-1\" class=\"ui--image\" src=\"https:\/\/casadicurareginapacis.com\/wp-content\/uploads\/2019\/01\/cancroseno.jpg\" alt=\"\" title=\"\" data-at2x=\"\"\/><div class=\"ui--shadow ui--shadow-type-1 ui--shadow-abs clearfix\"><img src=\"https:\/\/casadicurareginapacis.com\/wp-content\/themes\/envision\/includes\/modules\/module.shadow\/shadows\/shadow-1.png\" alt=\"shadow\" \/><\/div><\/div><\/div><div  class=\"ui--divider ui--animation clearfix ui--divider-solid-line\"><\/div><div class=\"auto-format ui--animation\"><p><strong>AMBULATORIO PER PAZIENTI IN GRAVIDANZA<\/strong> <\/p>\n<p>Presso la Divisione di Radiologia Senologica \u00e8 presente un ambulatorio dedicato alle pazienti con sintomatologia mammaria in gravidanza: \u00e8 l\u2019ambulatorio <strong>SIGA<\/strong> (Senologia Integrata in Gravidanza e Allattamento). Possono rivolgersi a questo ambulatorio tutte le donne in gravidanza o allattamento che accusano una sintomatologia mammaria come la  presenza di un nodulo, un\u2019infiammazione, una secrezione anomala dal capezzolo o altro. Il carcinoma che insorge durante la gravidanza \u00e8 un evento raro ma va comunque considerato perch\u00e9 pi\u00f9 frequente rispetto al passato, e per la sua diagnosi \u00e8 richiesta l\u2019eccellenza del team che se ne occupa. Se per tutti i pazienti oncologici \u00e8 straordinariamente importante offrire competenza, professionalit\u00e0, efficienza, tempestivit\u00e0 e umanit\u00e0, per le pazienti in gravidanza e allattamento occorre che ci sia addirittura qualcosa in pi\u00f9 per le ovvie implicazioni cliniche, biologiche, psicologiche. Ecco perch\u00e9 \u00e8 stato creato l\u2019ambulatorio SIGA con figure professionali dedicate ed esperte.<\/p>\n<\/div><div class=\"ui--image-wrap clearfix alignleft ui--animation text-left ui--block\"><div class=\"ui--image-inline-block\"><img  id=\"ui--image-2\" class=\"ui--image\" src=\"https:\/\/casadicurareginapacis.com\/wp-content\/uploads\/2019\/01\/allattamento.jpg\" alt=\"\" title=\"\" data-at2x=\"\"\/><div class=\"ui--shadow ui--shadow-type-1 ui--shadow-abs clearfix\"><img src=\"https:\/\/casadicurareginapacis.com\/wp-content\/themes\/envision\/includes\/modules\/module.shadow\/shadows\/shadow-1.png\" alt=\"shadow\" \/><\/div><\/div><\/div><div  class=\"ui--divider ui--animation clearfix ui--divider-solid-line\"><\/div><div class=\"auto-format ui--animation\"><p><strong>TECNICHE DIAGNOSTICHE<\/strong><br \/>\nLe indagini clinico-strumentali messe a disposizione delle Pazienti presso la Divisione sono le seguenti:<\/p>\n<ul>\n<li>la mammografia digitale completata dalla tomosintesi<\/li>\n<li>l\u2019ecografia mammaria e quando necessario il color-doppler<\/li>\n<li>la risonanza magnetica con e senza mezzo di contrasto esguita con RM a 3 Tesla<\/li>\n<li>il prelievo citologico con agoaspirato guidato dalle indagini strumentali qui di sopra elencate<\/li>\n<li>il prelievo microistologico effettuato mediante core biopsy  o  biopsia vacuum assistita  guidato sempre dalle indagini strumentali<\/li>\n<li>la localizzazione pre, intra e post-operatoria per consentire una precisa  asportazione chirurgica della lesione non palpabili.<\/li>\n<\/ul>\n<p>La mammografia digitale, dal 2000 entrata a pieno ritmo nella diagnostica senologica, resta l\u2019indagine principale. Di recente acquisizione nei nostri ambulatori radiologici come valido supporto alla mammografia \u00e8 la <a href=\"https:\/\/casadicurareginapacis.com\/tomosintesi\/\" target=\"_blank\">tomosintesi<\/a>: \u00e8 uno strumento diagnostico che consente lo studio di sezioni della mammella facilitando cos\u00ec la visualizzazione di reperti importanti per una diagnosi di patologia mammaria sempre pi\u00f9 precisa e tempestiva.<\/p>\n<p>L\u2019<a href=\"https:\/\/casadicurareginapacis.com\/ecografia\/\" target=\"_blank\">ecografia<\/a> \u00e8 un esame eccellente per la ricchezza di informazioni e la completa innocuit\u00e0, con ottima strumentazione e il massimo della qualit\u00e0 di vita (confort) per le persone che vi si sottopongono. Gli aggiornamenti tecnologici dell\u2019ecografia sono continui e da noi periodicamente studiati e impiegati, selezionando volta per volta i pi\u00f9 efficaci in termini di benefici diagnostici.  <\/p>\n<p>La<a href=\"https:\/\/casadicurareginapacis.com\/risonanza-magnetica\/\" target=\"_blank\"> risonanza magnetica<\/a> \u00e8 stata ampiamente validata e ha raggiunto qualit\u00e0 e definizione di indicazioni molto precise: va impiegata solo in casi specifici selezionati e indicati dal medico radiologo che abbia effettuato previe indagini tradizionali come mammografia ed ecografia, o indicata dal senologo eo oncologo che abbiano valutato l\u2019esito delle indagini standard. Si usa principalmente per uno studio dettagliato di una cicatrice chirurgica quando questa presenti dubbi diagnostici, per verificare l\u2019integrit\u00e0 delle protesi mammarie nel dubbio di una rottura, per valutare la presenza di pi\u00f9 tumori nella stessa mammella o nella mammella controlaterale e in molte altre situazioni che lo specialista conosce e volta per volta indicher\u00e0. La Casa di Cura &#8220;Regina Pacis&#8221; \u00e8 una delle pochissime strutture di tutto il Meridione ad esser dotata di una <a href=\"https:\/\/www.youtube.com\/watch?time_continue=9&#038;v=ejGyt88hKO4\" target=\"_blank\">Risonanza Magnetica a 3 Tesla!<\/a><\/p>\n<p>Il <a href=\"https:\/\/casadicurareginapacis.com\/biopsia-mammaria\/\" target=\"_blank\">prelievo microistologico<\/a>, ormai di largo impiego, si basa su apparecchi sempre pi\u00f9 sofisticati forniti da aziende che cercano, con un continuo perfezionamento dei supporti tecnici, di garantire la migliore qualit\u00e0 del tessuto prelevato e il migliore confort per la persona senza trascurare, contestualmente, la facile manualit\u00e0 per l\u2019operatore. Queste strumentazioni possono essere collegate al mammografo e all\u2019apparecchio dell\u2019ecografia, e ormai anche alla risonanza magnetica: ecco che diventa possibile guidare il prelievo con la metodica che meglio visualizza il reperto in esame.<\/p>\n<\/div><div class=\"ui--image-wrap clearfix alignright ui--animation text-right ui--block\"><div class=\"ui--image-inline-block\"><img  id=\"ui--image-3\" class=\"ui--image\" src=\"https:\/\/casadicurareginapacis.com\/wp-content\/uploads\/2016\/03\/radiodiagnostica-4-300x200.jpg\" alt=\"radiodiagnostica 4\" title=\"radiodiagnostica 4\" data-at2x=\"\" width=\"300\" height=\"200\"\/><div class=\"ui--shadow ui--shadow-type-1 ui--shadow-abs clearfix\"><img src=\"https:\/\/casadicurareginapacis.com\/wp-content\/themes\/envision\/includes\/modules\/module.shadow\/shadows\/shadow-1.png\" alt=\"shadow\" \/><\/div><\/div><\/div><div  class=\"ui--divider ui--animation clearfix ui--divider-solid-line\"><\/div><div class=\"auto-format ui--animation\"><p>La Radiologia Senologica della Casa di Cura &#8220;Regina Pacis&#8221; \u00e8 integrata nell&#8217;organizzazione del <a href=\"https:\/\/casadicurareginapacis.com\/informazioni-generali-breastunit\/\" target=\"_blank\">Breast Center<\/a> e si avvale della stretta collaborazione con il <a href=\"https:\/\/casadicurareginapacis.com\/genetica-oncologica-2\/\" target=\"_blank\">Centro di Genetica Oncologica<\/a>.<\/p>\n<\/div><a class=\"btn btn-normal btn-icon-left btn-secondary ui--animation\" href=\"https:\/\/casadicurareginapacis.com\/prenota\/\" target=\"_blank\" style=\"\">Prenota on-line<\/a> <a class=\"btn btn-normal btn-icon-left btn-primary ui--animation\" href=\"https:\/\/casadicurareginapacis.com\/senologia\/\" target=\"_blank\" style=\"\">Informazioni<\/a> ","protected":false},"excerpt":{"rendered":"<p>LA NOSTRA ATTIVITA&#8217; Per garantire un servizio efficace alla popolazione sono necessarie strutture sanitarie qualificate che possano essere un chiaro riferimento per la popolazione che vi afferisce. In queste strutture la paziente potr\u00e0 ricevere un preciso inquadramento clinico in caso di patologia accertata, o in caso di assenza di patologia avere informazioni adeguate per programmare [&hellip;]<\/p>\n","protected":false},"author":2,"featured_media":0,"parent":0,"menu_order":0,"comment_status":"closed","ping_status":"closed","template":"","meta":[],"_links":{"self":[{"href":"https:\/\/casadicurareginapacis.com\/en\/wp-json\/wp\/v2\/pages\/14358\/"}],"collection":[{"href":"https:\/\/casadicurareginapacis.com\/en\/wp-json\/wp\/v2\/pages\/"}],"about":[{"href":"https:\/\/casadicurareginapacis.com\/en\/wp-json\/wp\/v2\/types\/page\/"}],"author":[{"embeddable":true,"href":"https:\/\/casadicurareginapacis.com\/en\/wp-json\/wp\/v2\/users\/2\/"}],"replies":[{"embeddable":true,"href":"https:\/\/casadicurareginapacis.com\/en\/wp-json\/wp\/v2\/comments\/?post=14358"}],"version-history":[{"count":3,"href":"https:\/\/casadicurareginapacis.com\/en\/wp-json\/wp\/v2\/pages\/14358\/revisions\/"}],"predecessor-version":[{"id":14369,"href":"https:\/\/casadicurareginapacis.com\/en\/wp-json\/wp\/v2\/pages\/14358\/revisions\/14369\/"}],"wp:attachment":[{"href":"https:\/\/casadicurareginapacis.com\/en\/wp-json\/wp\/v2\/media\/?parent=14358"}],"curies":[{"name":"wp","href":"https:\/\/api.w.org\/{rel}","templated":true}]}}