{"id":15371,"date":"2019-01-30T17:09:27","date_gmt":"2019-01-30T15:09:27","guid":{"rendered":"https:\/\/casadicurareginapacis.com\/?page_id=15371"},"modified":"2024-01-12T10:52:51","modified_gmt":"2024-01-12T08:52:51","slug":"ozonoterapia","status":"publish","type":"page","link":"https:\/\/casadicurareginapacis.com\/en\/ozonoterapia\/","title":{"rendered":"Ozonoterapia"},"content":{"rendered":"<div class=\"ui--image-wrap clearfix alignleft text-left ui--block\"><img  id=\"ui--image-1\" class=\"ui--image ui--animation\" src=\"https:\/\/casadicurareginapacis.com\/wp-content\/uploads\/2019\/01\/Pages_01.jpg\" alt=\"\" title=\"\" data-at2x=\"\"\/><\/div><div class=\"auto-format ui--animation\"><p>L\u2019<strong>ozono<\/strong> \u00e8 una forma arricchita dell\u2019ossigeno (O3) \u00e8 blu e ha un odore particolare.<br \/>\nNello spazio ci protegge dalle radiazioni ultraviolette. Sulla terra \u00e8 il pi\u00f9 efficace battericida esistente. La sua capacit\u00e0 di rilasciare ossigeno \u00e8 stupefacente. In natura vi \u00e8 un ciclo di ossigeno proprio come c&#8217;\u00e8 un ciclo di acqua.<br \/>\nL&#8217;ossigeno viene rilasciato dalle piante attraverso il processo di fotosintesi: cio\u00e8 con l\u2019assorbimento di CO2 ed il rilascio di O2. \u00c8 pi\u00f9 leggero dell&#8217;aria e tende ad accumularsi negli strati pi\u00f9 alti dell\u2019atmosfera. In corrispondenza della zona di altezza pari a 20-30 km dalla superficie terrestre, le radiazioni ultraviolette, di lunghezza d&#8217;onda 185-200 nanometri, colpiscono l&#8217;ossigeno e ne trasformano una parte in ozono (O3).<br \/>\nL&#8217;ozono cos\u00ec creato forma un sottile strato nell&#8217;atmosfera che assorbe e blocca parte dello spettro UV. La grande maggioranza dei raggi UV raggiunge la terra e ce ne accorgiamo quando ci abbronziamo. Circa l\u2019assottigliamento dello strato di ozono, la realt\u00e0 \u00e8 che la produzione di ozono nell&#8217;atmosfera superiore dipende dalla quantit\u00e0 di energia proveniente dal Sole.<br \/>\nDurante i picchi di attivit\u00e0 solare, l&#8217;ozono viene creato a una velocit\u00e0 maggiore. Durante le pause nel ciclo delle macchie solari, lo strato di ozono diventa pi\u00f9 sottile. Il livello pi\u00f9 basso mai misurato \u00e8 stato nel 1962. Di notte, sul lato oscuro del pianeta, lo strato di ozono sparisce in poche ore. Il livello viene ristabilito come il Sole sorge al mattino. Nel corso degli inverni polari non si sviluppa ozono a causa dell\u2019assenza di luce solare.<br \/>\nL&#8217;ozono \u00e8 prodotto costantemente nell&#8217;alta atmosfera fino a quando il Sole splende e, dal momento che \u00e8 pi\u00f9 pesante dell&#8217;aria, tende ad accumularsi sulla superficie terrestre. Nella sua discesa si combina con gli inquinanti dell\u2019aria, effettuando una vera a propria pulizia e igienizzazione dell\u2019aria. Tramite l\u2019ozono la natura mette in moto un sistema che potremmo definire autopulente. Quando l\u2019ozono si mescola con l\u2019acqua piovana, forma il perossido di idrogeno, un composto che favorisce la crescita delle piante.<br \/>\nOltre alla radiazione solare, i fulmini contribuiscono alla formazione dell\u2019ozono. Durante un temporale o una tempesta, la quantit\u00e0 di ozono prodotta \u00e8 il triplo del limite consentito di 0,15 ppm come stabilito dalla Us Epa. Questa concentrazione di ozono \u00e8 all\u2019origine di quell\u2019odore fresco dopo una pioggia ed \u00e8 il massimo beneficio per chiunque abbia la fortuna di respirare l\u2019ozono in quei momenti.<br \/>\nQueste sono le forme di ozono prodotte da processi naturali nell&#8217;atmosfera.<\/p>\n<\/div><div class=\"auto-format ui--animation\"><p><a href=\"http:\/\/www.ossigenoozono.it\/It\/IndicazioniCliniche\" target=\"_blank\">INDICAZIONI CLINICHE<\/a><\/p>\n<ul>\n<li>Acne<\/li>\n<li>Adiuvante Nella Chemio\/Radio Terapia<\/li>\n<li>Arteriopatie Periferiche<\/li>\n<li>Artrosi<\/li>\n<li>Cefalee Vascolari E Tensive<\/li>\n<li>Dolore Cervicale E Lombare<\/li>\n<li>Fibromialgia<\/li>\n<li>Ernia Del Disco<\/li>\n<\/ul>\n<\/div><div class=\"ui--image-wrap clearfix alignright text-right ui--block\"><img  id=\"ui--image-2\" class=\"ui--image ui--animation\" src=\"https:\/\/casadicurareginapacis.com\/wp-content\/uploads\/2019\/01\/medicina_803x390.jpg\" alt=\"\" title=\"\" data-at2x=\"\"\/><\/div><div class=\"auto-format ui--animation\"><p><a href=\"http:\/\/www.ossigenoozono.it\/IT\/AreeApplicative\" target=\"_blank\">APPLICAZIONI IN MEDICINA<\/a><br \/>\nL\u2019ozono \u00e8 un gas che, in natura, si forma nell\u2019atmosfera grazie a scariche elettriche che modificano la stabile struttura molecolare dell\u2019ossigeno (O2), trasformandolo in O3. Ha un colore lievemente blu e un odore pungente. Una molecola di ozono \u00e8 quindi formata da tre atomi di ossigeno ed \u00e8 instabile: uno dei tre atomi tende infatti a separarsi per unirsi ad altre strutture molecolari, facendo ritornare la molecola di ossigeno (O2) alla sua forma stabile. Ma \u00e8 proprio da questa instabilit\u00e0 che derivano le sue propriet\u00e0 benefiche.<br \/>\nSulla Terra infatti niente distrugge batteri e virus meglio dell\u2019ozono. Pu\u00f2 essere usato inoltre per eliminare, funghi, muffe, pesticidi, metalli pesanti, nitrati, nitriti e altre sostanze potenzialmente dannose. Grazie alla sua capacit\u00e0 di ossidazione, uccide i batteri attaccando la struttura molecolare delle loro membrane protettive e alterandone gli enzimi interni. Modificando la composizione molecolare di muffe, funghi e alghe, riesce ad annientarli. L\u2019ozono \u00e8 inoltre in grado di penetrare nelle strutture interne dei virus, danneggiando gli acidi nucleici virali e impedendo cos\u00ec la loro replicazione.<br \/>\nNon esiste quindi batterio, virus o fungo che possa resistere a una corretta dose di ozono, somministrata nei tempi giusti. Inoltre, normalizza e riequilibra il sistema immunitario, intervenendo contro le immunodeficienze e contro le risposte in eccesso come, per esempio, nel caso delle allergie. Senza dimenticare le sue propriet\u00e0 antidolorifiche e antinfiammatorie, e la capacit\u00e0 di migliorare il metabolismo cellulare. Nelle zone del corpo dove viene somministrato, l\u2019ozono migliora la circolazione sanguigna, soprattutto il microcircolo dei capillari,  scioglie i grassi corporei (molto efficace contro cellulite e adiposit\u00e0 localizzate) e agisce contro i muscoli tesi e contratti.<br \/>\nL\u2019ossigeno-ozono terapia pu\u00f2 anche essere un valido rimedio al problema sempre maggiore della resistenza dei batteri agli antibiotici. Un fenomeno alimentato dall\u2019abuso o dall\u2019uso scorretto di farmaci che stimolano nei batteri la capacit\u00e0 di resistere alla loro azione. L\u2019ozono \u00e8 in grado di annientare anche quei ceppi batterici contro cui si dimostrano inefficaci anche gli antibiotici pi\u00f9 potenti in circolazione.<\/p>\n<p>L\u2019ozono pu\u00f2 essere somministrato in diversi modi, tutti certificati da protocolli medico scientifici autorizzati dalla Sioot e approvati dal Ministero della Salute:<br \/>\n\u2022 Grande autoemoinfusione: si prelevano 100 o 200 cc di sangue da una vena del braccio del  paziente. Il sangue finisce in una sacca certificata. Senza staccare dal paziente l\u2019ago del prelievo, un apposito dispositivo inserisce una miscela gassosa di ossigeno e ozono nella sacca e la mescola con il sangue prelevato. Il laccio emostatico viene quindi tolto dal braccio del paziente, la sacca viene sollevata e il sangue riaffluisce nell\u2019organismo del paziente, portando con s\u00e9 l\u2019ozono e tutti i suoi effetti benefici.<br \/>\n\u2022 Piccola autoemoinfusione: il principio \u00e8 lo stesso della grande autoemoinfusione, con la differenza che nella piccola autoemoinfusione sono prelevati pochi cc. di sangue dal paziente, arricchiti con la miscela gassosa di ossigeno e ozono e reiniettati con una siringa per via intramuscolare anzich\u00e9 per via endovenosa.<br \/>\n\u2022 Iniezioni di ossigeno-ozono sottocutanee, intramuscolari e intrarticolari: la miscela di ossigeno-ozono viene iniettata in diverse quantit\u00e0, in diversi modi e in diverse zone del corpo, in base alla patologia da curare.<br \/>\n\u2022 Insufflazioni di ossigeno-ozono rettali, anali, vaginali, uterine e uretrali: la miscela di ossigeno e ozono viene introdotta nelle rispettive zone attraverso dei piccoli cateteri. L\u2019ozono entra cos\u00ec in contatto diretto con tessuti soggetti a infezioni, infiammazioni, irritazioni, dolori o altre condizioni di disagio.<br \/>\n\u2022 Via topica: si applica su mani, braccia, piedi e gambe. La zona interessata viene avvolta in un sacchetto isolante di materiale plastico in cui viene fatto affluire l\u2019ozono.<br \/>\n\u2022 Idropinica: il paziente beve regolarmente acqua ozonizzata e il suo organismo pu\u00f2 cos\u00ec godere dei benefici globali dell\u2019ozono.<\/p>\n<p>La validit\u00e0 dei metodi di somministrazione dell\u2019ozono e dell\u2019ossigeno-ozono terapia come strumento di cura di numerose patologie \u00e8 confermata da una bibliografia di oltre 1800 lavori pubblicati dal 1995 a oggi su www.pudmed.com, una sorta di enciclopedia online che riporta tutti i lavori scientifici pubblicati sulle pi\u00f9 importanti riviste mediche.<\/p>\n<p>\u00c8 assolutamente proibito iniettare la miscela di ossigeno-ozono direttamente nelle vene o nelle arterie. Da evitare anche la somministrazione per via respiratoria, le cui controindicazioni sono documentate da oltre 1750 pubblicazioni.<\/p>\n<\/div><a class=\"btn btn-normal btn-icon-left btn-primary ui--animation\" href=\"https:\/\/casadicurareginapacis.com\/terapia-del-dolore\/\" target=\"_blank\" style=\"\">Terapia del dolore<\/a> <a class=\"btn btn-normal btn-icon-left btn-primary ui--animation\" href=\"https:\/\/casadicurareginapacis.com\/prenota\/\" target=\"_blank\" style=\"\">Prenota on line<\/a> ","protected":false},"excerpt":{"rendered":"<p>L\u2019ozono \u00e8 una forma arricchita dell\u2019ossigeno (O3) \u00e8 blu e ha un odore particolare. Nello spazio ci protegge dalle radiazioni ultraviolette. Sulla terra \u00e8 il pi\u00f9 efficace battericida esistente. La sua capacit\u00e0 di rilasciare ossigeno \u00e8 stupefacente. In natura vi \u00e8 un ciclo di ossigeno proprio come c&#8217;\u00e8 un ciclo di acqua. L&#8217;ossigeno viene rilasciato [&hellip;]<\/p>\n","protected":false},"author":2,"featured_media":0,"parent":0,"menu_order":0,"comment_status":"closed","ping_status":"closed","template":"","meta":[],"_links":{"self":[{"href":"https:\/\/casadicurareginapacis.com\/en\/wp-json\/wp\/v2\/pages\/15371\/"}],"collection":[{"href":"https:\/\/casadicurareginapacis.com\/en\/wp-json\/wp\/v2\/pages\/"}],"about":[{"href":"https:\/\/casadicurareginapacis.com\/en\/wp-json\/wp\/v2\/types\/page\/"}],"author":[{"embeddable":true,"href":"https:\/\/casadicurareginapacis.com\/en\/wp-json\/wp\/v2\/users\/2\/"}],"replies":[{"embeddable":true,"href":"https:\/\/casadicurareginapacis.com\/en\/wp-json\/wp\/v2\/comments\/?post=15371"}],"version-history":[{"count":2,"href":"https:\/\/casadicurareginapacis.com\/en\/wp-json\/wp\/v2\/pages\/15371\/revisions\/"}],"predecessor-version":[{"id":15378,"href":"https:\/\/casadicurareginapacis.com\/en\/wp-json\/wp\/v2\/pages\/15371\/revisions\/15378\/"}],"wp:attachment":[{"href":"https:\/\/casadicurareginapacis.com\/en\/wp-json\/wp\/v2\/media\/?parent=15371"}],"curies":[{"name":"wp","href":"https:\/\/api.w.org\/{rel}","templated":true}]}}