{"id":18406,"date":"2019-03-24T19:06:06","date_gmt":"2019-03-24T17:06:06","guid":{"rendered":"https:\/\/casadicurareginapacis.com\/?page_id=18406"},"modified":"2024-01-12T11:08:30","modified_gmt":"2024-01-12T09:08:30","slug":"ricovero-in-day-surgery","status":"publish","type":"page","link":"https:\/\/casadicurareginapacis.com\/en\/ricovero-in-day-surgery\/","title":{"rendered":"Ricovero in Day Surgery"},"content":{"rendered":"<div class=\"ui--image-wrap clearfix alignleft ui--animation text-left ui--block\"><div class=\"ui--image-inline-block\"><img  id=\"ui--image-1\" class=\"ui--image\" src=\"https:\/\/casadicurareginapacis.com\/wp-content\/uploads\/2015\/11\/medico-400x300.jpg\" alt=\"medico\" title=\"medico\" data-at2x=\"\" width=\"400\" height=\"300\"\/><div class=\"ui--shadow ui--shadow-type-1 ui--shadow-abs clearfix\"><img src=\"https:\/\/casadicurareginapacis.com\/wp-content\/themes\/envision\/includes\/modules\/module.shadow\/shadows\/shadow-1.png\" alt=\"shadow\" \/><\/div><\/div><\/div><div class=\"auto-format ui--animation\"><p><strong>Cos\u2019\u00e8 la Day Surgery?<\/strong><br \/>\nLa Day Surgery \u00e8 una modalit\u00e0 operativa che consente di eseguire interventi chirurgici o procedure diagnostiche invasive, mediante il ricovero ospedaliero con degenza limitata alle sole ore del giorno senza pernottamento, con ritorno quindi al proprio domicilio entro la serata.<br \/>\nNaturalmente questa modalit\u00e0 \u00e8 riservata soltanto ad un certo tipo di interventi non particolarmente complessi, in pazienti in buone condizioni generali di salute, che abbiano la possibilit\u00e0 di raggiungere in tempi ragionevoli la Casa di Cura &#8220;Regina Pacis&#8221; o un\u2019altro ospedale e di rimanere con un accompagnatore nelle prime 24 ore successive all\u2019intervento.<br \/>\nL\u2019esistenza di tali condizioni verranno valutate, caso per caso, dai medici (chirurgo, anestesista) e dagli infermieri. Il percorso che porter\u00e0 alla procedura diagnostica o<br \/>\nchirurgica, ha inizio dopo la visita medica, con l\u2019inserimento nella lista di attesa. Sar\u00e0 cura del personale addetto contattarla per comunicarle il giorno in cui dovr\u00e0 accedere in Casa di Cura &#8220;Regina Pacis&#8221; per eseguire indagini, l\u2019eventuale prericovero e l\u2019intervento e fornirle tutte le informazioni necessarie.<\/p>\n<p><strong>Il Prericovero<\/strong><br \/>\nIl prericovero ove previsto, \u00e8 un momento che permette di eseguire le visite mediche e le indagini necessarie ad accertare lo stato di idoneit\u00e0 del paziente all\u2019esecuzione<br \/>\ndell\u2019intervento.<br \/>\nIl giorno stabilito, che Le sar\u00e0 comunicato con ragionevole anticipo, si recher\u00e0 al mattino in Casa di Cura &#8220;Regina Pacis&#8221; a digiuno dalla mezzanotte precedente; potr\u00e0 tuttavia bere dell\u2019acqua fino alle ore 7,00 e, se ritiene, fare, sempre entro la stessa ora, una colazione leggera a casa (una tazza di t\u00e8, caff\u00e8 o camomilla con due fette biscottate).<br \/>\nSi ricordi di portare i referti delle visite mediche e degli esami diagnostici eseguiti negli ultimi sei mesi o che comunque dovesse ritenere utili al fine di apportare informazioni circa eventuali malattie di rilievo.<br \/>\nPer prima cosa raggiunger\u00e0 l\u2019accettazione, dopodich\u00e9, espletate le procedure amministrative, sar\u00e0 indirizzato presso l\u2019area dedicata al prericovero.<br \/>\nQui gli infermieri l\u2019accoglieranno e la accompagneranno dal Medico responsabile della raccolta dell&#8217;anamnesi.<br \/>\nDopodich\u00e9 gli infermieri stessi Le porranno alcune domande allo scopo di compilare la documentazione clinica personale.<br \/>\nSeguiranno l\u2019esecuzione delle indagini e delle visite mediche necessarie, tra le quali la visita anestesiologica, al termine della quale sar\u00e0 confermata l\u2019idoneit\u00e0 all\u2019intervento, conoscer\u00e0 il tipo di anestesia cui sar\u00e0 sottoposto e ricever\u00e0 le prescrizioni, relative a terapie in corso o correlate all\u2019intervento, cui attenersi nei giorni precedenti l\u2019intervento<br \/>\nstesso.<br \/>\nNel caso in cui dovessero rendersi necessari ulteriori accertamenti non eseguibili il giorno stesso, ricever\u00e0 opportune istruzioni su come procedere.<br \/>\nAl termine del percorso, gli infermieri la congederanno fornendole ulteriori informazioni e istruzioni inerenti la preparazione ed i comportamenti da tenere ai fini dell\u2019intervento.<br \/>\nIn taluni casi l\u2019intera valutazione preoperatoria avverr\u00e0 direttamente il giorno del ricovero, quindi senza necessit\u00e0 del prericovero. <\/p>\n<p><strong>Il Giorno dell\u2019intervento<\/strong><br \/>\n1) Cosa portare con s\u00e8?<br \/>\nVestaglia, ciabatte e biancheria intima in puro cotone, calze elastiche se prescritte e reggiseno e\/o guaine per interventi di senologia e\/o chirurgia ricostruttiva.<br \/>\n2) Digiuno<br \/>\nLa sera precedente l\u2019intervento potr\u00e0 assumere cibi fino alle ore 24.00; potr\u00e0 bere liquidi quali acqua, th\u00e9, caff\u00e8, camomilla fino alle ore 6.00.<br \/>\n3) Farmaci<br \/>\nLa preghiamo di assumere assolutamente i suoi farmaci abituali al mattino entro le ore 6.00, salvo diversa prescrizione, e di portarli comunque con s\u00e8.<br \/>\n4) Arrivo<br \/>\nAll\u2019arrivo in Casa di Cura &#8220;Regina Pacis&#8221;, si recher\u00e0 direttamente alla postazione di accettazione infermieristica posta al primo piano, salvo diverse indicazioni fornite al momento della chiamata, dove verr\u00e0 accolto e registrato dal personale. L\u2019infermiere le assegner\u00e0 la stanza, la istruir\u00e0 e la preparer\u00e0 per l\u2019intervento.<\/p>\n<p><strong>L\u2019Anestesia<\/strong><br \/>\nQuasi sempre sar\u00e0 necessario eseguire l\u2019 anestesia. Essa potr\u00e0 essere generale (perdita completa della coscienza e della sensazione dolorosa), locale (con interessamento limitato alla sola zona dell\u2019intervento), o locoregionale (blocco transitorio della sensazione dolorosa e, spesso, della motilit\u00e0 di una regione del corpo entro cui \u00e8 compresa l\u2019area dell\u2019intervento).<br \/>\nIn alcuni casi, invece, sar\u00e0 sufficiente una semplice sedazione, associata o no all\u2019anestesia locale, in cui sar\u00e0 indotto un sonno pi\u00f9 o meno leggero in relazione<br \/>\nal tipo di procedura, comunque sufficiente ad assicurare il comfort del paziente.<br \/>\nI farmaci e le tecniche attuali comportano un recupero rapido e completo, tale da consentire il ritorno a casa entro poche ore ed in piena sicurezza.<\/p>\n<p><strong>Dopo l\u2019intervento<\/strong><br \/>\nAlla fine dell\u2019intervento, sar\u00e0 trasferito dalla sala operatoria all\u2019attigua sala di risveglio, dove si controlleranno le condizioni vitali per un periodo di circa 30 minuti e, comunque fino al completo recupero della coscienza e della respirazione.<br \/>\nDopodich\u00e9 sar\u00e0 accompagnato nella sua stanza dove potr\u00e0 incontrare i suoi familiari ed attendere il momento della dimissione. Nel frattempo sar\u00e0 visitato da medici e infermieri, ricever\u00e0 da bere ed uno spuntino. Se il decorso sar\u00e0, come previsto, regolare, avverr\u00e0 la dimissione. In caso, invece, di insorgenza di problematiche inattese, sar\u00e0 trattenuto in ospedale per la notte.<br \/>\nTale evenienza \u00e8 tuttavia piuttosto rara (nella nostra esperienza intorno al 3%).<\/p>\n<p><strong>Gli accompagnatori<\/strong><br \/>\nI familiari e gli amici dei pazienti sono benvenuti. Essi, in numero limitato a due persone, possono accompagnare i pazienti nell\u2019area di accoglienza e, compatibilmente con le esigenze del reparto e di riservatezza, una persona alla volta potr\u00e0 rimanere in camera con lei.<br \/>\nNon \u00e8 consentito sostare nel corridoio del reparto per rispetto della privacy dei pazienti ricoverati. \u00c8 inoltre in ogni caso obbligatorio e irrinunciabile che il paziente sia accompagnato a casa e passi la notte con una persona adulta e autosufficiente.<\/p>\n<p><strong>Il Ritorno a casa<\/strong><br \/>\nDopo aver ricevuto le istruzioni ed, eventualmente, i farmaci da assumere dopo il ricovero, le sar\u00e0 consegnata la lettera di dimissione e potr\u00e0 lasciare la Casa di Cura &#8220;Regina Pacis&#8221;.<br \/>\nDal momento della dimissione e durante le 24 ore successive dovr\u00e0 rimanere sempre in compagnia di una persona adulta autosufficiente ed attenersi scrupolosamente alle istruzioni ricevute. Dovr\u00e0 soggiornare a casa o presso altro domicilio, da cui comunque sia possibile raggiungere agevolmente l\u2019Istituto in non pi\u00f9 di 60 minuti di auto, salvo diversa indicazione. Le raccomandiamo, inoltre, di seguire, nelle 24 ore successive alla dimissione, le seguenti istruzioni:<br \/>\n&#8211; Non guidi<br \/>\n&#8211; Non beva alcool<br \/>\n&#8211; Non maneggi macchinari<br \/>\n&#8211; Non cucini<br \/>\n&#8211; Non si occupi dei bambini<br \/>\n&#8211; Non sottoscriva contratti e comunque non prenda decisioni importanti<br \/>\n&#8211; Riprenda le sue eventuali terapie abituali, salvo diversa prescrizione medica.<\/p>\n<p><strong>Il dolore postoperatorio<\/strong><br \/>\nGli interventi eseguiti in regime di ricovero diurno, sono a bassa invasivit\u00e0 e si accompagnano generalmente a dolore di livello basso; tuttavia, in una certa percentuale di casi (circa il 20%) di livello da moderato a severo.<br \/>\nIn ogni modo, \u00e8 sempre prevista la somministrazione di farmaci per il controllo del dolore postoperatorio, sia durante che dopo l\u2019intervento. A tale scopo le verranno fornite, al momento della dimissione, delle compresse con relative istruzioni, da assumere una volta lasciato l\u2019ospedale.<\/p>\n<\/div><a class=\"btn btn-normal btn-icon-left btn-primary ui--animation\" href=\"https:\/\/casadicurareginapacis.com\/accesso-al-ricovero\/\" target=\"_blank\" style=\"\">Come ricoverarsi<\/a> ","protected":false},"excerpt":{"rendered":"<p>Cos\u2019\u00e8 la Day Surgery? La Day Surgery \u00e8 una modalit\u00e0 operativa che consente di eseguire interventi chirurgici o procedure diagnostiche invasive, mediante il ricovero ospedaliero con degenza limitata alle sole ore del giorno senza pernottamento, con ritorno quindi al proprio domicilio entro la serata. Naturalmente questa modalit\u00e0 \u00e8 riservata soltanto ad un certo tipo di [&hellip;]<\/p>\n","protected":false},"author":2,"featured_media":0,"parent":0,"menu_order":0,"comment_status":"closed","ping_status":"closed","template":"","meta":[],"_links":{"self":[{"href":"https:\/\/casadicurareginapacis.com\/en\/wp-json\/wp\/v2\/pages\/18406\/"}],"collection":[{"href":"https:\/\/casadicurareginapacis.com\/en\/wp-json\/wp\/v2\/pages\/"}],"about":[{"href":"https:\/\/casadicurareginapacis.com\/en\/wp-json\/wp\/v2\/types\/page\/"}],"author":[{"embeddable":true,"href":"https:\/\/casadicurareginapacis.com\/en\/wp-json\/wp\/v2\/users\/2\/"}],"replies":[{"embeddable":true,"href":"https:\/\/casadicurareginapacis.com\/en\/wp-json\/wp\/v2\/comments\/?post=18406"}],"version-history":[{"count":3,"href":"https:\/\/casadicurareginapacis.com\/en\/wp-json\/wp\/v2\/pages\/18406\/revisions\/"}],"predecessor-version":[{"id":44312,"href":"https:\/\/casadicurareginapacis.com\/en\/wp-json\/wp\/v2\/pages\/18406\/revisions\/44312\/"}],"wp:attachment":[{"href":"https:\/\/casadicurareginapacis.com\/en\/wp-json\/wp\/v2\/media\/?parent=18406"}],"curies":[{"name":"wp","href":"https:\/\/api.w.org\/{rel}","templated":true}]}}