{"id":18414,"date":"2019-03-24T20:12:49","date_gmt":"2019-03-24T18:12:49","guid":{"rendered":"https:\/\/casadicurareginapacis.com\/?page_id=18414"},"modified":"2024-01-12T11:20:58","modified_gmt":"2024-01-12T09:20:58","slug":"week-surgery","status":"publish","type":"page","link":"https:\/\/casadicurareginapacis.com\/en\/week-surgery\/","title":{"rendered":"Week Surgery"},"content":{"rendered":"<div class=\"ui--image-wrap clearfix alignleft text-left ui--block\"><img  id=\"ui--image-1\" class=\"ui--image ui--animation\" src=\"https:\/\/casadicurareginapacis.com\/wp-content\/uploads\/2017\/12\/Header-500x300.jpg\" alt=\"Header\" title=\"Header\" data-at2x=\"\" width=\"500\" height=\"300\"\/><\/div><div class=\"auto-format ui--animation\"><p>La <strong>week surgery<\/strong> consente di effettuare interventi chirurgici e\/o procedure invasive con degenza limitata a pochi giorni (massimo quattro notti di<br \/>\ndegenza) e dimissioni entro il fine settimana.<br \/>\nI pazienti ricoverati in week surgery possono essere sottoposti ad interventi di:<br \/>\n\u2022 Chirurgia generale<br \/>\n\u2022 Chirurgia oncologica e mininvasiva<br \/>\n\u2022 Chirurgia vascolare<br \/>\n\u2022 Ginecologia<br \/>\n\u2022 Radiologia interventistica<br \/>\n\u2022 Urologia<\/p>\n<p><strong>Cosa fare prima del ricovero<\/strong><br \/>\nPer accedere al ricovero in week hospital \u00e8 necessario effettuare la visita ambulatoriale con lo specialista di riferimento.<br \/>\nIn caso di consenso all\u2019intervento, il paziente viene inserito nella lista d\u2019attesa.<br \/>\nSuccessivamente viene contattato per la comunicazione della data del prericovero.<\/p>\n<p><strong>Prericovero<\/strong><br \/>\nIl prericovero \u00e8 il momento in cui l\u2019anestesista valuta l\u2019idoneit\u00e0 all\u2019intervento chirurgico, attraverso l\u2019esecuzione di visite ed esami necessari.<br \/>\nIl paziente deve presentarsi all\u2019orario comunicato, in una fascia tra le 7.30 e le 9.30, a digiuno dalle ore 24.00 del giorno precedente avendo cura di posticipare l\u2019assunzione di eventuali terapie orali dopo l\u2019esecuzione degli esami ematochimici.<br \/>\n\u00c8 importante portare con s\u00e9 la documentazione di accertamenti clinici gi\u00e0 effettuati (visite cardiologiche, ecocardiogrammi, visite specialistiche varie, esami radiologici recenti).<br \/>\nE\u2019 opportuno presentarsi accompagnati.<br \/>\nEseguite le pratiche amministrative per l\u2019accettazione, il paziente riceve un<br \/>\ndocumento in cui viene indicata la sala di attesa nella quale recarsi.<br \/>\nLa visita anestesiologica viene effettuata durante il prericovero, o programmata nei giorni successivi.<br \/>\nSi ricorda che il prericovero potrebbe protrarsi per l\u2019intera mattina.<br \/>\nSu richiesta del paziente, al termine delle procedure, pu\u00f2 essere rilasciato un<br \/>\ncertificato giustificativo per l\u2019eventuale assenza dal lavoro.<br \/>\nAttenersi scrupolosamente alle istruzioni fornite su:<br \/>\n\u2022 quando sospendere il farmaco<br \/>\n\u2022 quando iniziare il trattamento sostitutivo con eparina a basso peso molecolare. Verr\u00e0 consegnata un\u2019impegnativa per l\u2019acquisto del farmaco.<\/p>\n<p><strong>Ricovero<\/strong><br \/>\nLa data del ricovero viene comunicata telefonicamente alcuni giorni prima.<\/p>\n<p><strong>L\u2019intervento<\/strong><br \/>\nGeneralmente l\u2019intervento viene effettuato il primo giorno di ricovero. Prima<br \/>\ndell\u2019intervento:<br \/>\n\u2022 consumare una cena leggera la sera prima<br \/>\n\u2022 depilare la zona interessata dall\u2019intervento chirurgico. \u00c8 consigliato l\u2019utilizzo<br \/>\ndi rasoio elettrico o, se non sono note allergie, creme depilatorie<br \/>\n\u2022 effettuare una doccia<br \/>\n\u2022 digiunare dalla mezzanotte (sia solidi che liquidi)<br \/>\n\u2022 eseguire, se indicata, la preparazione intestinale.<\/p>\n<p><em>Il giorno dell\u2019intervento:<\/em><br \/>\nse si assumono terapie mediche, in particolare farmaci antipertensivi (farmaci per la pressione) o terapia cardiologica, assumerli alle ore 6.00 con pochissima acqua, o secondo altra indicazione data dall\u2019anestesista per quanto riguarda l\u2019assunzione di aspirina, o altri antiaggreganti o antinfiammatori nella fase pre-operatoria, seguire le indicazioni fornite dal chirurgo specialista o dall\u2019anestesista non utilizzare lenti a contatto niente smalto e trucco; se si hanno unghie ricostruite avvisare il personale eventuali protesi dentarie mobili devono essere rimosse la mattina dell\u2019intervento prima di entrare in camera operatoria; nei giorni precedenti l\u2019intervento non utilizzare paste adesive specifiche, non portare e\/o indossare oggetti di valore (fede nuziale, anelli,<br \/>\npiercing). Si suggerisce di controllare in tempo utile la possibilit\u00e0 di sfilare con facilit\u00e0 eventuali anelli, in particolare la fede nuziale, per evitare problemi il giorno dell\u2019intervento.<\/p>\n<p><strong>Dimissioni<\/strong><br \/>\nIl giorno della dimissione al paziente viene consegnata la lettera di dimissione medica con le indicazioni per il proseguimento della convalescenza e le impegnative per eventuali farmaci.<\/p>\n<\/div><a class=\"btn btn-normal btn-icon-left btn-primary ui--animation\" href=\"https:\/\/casadicurareginapacis.com\/accesso-al-ricovero\/\" target=\"_blank\" style=\"\">Come ricoverarsi<\/a> ","protected":false},"excerpt":{"rendered":"<p>La week surgery consente di effettuare interventi chirurgici e\/o procedure invasive con degenza limitata a pochi giorni (massimo quattro notti di degenza) e dimissioni entro il fine settimana. I pazienti ricoverati in week surgery possono essere sottoposti ad interventi di: \u2022 Chirurgia generale \u2022 Chirurgia oncologica e mininvasiva \u2022 Chirurgia vascolare \u2022 Ginecologia \u2022 Radiologia [&hellip;]<\/p>\n","protected":false},"author":2,"featured_media":0,"parent":0,"menu_order":0,"comment_status":"closed","ping_status":"closed","template":"","meta":[],"_links":{"self":[{"href":"https:\/\/casadicurareginapacis.com\/en\/wp-json\/wp\/v2\/pages\/18414\/"}],"collection":[{"href":"https:\/\/casadicurareginapacis.com\/en\/wp-json\/wp\/v2\/pages\/"}],"about":[{"href":"https:\/\/casadicurareginapacis.com\/en\/wp-json\/wp\/v2\/types\/page\/"}],"author":[{"embeddable":true,"href":"https:\/\/casadicurareginapacis.com\/en\/wp-json\/wp\/v2\/users\/2\/"}],"replies":[{"embeddable":true,"href":"https:\/\/casadicurareginapacis.com\/en\/wp-json\/wp\/v2\/comments\/?post=18414"}],"version-history":[{"count":1,"href":"https:\/\/casadicurareginapacis.com\/en\/wp-json\/wp\/v2\/pages\/18414\/revisions\/"}],"predecessor-version":[{"id":18416,"href":"https:\/\/casadicurareginapacis.com\/en\/wp-json\/wp\/v2\/pages\/18414\/revisions\/18416\/"}],"wp:attachment":[{"href":"https:\/\/casadicurareginapacis.com\/en\/wp-json\/wp\/v2\/media\/?parent=18414"}],"curies":[{"name":"wp","href":"https:\/\/api.w.org\/{rel}","templated":true}]}}