{"id":211,"date":"2015-08-07T13:28:52","date_gmt":"2015-08-07T13:28:52","guid":{"rendered":"https:\/\/casadicurareginapacis.com\/?page_id=211"},"modified":"2024-01-12T11:11:41","modified_gmt":"2024-01-12T09:11:41","slug":"servizi","status":"publish","type":"page","link":"https:\/\/casadicurareginapacis.com\/en\/servizi\/","title":{"rendered":"Servizi"},"content":{"rendered":"<div  id=\"section-ipvcv\" class=\"fullwidth-content ui--section clearfix section-ipvcv\"><div  class=\"ui--section-content\"><div class=\"container\"><\/div><\/div><\/div><!-- \/.fullwidth-container --><div  id=\"section-auwqr\" class=\"fullwidth-content ui--section clearfix cloudfw-ui-parallax-effect section-auwqr\" style=\"margin-bottom: -12px;\"><div class=\"ui--video-background-holder\"><div  class=\"ui--parallax\" data-stellar-ratio=\"0.3\"><\/div><\/div><div  class=\"ui--section-content\"><div class=\"container\"><div class=\"ui--title ui--animation ui--title-bordered text-left\"><div class=\"ui--title-holder\"><h2 class=\"ui--title-text\">Perch\u00e8 <strong>scegliere Regina Pacis?<\/strong><\/h2><div class=\"ui--title-borders ui--title-border-left\"><\/div><div class=\"ui--title-borders ui--title-border-right\"><\/div><\/div><\/div><div  class=\"ui--accordion ui--box ui--animation clearfix\"><div  class=\"ui--accordion-item ui--gradient ui--gradient-grey on--hover ui-row first-item ui--accordion-state-opened accordion-1-1\"><a href=\"#accordion-1-1\" class=\"ui--accordion-item-title heading\"><div><span class=\"ui--accordion-item-title-text\">Struttura medica all&#039;avanguardia<\/span><\/div><\/a><div id=\"accordion-1-1\" class=\"ui--accordion-item-content\"> <div class=\"auto-format ui--animation\"><p><strong style=\"font-size:1.2em\">L<\/strong>a Casa di Cura \u201cRegina Pacis\u201d mette a disposizione dei Pazienti l\u2019esperienza del suo staff ed un struttura ad alto profilo tecnologico e qualitativo al fine di sostenere la tutela ed il miglioramento dello stato di salute del cittadino. La \u201cRegina Pacis\u201d pone, quindi, al centro della propria attivit\u00e0 il rapporto umano tra Paziente ed operatore, tenendo sempre presente che la qualit\u00e0 di questo \u00e8 strettamente legata all\u2019efficienza dei servizi erogati.<\/p>\n<\/div> <\/div><\/div><div  class=\"ui--accordion-item ui--gradient ui--gradient-grey on--hover ui-row last-item ui--accordion-state-closed accordion-1-2\"><a href=\"#accordion-1-2\" class=\"ui--accordion-item-title heading\"><div><span class=\"ui--accordion-item-title-text\">Servizi, competenza e massima cortesia<\/span><\/div><\/a><div id=\"accordion-1-2\" class=\"ui--accordion-item-content\"> <div class=\"auto-format ui--animation\"><p>La casa di cura Regina Pacis \u00e8 dotata di tutti i servizi necessari a rendere completo il vostro soggiorno.<br \/>\nIl nostro personale, sempre cortese e disponibile, vi assister\u00e0 in maniera puntuale durante il vostro soggiorno. <\/p>\n<\/div> <\/div><\/div><\/div><\/div><\/div><\/div><!-- \/.fullwidth-container -->","protected":false},"excerpt":{"rendered":"<p>Perch\u00e8 scegliere Regina Pacis?Struttura medica all&#039;avanguardia La Casa di Cura \u201cRegina Pacis\u201d mette a disposizione dei Pazienti l\u2019esperienza del suo staff ed un struttura ad alto profilo tecnologico e qualitativo al fine di sostenere la tutela ed il miglioramento dello stato di salute del cittadino. La \u201cRegina Pacis\u201d pone, quindi, al centro della propria attivit\u00e0 [&hellip;]<\/p>\n","protected":false},"author":2,"featured_media":0,"parent":0,"menu_order":0,"comment_status":"open","ping_status":"open","template":"","meta":[],"_links":{"self":[{"href":"https:\/\/casadicurareginapacis.com\/en\/wp-json\/wp\/v2\/pages\/211\/"}],"collection":[{"href":"https:\/\/casadicurareginapacis.com\/en\/wp-json\/wp\/v2\/pages\/"}],"about":[{"href":"https:\/\/casadicurareginapacis.com\/en\/wp-json\/wp\/v2\/types\/page\/"}],"author":[{"embeddable":true,"href":"https:\/\/casadicurareginapacis.com\/en\/wp-json\/wp\/v2\/users\/2\/"}],"replies":[{"embeddable":true,"href":"https:\/\/casadicurareginapacis.com\/en\/wp-json\/wp\/v2\/comments\/?post=211"}],"version-history":[{"count":4,"href":"https:\/\/casadicurareginapacis.com\/en\/wp-json\/wp\/v2\/pages\/211\/revisions\/"}],"predecessor-version":[{"id":5953,"href":"https:\/\/casadicurareginapacis.com\/en\/wp-json\/wp\/v2\/pages\/211\/revisions\/5953\/"}],"wp:attachment":[{"href":"https:\/\/casadicurareginapacis.com\/en\/wp-json\/wp\/v2\/media\/?parent=211"}],"curies":[{"name":"wp","href":"https:\/\/api.w.org\/{rel}","templated":true}]}}