{"id":21710,"date":"2019-09-23T17:49:43","date_gmt":"2019-09-23T15:49:43","guid":{"rendered":"https:\/\/casadicurareginapacis.com\/?page_id=21710"},"modified":"2024-01-12T10:38:36","modified_gmt":"2024-01-12T08:38:36","slug":"formazione-fuori-rete-formativa-scuole-di-specializzazione-mediche-formazione-fuori-rete-formativa","status":"publish","type":"page","link":"https:\/\/casadicurareginapacis.com\/en\/formazione-fuori-rete-formativa-scuole-di-specializzazione-mediche-formazione-fuori-rete-formativa\/","title":{"rendered":"Formazione fuori rete formativa Scuole di Specializzazione Mediche &#8211; Formazione fuori rete formativa"},"content":{"rendered":"\n<div class=\"wp-block-image\"><figure class=\"alignleft is-resized\"><img loading=\"lazy\" src=\"https:\/\/casadicurareginapacis.com\/wp-content\/uploads\/2019\/09\/medici.jpg\" alt=\"\" class=\"wp-image-21705\" width=\"367\" height=\"206\" srcset=\"https:\/\/casadicurareginapacis.com\/wp-content\/uploads\/2019\/09\/medici.jpg 961w, https:\/\/casadicurareginapacis.com\/wp-content\/uploads\/2019\/09\/medici-300x169.jpg 300w, https:\/\/casadicurareginapacis.com\/wp-content\/uploads\/2019\/09\/medici-768x432.jpg 768w\" sizes=\"(max-width: 367px) 100vw, 367px\" \/><\/figure><\/div>\n\n\n\n<p>L\u2019art. 42 del Regolamento in materia di Scuole di Specializzazione prevede la possibilit\u00e0 per gli specializzandi di svolgere un periodo di formazione &#8211; non superiore ai diciotto mesi nell\u2019intero corso degli studi &#8211; in Italia o all\u2019estero, presso strutture non inserite nella rete formativa. <\/p>\n\n\n\n<p>Si ricorda che il periodo autorizzato deve ricadere all\u2019interno di un solo anno accademico. Il medico in formazione fuori rete durante gli esami di profitto deve rientrare per sostenerli in sede.<\/p>\n\n\n\n<p>La copertura assicurativa \u00e8 a carico della struttura italiana o straniera ospitante o, in caso di non accettazione della stessa, dello specializzando. L&#8217;azienda, sede prevalente di formazione, assicura gli specializzandi&nbsp;contro gli infortuni che si possono verificare ovunque si trovino, anche&nbsp;in altre&nbsp;strutture, di qualunque tipo (incluse le strutture universitarie), del territorio regionale o extraregionale o all&#8217;estero. Compete alle aziende sanitarie la denuncia INAIL anche per le attivit\u00e0 didattiche.<\/p>\n\n\n\n<p>Ulteriori indicazioni possono essere definite dalle Scuole (per esempio se la frequenza fuori rete formativa sia vincolata quanto ad anno di iscrizione, o al conseguimento di&nbsp; determinate frequenze di attivit\u00e0 formative, numero di domande accoglibili per anno, il periodo in cui gli specializzandi possono presentare le proprie istanze, le eventuali esclusioni per determinate materie\/frequenze; i periodi minimi\/massimi di durata della permanenza nell\u2019ambito dei 18 mesi complessivi).<\/p>\n\n\n\n<h2>Percorso fuori rete formativa, dall&#8217;Italia<\/h2>\n\n\n\n<p>Secondo le indicazioni del Senato Accademico, la procedura da seguire deve tenere conto delle seguenti fasi e contenuti:<\/p>\n\n\n\n<p><br><strong><em>1 &#8211; Fase precedente all&#8217;inizio dell&#8217;attivit\u00e0 fuori rete formativa<\/em><\/strong><\/p>\n\n\n\n<ul><li>il Medico in Formazione Specialistica (MFS) compila il<strong>&nbsp;Progetto Formativo.<\/strong>&nbsp;Il modulo dovr\u00e0 essere compilato e sottoscritto, nella parte di competenza, dalla struttura ospitante e, successivamente, presentato al Direttore della Scuola di Specializzazione.<\/li><li>Il Consiglio della Scuola autorizza la formazione fuori rete formativa. Il Consiglio della Scuola inoltre adotta o rimodula il programma di formazione individuale in coerenza con la permanenza fuori rete autorizzata.<\/li><li>Successivamente all&#8217;approvazione del Consiglio della Scuola, il Direttore della Scuola di Specializzazione firma il progetto formativo e lo trasmette, insieme alla delibera, al Dipartimento di riferimento (DIMEC-DIMES-DIBINEM).<\/li><li>nel caso di Strutture sanitarie italiane, si procede con l&#8217;approvazione e con la stipula della convenzione da parte del Direttore del Dipartimento e della struttura ospitante.<\/li><\/ul>\n\n\n\n<p><strong><em>2 \u2013 Fase dell&#8217;attivit\u00e0 fuori rete formativa<\/em><\/strong><\/p>\n\n\n\n<ul><li>entro una settimana dall&#8217;inizio dell&#8217;attivit\u00e0 formativa interessata, il MFS invia alla Scuola di Specializzazione il&nbsp;<strong>Certificato di periodo<\/strong>&nbsp;compilato nella sua prima parte. Lo stesso modulo, compilato in tutte le sue parti, dovr\u00e0 essere consegnato entro 30 giorni dalla fine del periodo.<\/li><\/ul>\n\n\n\n<p><strong><em>3 \u2013 Fase successiva al termine dell&#8217;attivit\u00e0 formativa<\/em><\/strong><\/p>\n\n\n\n<ul><li>al proprio rientro, e comunque prima dell&#8217;esame di profitto annuale, lo specializzando presenta il&nbsp;<strong>Certificato delle attivit\u00e0 svolte fuori rete formativa<\/strong>&nbsp;firmato dal referente della struttura, fermo restando ogni altra documentazione che la Scuola ritenga utile;<\/li><li>sulla base di questa documentazione, ed in conformit\u00e0 a quanto gi\u00e0 autorizzato dal Consiglio in fase di approvazione, il Consiglio della Scuola conferma il riconoscimento delle attivit\u00e0 formative svolte e si pronuncia sulla loro corrispondenza al programma di formazione individuale. Questa documentazione andr\u00e0 allegata al libretto diario e sostituir\u00e0, se del caso, le parti corrispondenti.<\/li><\/ul>\n\n\n\n<div class=\"wp-block-button aligncenter\"><a class=\"wp-block-button__link\" href=\"https:\/\/casadicurareginapacis.com\/wp-content\/uploads\/2019\/09\/Progetto-Formativo-attivit\u00e0-fuori-rete-per-medici-in-formazione-specialistica-Italia-Allegato-1.pdf\">All. 1 &#8211; Progetto Formativo<\/a><\/div>\n\n\n\n<div class=\"wp-block-button aligncenter\"><a class=\"wp-block-button__link\" href=\"https:\/\/casadicurareginapacis.com\/wp-content\/uploads\/2019\/09\/Allegato2Italia.pdf\">All. 2 &#8211; Certificato di periodo (Italia)  <\/a><\/div>\n\n\n\n<div class=\"wp-block-button aligncenter\"><a class=\"wp-block-button__link\" href=\"https:\/\/casadicurareginapacis.com\/wp-content\/uploads\/2019\/09\/doc1.pdf\">All. 3 &#8211; Certificato attivit\u00e0 svolte (Italia)<\/a><\/div>\n\n\n\n<hr class=\"wp-block-separator\"\/>\n\n\n\n<h2> Percorso fuori rete formativa -dall&#8217;Estero<\/h2>\n\n\n\n<div class=\"wp-block-image\"><figure class=\"alignleft is-resized\"><img loading=\"lazy\" src=\"https:\/\/casadicurareginapacis.com\/wp-content\/uploads\/2019\/09\/unione_europea-1024x576.jpg\" alt=\"\" class=\"wp-image-21729\" width=\"330\" height=\"186\" srcset=\"https:\/\/casadicurareginapacis.com\/wp-content\/uploads\/2019\/09\/unione_europea-1024x576.jpg 1024w, https:\/\/casadicurareginapacis.com\/wp-content\/uploads\/2019\/09\/unione_europea-300x169.jpg 300w, https:\/\/casadicurareginapacis.com\/wp-content\/uploads\/2019\/09\/unione_europea-768x432.jpg 768w, https:\/\/casadicurareginapacis.com\/wp-content\/uploads\/2019\/09\/unione_europea.jpg 1280w\" sizes=\"(max-width: 330px) 100vw, 330px\" \/><\/figure><\/div>\n\n\n\n<p>Secondo le indicazioni del Senato Accademico, la procedura da seguire deve tenere conto delle seguenti fasi e contenuti:<\/p>\n\n\n\n<p>1 &#8211; Fase precedente all&#8217;inizio dell&#8217;attivit\u00e0 fuori rete formativa<\/p>\n\n\n\n<ul><li>istanza del  MFS  al Direttore della Scuola. Il modulo&nbsp;<strong>Accordo per l&#8217;attivit\u00e0 fuori rete formativa per medici in formazione specialistica<\/strong>&nbsp;dovr\u00e0 essere compilato e sottoscritto, nella parte di competenza, dalla struttura ospitante;<\/li><li>approvazione del Consiglio della Scuola;<\/li><li>sottoscrizione del modulo da parte del Direttore e sua restituzione allo specializzando;<\/li><\/ul>\n\n\n\n<p>2 \u2013 Fase dell&#8217;attivit\u00e0 fuori rete formativa<\/p>\n\n\n\n<ul><li>entro una settimana dall\u2019inizio dell\u2019attivit\u00e0 formativa interessata, il  MFS  invia alla Scuola di Specializzazione il&nbsp;<strong>Certificato di periodo&nbsp;<\/strong>compilato nella sua prima parte. Lo stesso modulo, compilato in tutte le sue parti, dovr\u00e0 essere consegnato entro 30 giorni dalla fine del periodo;<\/li><\/ul>\n\n\n\n<p>3 \u2013 Fase successiva al termine dell&#8217;attivit\u00e0 formativa<\/p>\n\n\n\n<ul><li>al proprio rientro, e comunque prima dell\u2019esame di profitto annuale, lo specializzando presenta il&nbsp;<strong>Certificato delle attivit\u00e0 svolte fuori rete formativa&nbsp;<\/strong>firmato dal referente della struttura estera, fermo restando ogni altra documentazione che la Scuola ritenga utile;<\/li><li>sulla base di questa documentazione, ed in conformit\u00e0 a quanto gi\u00e0 autorizzato dal Consiglio in fase di approvazione, il Consiglio della Scuola conferma il riconoscimento delle attivit\u00e0 formative svolte e si pronuncia sulla loro corrispondenza al programma di formazione individuale. Questa documentazione andr\u00e0 allegata al libretto diario e sostituir\u00e0, se del caso, le parti corrispondenti.<\/li><\/ul>\n\n\n\n<p>Nel caso in cui partecipi al programma&nbsp;<strong><a href=\"https:\/\/www.scambieuropei.info\/guide\/erasmus-placement\/\">Erasmus Placement<\/a><\/strong> e attraverso questo voglia perfezionarsi presso la <a href=\"https:\/\/casadicurareginapacis.com\/\">Casa di Cura &#8220;Regina Pacis&#8221;<\/a>, il medico in formazione deve comunque seguire le indicazioni fornite dal relativo bando e compilare la modulistica messa a disposizione dagli Uffici competenti, fermo restando quanto indicato nei punti precedenti in merito alle competenze del Direttore e del Consiglio della Scuola.<\/p>\n","protected":false},"excerpt":{"rendered":"<p>L\u2019art. 42 del Regolamento in materia di Scuole di Specializzazione prevede la possibilit\u00e0 per gli specializzandi di svolgere un periodo di formazione &#8211; non superiore ai diciotto mesi nell\u2019intero corso degli studi &#8211; in Italia o all\u2019estero, presso strutture non inserite nella rete formativa. Si ricorda che il periodo autorizzato deve ricadere all\u2019interno di un [&hellip;]<\/p>\n","protected":false},"author":2,"featured_media":0,"parent":0,"menu_order":0,"comment_status":"closed","ping_status":"closed","template":"","meta":[],"_links":{"self":[{"href":"https:\/\/casadicurareginapacis.com\/en\/wp-json\/wp\/v2\/pages\/21710\/"}],"collection":[{"href":"https:\/\/casadicurareginapacis.com\/en\/wp-json\/wp\/v2\/pages\/"}],"about":[{"href":"https:\/\/casadicurareginapacis.com\/en\/wp-json\/wp\/v2\/types\/page\/"}],"author":[{"embeddable":true,"href":"https:\/\/casadicurareginapacis.com\/en\/wp-json\/wp\/v2\/users\/2\/"}],"replies":[{"embeddable":true,"href":"https:\/\/casadicurareginapacis.com\/en\/wp-json\/wp\/v2\/comments\/?post=21710"}],"version-history":[{"count":21,"href":"https:\/\/casadicurareginapacis.com\/en\/wp-json\/wp\/v2\/pages\/21710\/revisions\/"}],"predecessor-version":[{"id":44474,"href":"https:\/\/casadicurareginapacis.com\/en\/wp-json\/wp\/v2\/pages\/21710\/revisions\/44474\/"}],"wp:attachment":[{"href":"https:\/\/casadicurareginapacis.com\/en\/wp-json\/wp\/v2\/media\/?parent=21710"}],"curies":[{"name":"wp","href":"https:\/\/api.w.org\/{rel}","templated":true}]}}