{"id":22443,"date":"2019-10-23T19:26:26","date_gmt":"2019-10-23T17:26:26","guid":{"rendered":"https:\/\/casadicurareginapacis.com\/?page_id=22443"},"modified":"2024-01-12T10:47:54","modified_gmt":"2024-01-12T08:47:54","slug":"laparoscopia-diagnostica","status":"publish","type":"page","link":"https:\/\/casadicurareginapacis.com\/en\/laparoscopia-diagnostica\/","title":{"rendered":"Laparoscopia Diagnostica"},"content":{"rendered":"\n<h2>Di che cosa si tratta?<\/h2>\n\n\n\n<p>La&nbsp;<strong>laparoscopia<\/strong> <strong>diagnostica&nbsp;<\/strong>\u00e8 una&nbsp;<strong>tecnica chirurgica mini-invasiva<\/strong>, impiegata per osservare direttamente gli organi all&#8217;interno dell&#8217;addome inserendo strumenti chirurgici miniaturizzati attraverso piccole incisioni nell&#8217;addome. \u00c8 necessaria quando si vuole confermare o escludere il sospetto di una patologia (per esempio un tumore) che le tecniche di&nbsp;<em>imaging<\/em>&nbsp;non rilevano, oppure per prelevare campioni di&nbsp;tessuto&nbsp;da sottoporre ad analisi (<strong>biopsia<\/strong>).<\/p>\n\n\n\n<div class=\"wp-block-image\"><figure class=\"alignleft is-resized\"><img loading=\"lazy\" src=\"https:\/\/casadicurareginapacis.com\/wp-content\/uploads\/2019\/10\/laparoscopia.jpg\" alt=\"\" class=\"wp-image-22444\" width=\"380\" height=\"146\" srcset=\"https:\/\/casadicurareginapacis.com\/wp-content\/uploads\/2019\/10\/laparoscopia.jpg 1000w, https:\/\/casadicurareginapacis.com\/wp-content\/uploads\/2019\/10\/laparoscopia-300x116.jpg 300w, https:\/\/casadicurareginapacis.com\/wp-content\/uploads\/2019\/10\/laparoscopia-768x296.jpg 768w\" sizes=\"(max-width: 380px) 100vw, 380px\" \/><\/figure><\/div>\n\n\n\n<h2>\u00c8 un esame che possono fare tutti o ha controindicazioni?<\/h2>\n\n\n\n<p>La&nbsp;<strong>laparoscopia&nbsp;esplorativa<\/strong>&nbsp;o&nbsp;<strong>diagnostica<\/strong>&nbsp;(questi i termini usati per distinguerla da quella&nbsp;<strong>operativa<\/strong>&nbsp;o&nbsp;<strong>terapeutica<\/strong>) non \u00e8 sempre praticabile in tutti i pazienti.<\/p>\n\n\n\n<p>\u00c8 da evitare, per esempio, in pazienti con problemi della coagulazione del sangue o con alcune malattie infettive o nei casi di tumori localizzati sulla parete anteriore dell&#8217;addome. In altri casi (donne in gravidanza avanzata, persone obese o che si sono sottoposte in precedenza a interventi chirurgici all&#8217;addome) l&#8217;opportunit\u00e0 di eseguire la laparoscopia \u00e8 da valutare caso per caso.<\/p>\n\n\n\n<h2>Occorre qualche tipo di preparazione particolare all&#8217;esame?<\/h2>\n\n\n\n<p>La&nbsp;<strong>laparoscopia&nbsp;esplorativa<\/strong>&nbsp;\u00e8 un intervento chirurgico per lo pi\u00f9 effettuato in&nbsp;<strong>anestesia generale<\/strong>. Al paziente pu\u00f2 essere richiesto di seguire una dieta priva di scorie e di assumere una terapia antibiotica il giorno dell&#8217;intervento. Vale l&#8217;obbligo di non mangiare o bere nulla per otto ore prima della procedura. Inoltre, poche ore prima, pu\u00f2 essere somministrato un clistere di pulizia.<\/p>\n\n\n\n<h2>L&#8217;esame \u00e8 doloroso o provoca altri tipi di disagio?<\/h2>\n\n\n\n<p>La procedura non \u00e8 dolorosa, perch\u00e9 viene eseguita in anestesia generale. \u00c8 possibile per\u00f2 che si avverta dolore dopo l&#8217;intervento. In questi casi potrebbe essere necessario assumere antidolorifici, seguendo le indicazioni del medico. \u00c8 comune che il dolore interessi le spalle: durante l&#8217;intervento, infatti, viene iniettata del gas nella cavit\u00e0 addominale allo scopo di dilatarla e questo pu\u00f2 irritare il diaframma e il nervo frenico cha da l\u00ec arriva fino alla spalla.<\/p>\n\n\n\n<p>Dopo l&#8217;intervento \u00e8 comune anche avvertire un bisogno insolito di urinare, ma si tratta di un disagio passeggero connesso all&#8217;aria iniettata nell&#8217;addome. Sintomi come febbre o brividi, arrossamento, gonfiore o sanguinamento della cicatrice, aumento del dolore, vomito e difficolt\u00e0 a urinare devono invece essere immediatamente comunicati al proprio dottore.<\/p>\n\n\n\n<h2>L&#8217;esame comporta rischi immediati?<\/h2>\n\n\n\n<p><strong>La&nbsp;laparoscopia&nbsp;diagnostica \u00e8 un intervento molto sicuro<\/strong>.<br>Tuttavia, come tutti gli interventi chirurgici, non \u00e8 esente da rischi anche se bassi. Possono comparire sintomi legati all&#8217;anestesia: i pi\u00f9 comuni sono nausea, vomito, ritenzione urinaria, mal di testa. I rischi legati all&#8217;intervento, comunque rari, sono soprattutto infezioni e sanguinamento della cavit\u00e0 addominale.<\/p>\n\n\n\n<h2>L&#8217;esame comporta rischi a lungo termine?<\/h2>\n\n\n\n<p>La&nbsp;laparoscopia&nbsp;non comporta l&#8217;impiego di radiazioni. I rischi a lungo termine possono essere legati a complicanze che hanno luogo nel corso dell&#8217;intervento. Si tratta tuttavia di eventualit\u00e0 rarissime.<\/p>\n\n\n\n<h2>Quanto dura?<\/h2>\n\n\n\n<p>La durata dell&#8217;esame pu\u00f2 variare dai 30 minuti alle due ore, a seconda dell&#8217;organo da osservare, del tipo di intervento da effettuare e delle caratteristiche del paziente.<\/p>\n\n\n\n<h2>Alla fine devo restare in osservazione? Per quanto?<\/h2>\n\n\n\n<p>Terminata la procedura, il paziente viene portato in reparto o nella sala di risveglio, dove saranno monitorati i parametri vitali (pressione del sangue, frequenza cardiaca, respirazione). La degenza media \u00e8 di due giorni. In alcuni casi la complessit\u00e0 dell&#8217;intervento pu\u00f2 richiedere una degenza pi\u00f9 lunga. In rari casi l&#8217;intervento laparoscopico \u00e8 convertito in operazione a cielo aperto con ricovero e degenza tradizionali.<\/p>\n\n\n\n<h2>Posso riprendere subito la mia vita normale o devo avere particolari accortezze?<\/h2>\n\n\n\n<p>La&nbsp;laparoscopia&nbsp;\u00e8 un intervento chirurgico, per quanto mini-invasivo. Pertanto<strong>&nbsp;nei giorni successivi all&#8217;intervento \u00e8 necessario usare qualche cautela<\/strong>&nbsp;affinch\u00e9 il processo di cicatrizzazione vada a buon fine.<\/p>\n\n\n\n<p>\u00c8 necessario, per esempio, evitare di chinarsi o di sollevare pesi e, per molti tipi di lavoro, occorrer\u00e0 attendere la completa cicatrizzazione della ferita prima di riprendere l&#8217;attivit\u00e0. La ferita, inoltre, va sempre tenuta asciutta e pulita seguendo le indicazioni ricevute dal medico.<\/p>\n","protected":false},"excerpt":{"rendered":"<p>Di che cosa si tratta? La&nbsp;laparoscopia diagnostica&nbsp;\u00e8 una&nbsp;tecnica chirurgica mini-invasiva, impiegata per osservare direttamente gli organi all&#8217;interno dell&#8217;addome inserendo strumenti chirurgici miniaturizzati attraverso piccole incisioni nell&#8217;addome. \u00c8 necessaria quando si vuole confermare o escludere il sospetto di una patologia (per esempio un tumore) che le tecniche di&nbsp;imaging&nbsp;non rilevano, oppure per prelevare campioni di&nbsp;tessuto&nbsp;da sottoporre ad [&hellip;]<\/p>\n","protected":false},"author":2,"featured_media":0,"parent":0,"menu_order":0,"comment_status":"closed","ping_status":"closed","template":"","meta":[],"_links":{"self":[{"href":"https:\/\/casadicurareginapacis.com\/en\/wp-json\/wp\/v2\/pages\/22443\/"}],"collection":[{"href":"https:\/\/casadicurareginapacis.com\/en\/wp-json\/wp\/v2\/pages\/"}],"about":[{"href":"https:\/\/casadicurareginapacis.com\/en\/wp-json\/wp\/v2\/types\/page\/"}],"author":[{"embeddable":true,"href":"https:\/\/casadicurareginapacis.com\/en\/wp-json\/wp\/v2\/users\/2\/"}],"replies":[{"embeddable":true,"href":"https:\/\/casadicurareginapacis.com\/en\/wp-json\/wp\/v2\/comments\/?post=22443"}],"version-history":[{"count":6,"href":"https:\/\/casadicurareginapacis.com\/en\/wp-json\/wp\/v2\/pages\/22443\/revisions\/"}],"predecessor-version":[{"id":44484,"href":"https:\/\/casadicurareginapacis.com\/en\/wp-json\/wp\/v2\/pages\/22443\/revisions\/44484\/"}],"wp:attachment":[{"href":"https:\/\/casadicurareginapacis.com\/en\/wp-json\/wp\/v2\/media\/?parent=22443"}],"curies":[{"name":"wp","href":"https:\/\/api.w.org\/{rel}","templated":true}]}}