{"id":24606,"date":"2020-01-30T17:40:03","date_gmt":"2020-01-30T15:40:03","guid":{"rendered":"https:\/\/casadicurareginapacis.com\/?page_id=24606"},"modified":"2024-01-12T10:42:34","modified_gmt":"2024-01-12T08:42:34","slug":"informazioni-generali","status":"publish","type":"page","link":"https:\/\/casadicurareginapacis.com\/en\/informazioni-generali\/","title":{"rendered":"Informazioni generali"},"content":{"rendered":"\n<div class=\"wp-block-image\"><figure class=\"alignright size-large is-resized\"><img loading=\"lazy\" src=\"https:\/\/casadicurareginapacis.com\/wp-content\/uploads\/2020\/04\/copertina-2.jpg\" alt=\"\" class=\"wp-image-26001\" width=\"382\" height=\"225\" srcset=\"https:\/\/casadicurareginapacis.com\/wp-content\/uploads\/2020\/04\/copertina-2.jpg 800w, https:\/\/casadicurareginapacis.com\/wp-content\/uploads\/2020\/04\/copertina-2-300x177.jpg 300w, https:\/\/casadicurareginapacis.com\/wp-content\/uploads\/2020\/04\/copertina-2-768x453.jpg 768w\" sizes=\"(max-width: 382px) 100vw, 382px\" \/><\/figure><\/div>\n\n\n\n<p>La&nbsp;<strong>medicina della prevenzione<\/strong>&nbsp;si occupa in modo specifico di fornire&nbsp;<strong>cure generali<\/strong>, di&nbsp;<strong>medicina preventiva<\/strong>, con particolare attenzione alle cronicit\u00e0.<\/p>\n\n\n\n<h2>Visite ed esami<\/h2>\n\n\n\n<ul><li>Visita di medicina della prevenzione<\/li><li>Visita per scelta e personalizzazione check-up<\/li><\/ul>\n\n\n\n<h2>Rivolgiti al medico della prevenzione, quando?<\/h2>\n\n\n\n<p>L\u2019ambulatorio di medicina della prevenzione \u00e8 pensato per coloro che necessitano di un consulto per risolvere&nbsp;<strong>piccoli problemi di salute<\/strong>. Si rivolge anche a coloro che si trovano al di fuori del proprio territorio di residenza e, quindi, non hanno la possibilit\u00e0 di fare riferimento al proprio medico di medicina generale, per visite, esami e consigli terapeutici (non si rilasciano impegnative a carico del Sistema Sanitario Nazionale).<br>Il medico supporta il paziente anche nella scelta del percorso di prevenzione e cura pi\u00f9 idoneo, nonch\u00e9 per la personalizzazione di un eventuale check-up.<br>Il servizio \u00e8 erogato esclusivamente in regime privatistico.<\/p>\n\n\n\n<div style=\"height:100px\" aria-hidden=\"true\" class=\"wp-block-spacer\"><\/div>\n\n\n\n<div class=\"wp-block-button alignleft\"><a class=\"wp-block-button__link has-pale-pink-background-color has-text-color has-background\" href=\"https:\/\/casadicurareginapacis.com\/donna-prevenzione-senologica-40-anni\/\" style=\"color:#000000\"> Prevenzione senologica (&lt;40 anni) <\/a><\/div>\n\n\n\n<div class=\"wp-block-button alignleft\"><a class=\"wp-block-button__link has-pale-pink-background-color has-text-color has-background\" href=\"https:\/\/casadicurareginapacis.com\/donna-prevenzione-senologica\/\" style=\"color:#000000\"> Prevenzione senologica (&gt;40 anni) <\/a><\/div>\n\n\n\n<div class=\"wp-block-button alignleft\"><a class=\"wp-block-button__link has-pale-pink-background-color has-text-color has-background\" href=\"https:\/\/casadicurareginapacis.com\/prevenzione-ginecologica\/\" style=\"color:#000000\"> Prevenzione ginecologica<\/a><\/div>\n\n\n\n<div class=\"wp-block-button alignleft\"><a class=\"wp-block-button__link has-pale-pink-background-color has-text-color has-background\" href=\"https:\/\/casadicurareginapacis.com\/prevenzione-donna-360\/\" style=\"color:#000000\"> Prevenzione  Donna 360\u00b0 (&lt;40 anni) <\/a><\/div>\n\n\n\n<div class=\"wp-block-button alignleft\"><a class=\"wp-block-button__link has-pale-pink-background-color has-text-color has-background\" href=\"https:\/\/casadicurareginapacis.com\/prevenzione-donna-360-40-anni\/\" style=\"color:#000000\"> Prevenzione  Donna 360\u00b0 (&gt;40 anni) <\/a><\/div>\n\n\n\n<div class=\"wp-block-button alignleft\"><a class=\"wp-block-button__link has-pale-cyan-blue-background-color has-text-color has-background\" href=\"https:\/\/casadicurareginapacis.com\/prevenzione-uomo-360\/\" style=\"color:#000000\"> Prevenzione Uomo Totale 360\u00b0 (&lt;50 Anni) <\/a><\/div>\n\n\n\n<div class=\"wp-block-button alignleft\"><a class=\"wp-block-button__link has-pale-cyan-blue-background-color has-text-color has-background\" href=\"https:\/\/casadicurareginapacis.com\/prevenzione-uomo\/\" style=\"color:#000000\"> Prevenzione Uomo Totale 360\u00b0 (&gt;50 Anni) <\/a><\/div>\n\n\n\n<div class=\"wp-block-button alignleft\"><a class=\"wp-block-button__link has-vivid-green-cyan-background-color has-text-color has-background\" href=\"https:\/\/casadicurareginapacis.com\/sovrappeso-e-obesita\/\" style=\"color:#000000\">Sovrappeso ed Obesit\u00e0<\/a><\/div>\n\n\n\n<div class=\"wp-block-button alignleft\"><a class=\"wp-block-button__link has-luminous-vivid-amber-background-color has-text-color has-background\" href=\"https:\/\/casadicurareginapacis.com\/respiro\/\" style=\"color:#000000\">Respiro<\/a><\/div>\n\n\n\n<div class=\"wp-block-button alignleft\"><a class=\"wp-block-button__link has-vivid-red-background-color has-text-color has-background\" href=\"https:\/\/casadicurareginapacis.com\/cuore\/\" style=\"color:#ffffff\">Cuore<\/a><\/div>\n\n\n\n<div class=\"wp-block-button alignleft\"><a class=\"wp-block-button__link has-vivid-purple-background-color has-text-color has-background\" href=\"https:\/\/casadicurareginapacis.com\/mente\/\" style=\"color:#ffffff\">Mente<\/a><\/div>\n","protected":false},"excerpt":{"rendered":"<p>La&nbsp;medicina della prevenzione&nbsp;si occupa in modo specifico di fornire&nbsp;cure generali, di&nbsp;medicina preventiva, con particolare attenzione alle cronicit\u00e0. Visite ed esami Visita di medicina della prevenzione Visita per scelta e personalizzazione check-up Rivolgiti al medico della prevenzione, quando? L\u2019ambulatorio di medicina della prevenzione \u00e8 pensato per coloro che necessitano di un consulto per risolvere&nbsp;piccoli problemi di [&hellip;]<\/p>\n","protected":false},"author":1,"featured_media":0,"parent":0,"menu_order":0,"comment_status":"closed","ping_status":"closed","template":"","meta":[],"_links":{"self":[{"href":"https:\/\/casadicurareginapacis.com\/en\/wp-json\/wp\/v2\/pages\/24606\/"}],"collection":[{"href":"https:\/\/casadicurareginapacis.com\/en\/wp-json\/wp\/v2\/pages\/"}],"about":[{"href":"https:\/\/casadicurareginapacis.com\/en\/wp-json\/wp\/v2\/types\/page\/"}],"author":[{"embeddable":true,"href":"https:\/\/casadicurareginapacis.com\/en\/wp-json\/wp\/v2\/users\/1\/"}],"replies":[{"embeddable":true,"href":"https:\/\/casadicurareginapacis.com\/en\/wp-json\/wp\/v2\/comments\/?post=24606"}],"version-history":[{"count":23,"href":"https:\/\/casadicurareginapacis.com\/en\/wp-json\/wp\/v2\/pages\/24606\/revisions\/"}],"predecessor-version":[{"id":44480,"href":"https:\/\/casadicurareginapacis.com\/en\/wp-json\/wp\/v2\/pages\/24606\/revisions\/44480\/"}],"wp:attachment":[{"href":"https:\/\/casadicurareginapacis.com\/en\/wp-json\/wp\/v2\/media\/?parent=24606"}],"curies":[{"name":"wp","href":"https:\/\/api.w.org\/{rel}","templated":true}]}}