{"id":24611,"date":"2020-01-30T17:43:22","date_gmt":"2020-01-30T15:43:22","guid":{"rendered":"https:\/\/casadicurareginapacis.com\/?page_id=24611"},"modified":"2024-01-12T10:42:53","modified_gmt":"2024-01-12T08:42:53","slug":"informazioni-generali-2","status":"publish","type":"page","link":"https:\/\/casadicurareginapacis.com\/en\/informazioni-generali-2\/","title":{"rendered":"Informazioni generali"},"content":{"rendered":"\n<p>Nel rispetto della Mission aziendale e considerando il benessere del cittadino come principale obiettivo del proprio lavoro, la Casa di Cura \u201cRegina Pacis\u201d si impegna ad erogare servizi e prestazioni che si inspirano ai principali valori di: <\/p>\n\n\n\n<p><strong>SALUTE <\/strong><\/p>\n\n\n\n<p>Lavoriamo per il benessere di ogni persona, a partire dal pi\u00f9 anziano, il disabile, il bisognoso fino ai pazienti pi\u00f9 giovani, attraverso un approccio integrale che si rivolge alla persona nella sua globalit\u00e0. <\/p>\n\n\n\n<div class=\"wp-block-image\"><figure class=\"alignright size-large is-resized\"><img loading=\"lazy\" src=\"https:\/\/casadicurareginapacis.com\/wp-content\/uploads\/2020\/05\/Chirurgia-Vascolare-1024x683.jpg\" alt=\"\" class=\"wp-image-26739\" width=\"351\" height=\"233\" srcset=\"https:\/\/casadicurareginapacis.com\/wp-content\/uploads\/2020\/05\/Chirurgia-Vascolare-1024x683.jpg 1024w, https:\/\/casadicurareginapacis.com\/wp-content\/uploads\/2020\/05\/Chirurgia-Vascolare-300x200.jpg 300w, https:\/\/casadicurareginapacis.com\/wp-content\/uploads\/2020\/05\/Chirurgia-Vascolare-768x512.jpg 768w, https:\/\/casadicurareginapacis.com\/wp-content\/uploads\/2020\/05\/Chirurgia-Vascolare-1536x1024.jpg 1536w, https:\/\/casadicurareginapacis.com\/wp-content\/uploads\/2020\/05\/Chirurgia-Vascolare.jpg 1800w\" sizes=\"(max-width: 351px) 100vw, 351px\" \/><\/figure><\/div>\n\n\n\n<p><strong>CENTRALIT\u00c0 DELLA PERSONA <\/strong><\/p>\n\n\n\n<p>Ogni persona per noi \u00e8 unica e i suoi bisogni di salute ricevono la massima considerazione e attenzione. Nei rapporti con la persona assistita curiamo molto l\u2019accoglienza, la relazione e la comunicazione. <\/p>\n\n\n\n<p><strong>ETICA <\/strong><\/p>\n\n\n\n<p>Il rispetto e la dignit\u00e0 della persona umana sono la fonte del nostro operare negli ambiti della prevenzione, della cura, dell\u2019assistenza, della riabilitazione, della ricerca clinica. <\/p>\n\n\n\n<p><strong>EGUAGLIANZA ED IMPARZIALIT\u00c0 <\/strong><\/p>\n\n\n\n<p>Il diritto di ogni cittadino di ricevere l\u2019assistenza e le cure mediche pi\u00f9 appropriate, senza discriminazione di sesso, razza, lingua, religione, opinioni politiche e condizioni socio economiche. I comportamenti degli operatori verso l\u2019utente sono, infatti, improntati su criteri di obiettivit\u00e0, giustizia e neutralit\u00e0. <\/p>\n\n\n\n<p><strong>MULTIDISCIPLINARIET\u00c0<\/strong> <\/p>\n\n\n\n<p>Per garantire una risposta adeguata ai bisogni di salute delle persone assistite ci avvaliamo di personale qualificato e specializzato il quale segue ogni persona. L\u2019impegno della \u201cRegina Pacis\u201d e volto al raggiungimento del miglior stato di salute di ogni Paziente. La professionalit\u00e0 dei nostri operatori, sostenuta da regolari corsi di formazione, e le tecnologie d\u2019avanguardia presenti nella struttura permettono di erogare un servizio di alta qualit\u00e0. Questo risultato \u00e8 raggiunto, ottimizzando ed impiegando nel miglior modo le risorse. <\/p>\n\n\n\n<p><strong>DIRITTO DI SCELTA <\/strong><\/p>\n\n\n\n<p>Il diritto del Paziente di poter scegliere, tra i soggetti che erogano assistenza ospedaliera, quello che risponde al meglio alle proprie esigenze di cure. <\/p>\n\n\n\n<p><strong>PRIVACY <\/strong><\/p>\n\n\n\n<p>Garanzia e sicurezza della tutela nel trattamento dei dati personali.  <\/p>\n","protected":false},"excerpt":{"rendered":"<p>Nel rispetto della Mission aziendale e considerando il benessere del cittadino come principale obiettivo del proprio lavoro, la Casa di Cura \u201cRegina Pacis\u201d si impegna ad erogare servizi e prestazioni che si inspirano ai principali valori di: SALUTE Lavoriamo per il benessere di ogni persona, a partire dal pi\u00f9 anziano, il disabile, il bisognoso fino [&hellip;]<\/p>\n","protected":false},"author":1,"featured_media":0,"parent":0,"menu_order":0,"comment_status":"closed","ping_status":"closed","template":"","meta":[],"_links":{"self":[{"href":"https:\/\/casadicurareginapacis.com\/en\/wp-json\/wp\/v2\/pages\/24611\/"}],"collection":[{"href":"https:\/\/casadicurareginapacis.com\/en\/wp-json\/wp\/v2\/pages\/"}],"about":[{"href":"https:\/\/casadicurareginapacis.com\/en\/wp-json\/wp\/v2\/types\/page\/"}],"author":[{"embeddable":true,"href":"https:\/\/casadicurareginapacis.com\/en\/wp-json\/wp\/v2\/users\/1\/"}],"replies":[{"embeddable":true,"href":"https:\/\/casadicurareginapacis.com\/en\/wp-json\/wp\/v2\/comments\/?post=24611"}],"version-history":[{"count":10,"href":"https:\/\/casadicurareginapacis.com\/en\/wp-json\/wp\/v2\/pages\/24611\/revisions\/"}],"predecessor-version":[{"id":26846,"href":"https:\/\/casadicurareginapacis.com\/en\/wp-json\/wp\/v2\/pages\/24611\/revisions\/26846\/"}],"wp:attachment":[{"href":"https:\/\/casadicurareginapacis.com\/en\/wp-json\/wp\/v2\/media\/?parent=24611"}],"curies":[{"name":"wp","href":"https:\/\/api.w.org\/{rel}","templated":true}]}}