{"id":2539,"date":"2017-12-19T21:06:57","date_gmt":"2017-12-19T19:06:57","guid":{"rendered":"https:\/\/casadicurareginapacis.com\/?page_id=2539"},"modified":"2024-01-12T10:25:03","modified_gmt":"2024-01-12T08:25:03","slug":"chirurgia-oncologica-della-mammella","status":"publish","type":"page","link":"https:\/\/casadicurareginapacis.com\/en\/chirurgia-oncologica-della-mammella\/","title":{"rendered":"Chirurgia Oncologica della Mammella"},"content":{"rendered":"<div class=\"ui--image-wrap clearfix alignleft ui--animation text-left ui--block\"><div class=\"ui--image-inline-block\"><img  id=\"ui--image-1\" class=\"ui--image\" src=\"https:\/\/casadicurareginapacis.com\/wp-content\/uploads\/2017\/12\/shutterstock_163881500-400x300.jpg\" alt=\"\" title=\"\" data-at2x=\"\" width=\"400\" height=\"300\"\/><div class=\"ui--shadow ui--shadow-type-1 ui--shadow-abs clearfix\"><img src=\"https:\/\/casadicurareginapacis.com\/wp-content\/themes\/envision\/includes\/modules\/module.shadow\/shadows\/shadow-1.png\" alt=\"shadow\" \/><\/div><\/div><\/div><div class=\"auto-format ui--animation\"><p>Il tumore della mammella \u00e8 uno dei pi\u00f9 frequenti della donna e va a colpire uno degli organi pi\u00f9 espressivi e caratterizzanti la femminilit\u00e0. Fortunatamente, una maggiore consapevolezza delle donne ha fatto s\u00ec che sempre pi\u00f9 frequentemente si diagnostichino tumori in fase molto precoce. Ci\u00f2, se da un lato ha permesso la possibilit\u00e0 di guarigione completa con interventi ridotti, ha anche aperto il problema di garantire una buona simmetria tra i due seni, condizione piuttosto rara nelle donne sottoposte a quadrantectomia.<\/p>\n<p>Sempre pi\u00f9 donne richiedono quindi, a distanza di tempo, una soluzione chirurgica che possa garantire un ripristino di mammelle simmetriche per forma e per volume ed esteticamente valide, sia per potersi vestire adeguatamente senza il disagio di mostrare i \u201csegni\u201d della malattia passata, sia per sentirsi in agio con se stessi. Esistono svariate tecniche chirurgiche, e di volta in volta si sceglier\u00e0 la soluzione che meglio si presta nei singoli casi. E\u2019 fondamentale una corretta valutazione iniziale per la programmazione dell\u2019intervento.<br \/>\nTalvolta, tuttavia, il tumore della mammella pu\u00f2 richiedere un trattamento pi\u00f9 aggressivo dal chirurgo oncologo che termina con l\u2019amputazione dell\u2019intero seno. In questo caso la ricostruzione mammaria assume un ruolo fondamentale perch\u00e9 si possa iniziare un percorso di guarigione anche psicologica per la paziente. Avere un seno \u00e8 un diritto fondamentale di ogni donna.<br \/>\nSi potranno scegliere due grandi vie di intervento, la prima sfrutta un sistema espansore-protesi, che permette di ottenere un seno di forma normale attraverso il ricorso a protesi, la seconda sfrutta altri tessuti in eccesso, quale la porzione bassa dell\u2019addome. La scelta andr\u00e0 valutata in ogni singolo caso, in rapporto alle caratteristiche fisiche individuali e alle esigenze di ogni singola paziente.<\/p>\n<\/div><a class=\"btn btn-normal btn-icon-left btn-primary ui--animation\" href=\"https:\/\/casadicurareginapacis.com\/informazioni-generali-breastunit\/\" target=\"_blank\" style=\"\">Breast Unit<\/a> <a class=\"btn btn-normal btn-icon-left btn-primary ui--animation\" href=\"https:\/\/casadicurareginapacis.com\/prenota-on-line\/\" target=\"_blank\" style=\"\">Prenota on line<\/a> ","protected":false},"excerpt":{"rendered":"<p>Il tumore della mammella \u00e8 uno dei pi\u00f9 frequenti della donna e va a colpire uno degli organi pi\u00f9 espressivi e caratterizzanti la femminilit\u00e0. Fortunatamente, una maggiore consapevolezza delle donne ha fatto s\u00ec che sempre pi\u00f9 frequentemente si diagnostichino tumori in fase molto precoce. Ci\u00f2, se da un lato ha permesso la possibilit\u00e0 di guarigione [&hellip;]<\/p>\n","protected":false},"author":2,"featured_media":0,"parent":0,"menu_order":0,"comment_status":"closed","ping_status":"closed","template":"","meta":[],"_links":{"self":[{"href":"https:\/\/casadicurareginapacis.com\/en\/wp-json\/wp\/v2\/pages\/2539\/"}],"collection":[{"href":"https:\/\/casadicurareginapacis.com\/en\/wp-json\/wp\/v2\/pages\/"}],"about":[{"href":"https:\/\/casadicurareginapacis.com\/en\/wp-json\/wp\/v2\/types\/page\/"}],"author":[{"embeddable":true,"href":"https:\/\/casadicurareginapacis.com\/en\/wp-json\/wp\/v2\/users\/2\/"}],"replies":[{"embeddable":true,"href":"https:\/\/casadicurareginapacis.com\/en\/wp-json\/wp\/v2\/comments\/?post=2539"}],"version-history":[{"count":3,"href":"https:\/\/casadicurareginapacis.com\/en\/wp-json\/wp\/v2\/pages\/2539\/revisions\/"}],"predecessor-version":[{"id":2552,"href":"https:\/\/casadicurareginapacis.com\/en\/wp-json\/wp\/v2\/pages\/2539\/revisions\/2552\/"}],"wp:attachment":[{"href":"https:\/\/casadicurareginapacis.com\/en\/wp-json\/wp\/v2\/media\/?parent=2539"}],"curies":[{"name":"wp","href":"https:\/\/api.w.org\/{rel}","templated":true}]}}