{"id":2544,"date":"2017-12-19T21:16:50","date_gmt":"2017-12-19T19:16:50","guid":{"rendered":"https:\/\/casadicurareginapacis.com\/?page_id=2544"},"modified":"2024-01-12T10:49:36","modified_gmt":"2024-01-12T08:49:36","slug":"malformazioni-mammarie","status":"publish","type":"page","link":"https:\/\/casadicurareginapacis.com\/en\/malformazioni-mammarie\/","title":{"rendered":"Malformazioni Mammarie"},"content":{"rendered":"<div class=\"ui--image-wrap clearfix alignleft ui--animation text-left ui--block\"><div class=\"ui--image-inline-block\"><img  id=\"ui--image-1\" class=\"ui--image\" src=\"https:\/\/casadicurareginapacis.com\/wp-content\/uploads\/2017\/12\/88f30fcd7da90ec7.jpg\" alt=\"\" title=\"\" data-at2x=\"\"\/><div class=\"ui--shadow ui--shadow-type-1 ui--shadow-abs clearfix\"><img src=\"https:\/\/casadicurareginapacis.com\/wp-content\/themes\/envision\/includes\/modules\/module.shadow\/shadows\/shadow-1.png\" alt=\"shadow\" \/><\/div><\/div><\/div><div class=\"auto-format ui--animation\"><p><strong>Chirurgia delle Malformazioni Mammarie<\/strong><br \/>\nTalvolta il seno di una donna pu\u00f2 manifestare delle caratteristiche insolite sia alla nascita che, pi\u00f9 frequentemente, nel periodo dello sviluppo adolescenziale. La condizione pi\u00f9 frequente \u00e8 uno sviluppo asimmetrico dei due seni, con uno che si sviluppa adeguatamente e l\u2019altro che tende a svilupparsi molto meno, o che assume una forma diversa.<\/p>\n<p><strong>Asimmetrie Mammarie<\/strong><br \/>\nIl seno di ogni donna non \u00e8 mai del tutto simmetrico. In alcuni casi, tuttavia, pu\u00f2 esistere una evidente differenza di forma e\/o dimensioni tra le due mammelle. Queste condizioni possono essere motivo di forte disagio per la donna, creandole problemi non solo psicologici ma anche posturali, quali scoliosi, legati al differente peso. E&#8217; opportuno in casi di asimmetria mammaria evidente ottenere una simmetrizzazione per forma e dimensione mediante di interventi correttivi che si avvarranno di procedure di mastoplastica riduttiva\/mastopessi o talvolta di mastoplastica additiva, con l&#8217;ausilio di protesi in casi di seni particolarmente differenti per dimensione<\/p>\n<p><strong>Mammella Tuberosa<\/strong><br \/>\nNei casi di asimmetria tra i due seni, la patologia pi\u00f9 comune \u00e8 la mammella tuberosa, cio\u00e8 una malformazione della mammella dovuta ad un anello fibrotico congenito, una sorta di cicatrice interna che impedisce, durante l\u2019adolescenza, lo sviluppo normale della ghiandola, facendole acquisire un aspetto \u201ctuberoso\u201d, ovvero pi\u00f9 o meno piccolo, poco rotondeggiante, e proiettato in avanti, con areola spesso piuttosto slargata, e una ghiandola molto compatta alla palpazione. Talvolta, il seno tuberoso si proietta molto in avanti, acquisendo una forma simile ad un tubo (mammella tubulare). In questi casi la chirurgia plastica consente, agendo su uno o su entrambi i seni malformati, di riacquistare una forma naturale, simmetrica e armoniosa con il resto del corpo. Esistono tecniche chirurgiche che rimodellano il tessuto presente per ottenere la forma voluta oppure con il ricorso a protesi, se il volume del seno tuberoso \u00e8 troppo ridotto, o si richieda un seno pi\u00f9 prosperoso.<\/p>\n<p><strong>Sindrome di Poland<\/strong><br \/>\nIn alcuni casi la malformazione al seno pu\u00f2 manifestarsi sin dalla nascita in questo caso l\u2019elemento diagnostico \u00e8 la mancanza totale o parziale del muscolo pettorale da un lato o, pi\u00f9 raramente, da entrambi i lati. In questo caso, parliamo di sindrome di Poland. Durante l\u2019et\u00e0 dello sviluppo si manifesta attraverso il mancato sviluppo della mammella che lascia il posto a un\u2019infossatura. Questa malformazione pu\u00f2 colpire anche gli uomini, che in questo caso, vedranno i due pettorali di volume molto diversi, specialmente i soggetti sportivi. La soluzione chirurgica che consente di risolvere il problema di solito richiede l\u2019uso di protesi che consentano di ridare volume al seno o al pettorale mancante. Esiste inoltre la possibilit\u00e0, in casi selezionati, di utilizzare il proprio grasso corporeo per fornire il volume necessario al ripristino della forma e della simmetria.<\/p>\n<\/div><a class=\"btn btn-normal btn-icon-left btn-primary ui--animation\" href=\"https:\/\/casadicurareginapacis.com\/informazioni-generali-breastunit\/\" target=\"_blank\" style=\"\">Breast Unit<\/a> <a class=\"btn btn-normal btn-icon-left btn-primary ui--animation\" href=\"https:\/\/casadicurareginapacis.com\/prenota-on-line\/\" target=\"_blank\" style=\"\">Prenota on line<\/a> ","protected":false},"excerpt":{"rendered":"<p>Chirurgia delle Malformazioni Mammarie Talvolta il seno di una donna pu\u00f2 manifestare delle caratteristiche insolite sia alla nascita che, pi\u00f9 frequentemente, nel periodo dello sviluppo adolescenziale. La condizione pi\u00f9 frequente \u00e8 uno sviluppo asimmetrico dei due seni, con uno che si sviluppa adeguatamente e l\u2019altro che tende a svilupparsi molto meno, o che assume una [&hellip;]<\/p>\n","protected":false},"author":2,"featured_media":0,"parent":0,"menu_order":0,"comment_status":"closed","ping_status":"closed","template":"","meta":[],"_links":{"self":[{"href":"https:\/\/casadicurareginapacis.com\/en\/wp-json\/wp\/v2\/pages\/2544\/"}],"collection":[{"href":"https:\/\/casadicurareginapacis.com\/en\/wp-json\/wp\/v2\/pages\/"}],"about":[{"href":"https:\/\/casadicurareginapacis.com\/en\/wp-json\/wp\/v2\/types\/page\/"}],"author":[{"embeddable":true,"href":"https:\/\/casadicurareginapacis.com\/en\/wp-json\/wp\/v2\/users\/2\/"}],"replies":[{"embeddable":true,"href":"https:\/\/casadicurareginapacis.com\/en\/wp-json\/wp\/v2\/comments\/?post=2544"}],"version-history":[{"count":1,"href":"https:\/\/casadicurareginapacis.com\/en\/wp-json\/wp\/v2\/pages\/2544\/revisions\/"}],"predecessor-version":[{"id":2546,"href":"https:\/\/casadicurareginapacis.com\/en\/wp-json\/wp\/v2\/pages\/2544\/revisions\/2546\/"}],"wp:attachment":[{"href":"https:\/\/casadicurareginapacis.com\/en\/wp-json\/wp\/v2\/media\/?parent=2544"}],"curies":[{"name":"wp","href":"https:\/\/api.w.org\/{rel}","templated":true}]}}