{"id":26000,"date":"2020-04-20T18:58:51","date_gmt":"2020-04-20T16:58:51","guid":{"rendered":"https:\/\/casadicurareginapacis.com\/?page_id=26000"},"modified":"2024-01-12T11:25:06","modified_gmt":"2024-01-12T09:25:06","slug":"ambulatorio-di-endometriosi","status":"publish","type":"page","link":"https:\/\/casadicurareginapacis.com\/en\/ambulatorio-di-endometriosi\/","title":{"rendered":"Ambulatorio di Endometriosi"},"content":{"rendered":"\n<p><strong>L\u2019Endometriosi<\/strong>&nbsp;\u00e8 una malattia femminile, determinata dall\u2019accumulo anomalo di cellule endometriali fuori dall\u2019utero. Solitamente le cellule endometriali dovrebbero trovarsi all\u2019interno di esso. Questa anomalia determina nel corpo infiammazione cronica dannosa per l\u2019apparato femminile, che si manifesta tramite forti dolori e sofferenze intestinali.<\/p>\n\n\n\n<div class=\"wp-block-image\"><figure class=\"alignright size-large is-resized\"><img loading=\"lazy\" src=\"https:\/\/casadicurareginapacis.com\/wp-content\/uploads\/2020\/04\/copertina-2.jpg\" alt=\"\" class=\"wp-image-26001\" width=\"592\" height=\"348\" srcset=\"https:\/\/casadicurareginapacis.com\/wp-content\/uploads\/2020\/04\/copertina-2.jpg 800w, https:\/\/casadicurareginapacis.com\/wp-content\/uploads\/2020\/04\/copertina-2-300x177.jpg 300w, https:\/\/casadicurareginapacis.com\/wp-content\/uploads\/2020\/04\/copertina-2-768x453.jpg 768w\" sizes=\"(max-width: 592px) 100vw, 592px\" \/><\/figure><\/div>\n\n\n\n<h3>I sintomi<\/h3>\n\n\n\n<p>I principali&nbsp;sintomi dell\u2019endometriosi&nbsp;sono caratterizzati da dolori molto intensi durante il periodo mestruale e premestruale (<strong>dismenorrea<\/strong>) e nel periodo dell\u2019ovulazione, insieme a dolori pelvici cronici, dolore nei&nbsp;<strong>rapporti sessuali<\/strong>, stanchezza fisica cronica. In una bassa percentuale dei casi l\u2019endometriosi pu\u00f2 essere asintomatica.<\/p>\n\n\n\n<h3>Diagnosi<\/h3>\n\n\n\n<p>Per una corretta diagnosi il primo passo \u00e8 rivolgersi ad uno specialista o ad un centro specializzato.<br>Gli esami da fare per diagnosticare l\u2019endometriosi&nbsp;sono vari e in alcuni casi possono esserci variazioni da paziente a paziente. Tra i vari esami consigliati ci sono, in ordine di importanza per sensibilit\u00e0 e precisione diagnostica: visite ginecologiche, esplorazioni rettali, diagnostica per immagini quale la risonanza magnetica, ecografie pelviche transvaginali ed esami del sangue specifici.<\/p>\n\n\n\n<h3>Cure<\/h3>\n\n\n\n<p>Senza dubbio la&nbsp;terapia oggi riconosciuta come pi\u00f9 immediata ed efficace \u00e8 l\u2019asportazione tramite&nbsp;<strong>intervento chirurgico<\/strong>&nbsp;dell\u2019endometrio in laparoscopia, senza intaccare l\u2019apparato genitale riproduttivo della paziente. Suddetto intervento \u00e8 certamente l\u2019intervento meno invasivo che pi\u00f9 si avvicina ad una precisa rimozione di tutti i focolai presenti che pu\u00f2 essere ripetuto pi\u00f9 volte nel tempo.<\/p>\n\n\n\n<p>A causa dei forti dolori, una soluzione comunemente utilizzata \u00e8 la terapia tramite progestinici che per\u00f2 hanno diversi effetti collaterali, se assunti per lungo tempo. Essi hanno un rapido effetto sulla riduzione dei dolori ma non migliorano lo stato della malattia, lo dimostra il fatto che, una volta interrotta l\u2019assunzione, i sintomi tornano tali e quali.<\/p>\n\n\n\n<p>L\u2019endometriosi cresce e si sviluppa dove trova una situazione cronica caratterizzata dall&#8217;infiammazione dovuta dalla produzione eccessiva di estrogeni. Per questo&nbsp;<strong>l\u2019alimentazione<\/strong>, lo&nbsp;<strong>stile di vita<\/strong>&nbsp;e&nbsp;<strong>integratori<\/strong>&nbsp;specifici che puntano a ridurre l\u2019infiammazione, si rivelano ad oggi come i migliori ausili e per lo pi\u00f9 naturali per una riduzione sostenibile, a lungo termine e sana della malattia. <\/p>\n\n\n\n<h3>Endometriosi e sterilit\u00e0<\/h3>\n\n\n\n<p>L\u2019endometriosi da sola non comporta necessariamente sterilit\u00e0. Nonostante ci\u00f2 \u00e8 presente nel 30% delle pazienti affette dalla malattia.<br>Ci sono attualmente in corso molti studi scientifici che indagano la relazione tra endometriosi e sterilit\u00e0. Non esiste una voce univoca ma \u00e8 certo che essa in diversi modi intacca l\u2019apparato riproduttivo femminile, i tessuti coinvolti nell&#8217;attecchimento degli embrioni e le riserve ovariche, portando cos\u00ec, quando scarse, all&#8217;impossibilit\u00e0 di fecondazione.<\/p>\n\n\n\n<div class=\"wp-block-button alignleft\"><a class=\"wp-block-button__link has-very-dark-gray-color has-pale-pink-background-color has-text-color has-background\" href=\"https:\/\/casadicurareginapacis.com\/ginecologia\/\">Ambulatorio di Ginecologia<\/a><\/div>\n","protected":false},"excerpt":{"rendered":"<p>L\u2019Endometriosi&nbsp;\u00e8 una malattia femminile, determinata dall\u2019accumulo anomalo di cellule endometriali fuori dall\u2019utero. Solitamente le cellule endometriali dovrebbero trovarsi all\u2019interno di esso. Questa anomalia determina nel corpo infiammazione cronica dannosa per l\u2019apparato femminile, che si manifesta tramite forti dolori e sofferenze intestinali. I sintomi I principali&nbsp;sintomi dell\u2019endometriosi&nbsp;sono caratterizzati da dolori molto intensi durante il periodo mestruale [&hellip;]<\/p>\n","protected":false},"author":2,"featured_media":0,"parent":0,"menu_order":0,"comment_status":"closed","ping_status":"closed","template":"","meta":[],"_links":{"self":[{"href":"https:\/\/casadicurareginapacis.com\/en\/wp-json\/wp\/v2\/pages\/26000\/"}],"collection":[{"href":"https:\/\/casadicurareginapacis.com\/en\/wp-json\/wp\/v2\/pages\/"}],"about":[{"href":"https:\/\/casadicurareginapacis.com\/en\/wp-json\/wp\/v2\/types\/page\/"}],"author":[{"embeddable":true,"href":"https:\/\/casadicurareginapacis.com\/en\/wp-json\/wp\/v2\/users\/2\/"}],"replies":[{"embeddable":true,"href":"https:\/\/casadicurareginapacis.com\/en\/wp-json\/wp\/v2\/comments\/?post=26000"}],"version-history":[{"count":7,"href":"https:\/\/casadicurareginapacis.com\/en\/wp-json\/wp\/v2\/pages\/26000\/revisions\/"}],"predecessor-version":[{"id":44511,"href":"https:\/\/casadicurareginapacis.com\/en\/wp-json\/wp\/v2\/pages\/26000\/revisions\/44511\/"}],"wp:attachment":[{"href":"https:\/\/casadicurareginapacis.com\/en\/wp-json\/wp\/v2\/media\/?parent=26000"}],"curies":[{"name":"wp","href":"https:\/\/api.w.org\/{rel}","templated":true}]}}