{"id":2604,"date":"2017-12-21T13:10:06","date_gmt":"2017-12-21T11:10:06","guid":{"rendered":"https:\/\/casadicurareginapacis.com\/?page_id=2604"},"modified":"2024-01-12T10:45:40","modified_gmt":"2024-01-12T08:45:40","slug":"linee-guida","status":"publish","type":"page","link":"https:\/\/casadicurareginapacis.com\/en\/linee-guida\/","title":{"rendered":"Linee Guida &#038; Protocolli"},"content":{"rendered":"<div class=\"ui--image-wrap clearfix alignright ui--animation text-right ui--block\"><div class=\"ui--image-inline-block\"><img  id=\"ui--image-1\" class=\"ui--image\" src=\"https:\/\/casadicurareginapacis.com\/wp-content\/uploads\/2017\/12\/Image-courtesy-of-Gualberto107_-FreeDigitalPhotos.net_-230x180.jpg\" alt=\"\" title=\"\" data-at2x=\"\"\/><div class=\"ui--shadow ui--shadow-type-1 ui--shadow-abs clearfix\"><img src=\"https:\/\/casadicurareginapacis.com\/wp-content\/themes\/envision\/includes\/modules\/module.shadow\/shadows\/shadow-1.png\" alt=\"shadow\" \/><\/div><\/div><\/div><div class=\"auto-format ui--animation\"><p>Le raccomandazioni di comportamento clinico, conosciute come <strong>Linee Guida in Sanit\u00e0<\/strong>, sono un ausilio fondamentale nel processo decisionale. Ogni azione del Professionista della Salute deve rifarsi ad esse.<br \/>\nLe<strong> Linee Guida (LG)<\/strong> sono documenti che forniscono raccomandazioni di comportamento clinico.<br \/>\nSono elaborati mediante un processo di revisione sistematica della letteratura e delle opinioni degli esperti con lo scopo, da un lato, di massimizzare i risultati e le risorse dell\u2019assistenza sanitaria e, dall\u2019altro, di omogeneizzare la prassi clinica in presenza di situazioni analoghe e di contrastare l\u2019utilizzo di procedure ad efficacia non documentata.<br \/>\nLe <strong>Linee Guida<\/strong> sono prodotte da gruppi multidisciplinari e offrono un\u2019ampia definizione della buona pratica professionale, essendo basate su analisi, valutazioni e interpretazioni sistematiche delle prove scientifiche.<br \/>\nDalle Linee Guida si ricavano i <strong>Protocolli<\/strong>, che hanno l\u2019obiettivo di fornire una guida, per i professionisti sanitari e per gli utenti di una determinata realt\u00e0, sulla scelta di modalit\u00e0 assistenziali pi\u00f9 appropriate in determinate situazioni cliniche garantendo la chiarezza dei percorsi e delle responsabilit\u00e0.<br \/>\nEssendo strumenti dichiaratamente concepiti come ausilio nel processo decisionale, le <strong>Linee Guida<\/strong> devono:<br \/>\n&#8211; dichiarare la qualit\u00e0 delle informazioni utilizzate (il livello delle evidenze);<br \/>\n&#8211; dichiarare l\u2019importanza, la rilevanza, la fattibilit\u00e0 e la priorit\u00e0 della loro implementazione (la forza delle raccomandazioni);<br \/>\n&#8211; esplicitare le alternative di trattamento e i loro effetti sugli esiti;<br \/>\n&#8211; avere caratteristiche di flessibilit\u00e0 e adattabilit\u00e0 alle mutevoli condizioni locali.<br \/>\nLe <strong>Linee Guida<\/strong> offrono un\u2019ampia definizione della buona pratica alla quale aggiungono pochi dettagli operativi; da queste, si estraggono i cosiddetti <strong>Protocolli<\/strong>, che vengono adattati alla realt\u00e0 sanitaria del contesto: la giurisprudenza, infatti, riconosce al sanitario uno spazio di discrezionalit\u00e0 tecnica, purch\u00e9 ogni sua scelta sia basata su dati oggettivi e riscontrati.<\/p>\n<\/div><a class=\"btn btn-normal btn-icon-left btn-secondary ui--animation\" href=\"https:\/\/casadicurareginapacis.com\/wp-content\/uploads\/2018\/03\/Linee-guida-al-Ricovero.pdf\" target=\"_blank\" style=\"\">Ricovero Ospedaliero<\/a> <a class=\"btn btn-normal btn-icon-left btn-secondary ui--animation\" href=\"https:\/\/casadicurareginapacis.com\/wp-content\/uploads\/2018\/03\/LG-Regolamento-Intramoenia.pdf\" target=\"_blank\" style=\"\">Ricovero in Intramoenia<\/a> <a class=\"btn btn-normal btn-icon-left btn-secondary ui--animation\" href=\"https:\/\/casadicurareginapacis.com\/wp-content\/uploads\/2018\/03\/LG-Raccomandazioni-per-i-Trasferimenti-Inter-ed-Intra-Ospedalieri.pdf\" target=\"_blank\" style=\"\">Trasferimento Inter ed Intra Ospedaliero<\/a> <a class=\"btn btn-normal btn-icon-left btn-secondary ui--animation\" href=\"https:\/\/casadicurareginapacis.com\/wp-content\/uploads\/2018\/03\/international-patients.pdf\" target=\"_blank\" style=\"\">International Patient<\/a> <div  class=\"ui--space clearfix\" data-responsive=\"{&quot;css&quot;:{&quot;height&quot;:{&quot;phone&quot;:null,&quot;tablet&quot;:null,&quot;widescreen&quot;:null}}}\"><\/div><a class=\"btn btn-normal btn-icon-left btn-primary ui--animation\" href=\"https:\/\/casadicurareginapacis.com\/wp-content\/uploads\/2018\/03\/protocollo-Breast-Unit.pdf\" target=\"_blank\" style=\"\">LG Breast Center<\/a> <a class=\"btn btn-normal btn-icon-left btn-primary ui--animation\" href=\"https:\/\/casadicurareginapacis.com\/wp-content\/uploads\/2018\/03\/LINEE-GUIDA-CRO.pdf\" target=\"_blank\" style=\"\">LG Ambulatorio di Genetica Oncologica<\/a> <a class=\"btn btn-normal btn-icon-left btn-primary ui--animation\" href=\"https:\/\/casadicurareginapacis.com\/wp-content\/uploads\/2018\/03\/LG-chg-oculistica.pdf\" target=\"_blank\" style=\"\">LG Chirurgia Oculistica<\/a> <div  class=\"ui--space clearfix\" data-responsive=\"{&quot;css&quot;:{&quot;height&quot;:{&quot;phone&quot;:null,&quot;tablet&quot;:null,&quot;widescreen&quot;:null}}}\"><\/div><a class=\"btn btn-normal btn-icon-left btn-secondary ui--animation\" href=\"LG - Profilassi del tromboembolismo venoso\" target=\"_blank\" style=\"\">Profilassi Tromboembolismo Venoso<\/a> <a class=\"btn btn-normal btn-icon-left btn-secondary ui--animation\" href=\"https:\/\/casadicurareginapacis.com\/wp-content\/uploads\/2018\/03\/LG-Antibioticoprofilassi.pdf\" target=\"_blank\" style=\"\">Antibioticoprofilassi in Chirurgia<\/a> <a class=\"btn btn-normal btn-icon-left btn-secondary ui--animation\" href=\"https:\/\/casadicurareginapacis.com\/wp-content\/uploads\/2018\/03\/profilassi-endocardite-batterica.pdf\" target=\"_blank\" style=\"\">Profilassi Endocardite Batterica<\/a> <a class=\"btn btn-normal btn-icon-left btn-secondary ui--animation\" href=\"https:\/\/casadicurareginapacis.com\/wp-content\/uploads\/2018\/03\/Rx-torace.pdf\" target=\"_blank\" style=\"\">Rx Torace in Chirurgia<\/a> <a class=\"btn btn-normal btn-icon-left btn-secondary ui--animation\" href=\"https:\/\/casadicurareginapacis.com\/wp-content\/uploads\/2018\/03\/Buon-Uso-del-Sangue-in-Chirurgia.pdf\" target=\"_blank\" style=\"\">Buon Uso del Sangue & Chirurgia<\/a> <div  class=\"ui--space clearfix\" data-responsive=\"{&quot;css&quot;:{&quot;height&quot;:{&quot;phone&quot;:null,&quot;tablet&quot;:null,&quot;widescreen&quot;:null}}}\"><\/div><a class=\"btn btn-normal btn-icon-left btn-primary ui--animation\" href=\"https:\/\/casadicurareginapacis.com\/wp-content\/uploads\/2015\/11\/dolore-cronico.pdf\" target=\"_blank\" style=\"\">Dolore Cronico<\/a> <a class=\"btn btn-normal btn-icon-left btn-primary ui--animation\" href=\"https:\/\/casadicurareginapacis.com\/wp-content\/uploads\/2018\/03\/LG-Linee-propositive-per-un-diritto-alla-relazione-di-cura-e-delle-decisioni-di-fine-vita.pdf\" target=\"_blank\" style=\"\">Diritto alla relazione di cura e delle decisioni di fine vita<\/a> <div  class=\"ui--space clearfix\" data-responsive=\"{&quot;css&quot;:{&quot;height&quot;:{&quot;phone&quot;:null,&quot;tablet&quot;:null,&quot;widescreen&quot;:null}}}\"><\/div><a class=\"btn btn-normal btn-icon-left btn-secondary ui--animation\" href=\"https:\/\/casadicurareginapacis.com\/wp-content\/uploads\/2018\/03\/segnalazione-eventi-avversi.pdf\" target=\"_blank\" style=\"\">Segnalazione Eventi Avversi<\/a> ","protected":false},"excerpt":{"rendered":"<p>Le raccomandazioni di comportamento clinico, conosciute come Linee Guida in Sanit\u00e0, sono un ausilio fondamentale nel processo decisionale. Ogni azione del Professionista della Salute deve rifarsi ad esse. Le Linee Guida (LG) sono documenti che forniscono raccomandazioni di comportamento clinico. Sono elaborati mediante un processo di revisione sistematica della letteratura e delle opinioni degli esperti [&hellip;]<\/p>\n","protected":false},"author":2,"featured_media":0,"parent":0,"menu_order":0,"comment_status":"closed","ping_status":"closed","template":"","meta":[],"_links":{"self":[{"href":"https:\/\/casadicurareginapacis.com\/en\/wp-json\/wp\/v2\/pages\/2604\/"}],"collection":[{"href":"https:\/\/casadicurareginapacis.com\/en\/wp-json\/wp\/v2\/pages\/"}],"about":[{"href":"https:\/\/casadicurareginapacis.com\/en\/wp-json\/wp\/v2\/types\/page\/"}],"author":[{"embeddable":true,"href":"https:\/\/casadicurareginapacis.com\/en\/wp-json\/wp\/v2\/users\/2\/"}],"replies":[{"embeddable":true,"href":"https:\/\/casadicurareginapacis.com\/en\/wp-json\/wp\/v2\/comments\/?post=2604"}],"version-history":[{"count":12,"href":"https:\/\/casadicurareginapacis.com\/en\/wp-json\/wp\/v2\/pages\/2604\/revisions\/"}],"predecessor-version":[{"id":3193,"href":"https:\/\/casadicurareginapacis.com\/en\/wp-json\/wp\/v2\/pages\/2604\/revisions\/3193\/"}],"wp:attachment":[{"href":"https:\/\/casadicurareginapacis.com\/en\/wp-json\/wp\/v2\/media\/?parent=2604"}],"curies":[{"name":"wp","href":"https:\/\/api.w.org\/{rel}","templated":true}]}}