{"id":28295,"date":"2020-08-17T13:59:48","date_gmt":"2020-08-17T11:59:48","guid":{"rendered":"https:\/\/casadicurareginapacis.com\/?page_id=28295"},"modified":"2024-01-12T10:15:45","modified_gmt":"2024-01-12T08:15:45","slug":"cesm-contrast-enhanced-spectral-mammography","status":"publish","type":"page","link":"https:\/\/casadicurareginapacis.com\/en\/cesm-contrast-enhanced-spectral-mammography\/","title":{"rendered":"CESM (Contrast Enhanced Spectral Mammography)"},"content":{"rendered":"\n<p>Il carcinoma della mammella \u00e8 la neoplasia pi\u00f9 frequente nel sesso femminile rappresentando il 29% delle diagnosi di tumore. In Italia si stima una incidenza di oltre 47.000 casi l\u2019anno, con una sopravvivenza dell\u201985% a cinque anni dalla diagnosi.<br>La mammografia \u00e8 l\u2019esame di riferimento per lo screening mammario ed ha permesso una notevole riduzione della mortalit\u00e0 (stimata dal 20% al 40%) ma ha tuttavia alcune limitazioni, in particolare la sua sensibilit\u00e0 si riduce notevolmente in presenza di seno denso, in quanto il cosiddetto &#8220;rumore anatomico&#8221; pu\u00f2 mascherare la presenza di eventuali lesioni. La sensibilit\u00e0 si riduce infatti al 62% in seni densi contro l&#8217; 87% in seni adiposi, con una specificit\u00e0 dell\u201989% nei seni densi contro il 97% nei seni adiposi. La mammografia ha infatti un discreto numero di falsi negativi, non diagnosticando circa il 20% dei tumori mammari, con un 9% gi\u00e0 palpabili. La sua sensibilit\u00e0 \u00e8 ancora pi\u00f9 bassa in fase di stadiazione preoperatoria, non diagnosticando ulteriori foci multifocali e multicentrici di malattia causando un trattamento inadeguato.<\/p>\n\n\n\n<div class=\"wp-block-image\"><figure class=\"alignleft size-large is-resized\"><img loading=\"lazy\" src=\"https:\/\/casadicurareginapacis.com\/wp-content\/uploads\/2017\/10\/Untitled-design-35.jpg\" alt=\"\" class=\"wp-image-2231\" width=\"439\" height=\"292\" srcset=\"https:\/\/casadicurareginapacis.com\/wp-content\/uploads\/2017\/10\/Untitled-design-35.jpg 1000w, https:\/\/casadicurareginapacis.com\/wp-content\/uploads\/2017\/10\/Untitled-design-35-300x200.jpg 300w, https:\/\/casadicurareginapacis.com\/wp-content\/uploads\/2017\/10\/Untitled-design-35-768x512.jpg 768w\" sizes=\"(max-width: 439px) 100vw, 439px\" \/><\/figure><\/div>\n\n\n\n<p>Negli ultimi decenni la mammografia analogica \u00e8 stata sostituita dalla mammografia digitale che ha permesso, con le sue immagini di alta qualit\u00e0 e la sua migliore risoluzione di contrasto, di migliorare l\u2019accuratezza diagnostica in popolazioni di screening e di sviluppare applicazioni come la tomosintesi e la<strong> CESM (Contrast Enhanced Spectral Mammography).<\/strong><br>La <strong>CESM <\/strong>unisce i principi della mammografia alla somministrazione del mezzo di contrasto (mdc) endovena, che permette, come in risonanza magnetica (RM), una valutazione contrastografica della mammella evidenziando le zone che captano il mdc, tipica espressione di neoangiogenesi neoplastica.<br>La <strong>CESM <\/strong>consiste nell\u2019acquisizione di mammografie digitali a bassa ed alta energia con tecnica Dual Energy dopo la somministrazione di mezzo di contrasto (mdc) iodato endovena, con successiva sottrazione spettrale e produzione di una immagine mammografica combinata, ove si evidenzia solo il mdc e che permette di ridurre il rumore anatomico. La <strong>CESM <\/strong>\u00e8 una tecnica recente e promettente nel management del tumore mammario; \u00e8 un esame affidabile che ha mostrato una accuratezza diagnostica elevata nella diagnosi di lesioni maligne, comparabile alla RM e maggiore della mammografia convenzionale; i vantaggi maggiori sono il basso costo, la facilit\u00e0 di installazione, la buona tolleranza e confort, e la maggiore facilit\u00e0 di lettura rispetto alla mammografia standard.<\/p>\n\n\n\n<p>Sulla base della nostra esperienza in accordo con altri Autori, le indicazioni dell\u2019esame CESM, alcune delle quali comuni all\u2019esame RM, potrebbero essere: <\/p>\n\n\n\n<p>\u2013 lesioni dubbie o sospette, problem solving (BIRADS 3-4) <br>\u2013 stadiazione locale preoperatoria per carcinoma mammario <br>\u2013 diagnosi differenziale tra cicatrice e recidiva <br>\u2013 Cup Syndrome (linfoadenopatia ascellare metastatica in assenza di primitivo mammario)<br>\u2013 pazienti con controindicazioni assolute o relative alla RM. <\/p>\n\n\n\n<p>Considerando le controindicazioni all\u2019esame RM, la sua bassa specificit\u00e0, il suo pi\u00f9 alto costo e la maggiore durata della procedura, la CESM \u00e8 una valida alternativa alla RM, specie nella stadiazione prechirurgica del carcinoma mammario.<\/p>\n\n\n\n<div class=\"wp-block-buttons\">\n<div class=\"wp-block-button\"><a class=\"wp-block-button__link has-vivid-green-cyan-background-color has-text-color has-background\" href=\"https:\/\/casadicurareginapacis.com\/prenota\/\" style=\"color:#000000\">Prenota on line<\/a><\/div>\n<\/div>\n\n\n\n<figure class=\"wp-block-embed is-type-video is-provider-facebook wp-block-embed-facebook\"><div class=\"wp-block-embed__wrapper\">\n<div id=\"fb-root\"><\/div><script async=\"1\" defer=\"1\" crossorigin=\"anonymous\" src=\"https:\/\/connect.facebook.net\/it_IT\/sdk.js#xfbml=1&amp;version=v8.0\" nonce=\"Jh0KkAC8\"><\/script><div class=\"fb-video\" data-href=\"https:\/\/www.facebook.com\/casadicurareginapacis\/videos\/631390904140955\/?v=631390904140955\" data-width=\"960\"><blockquote cite=\"https:\/\/www.facebook.com\/casadicurareginapacis\/videos\/631390904140955\/\" class=\"fb-xfbml-parse-ignore\"><a href=\"https:\/\/www.facebook.com\/casadicurareginapacis\/videos\/631390904140955\/\"><\/a><p>La prima in Sicilia.Una delle sole cinque in tutta Italia.Il Futuro della Senologia \u00e8 adesso! #casadicurareginapacis #senologiahttps:\/\/casadicurareginapacis.com\/<\/p>Pubblicato da <a href=\"https:\/\/www.facebook.com\/casadicurareginapacis\/\">Casa di Cura &quot;Regina Pacis&quot;<\/a> su Marted\u00ec 21 luglio 2020<\/blockquote><\/div>\n<\/div><\/figure>\n","protected":false},"excerpt":{"rendered":"<p>Il carcinoma della mammella \u00e8 la neoplasia pi\u00f9 frequente nel sesso femminile rappresentando il 29% delle diagnosi di tumore. In Italia si stima una incidenza di oltre 47.000 casi l\u2019anno, con una sopravvivenza dell\u201985% a cinque anni dalla diagnosi.La mammografia \u00e8 l\u2019esame di riferimento per lo screening mammario ed ha permesso una notevole riduzione della [&hellip;]<\/p>\n","protected":false},"author":2,"featured_media":0,"parent":0,"menu_order":0,"comment_status":"closed","ping_status":"closed","template":"","meta":[],"_links":{"self":[{"href":"https:\/\/casadicurareginapacis.com\/en\/wp-json\/wp\/v2\/pages\/28295\/"}],"collection":[{"href":"https:\/\/casadicurareginapacis.com\/en\/wp-json\/wp\/v2\/pages\/"}],"about":[{"href":"https:\/\/casadicurareginapacis.com\/en\/wp-json\/wp\/v2\/types\/page\/"}],"author":[{"embeddable":true,"href":"https:\/\/casadicurareginapacis.com\/en\/wp-json\/wp\/v2\/users\/2\/"}],"replies":[{"embeddable":true,"href":"https:\/\/casadicurareginapacis.com\/en\/wp-json\/wp\/v2\/comments\/?post=28295"}],"version-history":[{"count":11,"href":"https:\/\/casadicurareginapacis.com\/en\/wp-json\/wp\/v2\/pages\/28295\/revisions\/"}],"predecessor-version":[{"id":44464,"href":"https:\/\/casadicurareginapacis.com\/en\/wp-json\/wp\/v2\/pages\/28295\/revisions\/44464\/"}],"wp:attachment":[{"href":"https:\/\/casadicurareginapacis.com\/en\/wp-json\/wp\/v2\/media\/?parent=28295"}],"curies":[{"name":"wp","href":"https:\/\/api.w.org\/{rel}","templated":true}]}}