{"id":29472,"date":"2020-10-12T18:29:18","date_gmt":"2020-10-12T16:29:18","guid":{"rendered":"https:\/\/casadicurareginapacis.com\/?page_id=29472"},"modified":"2024-01-12T11:09:08","modified_gmt":"2024-01-12T09:09:08","slug":"risonanza-magnetica-3-tesla-in-sedazione","status":"publish","type":"page","link":"https:\/\/casadicurareginapacis.com\/en\/risonanza-magnetica-3-tesla-in-sedazione\/","title":{"rendered":"Risonanza Magnetica (3 Tesla) in sedazione"},"content":{"rendered":"\n<p>Spesso alcune patologie del sistema nervoso,  la presenza di una sintomatologia intensamente dolorosa o, ancora, la presenza di claustrofobia non gestibile, rappresentano un importante ostacolo per l&#8217;esecuzione di un esame di <a href=\"https:\/\/casadicurareginapacis.com\/risonanza-magnetica\/\">Risonanza Magnetica<\/a>.<\/p>\n\n\n\n<p>Per questo motivo, presso la <a href=\"https:\/\/casadicurareginapacis.com\/\">Casa di Cura \u201cRegina Pacis\u201d<\/a> \u00e8 possibile effettuare l&#8217;esame di Risonanza Magnetica in sedo-analgesia.<\/p>\n\n\n\n<div class=\"wp-block-image\"><figure class=\"alignleft size-large\"><img loading=\"lazy\" width=\"600\" height=\"300\" src=\"https:\/\/casadicurareginapacis.com\/wp-content\/uploads\/2020\/10\/SIGNA-Pioneer-cam2a-side-view-600x300-1.jpg\" alt=\"\" class=\"wp-image-29473\" srcset=\"https:\/\/casadicurareginapacis.com\/wp-content\/uploads\/2020\/10\/SIGNA-Pioneer-cam2a-side-view-600x300-1.jpg 600w, https:\/\/casadicurareginapacis.com\/wp-content\/uploads\/2020\/10\/SIGNA-Pioneer-cam2a-side-view-600x300-1-300x150.jpg 300w\" sizes=\"(max-width: 600px) 100vw, 600px\" \/><\/figure><\/div>\n\n\n\n<p><strong>Che cosa \u00e8 la Risonanza Magnetica in sedazione?<\/strong><\/p>\n\n\n\n<p>La sedazione cosciente, anche chiamata sedo-analgesia, \u00e8 una tecnica anestesiologica che viene utilizzata per provocare una condizione di rilassamento, amnesia e controllo della fobia durante una procedura diagnostica: al paziente viene somministrata una benzodiazepina (farmaco ansiolitico) direttamente in vena in modo da rimanere cosciente ma completamente rilassato, la fobia scompare o si riduce fortemente ed alla fine il paziente non ricorder\u00e0 nulla o poco dell\u2019esame effettuato.<\/p>\n\n\n\n<p>Prima della sedazione l\u2019anestesista responsabile della procedura controlla la storia clinica del paziente, che viene quindi visitato, posiziona un ago cannula endovena, che serve per la somministrazione dei farmaco e del mezzo di contrasto se richiesto.<\/p>\n\n\n\n<p>Terminato l\u2019esame, il paziente rimane in osservazione; deve essere accompagnato da un familiare o un amico e deve impegnarsi a non guidare per l\u2019intera giornata.<\/p>\n\n\n\n<p>La sedazione cosciente \u00e8 una pratica controllata, sicura ed efficace che permette di superare la claustrofobia in corso di esame di RM. Il livello di sicurezza di questa tecnica \u00e8 strettamente legato all\u2019esperienza degli operatori sia nel valutare il paziente prima dell\u2019intervento sia nell\u2019eseguire la tecnica stessa in condizioni di sicurezza ed in un ambiente con una strumentazione adeguata.<\/p>\n\n\n\n<p>Grazie alla sedazione cosciente il tecnico e il medico radiologo possono lavorare con tranquillit\u00e0 con un paziente collaborativo e perfettamente a suo agio eseguendo un esame preciso in breve tempo.<\/p>\n\n\n\n<p><strong>A che cosa serve la Risonanza Magnetica in sedazione?<\/strong><\/p>\n\n\n\n<p>In caso di pazienti con claustrofobia o particolari fobie viene somministrato l&#8217;anestetico che permette al paziente di rilassarsi ed effettuare con successo l&#8217;esame diagnostico.<\/p>\n\n\n\n<p><strong>La Risonanza Magnetica in sedazione presso la Casa di Cura &#8220;Regina Pacis&#8221;<\/strong><\/p>\n\n\n\n<p>Presso la Casa di Cura \u201cRegina Pacis\u201d \u00e8 possibile effettuare esame di Risonanza Magnetica in sedo-analgesia gi\u00e0 in Pazienti con et\u00e0 superiore ai 14 anni.<br>La possibilit\u00e0 di effettuare la RM in sedazione, sotto costante controllo anestesiologico grazie a un monitoraggio con apparecchio amagnetico, e con una <strong>sistema a 3 Tesla<\/strong>, ad alta tecnologia, consente l&#8217;esecuzione di esami precisi e veloci.<\/p>\n\n\n\n<div class=\"wp-block-buttons\">\n<div class=\"wp-block-button\"><a class=\"wp-block-button__link\" href=\"https:\/\/casadicurareginapacis.com\/risonanza-magnetica\/\">Risonanza Magnetica a 3 Tesla<\/a><\/div>\n\n\n\n<div class=\"wp-block-button\"><a class=\"wp-block-button__link has-very-dark-gray-color has-pale-cyan-blue-background-color has-text-color has-background\" href=\"https:\/\/casadicurareginapacis.com\/prenota\/\">Prenota on line<\/a><\/div>\n<\/div>\n\n\n\n<p><\/p>\n","protected":false},"excerpt":{"rendered":"<p>Spesso alcune patologie del sistema nervoso, la presenza di una sintomatologia intensamente dolorosa o, ancora, la presenza di claustrofobia non gestibile, rappresentano un importante ostacolo per l&#8217;esecuzione di un esame di Risonanza Magnetica. Per questo motivo, presso la Casa di Cura \u201cRegina Pacis\u201d \u00e8 possibile effettuare l&#8217;esame di Risonanza Magnetica in sedo-analgesia. Che cosa \u00e8 [&hellip;]<\/p>\n","protected":false},"author":2,"featured_media":0,"parent":0,"menu_order":0,"comment_status":"closed","ping_status":"closed","template":"","meta":[],"_links":{"self":[{"href":"https:\/\/casadicurareginapacis.com\/en\/wp-json\/wp\/v2\/pages\/29472\/"}],"collection":[{"href":"https:\/\/casadicurareginapacis.com\/en\/wp-json\/wp\/v2\/pages\/"}],"about":[{"href":"https:\/\/casadicurareginapacis.com\/en\/wp-json\/wp\/v2\/types\/page\/"}],"author":[{"embeddable":true,"href":"https:\/\/casadicurareginapacis.com\/en\/wp-json\/wp\/v2\/users\/2\/"}],"replies":[{"embeddable":true,"href":"https:\/\/casadicurareginapacis.com\/en\/wp-json\/wp\/v2\/comments\/?post=29472"}],"version-history":[{"count":7,"href":"https:\/\/casadicurareginapacis.com\/en\/wp-json\/wp\/v2\/pages\/29472\/revisions\/"}],"predecessor-version":[{"id":44506,"href":"https:\/\/casadicurareginapacis.com\/en\/wp-json\/wp\/v2\/pages\/29472\/revisions\/44506\/"}],"wp:attachment":[{"href":"https:\/\/casadicurareginapacis.com\/en\/wp-json\/wp\/v2\/media\/?parent=29472"}],"curies":[{"name":"wp","href":"https:\/\/api.w.org\/{rel}","templated":true}]}}