{"id":34774,"date":"2021-09-27T18:15:34","date_gmt":"2021-09-27T16:15:34","guid":{"rendered":"https:\/\/casadicurareginapacis.com\/?page_id=34774"},"modified":"2024-01-12T11:17:05","modified_gmt":"2024-01-12T09:17:05","slug":"storia-3","status":"publish","type":"page","link":"https:\/\/casadicurareginapacis.com\/en\/storia-3\/","title":{"rendered":"Storia 3"},"content":{"rendered":"\n<div class=\"wp-block-image\"><figure class=\"alignleft size-large is-resized\"><img loading=\"lazy\" src=\"https:\/\/casadicurareginapacis.com\/wp-content\/uploads\/2021\/09\/a.jpg\" alt=\"\" class=\"wp-image-34776\" width=\"369\" height=\"230\" srcset=\"https:\/\/casadicurareginapacis.com\/wp-content\/uploads\/2021\/09\/a.jpg 800w, https:\/\/casadicurareginapacis.com\/wp-content\/uploads\/2021\/09\/a-300x188.jpg 300w, https:\/\/casadicurareginapacis.com\/wp-content\/uploads\/2021\/09\/a-768x480.jpg 768w\" sizes=\"(max-width: 369px) 100vw, 369px\" \/><\/figure><\/div>\n\n\n\n<p>&#8220;Perch\u00e9 ho scelto la Clinica per curarmi? Perch\u00e9 ci sono nata, e quando andavo a scuola incontravo sempre tante persone &#8211; muratori, tecnici, infermieri, medici &#8211; mentre andavano l\u00ec per lavorare, trasformandola ogni giorno, sotto i miei occhi, da una piccola realt\u00e0 a quella che \u00e8 adesso.<br>Perch\u00e9 a venti anni sono stata operata l\u00ec per la prima volta, poi nuovamente a trenta.Perch\u00e9 adesso ho portato mio figlio per un controllo.<br>Perch\u00e9 &#8211; la Clinica &#8211; fa parte del mio mondo&#8221;.<\/p>\n\n\n\n<p class=\"has-text-align-right\"><em><strong>(lettera firmata)<\/strong><\/em><\/p>\n","protected":false},"excerpt":{"rendered":"<p>&#8220;Perch\u00e9 ho scelto la Clinica per curarmi? Perch\u00e9 ci sono nata, e quando andavo a scuola incontravo sempre tante persone &#8211; muratori, tecnici, infermieri, medici &#8211; mentre andavano l\u00ec per lavorare, trasformandola ogni giorno, sotto i miei occhi, da una piccola realt\u00e0 a quella che \u00e8 adesso.Perch\u00e9 a venti anni sono stata operata l\u00ec per [&hellip;]<\/p>\n","protected":false},"author":2,"featured_media":0,"parent":0,"menu_order":0,"comment_status":"closed","ping_status":"closed","template":"","meta":[],"_links":{"self":[{"href":"https:\/\/casadicurareginapacis.com\/en\/wp-json\/wp\/v2\/pages\/34774\/"}],"collection":[{"href":"https:\/\/casadicurareginapacis.com\/en\/wp-json\/wp\/v2\/pages\/"}],"about":[{"href":"https:\/\/casadicurareginapacis.com\/en\/wp-json\/wp\/v2\/types\/page\/"}],"author":[{"embeddable":true,"href":"https:\/\/casadicurareginapacis.com\/en\/wp-json\/wp\/v2\/users\/2\/"}],"replies":[{"embeddable":true,"href":"https:\/\/casadicurareginapacis.com\/en\/wp-json\/wp\/v2\/comments\/?post=34774"}],"version-history":[{"count":2,"href":"https:\/\/casadicurareginapacis.com\/en\/wp-json\/wp\/v2\/pages\/34774\/revisions\/"}],"predecessor-version":[{"id":44318,"href":"https:\/\/casadicurareginapacis.com\/en\/wp-json\/wp\/v2\/pages\/34774\/revisions\/44318\/"}],"wp:attachment":[{"href":"https:\/\/casadicurareginapacis.com\/en\/wp-json\/wp\/v2\/media\/?parent=34774"}],"curies":[{"name":"wp","href":"https:\/\/api.w.org\/{rel}","templated":true}]}}