{"id":34987,"date":"2021-10-05T14:43:17","date_gmt":"2021-10-05T12:43:17","guid":{"rendered":"https:\/\/casadicurareginapacis.com\/?page_id=34987"},"modified":"2024-01-12T11:07:04","modified_gmt":"2024-01-12T09:07:04","slug":"richiesta-spedizione-referto-via-e-mail-pec-posta","status":"publish","type":"page","link":"https:\/\/casadicurareginapacis.com\/en\/richiesta-spedizione-referto-via-e-mail-pec-posta\/","title":{"rendered":"RICHIESTA DI SPEDIZIONE DEL REFERTO VIA E-MAIL, PEC, POSTA"},"content":{"rendered":"\n<p class=\"has-text-align-center\"><strong>Puoi scaricare il modulo di richiesta cliccando qui<\/strong><\/p>\n\n\n\n<div class=\"wp-block-image\"><figure class=\"aligncenter size-large is-resized\"><a href=\"https:\/\/casadicurareginapacis.com\/wp-content\/uploads\/2021\/10\/MR-15.04.06_B-2021-Richiesta-referto-e-immagini-VIA-E-MAIL-PEC-POSTA.pdf\"><img loading=\"lazy\" src=\"https:\/\/casadicurareginapacis.com\/wp-content\/uploads\/2021\/10\/1f447-1024x538.jpg\" alt=\"\" class=\"wp-image-35027\" width=\"170\" height=\"89\" srcset=\"https:\/\/casadicurareginapacis.com\/wp-content\/uploads\/2021\/10\/1f447-1024x538.jpg 1024w, https:\/\/casadicurareginapacis.com\/wp-content\/uploads\/2021\/10\/1f447-300x158.jpg 300w, https:\/\/casadicurareginapacis.com\/wp-content\/uploads\/2021\/10\/1f447-768x403.jpg 768w, https:\/\/casadicurareginapacis.com\/wp-content\/uploads\/2021\/10\/1f447.jpg 1200w\" sizes=\"(max-width: 170px) 100vw, 170px\" \/><\/a><\/figure><\/div>\n\n\n\n<div class=\"wp-block-file aligncenter\"><a href=\"https:\/\/casadicurareginapacis.com\/wp-content\/uploads\/2021\/10\/MR-15.04.06_B-2021-Richiesta-referto-e-immagini-VIA-E-MAIL-PEC-POSTA.pdf\"><strong><em><span class=\"has-inline-color has-vivid-purple-color\">MR-15.04.06_B-2021-Richiesta-referto-e-immagini-VIA-E-MAIL-PEC-POSTA<\/span><\/em><\/strong><\/a><a href=\"https:\/\/casadicurareginapacis.com\/wp-content\/uploads\/2021\/10\/MR-15.04.06_B-2021-Richiesta-referto-e-immagini-VIA-E-MAIL-PEC-POSTA.pdf\" class=\"wp-block-file__button\" download>Download<\/a><\/div>\n\n\n\n<p class=\"has-text-align-left has-normal-font-size\"><em><span class=\"has-inline-color has-vivid-cyan-blue-color\">Gent.mo\/a Utente,<br>per ragioni di sicurezza e privacy l\u2019invio del Suo referto tramite posta elettronica potr\u00e0 essere effettuato esclusivamente compilando il modulo scaricabile in questa sezione e che potr\u00e0 altres\u00ec richiedere in struttura. <\/span><\/em><\/p>\n\n\n\n<p class=\"has-text-align-left has-normal-font-size\"><span class=\"has-inline-color has-vivid-cyan-blue-color\"><em>L\u2019interessato o un suo delegato, una volta formulata espressa e consapevole richiesta attraverso la sottoscrizione del modulo, potr\u00e0 inviare lo stesso via e-mail all&#8217;indirizzo<\/em><\/span><em><span class=\"has-inline-color has-vivid-purple-color\"> <strong>urp@casadicurareginapacis.com<\/strong><\/span><\/em><span class=\"has-inline-color has-vivid-cyan-blue-color\"><em> , allegandone il file e la copia del proprio documento d&#8217;identit\u00e0.<\/em> <em>Il modulo potr\u00e0 altres\u00ec essere consegnato alla accettazione della Casa di Cura &#8220;Regina Pacis&#8221; sita al piano terra della struttura.<\/em><\/span><\/p>\n\n\n\n<p class=\"has-text-align-left has-normal-font-size\"><em><span class=\"has-inline-color has-vivid-cyan-blue-color\">In <strong>ipotesi di Delega<\/strong>, si chiede di consegnare o allegare alla e-mail la delega firmata su carta semplice e il documento d&#8217;identit\u00e0 sia del delegato che del delegante.<\/span><\/em><\/p>\n\n\n\n<p class=\"has-text-align-left has-normal-font-size\"><em><span class=\"has-inline-color has-vivid-cyan-blue-color\">Nella compilazione del modulo, occorrer\u00e0 riempire la sola sezione alla quale invio si \u00e8 interessati (E-MAIL, PEC o POSTA ORDINARIA).<\/span><\/em><\/p>\n\n\n\n<p class=\"has-text-align-left has-normal-font-size\"><em><span class=\"has-inline-color has-vivid-cyan-blue-color\">Per ulteriori informazioni potr\u00e0 contattare l&#8217;URP scrivendo a <\/span><span class=\"has-inline-color has-vivid-purple-color\"><strong>urp@casadicurareginapacis.com<\/strong><\/span><span class=\"has-inline-color has-vivid-cyan-blue-color\"> o chiamando il numero 0934\/5152302 (luned\u00ec &#8211; sabato 9:00 &#8211; 13:00).<\/span><\/em><\/p>\n\n\n\n<figure class=\"wp-block-gallery aligncenter columns-2 is-cropped\"><ul class=\"blocks-gallery-grid\"><li class=\"blocks-gallery-item\"><figure><img loading=\"lazy\" width=\"724\" height=\"1024\" src=\"https:\/\/casadicurareginapacis.com\/wp-content\/uploads\/2021\/10\/MR-15.04.06_B-2021-Richiesta-referto-e-immagini-VIA-E-MAIL-PEC-POSTA_page-0001-1-724x1024.jpg\" alt=\"\" data-id=\"35004\" data-full-url=\"https:\/\/casadicurareginapacis.com\/wp-content\/uploads\/2021\/10\/MR-15.04.06_B-2021-Richiesta-referto-e-immagini-VIA-E-MAIL-PEC-POSTA_page-0001-1.jpg\" data-link=\"https:\/\/casadicurareginapacis.com\/richiesta-spedizione-referto-via-e-mail-pec-posta\/mr-15-04-06_b-2021-richiesta-referto-e-immagini-via-e-mail-pec-posta_page-0001-1\/\" class=\"wp-image-35004\" srcset=\"https:\/\/casadicurareginapacis.com\/wp-content\/uploads\/2021\/10\/MR-15.04.06_B-2021-Richiesta-referto-e-immagini-VIA-E-MAIL-PEC-POSTA_page-0001-1-724x1024.jpg 724w, https:\/\/casadicurareginapacis.com\/wp-content\/uploads\/2021\/10\/MR-15.04.06_B-2021-Richiesta-referto-e-immagini-VIA-E-MAIL-PEC-POSTA_page-0001-1-212x300.jpg 212w, https:\/\/casadicurareginapacis.com\/wp-content\/uploads\/2021\/10\/MR-15.04.06_B-2021-Richiesta-referto-e-immagini-VIA-E-MAIL-PEC-POSTA_page-0001-1-768x1087.jpg 768w, https:\/\/casadicurareginapacis.com\/wp-content\/uploads\/2021\/10\/MR-15.04.06_B-2021-Richiesta-referto-e-immagini-VIA-E-MAIL-PEC-POSTA_page-0001-1-1085x1536.jpg 1085w, https:\/\/casadicurareginapacis.com\/wp-content\/uploads\/2021\/10\/MR-15.04.06_B-2021-Richiesta-referto-e-immagini-VIA-E-MAIL-PEC-POSTA_page-0001-1.jpg 1240w\" sizes=\"(max-width: 724px) 100vw, 724px\" \/><figcaption class=\"blocks-gallery-item__caption\">PAGINA 1- MR 15.04.06_B 2021 &#8211; Richiesta referto e immagini VIA E-MAIL, PEC, POSTA<\/figcaption><\/figure><\/li><li class=\"blocks-gallery-item\"><figure><img loading=\"lazy\" width=\"724\" height=\"1024\" src=\"https:\/\/casadicurareginapacis.com\/wp-content\/uploads\/2021\/10\/MR-15.04.06_B-2021-Richiesta-referto-e-immagini-VIA-E-MAIL-PEC-POSTA_page-0002-1-724x1024.jpg\" alt=\"\" data-id=\"35002\" data-full-url=\"https:\/\/casadicurareginapacis.com\/wp-content\/uploads\/2021\/10\/MR-15.04.06_B-2021-Richiesta-referto-e-immagini-VIA-E-MAIL-PEC-POSTA_page-0002-1.jpg\" data-link=\"https:\/\/casadicurareginapacis.com\/richiesta-spedizione-referto-via-e-mail-pec-posta\/mr-15-04-06_b-2021-richiesta-referto-e-immagini-via-e-mail-pec-posta_page-0002-1\/\" class=\"wp-image-35002\" srcset=\"https:\/\/casadicurareginapacis.com\/wp-content\/uploads\/2021\/10\/MR-15.04.06_B-2021-Richiesta-referto-e-immagini-VIA-E-MAIL-PEC-POSTA_page-0002-1-724x1024.jpg 724w, https:\/\/casadicurareginapacis.com\/wp-content\/uploads\/2021\/10\/MR-15.04.06_B-2021-Richiesta-referto-e-immagini-VIA-E-MAIL-PEC-POSTA_page-0002-1-212x300.jpg 212w, https:\/\/casadicurareginapacis.com\/wp-content\/uploads\/2021\/10\/MR-15.04.06_B-2021-Richiesta-referto-e-immagini-VIA-E-MAIL-PEC-POSTA_page-0002-1-768x1087.jpg 768w, https:\/\/casadicurareginapacis.com\/wp-content\/uploads\/2021\/10\/MR-15.04.06_B-2021-Richiesta-referto-e-immagini-VIA-E-MAIL-PEC-POSTA_page-0002-1-1085x1536.jpg 1085w, https:\/\/casadicurareginapacis.com\/wp-content\/uploads\/2021\/10\/MR-15.04.06_B-2021-Richiesta-referto-e-immagini-VIA-E-MAIL-PEC-POSTA_page-0002-1.jpg 1240w\" sizes=\"(max-width: 724px) 100vw, 724px\" \/><figcaption class=\"blocks-gallery-item__caption\">PAGINA 2 &#8211; MR 15.04.06_B 2021 &#8211; Richiesta referto e immagini VIA E-MAIL, PEC, POSTA<\/figcaption><\/figure><\/li><\/ul><\/figure>\n","protected":false},"excerpt":{"rendered":"<p>Puoi scaricare il modulo di richiesta cliccando qui Gent.mo\/a Utente,per ragioni di sicurezza e privacy l\u2019invio del Suo referto tramite posta elettronica potr\u00e0 essere effettuato esclusivamente compilando il modulo scaricabile in questa sezione e che potr\u00e0 altres\u00ec richiedere in struttura. L\u2019interessato o un suo delegato, una volta formulata espressa e consapevole richiesta attraverso la sottoscrizione [&hellip;]<\/p>\n","protected":false},"author":2,"featured_media":0,"parent":0,"menu_order":0,"comment_status":"closed","ping_status":"closed","template":"","meta":[],"_links":{"self":[{"href":"https:\/\/casadicurareginapacis.com\/en\/wp-json\/wp\/v2\/pages\/34987\/"}],"collection":[{"href":"https:\/\/casadicurareginapacis.com\/en\/wp-json\/wp\/v2\/pages\/"}],"about":[{"href":"https:\/\/casadicurareginapacis.com\/en\/wp-json\/wp\/v2\/types\/page\/"}],"author":[{"embeddable":true,"href":"https:\/\/casadicurareginapacis.com\/en\/wp-json\/wp\/v2\/users\/2\/"}],"replies":[{"embeddable":true,"href":"https:\/\/casadicurareginapacis.com\/en\/wp-json\/wp\/v2\/comments\/?post=34987"}],"version-history":[{"count":57,"href":"https:\/\/casadicurareginapacis.com\/en\/wp-json\/wp\/v2\/pages\/34987\/revisions\/"}],"predecessor-version":[{"id":43465,"href":"https:\/\/casadicurareginapacis.com\/en\/wp-json\/wp\/v2\/pages\/34987\/revisions\/43465\/"}],"wp:attachment":[{"href":"https:\/\/casadicurareginapacis.com\/en\/wp-json\/wp\/v2\/media\/?parent=34987"}],"curies":[{"name":"wp","href":"https:\/\/api.w.org\/{rel}","templated":true}]}}