{"id":37648,"date":"2022-01-21T16:28:10","date_gmt":"2022-01-21T14:28:10","guid":{"rendered":"https:\/\/casadicurareginapacis.com\/?page_id=37648"},"modified":"2024-01-12T11:15:41","modified_gmt":"2024-01-12T09:15:41","slug":"storia-4","status":"publish","type":"page","link":"https:\/\/casadicurareginapacis.com\/en\/storia-4\/","title":{"rendered":"Storia 4"},"content":{"rendered":"<div class=\"ui--image-wrap clearfix alignleft text-left ui--block\"><img  id=\"ui--image-1\" class=\"ui--image ui--animation\" src=\"https:\/\/casadicurareginapacis.com\/wp-content\/uploads\/2020\/01\/cuore-medico-200x200.jpg\" alt=\"cuore-medico\" title=\"cuore-medico\" data-at2x=\"\" width=\"200\" height=\"200\"\/><\/div><div class=\"auto-format ui--animation\"><p>&#8220;Con queste poche righe vorrei rivolgere un profondo ringraziamento a tutto il personale medico, al personale infermieristico, agli operatori socio sanitari ed ai fisioterapisti, del Reparto di Riabilitazione Cardiologica della Casa di Cura &#8220;Regina Pacis&#8221; per l\u2019impegno, la competenza, la preparazione professionale, ma soprattutto per l&#8217;esempio di umanit\u00e0 che oggi difficilmente si riscontra nelle strutture sanitarie.<br \/>\nCi tengo ad esprimere la mia soddisfazione e gratitudine per l&#8217;ottima qualit\u00e0 dell\u2019assistenza ricevuta da una mia familiare durante il ricovero nel vostro reparto.<br \/>\nL&#8217;esperienza, la capacit\u00e0 e la preparazione, che contraddistinguono il lavoro dei medici e di tutta l\u2019equipe professionale, sono accompagnate da una distintiva componente umana e di profondo rispetto per il paziente; peculiarit\u00e0 necessarie e benefiche che contribuiscono senz&#8217;altro alla ripresa sia fisica che psicologica di ogni ammalato, grazie al clima di pace e tranquillit\u00e0 che si respira nel reparto.<br \/>\nCi\u00f2 a dimostrazione che anche al sud, e in particolare nella nostra cara Sicilia, abbiamo strutture sanitarie eccellenti che meritano tutto il nostro appoggio e supporto, in un periodo in cui l\u2019opinione pubblica tende a sottolineare, soprattutto, gli aspetti negativi, vorrei spezzare una lancia in favore di coloro che riportano in alto gli standard qualitativi delle professioni sanitarie.<br \/>\nIo e la mia famiglia, non dimenticheremo mai le attenzioni, la cura e l&#8217;amore che il personale del suddetto Reparto ha dedicato sia a mia zia che agli altri pazienti, perch\u00e9 l\u00ec c&#8217;\u00e8 sempre un sorriso per tutti, e questo non \u00e8 poco nei momenti di sofferenza. In modo particolare vorrei ringraziare Roberta per la dedizione e la propensione ad aiutare il prossimo, anche noi parenti nei momenti di sconforto.<br \/>\nUn grazie ancora a voi tutti, in particolare al Primario, ai Medici, ai fisioterapisti e a tutto il personale, per l&#8217;ottima gestione del Reparto da me personalmente costatata.<br \/>\nGrazie di cuore, con l&#8217;augurio che possiate proseguire con altrettanto successo e soddisfazione il vostro lavoro&#8221;.<\/p>\n<p><strong>{lettera firmata}<\/strong><\/p>\n<\/div>","protected":false},"excerpt":{"rendered":"<p>&#8220;Con queste poche righe vorrei rivolgere un profondo ringraziamento a tutto il personale medico, al personale infermieristico, agli operatori socio sanitari ed ai fisioterapisti, del Reparto di Riabilitazione Cardiologica della Casa di Cura &#8220;Regina Pacis&#8221; per l\u2019impegno, la competenza, la preparazione professionale, ma soprattutto per l&#8217;esempio di umanit\u00e0 che oggi difficilmente si riscontra nelle strutture [&hellip;]<\/p>\n","protected":false},"author":2,"featured_media":0,"parent":0,"menu_order":0,"comment_status":"closed","ping_status":"closed","template":"","meta":[],"_links":{"self":[{"href":"https:\/\/casadicurareginapacis.com\/en\/wp-json\/wp\/v2\/pages\/37648\/"}],"collection":[{"href":"https:\/\/casadicurareginapacis.com\/en\/wp-json\/wp\/v2\/pages\/"}],"about":[{"href":"https:\/\/casadicurareginapacis.com\/en\/wp-json\/wp\/v2\/types\/page\/"}],"author":[{"embeddable":true,"href":"https:\/\/casadicurareginapacis.com\/en\/wp-json\/wp\/v2\/users\/2\/"}],"replies":[{"embeddable":true,"href":"https:\/\/casadicurareginapacis.com\/en\/wp-json\/wp\/v2\/comments\/?post=37648"}],"version-history":[{"count":5,"href":"https:\/\/casadicurareginapacis.com\/en\/wp-json\/wp\/v2\/pages\/37648\/revisions\/"}],"predecessor-version":[{"id":37653,"href":"https:\/\/casadicurareginapacis.com\/en\/wp-json\/wp\/v2\/pages\/37648\/revisions\/37653\/"}],"wp:attachment":[{"href":"https:\/\/casadicurareginapacis.com\/en\/wp-json\/wp\/v2\/media\/?parent=37648"}],"curies":[{"name":"wp","href":"https:\/\/api.w.org\/{rel}","templated":true}]}}