{"id":37832,"date":"2022-07-07T10:05:48","date_gmt":"2022-07-07T08:05:48","guid":{"rendered":"https:\/\/casadicurareginapacis.com\/?page_id=37832"},"modified":"2024-01-12T11:17:26","modified_gmt":"2024-01-12T09:17:26","slug":"storia-6","status":"publish","type":"page","link":"https:\/\/casadicurareginapacis.com\/en\/storia-6\/","title":{"rendered":"Storia 6"},"content":{"rendered":"<div class=\"ui--image-wrap clearfix alignleft text-left ui--block\"><img  id=\"ui--image-1\" class=\"ui--image ui--animation\" src=\"https:\/\/casadicurareginapacis.com\/wp-content\/uploads\/2023\/05\/istockphoto-1304125415-612x612-1.jpg\" alt=\"Portrait of a group of medical practitioners wearing face masks in a hospital\" title=\"Portrait of a group of medical practitioners wearing face masks in a hospital\" data-at2x=\"\"\/><\/div><div class=\"auto-format ui--animation\"><p>Sono stato ricoverato nel reparto di Chirurgia Mininvasiva della Casa di Cura &#8220;Regina Pacis&#8221;. Siamo arrivati qui dalla provincia di Palermo e desidero testimoniarvi la mia profonda e incommensurabile gratitudine per tutto ci\u00f2 che avete fatto per me. Dopo un periodo di ricovero di pochi giorni sono rientrato a casa. Un grazie a tutti i medici, gli infermieri, i terapisti, gli oss per la grande professionalit\u00e0, costante presenza e profonda umanit\u00e0. Soprattutto complimenti ai tanti giovani &#8211; ma quanti!!! &#8211; sia medici che non, che lavorano da Voi e con Voi, perch\u00e8 sembrano gi\u00e0 &#8220;anziani&#8221; nella loro esperienza, ma mantengono la vitalit\u00e0 tipica dei giovani. Siete riusciti a rendere normale la mia quotidianit\u00e0 in Clinica e ad alleviare le mie sofferenze. La vostra gentilezza e cortesia sono stati un punto cardine, e non \u00e8 scontato. Sapere che ci sono persone come Voi \u00e8 per noi pazienti che affrontiamo un intervento chirurgico un enorme paracadute, un\u2019ancora di salvezza. Che il buon Dio benedica voi e le vostre splendide famiglie. Le mie parole non riusciranno mai ad esprimere a fondo il grado di riconoscenza che nutro per voi. Ancora Grazie!<\/p>\n<p>{Lettera firmata}<\/p>\n<\/div>","protected":false},"excerpt":{"rendered":"<p>Sono stato ricoverato nel reparto di Chirurgia Mininvasiva della Casa di Cura &#8220;Regina Pacis&#8221;. Siamo arrivati qui dalla provincia di Palermo e desidero testimoniarvi la mia profonda e incommensurabile gratitudine per tutto ci\u00f2 che avete fatto per me. Dopo un periodo di ricovero di pochi giorni sono rientrato a casa. Un grazie a tutti i [&hellip;]<\/p>\n","protected":false},"author":2,"featured_media":0,"parent":0,"menu_order":0,"comment_status":"closed","ping_status":"closed","template":"","meta":[],"_links":{"self":[{"href":"https:\/\/casadicurareginapacis.com\/en\/wp-json\/wp\/v2\/pages\/37832\/"}],"collection":[{"href":"https:\/\/casadicurareginapacis.com\/en\/wp-json\/wp\/v2\/pages\/"}],"about":[{"href":"https:\/\/casadicurareginapacis.com\/en\/wp-json\/wp\/v2\/types\/page\/"}],"author":[{"embeddable":true,"href":"https:\/\/casadicurareginapacis.com\/en\/wp-json\/wp\/v2\/users\/2\/"}],"replies":[{"embeddable":true,"href":"https:\/\/casadicurareginapacis.com\/en\/wp-json\/wp\/v2\/comments\/?post=37832"}],"version-history":[{"count":5,"href":"https:\/\/casadicurareginapacis.com\/en\/wp-json\/wp\/v2\/pages\/37832\/revisions\/"}],"predecessor-version":[{"id":43250,"href":"https:\/\/casadicurareginapacis.com\/en\/wp-json\/wp\/v2\/pages\/37832\/revisions\/43250\/"}],"wp:attachment":[{"href":"https:\/\/casadicurareginapacis.com\/en\/wp-json\/wp\/v2\/media\/?parent=37832"}],"curies":[{"name":"wp","href":"https:\/\/api.w.org\/{rel}","templated":true}]}}