{"id":42905,"date":"2023-09-20T14:00:50","date_gmt":"2023-09-20T12:00:50","guid":{"rendered":"https:\/\/casadicurareginapacis.com\/?page_id=42905"},"modified":"2024-01-12T11:14:37","modified_gmt":"2024-01-12T09:14:37","slug":"storia-7","status":"publish","type":"page","link":"https:\/\/casadicurareginapacis.com\/en\/storia-7\/","title":{"rendered":"Storia 7"},"content":{"rendered":"\n<p>Gentile Direzione,<\/p>\n\n\n\n<p>Sono stata operata ieri 18 settembre nella vostra clinica per un nodulo mammario.<\/p>\n\n\n\n<p>Con la presente ci tenevo a manifestare la mia riconoscenza al dott Cirrito che esattamente come 24 anni fa (mi oper\u00f3 gi\u00e0 per un altro fibroadenoma all&#8217;et\u00e0 di 18 anni) mi ha seguita e tranquillizzata con professionalit\u00e0 e umanit\u00e0 ineguagliabili.<\/p>\n\n\n\n<p>Altres\u00ec un caro ringraziamento va anche agli addetti al front office Aldo Diliberto,Angelo Ferrara ed Emanuele Riggi che sanno accogliere e guidare i pazienti dall&#8217;ingresso all&#8217;uscita in maniera discreta e rasserenante al tempo stesso.<\/p>\n\n\n\n<p>Cos\u00ec tutti gli operatori incontrati nel corso del prericovero e ricovero che con professionalit\u00e0 e dedizione hanno reso sereno anche un evento del genere, in cui ansia e preoccupazioni varie avrebbero potuto farla da padrona.<\/p>\n\n\n\n<p>Mi sento di poter dire che siamo fortunati ad avere qui una struttura,una risorsa e un punto di riferimento importanti per il nostro territorio.<\/p>\n\n\n\n<p>Grazie ancora,<\/p>\n\n\n\n<p><\/p>\n\n\n\n<p>{Lettera firmata}<\/p>\n","protected":false},"excerpt":{"rendered":"<p>Gentile Direzione, Sono stata operata ieri 18 settembre nella vostra clinica per un nodulo mammario. Con la presente ci tenevo a manifestare la mia riconoscenza al dott Cirrito che esattamente come 24 anni fa (mi oper\u00f3 gi\u00e0 per un altro fibroadenoma all&#8217;et\u00e0 di 18 anni) mi ha seguita e tranquillizzata con professionalit\u00e0 e umanit\u00e0 ineguagliabili. [&hellip;]<\/p>\n","protected":false},"author":2,"featured_media":0,"parent":0,"menu_order":0,"comment_status":"closed","ping_status":"closed","template":"","meta":[],"_links":{"self":[{"href":"https:\/\/casadicurareginapacis.com\/en\/wp-json\/wp\/v2\/pages\/42905\/"}],"collection":[{"href":"https:\/\/casadicurareginapacis.com\/en\/wp-json\/wp\/v2\/pages\/"}],"about":[{"href":"https:\/\/casadicurareginapacis.com\/en\/wp-json\/wp\/v2\/types\/page\/"}],"author":[{"embeddable":true,"href":"https:\/\/casadicurareginapacis.com\/en\/wp-json\/wp\/v2\/users\/2\/"}],"replies":[{"embeddable":true,"href":"https:\/\/casadicurareginapacis.com\/en\/wp-json\/wp\/v2\/comments\/?post=42905"}],"version-history":[{"count":3,"href":"https:\/\/casadicurareginapacis.com\/en\/wp-json\/wp\/v2\/pages\/42905\/revisions\/"}],"predecessor-version":[{"id":42911,"href":"https:\/\/casadicurareginapacis.com\/en\/wp-json\/wp\/v2\/pages\/42905\/revisions\/42911\/"}],"wp:attachment":[{"href":"https:\/\/casadicurareginapacis.com\/en\/wp-json\/wp\/v2\/media\/?parent=42905"}],"curies":[{"name":"wp","href":"https:\/\/api.w.org\/{rel}","templated":true}]}}