{"id":43246,"date":"2023-10-10T18:27:28","date_gmt":"2023-10-10T16:27:28","guid":{"rendered":"https:\/\/casadicurareginapacis.com\/?page_id=43246"},"modified":"2024-01-12T11:18:13","modified_gmt":"2024-01-12T09:18:13","slug":"storia-8","status":"publish","type":"page","link":"https:\/\/casadicurareginapacis.com\/en\/storia-8\/","title":{"rendered":"Storia 8"},"content":{"rendered":"\n<div class=\"wp-block-image\"><figure class=\"alignleft size-full is-resized\"><img loading=\"lazy\" src=\"https:\/\/casadicurareginapacis.com\/wp-content\/uploads\/2023\/10\/a-768x480-1.jpg\" alt=\"\" class=\"wp-image-43252\" width=\"430\" height=\"269\" srcset=\"https:\/\/casadicurareginapacis.com\/wp-content\/uploads\/2023\/10\/a-768x480-1.jpg 768w, https:\/\/casadicurareginapacis.com\/wp-content\/uploads\/2023\/10\/a-768x480-1-300x188.jpg 300w\" sizes=\"(max-width: 430px) 100vw, 430px\" \/><\/figure><\/div>\n\n\n\n<p>&#8220;E&#8217; vero, esistono gli Angeli terreni! Vorrei ringraziare il Prof. Piazza che, con grande professionalit\u00e0 e con tanta celerit\u00e0, mi ha operata nella Chirurgia Generale diretta dal dr. Giuseppe Virz\u00ec presso la Casa di Cura &#8220;Regina Pacis&#8221; di San Cataldo, in provincia di Caltanissetta. Un intervento di vitale importanza che mi ha fatto vivere giornate di ansia e paura. DirLe grazie, Professore, \u00e8 molto poco rispetto a quello che Voi tutti avete fatto. Un ringraziamento speciale va anche al dr. Ermanno Grossi, Specializzando in Chirurgia Generale, che mi ha seguita dopo l&#8217;intervento con amore e tanta umanit\u00e0 e con una competenza che renderebbe fieri i suoi Maestri! E che dire: grazie a tutti gli infermieri e Oss che mi hanno accudito! Grazie Casa di Cura &#8220;Regina Pacis&#8221;: siete meravigliosi!&#8221;<\/p>\n\n\n\n<p>{Lettera firmata}<\/p>\n\n\n\n<p><\/p>\n\n\n\n<p><\/p>\n","protected":false},"excerpt":{"rendered":"<p>&#8220;E&#8217; vero, esistono gli Angeli terreni! Vorrei ringraziare il Prof. Piazza che, con grande professionalit\u00e0 e con tanta celerit\u00e0, mi ha operata nella Chirurgia Generale diretta dal dr. Giuseppe Virz\u00ec presso la Casa di Cura &#8220;Regina Pacis&#8221; di San Cataldo, in provincia di Caltanissetta. Un intervento di vitale importanza che mi ha fatto vivere giornate [&hellip;]<\/p>\n","protected":false},"author":2,"featured_media":0,"parent":0,"menu_order":0,"comment_status":"closed","ping_status":"closed","template":"","meta":[],"_links":{"self":[{"href":"https:\/\/casadicurareginapacis.com\/en\/wp-json\/wp\/v2\/pages\/43246\/"}],"collection":[{"href":"https:\/\/casadicurareginapacis.com\/en\/wp-json\/wp\/v2\/pages\/"}],"about":[{"href":"https:\/\/casadicurareginapacis.com\/en\/wp-json\/wp\/v2\/types\/page\/"}],"author":[{"embeddable":true,"href":"https:\/\/casadicurareginapacis.com\/en\/wp-json\/wp\/v2\/users\/2\/"}],"replies":[{"embeddable":true,"href":"https:\/\/casadicurareginapacis.com\/en\/wp-json\/wp\/v2\/comments\/?post=43246"}],"version-history":[{"count":7,"href":"https:\/\/casadicurareginapacis.com\/en\/wp-json\/wp\/v2\/pages\/43246\/revisions\/"}],"predecessor-version":[{"id":43272,"href":"https:\/\/casadicurareginapacis.com\/en\/wp-json\/wp\/v2\/pages\/43246\/revisions\/43272\/"}],"wp:attachment":[{"href":"https:\/\/casadicurareginapacis.com\/en\/wp-json\/wp\/v2\/media\/?parent=43246"}],"curies":[{"name":"wp","href":"https:\/\/api.w.org\/{rel}","templated":true}]}}