{"id":5280,"date":"2018-06-20T15:31:33","date_gmt":"2018-06-20T13:31:33","guid":{"rendered":"https:\/\/casadicurareginapacis.com\/trattamento-dei-dati\/"},"modified":"2024-01-12T12:11:12","modified_gmt":"2024-01-12T10:11:12","slug":"trattamento-dei-dati","status":"publish","type":"page","link":"https:\/\/casadicurareginapacis.com\/en\/trattamento-dei-dati\/","title":{"rendered":"Trattamento dei dati"},"content":{"rendered":"<div class=\"auto-format ui--animation\"><p>Responsabile della Protezione dei Dati: Dr Paolo Di Franco<br \/>\nC\/O Skema In. Sanitarie SRL- Casa di Cura \u201cRegina Pacis\u201d<br \/>\nVia P.pe Lanza di Scalea, 3\/5, 93017 San Cataldo Tel. +39 0934 515201<br \/>\nrpd@casadicurareginapacis.com<\/p>\n<\/div><div  class=\"ui--tabs ui--tabs-mini ui--tabs-mini-horizontal clearfix text-left\"><div class=\"ui--tabs-header clearfix\"><div class=\"ui--tabs-header-holder\"><div class=\"ui--tabs-border-before\"><\/div><div class=\"ui--tabs-border-after\"><\/div><ul class=\"ui--tabs-titles clearfix unstyled\"><li class=\"\"><h5><a href=\"#privacy\">Informativa Privacy<\/a><\/h5><\/li><li class=\"\"><h5><a href=\"#cookies\">Uso dei Cookies<\/a><\/h5><\/li><\/ul><\/div><\/div><div class=\"clearfix\"><\/div><ul class=\"ui--tabs-contents text-left clearfix\"><li id=\"privacy\" class=\"hidden\"> <div class=\"auto-format ui--animation\"><p><strong>INFORMATIVA RELATIVA AL TRATTAMENTO DEI DATI PERSONALI<br \/>\nEFFETTUATO PER IL SERVIZIO DI PRENOTAZIONE<br \/>\nDELLE PRESTAZIONI SANITARIE<\/strong><\/p>\n<p>Skema In. Sanitarie SRL \u2013 Casa di Cura \u201cRegina Pacis\u201d con sede in via P.pe Lanza di Scalea, 3\/5, 93017 San<br \/>\nCataldo (CL), P.Iva 00195960851 (in seguito, \u201cTitolare\u201d), in qualit\u00e0 di titolare del trattamento, desidera informarLa ai<br \/>\nsensi dell\u2019art. 13 del Regolamento UE n. 2016\/679 (in seguito, \u201cGDPR\u201d) di quanto segue<\/p>\n<p>1. Il titolare dei Dati:<br \/>\nSkema In. Sanitarie SRL<br \/>\nVia P.pe Lanza di Scalea, 3\/5 &#8211; 93017 &#8211; San Cataldo (CL)<br \/>\n0934515201 info@casadicurareginapacis.com<\/p>\n<p>2. RPD: Dr Paolo Di Franco<br \/>\nc\/o Casa di Cura \u201cRegina Pacis\u201d<br \/>\n0934515201 rpd@casadicurareginapacis.com<\/p>\n<p>3. Finalit\u00e0 e base giuridica del trattamento<br \/>\nI dati personali da Lei forniti o acquisiti saranno trattati per le seguenti finalit\u00e0:<br \/>\nFinalit\u00e0 A<br \/>\nCon il Suo consenso per rispondere e gestire le Sua richieste di informazioni e\/o prenotazioni da Lei richieste scrivendo al form prenota on-line del sito www.casadicurareginapacis.com;<br \/>\nFinalit\u00e0 B<br \/>\nCon il Suo consenso ed in rarissime occasione al fine di permettere al personale tecnico incaricato dai nostri responsabili esterni per garantire il corretto funzionamento del sito o apportare modifiche dello stesso;<br \/>\nFinalit\u00e0 C<br \/>\nSenza il Suo consenso per le comunicazioni agli enti pubblici preposti (Autorit\u00e0 di Pubblica Sicurezza, etc. ) per motivi di sicurezza ed obblighi del titolare.<\/p>\n<p>4. Destinatari dei dati<br \/>\nI dati raccolti potranno essere comunicati a destinatari che tratteranno i dati in qualit\u00e0 di Responsabili esterni e\/o in<br \/>\nqualit\u00e0 di persone fisiche (incaricati) che agiscono sotto l\u2019autorit\u00e0 del Titolare e dei Responsabile esterni. Inoltre i<br \/>\nSuoi dati potranno essere comunicati a Organismi di vigilanza, Autorit\u00e0 giudiziarie nonch\u00e9 a tutti gli altri soggetti ai<br \/>\nquali la comunicazione sia obbligatoria per legge e per l\u2019espletamento delle suddette finalit\u00e0.<\/p>\n<p>5. Conservazione<br \/>\nI suoi dati trattati per l\u2019utilizzo di questo form saranno conservati esclusivamente per il periodo necessario a garantire in servizi da Lei richiesti, in ogni caso non oltre i 7 gg.<\/p>\n<p>6. Natura del conferimento e obbligatoriet\u00e0 del consenso Il consenso al trattamento dei dati per le finalit\u00e0 A \u00e8 indispensabile per poter rispondere alle Sue richieste di informazioni o prenotazione. Il consenso per le finalit\u00e0 B \u00e8 facoltativo.<\/p>\n<p>7. Diritti degli interessati<br \/>\nLei ha il diritto, scrivendo all\u2019indirizzo e-mail rpd@casadicurareginapacis.com di chiedere al titolare<br \/>\n\uf0fc l\u2019accesso ai dati personali (tipo di dati, finalit\u00e0, ecc.);<br \/>\n\uf0fc la rettifica o la cancellazione dei dati;<br \/>\n\uf0fc la limitazione al trattamento;<br \/>\n\uf0fc opposizione al trattamento.<br \/>\nLei ha, inoltre, il diritto di proporre un reclamo al Garante della Privacy.<\/p>\n<p>8. Revoca del consenso<br \/>\nLei potr\u00e0 revocare il Suo consenso rilasciato per le finalit\u00e0 A e B in ogni momento, contattando il RPD aziendale al seguente indirizzo e-mail: rpd@casadicurareginapacis.com.<br \/>\nNel caso di minore il consenso deve essere espresso da uno dei genitori. Conferma la maggiore et\u00e0.<\/p>\n<\/div><a class=\"btn btn-normal btn-icon-left btn-primary ui--animation\" href=\"https:\/\/casadicurareginapacis.com\/wp-content\/uploads\/2018\/03\/international-patients.pdf\" target=\"_blank\" style=\"\">International patients<\/a>  <\/li><li id=\"cookies\" class=\"hidden\"> <div class=\"auto-format ui--animation\"><h1>Uso dei cookie<\/h1>\n<p>Il nostro \u201c<strong>Sito Web<\/strong>\u201d utilizza i cookie per rendere i propri servizi semplici e efficienti per l\u2019utenza che visiona le sue pagine.<\/p>\n<p>Gli utenti che visionano il Sito, vedranno inserite delle <strong>quantit\u00e0 minime di informazioni<\/strong> nei dispositivi in uso, che siano computer e periferiche mobili, in piccoli file di testo denominati \u201ccookie\u201d salvati nelle directory utilizzate dal browser web dell\u2019Utente.<\/p>\n<p>Disabilitando i cookie alcuni dei nostri servizi potrebbero non funzionare correttamente e alcune pagine non le visualizzerai correttamente.<\/p>\n<p>Vi sono <strong>vari tipi di cookie<\/strong>, alcuni per rendere pi\u00f9 efficace l\u2019uso del Sito, altri per abilitare determinate funzionalit\u00e0.<\/p>\n<p>Analizzandoli in maniera particolareggiata i nostri cookie permettono di:<\/p>\n<ul>\n<li>memorizzare le preferenze inserite<\/li>\n<li>evitare di reinserire le stesse informazioni pi\u00f9 volte durante la visita quali ad esempio nome utente e password<\/li>\n<li>analizzare l\u2019utilizzo dei servizi e dei contenuti forniti dal nostro sito web per ottimizzarne l\u2019esperienza di navigazione e i servizi offerti<\/li>\n<\/ul>\n<h2>Tipologie di Cookie utilizzati<\/h2>\n<p>A seguire i vari tipi di cookie utilizzati in funzione delle finalit\u00e0 d\u2019uso<\/p>\n<h3>Cookie Tecnici<\/h3>\n<p>Questa tipologia di cookie \u00e8 strettamente necessaria al <strong>corretto funzionamento di alcune sezioni del Sito<\/strong>. Sono di due categorie: persistenti e di sessione:<\/p>\n<ul>\n<li><strong>persistenti<\/strong>: una volta chiuso il browser non vengono distrutti ma rimangono fino ad una data di scadenza preimpostata<\/li>\n<li><strong>di sessioni<\/strong>: vengono distrutti ogni volta che il browser viene chiuso<\/li>\n<\/ul>\n<p>Questi cookie, inviati sempre dal nostro dominio, <strong>sono necessari a visualizzare correttamente il sito<\/strong> e in relazione ai servizi tecnici offerti, verranno quindi <strong>sempre utilizzati e inviati<\/strong>, a meno che l\u2019utenza non modifichi le impostazioni nel proprio browser (inficiando cos\u00ec la visualizzazione delle pagine del sito).<\/p>\n<h3>Cookie analitici<\/h3>\n<p>I cookie in questa categoria vengono utilizzati per <strong>collezionare informazioni sull\u2019uso del sito<\/strong>. Il nostro sito web user\u00e0 queste informazioni in merito ad <strong>analisi statistiche anonime<\/strong> al fine di migliorare l\u2019utilizzo del Sito e per rendere i contenuti pi\u00f9 interessanti e attinenti ai desideri dell\u2019utenza. Questa tipologia di cookie raccoglie dati in <strong>forma anonima<\/strong> sull\u2019attivit\u00e0 dell\u2019utenza e su come \u00e8 arrivata sul Sito. I cookie analitici sono inviati dal Sito Stesso o da domini di terze parti.<\/p>\n<h3>Cookie di analisi di servizi di terze parti<\/h3>\n<p>Questi cookie sono utilizzati al fine di raccogliere informazioni sull\u2019<strong>uso del Sito<\/strong> da parte degli utenti in <strong>forma anonima<\/strong> quali: pagine visitate, tempo di permanenza, origini del traffico di provenienza, provenienza geografica, et\u00e0, genere e interessi ai fini di campagne di marketing. Questi cookie sono inviati da domini di terze parti esterni al Sito, nel nostro caso da Google Analytics.<\/p>\n<h3>Cookie per integrare prodotti e funzioni di software di terze parti<\/h3>\n<p>Questa tipologia di cookie <strong>integra funzionalit\u00e0 sviluppate da terzi<\/strong> all\u2019interno delle pagine del Sito come le icone e le preferenze espresse nei social network al fine di condivisione dei contenuti del sito o per l\u2019uso di servizi software di terze parti (come i software per generare le mappe e ulteriori software che offrono servizi aggiuntivi). Questi cookie sono inviati da <strong>domini di terze parti<\/strong> e da <strong>siti partner<\/strong> che offrono le loro funzionalit\u00e0 tra le pagine del Sito.<\/p>\n<h3>Cookie di profilazione<\/h3>\n<p>Sono quei cookie necessari a creare profili utenti al fine di inviare messaggi pubblicitari in linea con le preferenze manifestate dall\u2019utente all\u2019interno delle pagine del Sito.<\/p>\n<p>Nel nostro Sito non utilizziamo cookie di profilazione.<\/p>\n<hr \/>\n<p>Secondo la normativa vigente, non siamo tenuti a chiedere consenso per i <strong>cookie tecnici<\/strong>, in quanto necessari a fornire i servizi richiesti.<\/p>\n<p>Per tutte le altre tipologie di cookie il consenso pu\u00f2 essere espresso dall\u2019Utente con una o pi\u00f9 di una delle seguenti modalit\u00e0:<\/p>\n<ul>\n<li><strong>Mediante specifiche configurazioni del browser<\/strong> utilizzato o dei relativi programmi informatici utilizzati per navigare le pagine che compongono il Sito.<\/li>\n<li><strong>Mediante modifica delle impostazioni<\/strong> nell\u2019uso dei servizi di terze parti<\/li>\n<\/ul>\n<p>Entrambe queste soluzioni potrebbero impedire all\u2019utente di utilizzare o visualizzare parti del Sito.<\/p>\n<p><strong>Siti Web e servizi di terze parti<\/strong><\/p>\n<p>Il Sito potrebbe contenere collegamenti ad altri siti Web che dispongono di una propria informativa sulla privacy che pu\u00f2 essere diverse da quella qui adottata, quindi, <strong>non rispondiamo<\/strong> per questi siti.<\/p>\n<hr \/>\n<h2>Cookie utilizzati<\/h2>\n<p>\u00a0<\/p>\n<table class=\"cookieLaw\">\n<thead>\n<tr>\n<td>Tipo di Cookie<\/td>\n<td>Descrizione dell\u2019uso<\/td>\n<td>Dati Raccolti<\/td>\n<td>Policy Link e Luogo del trattamento<\/td>\n<\/tr>\n<\/thead>\n<tbody>\n<tr>\n<td><strong>Form o Modulo di Contatto<\/strong><\/td>\n<td>L\u2019utente acconsente all\u2019utilizzo dei dati inseriti nel form di contatto al fine di rispondere alle richieste di preventivo, di informazione, o di qualunque altro motivo (indicato nel titolo del modulo).<\/td>\n<td>Nome, email e telefono<\/td>\n<td>Dati non conservati<\/td>\n<\/tr>\n<tr>\n<td>Pulsante <strong>Mi Piace<\/strong> e servizi terzi di <strong>Facebook, Inc.<\/strong><\/td>\n<td>Il pulsante \u201cMi Piace\u201d e i servizi di Facebook sono necessari all\u2019interazione con il social network Facebook e vengono forniti da Facebook, Inc.<\/td>\n<td>Cookie e dati di utilizzo<\/td>\n<td>USA \u2013 <a href=\"http:\/\/www.facebook.com\/privacy\/explanation.php\" target=\"_blank\" rel=\"nofollow\">Privacy Policy<\/a> \u2013 <a href=\"https:\/\/www.facebook.com\/help\/cookies?ref_type=sitefooter\" target=\"_blank\" rel=\"nofollow\">Maggiori informazioni<\/a><\/td>\n<\/tr>\n<tr>\n<td>Pulsante <strong>Tweet<\/strong> e servizi terzi di <strong>Twitter, Inc.<\/strong><\/td>\n<td>Il pulsante \u201cTweet\u201d e i servizi correlati sono necessari all\u2019interazione con il social network Twitter e vengono forniti da Twitter, Inc.<\/td>\n<td>Cookie e dati di utilizzo<\/td>\n<td>USA \u2013 <a href=\"http:\/\/twitter.com\/privacy\" target=\"_blank\" rel=\"nofollow\">Privacy Policy<\/a> \u2013 <a href=\"https:\/\/support.twitter.com\/articles\/20170519-uso-dei-cookie-e-di-altre-tecnologie-simili-da-parte-di-twitter#\" target=\"_blank\" rel=\"nofollow\">Maggiori informazioni<\/a><\/td>\n<\/tr>\n<tr>\n<td>Pulsante <strong>Google+<\/strong> e servizi terzi di <strong>Google Inc.<\/strong><\/td>\n<td>Il pulsante \u201c+1\u201d e i servizi correlati a Google+ sono necessari all\u2019interazione con il social network Google Plus e vengono forniti da Google, Inc.<\/td>\n<td>Cookie e dati di utilizzo<\/td>\n<td>USA \u2013 <a href=\"http:\/\/www.google.com\/intl\/it\/policies\/privacy\/\" target=\"_blank\" rel=\"nofollow\">Privacy Policy<\/a> \u2013 <a href=\"https:\/\/www.google.com\/settings\/u\/0\/ads?hl=it&#038;sig=ACi0TCiGVtQo3-M6KWk-W9FLb2ibvVcinVf7QTocMi5pUGsx67qs34yjO2h6N2SfsAAN4bWW9lfY8Zj7PH8epB-TcvIHMSktGnGK9X2FszgcREeCvlRtHrzTtukXpeZgZUx-LeGXWH8JBDW-N24XPdYuAd6ezwnQxl4OFxY_ROB7YMnFRBrDJ2w\" target=\"_blank\" rel=\"nofollow\">Opt in<\/a><\/td>\n<\/tr>\n<tr>\n<td><strong>Youtube<\/strong> e servizi terzi di <strong>Google Inc.<\/strong><\/td>\n<td>Youtube \u00e8 un social network dedicato alla visualizzazione di contenuti video ed \u00e8 gestito da Google Inc. con la possibilit\u00e0 di integrare i contenuti all\u2019interno delle proprie pagine<\/td>\n<td>Cookie e dati di utilizzo<\/td>\n<td>USA \u2013 <a href=\"http:\/\/www.google.it\/intl\/it\/policies\/privacy\/\" target=\"_blank\" rel=\"nofollow\">Privacy Policy<\/a> \u2013 <a href=\"https:\/\/www.google.com\/settings\/u\/0\/ads?hl=it&#038;sig=ACi0TCiGVtQo3-M6KWk-W9FLb2ibvVcinVf7QTocMi5pUGsx67qs34yjO2h6N2SfsAAN4bWW9lfY8Zj7PH8epB-TcvIHMSktGnGK9X2FszgcREeCvlRtHrzTtukXpeZgZUx-LeGXWH8JBDW-N24XPdYuAd6ezwnQxl4OFxY_ROB7YMnFRBrDJ2w\" target=\"_blank\" rel=\"nofollow\">Opt in<\/a><\/td>\n<\/tr>\n<tr>\n<td><strong>Vimeo<\/strong> di <strong>Vimeo, LLC<\/strong><\/td>\n<td>Vimeo \u00e8 un social network dedicato alla visualizzazione di contenuti video ed \u00e8 gestito da Vimeo, LLC con la possibilit\u00e0 di integrare i contenuti all\u2019interno delle proprie pagine<\/td>\n<td>Cookie e dati di utilizzo<\/td>\n<td>USA \u2013 <a href=\"http:\/\/vimeo.com\/privacy\" target=\"_blank\" rel=\"nofollow\">Privacy Policy<\/a><\/td>\n<\/tr>\n<tr>\n<td>Analisi degli accessi di <strong>Google Analytics<\/strong> e servizi terzi di <strong>Google Inc.<\/strong><\/td>\n<td>Gli accessi e le interazioni dell\u2019utenza su questo sito sono analizzati mediante il servizio di Google Analytics gestito da Google, Inc.<\/td>\n<td>Cookie e dati di utilizzo<\/td>\n<td>USA \u2013 <a href=\"http:\/\/www.google.com\/intl\/it\/policies\/privacy\/\" target=\"_blank\" rel=\"nofollow\">Privacy Policy<\/a> \u2013 <a href=\"https:\/\/www.google.com\/settings\/u\/0\/ads?hl=it&#038;sig=ACi0TCiGVtQo3-M6KWk-W9FLb2ibvVcinVf7QTocMi5pUGsx67qs34yjO2h6N2SfsAAN4bWW9lfY8Zj7PH8epB-TcvIHMSktGnGK9X2FszgcREeCvlRtHrzTtukXpeZgZUx-LeGXWH8JBDW-N24XPdYuAd6ezwnQxl4OFxY_ROB7YMnFRBrDJ2w\" target=\"_blank\" rel=\"nofollow\">Opt in<\/a><\/td>\n<\/tr>\n<tr>\n<td><strong>Akismet<\/strong> di <strong>Automattic Inc.<\/strong><\/td>\n<td>Il servizio di Akismet \u00e8 necessario a proteggere dallo SPAM le pagine di questo sito e viene fornito da Automattic Inc.<\/td>\n<td>Varie tipologie di Dati (specificate nella privacy policy del servizio)<\/td>\n<td>USA \u2013 <a href=\"http:\/\/automattic.com\/privacy\/\" target=\"_blank\" rel=\"nofollow\">Privacy Policy<\/a><\/td>\n<\/tr>\n<tr>\n<td><strong>Google Fonts<\/strong> servizio di <strong>Google Inc.<\/strong><\/td>\n<td>Google Fonts \u00e8 un servizio che permette di inglobare e visualizzare stili di carattere personalizzati ed \u00e8 gestito da da Google Inc.<\/td>\n<td>Cookie e dati di utilizzo<\/td>\n<td>USA \u2013 <a href=\"http:\/\/www.google.it\/intl\/en\/policies\/privacy\/\" target=\"_blank\" rel=\"nofollow\">Privacy Policy<\/a> \u2013 <a href=\"https:\/\/www.google.com\/settings\/u\/0\/ads?hl=it&#038;sig=ACi0TCiGVtQo3-M6KWk-W9FLb2ibvVcinVf7QTocMi5pUGsx67qs34yjO2h6N2SfsAAN4bWW9lfY8Zj7PH8epB-TcvIHMSktGnGK9X2FszgcREeCvlRtHrzTtukXpeZgZUx-LeGXWH8JBDW-N24XPdYuAd6ezwnQxl4OFxY_ROB7YMnFRBrDJ2w\" target=\"_blank\" rel=\"nofollow\">Opt in<\/a><\/td>\n<\/tr>\n<\/tbody>\n<\/table>\n<hr \/>\n<h2 class=\"wpb_heading wpb_accordion_heading\">Come disabilitare i cookie mediante configurazione del browser<\/h2>\n<h3>Chrome<\/h3>\n<ol>\n<li>Eseguire il Browser Chrome<\/li>\n<li>Fare click sul men\u00f9 presente nella barra degli strumenti del browser a fianco della finestra di inserimento url per la navigazione<\/li>\n<li>Selezionare <strong>Impostazioni<\/strong><\/li>\n<li>Fare clic su <strong>Mostra Impostazioni Avanzate<\/strong><\/li>\n<li>Nella sezione \u201cPrivacy\u201d fare clic su bottone \u201c<strong>Impostazioni contenuti<\/strong>\u201c<\/li>\n<li>Nella sezione \u201cCookie\u201d \u00e8 possibile modificare le seguenti impostazioni relative ai cookie:\n<ul>\n<li>Consentire il salvataggio dei dati in locale<\/li>\n<li>Modificare i dati locali solo fino alla chiusura del browser<\/li>\n<li>Impedire ai siti di impostare i cookie<\/li>\n<li>Bloccare i cookie di terze parti e i dati dei siti<\/li>\n<li>Gestire le eccezioni per alcuni siti internet<\/li>\n<li>Eliminazione di uno o tutti i cookie<\/li>\n<\/ul>\n<\/li>\n<\/ol>\n<p>Per maggiori informazioni visita la <a href=\"https:\/\/support.google.com\/accounts\/answer\/61416?hl=en\" target=\"_blank\" rel=\"nofollow\">pagina dedicata<\/a>.<\/p>\n<h3>Mozilla Firefox<\/h3>\n<ol>\n<li>Eseguire il Browser Mozilla Firefox<\/li>\n<li>Fare click sul men\u00f9 presente nella barra degli strumenti del browser a fianco della finestra di inserimento url per la navigazione<\/li>\n<li>Selezionare <strong>Opzioni<\/strong><\/li>\n<li>Seleziona il pannello <strong>Privacy<\/strong><\/li>\n<li>Fare clic su <strong>Mostra Impostazioni Avanzate<\/strong><\/li>\n<li>Nella sezione \u201cPrivacy\u201d fare clic su bottone \u201c<strong>Impostazioni contenuti<\/strong>\u201c<\/li>\n<li>Nella sezione \u201c<strong>Tracciamento<\/strong>\u201d \u00e8 possibile modificare le seguenti impostazioni relative ai cookie:\n<ul>\n<li>Richiedi ai siti di non effettuare alcun tracciamento<\/li>\n<li>Comunica ai siti la disponibilit\u00e0 ad essere tracciato<\/li>\n<li>Non comunicare alcuna preferenza relativa al tracciamento dei dati personali<\/li>\n<\/ul>\n<\/li>\n<li>Dalla sezione \u201c<strong>Cronologia<\/strong>\u201d \u00e8 possibile:\n<ul>\n<li>Abilitando \u201cUtilizza impostazioni personalizzate\u201d selezionare di accettare i cookie di terze parti (sempre, dai siti pi\u00f9 visitato o mai) e di conservarli per un periodo determinato (fino alla loro scadenza, alla chiusura di Firefox o di chiedere ogni volta)<\/li>\n<li>Rimuovere i singoli cookie immagazzinati<\/li>\n<\/ul>\n<\/li>\n<\/ol>\n<p>Per maggiori informazioni visita la <a href=\"https:\/\/support.mozilla.org\/en-US\/kb\/enable-and-disable-cookies-website-preferences\" target=\"_blank\" rel=\"nofollow\">pagina dedicata<\/a>.<\/p>\n<h3>Internet Explorer<\/h3>\n<ol>\n<li>Eseguire il Browser Internet Explorer<\/li>\n<li>Fare click sul pulsante <strong>Strumenti<\/strong> e scegliere <strong>Opzioni Internet<\/strong><\/li>\n<li>Fare click sulla scheda <strong>Privacy<\/strong> e nella sezione Impostazioni modificare il dispositivo di scorrimento in funzione dell\u2019azione desiderata per i cookie:\n<ul>\n<li>Bloccare tutti i cookie<\/li>\n<li>Consentire tutti i cookie<\/li>\n<li>Selezione dei siti da cui ottenere cookie: spostare il cursore in una posizione intermedia in modo da non bloccare o consentire tutti i cookie, premere quindi su Siti, nella casella Indirizzo Sito Web inserire un sito internet e quindi premere su Blocca o Consenti<\/li>\n<\/ul>\n<\/li>\n<\/ol>\n<p>Per maggiori informazioni visita la <a href=\"http:\/\/windows.microsoft.com\/it-it\/windows-vista\/block-or-allow-cookies\" target=\"_blank\" rel=\"nofollow\">pagina dedicata<\/a>.<\/p>\n<h3>Safari 6<\/h3>\n<ol>\n<li>Eseguire il Browser Safari<\/li>\n<li>Fare click su <strong>Safari<\/strong>, selezionare <strong>Preferenze<\/strong> e premere su <strong>Privacy<\/strong><\/li>\n<li>Nella sezione <em>Blocca Cookie<\/em> specificare come Safari deve accettare i cookie dai siti internet.<\/li>\n<li>Per visionare quali siti hanno immagazzinato i cookie cliccare su <strong>Dettagli<\/strong><\/li>\n<\/ol>\n<p>Per maggiori informazioni visita la <a href=\"http:\/\/support.apple.com\/kb\/PH17191?viewlocale=it_IT&#038;locale=it_IT\" target=\"_blank\" rel=\"nofollow\">pagina dedicata<\/a>.<\/p>\n<h3>Safari iOS (dispositivi mobile)<\/h3>\n<ol>\n<li>Eseguire il Browser Safari iOS<\/li>\n<li>Tocca su <strong>Impostazioni<\/strong> e poi <strong>Safari<\/strong><\/li>\n<li>Tocca su <strong>Blocca Cookie<\/strong> e scegli tra le varie opzioni: \u201cMai\u201d, \u201cDi terze parti e inserzionisti\u201d o \u201cSempre\u201d<\/li>\n<li>Per cancellare tutti i cookie immagazzinati da Safari, tocca su <strong>Impostazioni<\/strong>, poi su <strong>Safari<\/strong> e infine su <strong>Cancella Cookie e dati<\/strong><\/li>\n<\/ol>\n<p>Per maggiori informazioni visita la <a href=\"http:\/\/support.apple.com\/kb\/HT1677?utm_source=Agillic%20Dialogue\" target=\"_blank\" rel=\"nofollow\">pagina dedicata<\/a>.<\/p>\n<h3>Opera<\/h3>\n<ol>\n<li>Eseguire il Browser Opera<\/li>\n<li>Fare click sul Preferenze poi su Avanzate e infine su Cookie<\/li>\n<li>Selezionare una delle seguenti opzioni:\n<ul>\n<li>Accetta tutti i cookie<\/li>\n<li>Accetta i cookie solo dal sito che si visita: i cookie di terze parti e che vengono inviati da un dominio diverso da quello che si sta visitando verranno rifiutati<\/li>\n<li>Non accettare mai i cookie: tutti i cookie non verranno mai salvati<\/li>\n<\/ul>\n<\/li>\n<\/ol>\n<p>Per maggiori informazioni visita la <a href=\"http:\/\/help.opera.com\/Windows\/10.00\/it\/cookies.html\" target=\"_blank\" rel=\"nofollow\">pagina dedicata<\/a>.<br \/>\n<\/br><br \/>\nQuesta pagina \u00e8 visibile, mediante link in calce in tutte le pagine del Sito ai sensi dell\u2019art. 122 secondo comma del D.lgs. 196\/2003 e a seguito delle modalit\u00e0 semplificate per l\u2019informativa e l\u2019acquisizione del consenso per l\u2019uso dei cookie pubblicata sulla Gazzetta Ufficiale n.126 del 3 giugno 2014 e relativo registro dei provvedimenti n.229 dell\u20198 maggio 2014.<\/p>\n<\/div> <\/li><\/ul><\/div>","protected":false},"excerpt":{"rendered":"<p>Responsabile della Protezione dei Dati: Dr Paolo Di Franco C\/O Skema In. Sanitarie SRL- Casa di Cura \u201cRegina Pacis\u201d Via P.pe Lanza di Scalea, 3\/5, 93017 San Cataldo Tel. +39 0934 515201 rpd@casadicurareginapacis.com Informativa PrivacyUso dei Cookies INFORMATIVA RELATIVA AL TRATTAMENTO DEI DATI PERSONALI EFFETTUATO PER IL SERVIZIO DI PRENOTAZIONE DELLE PRESTAZIONI SANITARIE Skema In. [&hellip;]<\/p>\n","protected":false},"author":1,"featured_media":0,"parent":0,"menu_order":0,"comment_status":"closed","ping_status":"closed","template":"","meta":[],"_links":{"self":[{"href":"https:\/\/casadicurareginapacis.com\/en\/wp-json\/wp\/v2\/pages\/5280\/"}],"collection":[{"href":"https:\/\/casadicurareginapacis.com\/en\/wp-json\/wp\/v2\/pages\/"}],"about":[{"href":"https:\/\/casadicurareginapacis.com\/en\/wp-json\/wp\/v2\/types\/page\/"}],"author":[{"embeddable":true,"href":"https:\/\/casadicurareginapacis.com\/en\/wp-json\/wp\/v2\/users\/1\/"}],"replies":[{"embeddable":true,"href":"https:\/\/casadicurareginapacis.com\/en\/wp-json\/wp\/v2\/comments\/?post=5280"}],"version-history":[{"count":1,"href":"https:\/\/casadicurareginapacis.com\/en\/wp-json\/wp\/v2\/pages\/5280\/revisions\/"}],"predecessor-version":[{"id":44445,"href":"https:\/\/casadicurareginapacis.com\/en\/wp-json\/wp\/v2\/pages\/5280\/revisions\/44445\/"}],"wp:attachment":[{"href":"https:\/\/casadicurareginapacis.com\/en\/wp-json\/wp\/v2\/media\/?parent=5280"}],"curies":[{"name":"wp","href":"https:\/\/api.w.org\/{rel}","templated":true}]}}