{"id":5665,"date":"2018-06-21T03:32:05","date_gmt":"2018-06-21T01:32:05","guid":{"rendered":"https:\/\/casadicurareginapacis.com\/universita\/"},"modified":"2024-01-12T12:28:59","modified_gmt":"2024-01-12T10:28:59","slug":"universita","status":"publish","type":"page","link":"https:\/\/casadicurareginapacis.com\/en\/universita\/","title":{"rendered":"Universit\u00e0"},"content":{"rendered":"<p><img loading=\"lazy\" class=\"size-medium wp-image-3633 alignleft\" src=\"https:\/\/casadicurareginapacis.com\/wp-content\/uploads\/2018\/04\/student-studying-in-library-860x420.jpeg\" alt=\"\" width=\"300\" height=\"147\" srcset=\"https:\/\/casadicurareginapacis.com\/wp-content\/uploads\/2018\/04\/student-studying-in-library-860x420.jpeg 860w, https:\/\/casadicurareginapacis.com\/wp-content\/uploads\/2018\/04\/student-studying-in-library-860x420-300x147.jpeg 300w, https:\/\/casadicurareginapacis.com\/wp-content\/uploads\/2018\/04\/student-studying-in-library-860x420-768x375.jpeg 768w\" sizes=\"(max-width: 300px) 100vw, 300px\" \/><\/p>\n<h3><strong><em><span style=\"color: #0000ff;\"><br \/>\nUniSkema<\/span><\/em><\/strong><\/h3>\n<p>Organizzazione di corsi di formazione nei seguenti campi di interesse:<br \/>\n&#8211; sanitario<br \/>\n&#8211; gestionale<\/p>\n<h3><\/h3>\n<p>&nbsp;<\/p>\n<h3>&nbsp;<a href=\"http:\/\/www.unict.it\/\" target=\"_blank\" rel=\"noopener\"><img loading=\"lazy\" class=\" wp-image-2078 alignleft\" src=\"https:\/\/casadicurareginapacis.com\/wp-content\/uploads\/2017\/07\/CT.jpg\" alt=\"\" width=\"156\" height=\"156\" srcset=\"https:\/\/casadicurareginapacis.com\/wp-content\/uploads\/2017\/07\/CT.jpg 224w, https:\/\/casadicurareginapacis.com\/wp-content\/uploads\/2017\/07\/CT-150x150.jpg 150w\" sizes=\"(max-width: 156px) 100vw, 156px\" \/><\/a><\/h3>\n<h3><a href=\"http:\/\/www.unict.it\/\" target=\"_blank\" rel=\"noopener\"><em>Universit\u00e0 di Catania<\/em><\/a><\/h3>\n<p>work in progress<\/p>\n<p>&nbsp;<\/p>\n<h3><\/h3>\n<p>&nbsp;<\/p>\n<p><a href=\"http:\/\/www.en.ugal.ro\/\" target=\"_blank\" rel=\"noopener\"><img loading=\"lazy\" class=\"wp-image-2079 alignleft\" src=\"https:\/\/casadicurareginapacis.com\/wp-content\/uploads\/2017\/07\/Galati.png\" alt=\"\" width=\"153\" height=\"153\" srcset=\"https:\/\/casadicurareginapacis.com\/wp-content\/uploads\/2017\/07\/Galati.png 240w, https:\/\/casadicurareginapacis.com\/wp-content\/uploads\/2017\/07\/Galati-150x150.png 150w\" sizes=\"(max-width: 153px) 100vw, 153px\" \/><\/a><\/p>\n<h3><a href=\"http:\/\/www.en.ugal.ro\/\" target=\"_blank\" rel=\"noopener\"><em>Universit\u00e0 \u201cDunarea de Jos\u201d<\/em><\/a><\/h3>\n<p>L\u2019Universit\u00e0 \u201cDunarea de Jos\u201d di Galati (Romania) ha stretto una convenzione con la Casa di Cura \u201cRegina Pacis\u201d per il tirocinio per gli studenti del primo e secondo anno sia di Medicina che di altre professioni sanitarie.<\/p>\n<p>La scommessa italiana dello studio di medicina in lingua romena nel cuore della Sicilia avviata dal <a href=\"http:\/\/fondoproserpina.com\/\">Fondo Proserpina Srl<\/a> (che cura la logistica dei corsi) di cui amministratore unico \u00e8 Mirello Crisafulli, tre anni fa, diventa una realt\u00e0 sempre pi\u00f9 accreditata a livello siciliano ed una risorsa per il territorio stesso.<\/p>\n","protected":false},"excerpt":{"rendered":"<p>UniSkema Organizzazione di corsi di formazione nei seguenti campi di interesse: &#8211; sanitario &#8211; gestionale &nbsp; &nbsp; Universit\u00e0 di Catania work in progress &nbsp; &nbsp; Universit\u00e0 \u201cDunarea de Jos\u201d L\u2019Universit\u00e0 \u201cDunarea de Jos\u201d di Galati (Romania) ha stretto una convenzione con la Casa di Cura \u201cRegina Pacis\u201d per il tirocinio per gli studenti del primo [&hellip;]<\/p>\n","protected":false},"author":1,"featured_media":0,"parent":0,"menu_order":0,"comment_status":"closed","ping_status":"closed","template":"","meta":[],"_links":{"self":[{"href":"https:\/\/casadicurareginapacis.com\/en\/wp-json\/wp\/v2\/pages\/5665\/"}],"collection":[{"href":"https:\/\/casadicurareginapacis.com\/en\/wp-json\/wp\/v2\/pages\/"}],"about":[{"href":"https:\/\/casadicurareginapacis.com\/en\/wp-json\/wp\/v2\/types\/page\/"}],"author":[{"embeddable":true,"href":"https:\/\/casadicurareginapacis.com\/en\/wp-json\/wp\/v2\/users\/1\/"}],"replies":[{"embeddable":true,"href":"https:\/\/casadicurareginapacis.com\/en\/wp-json\/wp\/v2\/comments\/?post=5665"}],"version-history":[{"count":3,"href":"https:\/\/casadicurareginapacis.com\/en\/wp-json\/wp\/v2\/pages\/5665\/revisions\/"}],"predecessor-version":[{"id":44547,"href":"https:\/\/casadicurareginapacis.com\/en\/wp-json\/wp\/v2\/pages\/5665\/revisions\/44547\/"}],"wp:attachment":[{"href":"https:\/\/casadicurareginapacis.com\/en\/wp-json\/wp\/v2\/media\/?parent=5665"}],"curies":[{"name":"wp","href":"https:\/\/api.w.org\/{rel}","templated":true}]}}