{"id":5674,"date":"2018-06-21T03:45:30","date_gmt":"2018-06-21T01:45:30","guid":{"rendered":"https:\/\/casadicurareginapacis.com\/prenotazione\/"},"modified":"2024-01-12T12:17:55","modified_gmt":"2024-01-12T10:17:55","slug":"prenotazione","status":"publish","type":"page","link":"https:\/\/casadicurareginapacis.com\/en\/prenotazione\/","title":{"rendered":"Prenotazione"},"content":{"rendered":"<div class=\"ui--title ui--animation ui--title-bordered text-left\"><div class=\"ui--title-holder\"><h1 class=\"ui--title-text\">PRENOTAZIONE<\/h1><div class=\"ui--title-borders ui--title-border-left\"><\/div><div class=\"ui--title-borders ui--title-border-right\"><\/div><\/div><\/div><div class=\"auto-format ui--animation\"><p>I Pazienti possono prenotare il ricovero o altre prestazioni sanitarie la mattina recandosi all\u2019ufficio prenotazioni o telefonando al numero: 0934-515201.<br \/>\nE&#8217;, inoltre, possibile la richiesta di PRENOTAZIONE ON-LINE cliccando sul pulsante <PRENOTA ON-LINE>:<\/p>\n<\/div><div class=\"text-center ui--animation ui--button-wrapper\" style=\"\"><div class=\"ui--inline-block\"><a class=\"btn btn-normal btn-icon-left btn-green\" href=\"https:\/\/casadicurareginapacis.com\/prenota\/\">BOOKING ON-LINE<\/a> <div class=\"ui--shadow ui--shadow-type-2 ui--shadow-abs clearfix\"><img src=\"https:\/\/casadicurareginapacis.com\/wp-content\/themes\/envision\/includes\/modules\/module.shadow\/shadows\/shadow-2.png\" alt=\"shadow\" \/><\/div><\/div><\/div><div class=\"auto-format ui--animation\"><p>Il servizio di prenotazione <strong>TELEFONICA<\/strong> \u00e8 attivo:<\/p>\n<p>dal luned\u00ec al venerd\u00ec: 10.30 &#8211; 12.30 e 15.30 &#8211; 18.00<br \/>\nsabato: 10.30 &#8211; 12.30  <\/p>\n<p>Il servizio di accettazione \u00e8 attivo:<\/p>\n<p>dal luned\u00ec al venerd\u00ec: 07.00 &#8211; 13.00 e 15.30 &#8211; 18.00<br \/>\nsabato: 07.00 &#8211; 13.00<\/p>\n<p>Tramite <strong>fax<\/strong>:<br \/>\na qualunque ora al numero 0934572434 <\/p>\n<p>Per effettuare la registrazione, il Paziente deve presentarsi allo sportello accettazione ubicato al piano terra con tutta la documentazione utile per la registrazione:<br \/>\n&#8211; impegnativa del medico curante<br \/>\n&#8211; documento d\u2019identit\u00e0<br \/>\n&#8211; codice fiscale o tesserino sanitario<\/p>\n<p>Altre informazioni utili sono all&#8217;interno della <a href=\"https:\/\/casadicurareginapacis.com\/wp-content\/uploads\/2015\/09\/Carta-dei-Servizi.pdf\">Carta dei Servizi<\/a>.<\/p>\n<\/div><div  class=\"ui--space clearfix\" data-responsive=\"{&quot;css&quot;:{&quot;height&quot;:{&quot;phone&quot;:null,&quot;tablet&quot;:null,&quot;widescreen&quot;:null}}}\"><\/div><a class=\"btn btn-normal btn-icon-left btn-primary ui--animation\" href=\"https:\/\/casadicurareginapacis.com\/wp-content\/uploads\/2018\/03\/international-patients.pdf\" style=\"\">International Patient<\/a> ","protected":false},"excerpt":{"rendered":"<p>PRENOTAZIONEI Pazienti possono prenotare il ricovero o altre prestazioni sanitarie la mattina recandosi all\u2019ufficio prenotazioni o telefonando al numero: 0934-515201. E&#8217;, inoltre, possibile la richiesta di PRENOTAZIONE ON-LINE cliccando sul pulsante : BOOKING ON-LINE Il servizio di prenotazione TELEFONICA \u00e8 attivo: dal luned\u00ec al venerd\u00ec: 10.30 &#8211; 12.30 e 15.30 &#8211; 18.00 sabato: 10.30 &#8211; [&hellip;]<\/p>\n","protected":false},"author":1,"featured_media":0,"parent":0,"menu_order":0,"comment_status":"closed","ping_status":"closed","template":"","meta":[],"_links":{"self":[{"href":"https:\/\/casadicurareginapacis.com\/en\/wp-json\/wp\/v2\/pages\/5674\/"}],"collection":[{"href":"https:\/\/casadicurareginapacis.com\/en\/wp-json\/wp\/v2\/pages\/"}],"about":[{"href":"https:\/\/casadicurareginapacis.com\/en\/wp-json\/wp\/v2\/types\/page\/"}],"author":[{"embeddable":true,"href":"https:\/\/casadicurareginapacis.com\/en\/wp-json\/wp\/v2\/users\/1\/"}],"replies":[{"embeddable":true,"href":"https:\/\/casadicurareginapacis.com\/en\/wp-json\/wp\/v2\/comments\/?post=5674"}],"version-history":[{"count":1,"href":"https:\/\/casadicurareginapacis.com\/en\/wp-json\/wp\/v2\/pages\/5674\/revisions\/"}],"predecessor-version":[{"id":44412,"href":"https:\/\/casadicurareginapacis.com\/en\/wp-json\/wp\/v2\/pages\/5674\/revisions\/44412\/"}],"wp:attachment":[{"href":"https:\/\/casadicurareginapacis.com\/en\/wp-json\/wp\/v2\/media\/?parent=5674"}],"curies":[{"name":"wp","href":"https:\/\/api.w.org\/{rel}","templated":true}]}}