{"id":5743,"date":"2018-06-21T15:13:03","date_gmt":"2018-06-21T13:13:03","guid":{"rendered":"https:\/\/casadicurareginapacis.com\/prevenzione-uomo-360\/"},"modified":"2024-01-12T12:20:16","modified_gmt":"2024-01-12T10:20:16","slug":"prevenzione-uomo-360","status":"publish","type":"page","link":"https:\/\/casadicurareginapacis.com\/en\/prevenzione-uomo-360\/","title":{"rendered":"Prevenzione Uomo 360\u00b0 (<50 Anni)"},"content":{"rendered":"<div class=\"auto-format ui--animation\"><p><strong>A CHI \u00c8 RIVOLTO?<\/strong><\/p>\n<p>Agli uomini di et\u00e0 inferiore ai 50 anni che intendono tenere sotto controllo il proprio stato di salute e migliorare il proprio stile di vita.<\/p>\n<p><strong>PERCH\u00c9 FARE QUESTO PERCORSO?<\/strong><\/p>\n<p>Un check-up completo consente di valutare, in un unico momento, lo stato di salute sia a scopo preventivo, sia per monitorare eventuali patologie gi\u00e0 note.<br \/>\nIl paziente sar\u00e0 accolto da un medico che lo visiter\u00e0 e guider\u00e0 l\u2019intero percorso, definendo un programma personalizzato di approfondimenti diagnostici. Lo specialista comunicher\u00e0 poi i risultati e fornir\u00e0 al paziente tutte le informazioni indispensabili per aiutarlo a tracciare il quadro della propria salute. <\/p>\n<p><strong>IN COSA CONSISTE?<\/strong><\/p>\n<p><em>Esami strumentali:<\/em><\/p>\n<p>\u2022 Esami del sangue*: con un semplice prelievo venoso \u00e8 possibile verificare i valori dei principali componenti ematici in grado di fornire importanti informazioni sul funzionamento dell\u2019organismo.<br \/>\n\u2022 Ecografia addome completo: mediante una sonda a ultrasuoni l\u2019operatore visualizza gli organi e i principali vasi sanguigni che si trovano nell\u2019addome.<br \/>\n\u2022 Ecocardiogramma color doppler.<br \/>\n\u2022 Elettrocardiogramma: mediante un elettrocardiografo collegato al paziente per mezzo di fili elettrici e speciali piastrine applicate sul petto, \u00e8 possibile tracciare l\u2019attivit\u00e0 elettrica del cuore.<\/p>\n<p><em>Visite specialistiche:<\/em><\/p>\n<p>\u2022 visita specialistica cardiologica<\/p>\n<p><strong>Approfondimenti aggiuntivi:<\/strong><\/p>\n<p>\u2022 Test da sforzo al cicloergometro od al tapis roulant<br \/>\n\u2022 Ecografia della tiroide<br \/>\n\u2022 Mappatura computerizzata dei nevi<br \/>\n\u2022 RX Torace &#8211; due proiezioni<br \/>\n\u2022 Spirometria<br \/>\n\u2022 Visita cardiologica<br \/>\n\u2022 Visita chirurgica<br \/>\n\u2022 Visita oculistica<br \/>\n\u2022 Visita otorinolaringoiatra<br \/>\n\u2022 Visita urologica<br \/>\n\u2022 Valutazione dietologica <\/p>\n<p>(*) Acido urico, Alanina Aminotransferasi GPT, Anticorpi Anti HCV, Antigene Australia, Aspartato Aminotransferasi GOT, Colesterolo Totale, Creatinina, Emocromocitometrico + Piastrine, Esame Urine Complete, Gammaglutamiltranspeptidasi, Glucosio, Ormone Tireostimolante-tireotropina, Tempo di Protombina, Tempo di Tromboplastina Parziale, Trigliceridi.<\/p>\n<\/div>","protected":false},"excerpt":{"rendered":"<p>A CHI \u00c8 RIVOLTO? Agli uomini di et\u00e0 inferiore ai 50 anni che intendono tenere sotto controllo il proprio stato di salute e migliorare il proprio stile di vita. PERCH\u00c9 FARE QUESTO PERCORSO? Un check-up completo consente di valutare, in un unico momento, lo stato di salute sia a scopo preventivo, sia per monitorare eventuali [&hellip;]<\/p>\n","protected":false},"author":1,"featured_media":0,"parent":0,"menu_order":0,"comment_status":"closed","ping_status":"closed","template":"","meta":[],"_links":{"self":[{"href":"https:\/\/casadicurareginapacis.com\/en\/wp-json\/wp\/v2\/pages\/5743\/"}],"collection":[{"href":"https:\/\/casadicurareginapacis.com\/en\/wp-json\/wp\/v2\/pages\/"}],"about":[{"href":"https:\/\/casadicurareginapacis.com\/en\/wp-json\/wp\/v2\/types\/page\/"}],"author":[{"embeddable":true,"href":"https:\/\/casadicurareginapacis.com\/en\/wp-json\/wp\/v2\/users\/1\/"}],"replies":[{"embeddable":true,"href":"https:\/\/casadicurareginapacis.com\/en\/wp-json\/wp\/v2\/comments\/?post=5743"}],"version-history":[{"count":1,"href":"https:\/\/casadicurareginapacis.com\/en\/wp-json\/wp\/v2\/pages\/5743\/revisions\/"}],"predecessor-version":[{"id":44418,"href":"https:\/\/casadicurareginapacis.com\/en\/wp-json\/wp\/v2\/pages\/5743\/revisions\/44418\/"}],"wp:attachment":[{"href":"https:\/\/casadicurareginapacis.com\/en\/wp-json\/wp\/v2\/media\/?parent=5743"}],"curies":[{"name":"wp","href":"https:\/\/api.w.org\/{rel}","templated":true}]}}