{"id":5744,"date":"2018-06-21T15:13:39","date_gmt":"2018-06-21T13:13:39","guid":{"rendered":"https:\/\/casadicurareginapacis.com\/prevenzione-uomo-360-50-anni\/"},"modified":"2024-01-12T12:20:35","modified_gmt":"2024-01-12T10:20:35","slug":"prevenzione-uomo-360-50-anni","status":"publish","type":"page","link":"https:\/\/casadicurareginapacis.com\/en\/prevenzione-uomo-360-50-anni\/","title":{"rendered":"Prevenzione Uomo 360\u00b0 (>50 Anni)"},"content":{"rendered":"<div class=\"auto-format ui--animation\"><p><strong>A CHI \u00c8 RIVOLTO?<\/strong><\/p>\n<p>Agli uomini di et\u00e0 superiore ai 50 anni che intendono tenere sotto controllo il proprio stato di salute e migliorare il proprio stile di vita.<\/p>\n<p><strong>PERCH\u00c9 FARE QUESTO PERCORSO<\/strong><\/p>\n<p>Un check-up \u00e8 il modo migliore per prendersi cura di s\u00e9, per prevenire eventuali malattie o tenerle sotto controllo. Il check-up consente di valutare lo stato di salute sia a scopo preventivo, sia per monitorare eventuali patologie gi\u00e0 note.<br \/>\nIl paziente sar\u00e0 accolto da un medico che lo visiter\u00e0 e guider\u00e0 l\u2019intero percorso, definendo un programma personalizzato di approfondimenti diagnostici. Lo specialista comunicher\u00e0 poi i risultati e fornir\u00e0 al paziente tutte le informazioni indispensabili per aiutarlo a tracciare il quadro della propria salute. <\/p>\n<p><strong>IN COSA CONSISTE?<\/strong><\/p>\n<p><em>Esami strumentali:<\/em><\/p>\n<p>\u2022 Esami del sangue*:  con un semplice prelievo venoso \u00e8 possibile verificare i valori dei principali componenti ematici in grado di fornire importanti informazioni sul funzionamento dell\u2019organismo.<br \/>\n\u2022 Ecografia addome<br \/>\n\u2022 Elettrocardiogramma: \u00e8 possibile tracciare l\u2019attivit\u00e0 elettrica del cuore.<br \/>\n\u2022 Ecocolor doppler tronchi sovraortici: mediante ultrasuoni si studiano la morfologia e i flussi delle principali arterie di afflusso cerebrale.<br \/>\n\u2022 Ecocolordoppler grafia cardiaca<br \/>\n\u2022 RX torace: mediante la proiezione di raggi x \u00e8 possibile ottenere immagini del torace, sia dello scheletro sia dei tessuti molli.<br \/>\n\u2022 Ecocardiogramma<\/p>\n<p><em>Visite specialistiche:<\/em><\/p>\n<p>\u2022 visita specialistica cardiologica<br \/>\n\u2022 visita specialistica urologica<\/p>\n<p><strong>Approfondimenti aggiuntivi:<\/strong><\/p>\n<p>\u2022 Ecografia della tiroide<br \/>\n\u2022 Prova da sforzo<br \/>\n\u2022 Mappatura computerizzata dei nevi<br \/>\n\u2022 Spirometria<br \/>\n\u2022 Visita chirurgica<br \/>\n\u2022 Visita oculistica<br \/>\n\u2022 Visita otorinolaringoiatra<br \/>\n\u2022 Valutazione dietologica <\/p>\n<p>(*) Acido urico, Alanina Aminotransferasi GPT, Anticorpi Anti HCV, Antigene Australia, Aspartato Aminotransferasi GOT, Colesterolo Totale, Creatinina, Emocromocitometrico + Piastrine, Esame Urine Complete, Gammaglutamiltranspeptidasi, Glucosio, Ormone Tireostimolante-tireotropina, Tempo di Protombina, Tempo di Tromboplastina Parziale, Trigliceridi.<\/p>\n<\/div>","protected":false},"excerpt":{"rendered":"<p>A CHI \u00c8 RIVOLTO? Agli uomini di et\u00e0 superiore ai 50 anni che intendono tenere sotto controllo il proprio stato di salute e migliorare il proprio stile di vita. PERCH\u00c9 FARE QUESTO PERCORSO Un check-up \u00e8 il modo migliore per prendersi cura di s\u00e9, per prevenire eventuali malattie o tenerle sotto controllo. Il check-up consente [&hellip;]<\/p>\n","protected":false},"author":1,"featured_media":0,"parent":0,"menu_order":0,"comment_status":"closed","ping_status":"closed","template":"","meta":[],"_links":{"self":[{"href":"https:\/\/casadicurareginapacis.com\/en\/wp-json\/wp\/v2\/pages\/5744\/"}],"collection":[{"href":"https:\/\/casadicurareginapacis.com\/en\/wp-json\/wp\/v2\/pages\/"}],"about":[{"href":"https:\/\/casadicurareginapacis.com\/en\/wp-json\/wp\/v2\/types\/page\/"}],"author":[{"embeddable":true,"href":"https:\/\/casadicurareginapacis.com\/en\/wp-json\/wp\/v2\/users\/1\/"}],"replies":[{"embeddable":true,"href":"https:\/\/casadicurareginapacis.com\/en\/wp-json\/wp\/v2\/comments\/?post=5744"}],"version-history":[{"count":1,"href":"https:\/\/casadicurareginapacis.com\/en\/wp-json\/wp\/v2\/pages\/5744\/revisions\/"}],"predecessor-version":[{"id":44419,"href":"https:\/\/casadicurareginapacis.com\/en\/wp-json\/wp\/v2\/pages\/5744\/revisions\/44419\/"}],"wp:attachment":[{"href":"https:\/\/casadicurareginapacis.com\/en\/wp-json\/wp\/v2\/media\/?parent=5744"}],"curies":[{"name":"wp","href":"https:\/\/api.w.org\/{rel}","templated":true}]}}