{"id":5745,"date":"2018-06-21T15:14:24","date_gmt":"2018-06-21T13:14:24","guid":{"rendered":"https:\/\/casadicurareginapacis.com\/prevenzione-urologica-controllati\/"},"modified":"2024-01-12T12:25:58","modified_gmt":"2024-01-12T10:25:58","slug":"prevenzione-urologica-controllati","status":"publish","type":"page","link":"https:\/\/casadicurareginapacis.com\/en\/prevenzione-urologica-controllati\/","title":{"rendered":"Prevenzione Urologica: \u201cControllati!\u201d"},"content":{"rendered":"<div class=\"ui--image-wrap clearfix alignright ui--animation text-center ui--block\"><div class=\"ui--image-inline-block\"><img  id=\"ui--image-1\" class=\"ui--image\" src=\"https:\/\/casadicurareginapacis.com\/wp-content\/uploads\/2017\/04\/controllati.jpg\" alt=\"controllati\" title=\"controllati\" data-at2x=\"\"\/><div class=\"ui--shadow ui--shadow-type-1 ui--shadow-abs clearfix\"><img src=\"https:\/\/casadicurareginapacis.com\/wp-content\/themes\/envision\/includes\/modules\/module.shadow\/shadows\/shadow-1.png\" alt=\"shadow\" \/><\/div><\/div><\/div><div class=\"auto-format ui--animation\"><p>A giugno, parte il mese della prevenzione maschile con la Campagna  \u201cControllati.it\u201d. Promotori della campagna sono la SIU, Societ\u00e0 Italiana di Urologia, con il supporto incondizionato dell\u2019Azienda Farmaceutica Menarini. Obiettivo della campagna: abbattere le reticenze degli uomini, sempre pi\u00f9 refrattari a visite di prevenzioni urologiche. Sono circa 200 i centri urologici, pubblici e privati, predisposti per visite e consulti totalmente gratuiti. \u00c8 possibile prenotare la visita on-line attraverso il sito web dedicato controllati.it oppure tramite il numero verde (800.822.822).<br \/>\nIn Italia sono ancora 9 milioni gli uomini che resistono alla visita urologica incorrendo in patologie, che se individuate per tempo, potrebbero essere curate. Sono 6 le patologie nemiche degli uomini: prostatite, iperplasia prostatica benigna, tumore della prostata, calcolosi, infertilit\u00e0 e \u2013 non per ultime \u2013 le disfunzioni sessuali come disfunzione erettile ed eiaculazione precoce che associate a stili di vita poco sani (alcool, fumo, sedentariet\u00e0, alimentazione scorretta), incidono in modo importante sulla qualit\u00e0 di vita del maschio.<\/p>\n<p>\u201cL\u2019uomo non fa prevenzione, ce lo dicono in numeri\u201d- sottolinea Vincenzo Mirone, Responsabile UOC di Urologia e centro di Litotrissia Urinaria Azienda Ospedaliera Universitaria Federico II e  Segretario Generale della Societ\u00e0 Italiana di Urologia-  \u201csolo il 10- 20% degli uomini si \u00e8 sottoposto nella vita ad una visita di prevenzione, contro oltre il 50-60% delle donne di pari et\u00e0. Inoltre, 9 maschi su 10 si sottopongono a visita medica solo se affetti da patologie gravi e sono estremamente reticenti a parlare delle proprie problematiche con uno specialista. Eppure gli uomini si ammalano di pi\u00f9 e spesso in maniera pi\u00f9 grave rispetto alle proprie compagne. Un\u2019adeguata prevenzione, specie in ambito urologico, effettuata in et\u00e0 giovanile, adulta ed avanzata, riduce significativamente la frequenza delle patologie tumorali (della prostata, del rene, della vescica e del testicolo), consentendone inoltre una diagnosi precoce ed un tempestivo trattamento, e delle patologie benigne (calcolosi urinaria, iperplasia benigna della prostata e prostatiti, infertilit\u00e0 maschile e disfunzioni sessuali) che possono per\u00f2 determinare, se trascurate,  una riduzione della qualit\u00e0 della vita ed un danno per la salute sessuale e riproduttiva.\u201d  <\/p>\n<\/div>","protected":false},"excerpt":{"rendered":"<p>A giugno, parte il mese della prevenzione maschile con la Campagna \u201cControllati.it\u201d. Promotori della campagna sono la SIU, Societ\u00e0 Italiana di Urologia, con il supporto incondizionato dell\u2019Azienda Farmaceutica Menarini. Obiettivo della campagna: abbattere le reticenze degli uomini, sempre pi\u00f9 refrattari a visite di prevenzioni urologiche. Sono circa 200 i centri urologici, pubblici e privati, predisposti [&hellip;]<\/p>\n","protected":false},"author":1,"featured_media":0,"parent":0,"menu_order":0,"comment_status":"closed","ping_status":"closed","template":"","meta":[],"_links":{"self":[{"href":"https:\/\/casadicurareginapacis.com\/en\/wp-json\/wp\/v2\/pages\/5745\/"}],"collection":[{"href":"https:\/\/casadicurareginapacis.com\/en\/wp-json\/wp\/v2\/pages\/"}],"about":[{"href":"https:\/\/casadicurareginapacis.com\/en\/wp-json\/wp\/v2\/types\/page\/"}],"author":[{"embeddable":true,"href":"https:\/\/casadicurareginapacis.com\/en\/wp-json\/wp\/v2\/users\/1\/"}],"replies":[{"embeddable":true,"href":"https:\/\/casadicurareginapacis.com\/en\/wp-json\/wp\/v2\/comments\/?post=5745"}],"version-history":[{"count":1,"href":"https:\/\/casadicurareginapacis.com\/en\/wp-json\/wp\/v2\/pages\/5745\/revisions\/"}],"predecessor-version":[{"id":44420,"href":"https:\/\/casadicurareginapacis.com\/en\/wp-json\/wp\/v2\/pages\/5745\/revisions\/44420\/"}],"wp:attachment":[{"href":"https:\/\/casadicurareginapacis.com\/en\/wp-json\/wp\/v2\/media\/?parent=5745"}],"curies":[{"name":"wp","href":"https:\/\/api.w.org\/{rel}","templated":true}]}}