{"id":5761,"date":"2018-06-21T15:37:01","date_gmt":"2018-06-21T13:37:01","guid":{"rendered":"https:\/\/casadicurareginapacis.com\/access-to-recovery\/"},"modified":"2024-01-12T11:38:56","modified_gmt":"2024-01-12T09:38:56","slug":"access-to-recovery","status":"publish","type":"page","link":"https:\/\/casadicurareginapacis.com\/en\/access-to-recovery\/","title":{"rendered":"Access to Recovery"},"content":{"rendered":"<div  class=\"fullwidth-content ui--section clearfix\"><div  class=\"ui--section-content\"><div class=\"container\"><div class=\"ui--title ui--animation ui--title-bordered text-left\"><div class=\"ui--title-holder\"><h1 class=\"ui--title-text\">ACCESS TO THE RECOVERY<\/h1><div class=\"ui--title-borders ui--title-border-left\"><\/div><div class=\"ui--title-borders ui--title-border-right\"><\/div><\/div><\/div><div class=\"ui-row row\">\n <div   class=\"ui-column span8\"><div class=\"auto-format ui--animation\"><p>\u00c8 possibile accedere al ricovero chirurgico oppure riabilitativo presso la Casa di Cura \u201cRegina Pacis\u201d secondo le seguenti modalit\u00e0:<\/p>\n<ol>\n<li>Ricovero convenzionato col Sistema Sanitario Nazionale (S.S.N.) per i Pazienti residenti in Sicilia;<\/li>\n<li>Ricovero convenzionato col S.S.N. per i Pazienti residenti fuori Sicilia;<\/li>\n<li>Ricovero completamente privato (con solvenza a totale carico del Paziente);<\/li>\n<li>Ricovero privato tramite Assicurazione o Convenzione.<\/li>\n<p>La chiamata del Paziente \u00e8 sempre in funzione delle relative liste di attesa. Si prega di informare il Personale della tipologia di ricovero scelta durante la prima visita specialistica.<\/p>\n<\/div><\/div> \n\n <div   class=\"ui-column span4\"><div class=\"ui--image-wrap clearfix\"><img  id=\"ui--image-1\" class=\"ui--image ui--animation\" src=\"https:\/\/casadicurareginapacis.com\/wp-content\/uploads\/2015\/11\/RICOVERO.jpg\" alt=\"\" title=\"\" data-at2x=\"\"\/><\/div><\/div> \n\n<\/div> \n<div  class=\"ui--divider ui--animation clearfix ui--divider-solid-line\"><\/div><div  class=\"ui--toggle ui--animation clearfix ui--toggle-state-closed\"><div class=\"ui--toggle-title\"><a href=\"javascript:;\"><span class=\"ui--toggle-icon\"><i class=\"ui--icon show-when-closed fontawesome-plus\"><\/i><i class=\"ui--icon show-when-opened fontawesome-minus\"><\/i><\/span><span class=\"ui--toggle-title-text heading\">PER IL RICOVERO IN CONVENZIONE AL S.S.N.<\/span><\/a><\/div><div class=\"ui--toggle-content\"><div class=\"auto-format ui--animation\"><p>Sono obbligatori i seguenti documenti:<\/p>\n<ul>\n<li>Carta d&#8217;identit\u00e0 valida con Codice fiscale o Tesserino Sanitario;<\/li>\n<li>Richiesta del Medico di base con allegata scheda di accesso. La richiesta vale trenta giorni dalla data di emissione e deve essere correttamente compilata in tutte le sue parti;<\/li>\n<li>Copia della richiesta di ricovero da parte dello Specialista.<\/li>\n<\/ul>\n<\/div><div class=\"ui-row row\">\n <div   class=\"ui-column span4\"><div class=\"ui--image-wrap clearfix text-center ui--block\"><img  id=\"ui--image-2\" class=\"ui--image ui--animation\" src=\"https:\/\/casadicurareginapacis.com\/wp-content\/uploads\/2015\/11\/CI-200x246.jpg\" alt=\"\" title=\"\" data-at2x=\"\" width=\"200\"\/><\/div><\/div> \n\n <div   class=\"ui-column span4\"><div class=\"ui--image-wrap clearfix text-center ui--block\"><img  id=\"ui--image-3\" class=\"ui--image ui--animation\" src=\"https:\/\/casadicurareginapacis.com\/wp-content\/uploads\/2015\/11\/Tessera-Sanitaria-200x130.jpg\" alt=\"\" title=\"\" data-at2x=\"\" width=\"200\"\/><\/div><\/div> \n\n <div   class=\"ui-column span4\"><div class=\"ui--image-wrap clearfix text-center ui--block\"><img  id=\"ui--image-4\" class=\"ui--image ui--animation\" src=\"https:\/\/casadicurareginapacis.com\/wp-content\/uploads\/2015\/11\/RICETTA-200x148.jpg\" alt=\"\" title=\"\" data-at2x=\"\" width=\"200\"\/><\/div><\/div> \n\n<\/div> \n<\/div><\/div><div  class=\"ui--toggle ui--animation clearfix ui--toggle-state-closed\"><div class=\"ui--toggle-title\"><a href=\"javascript:;\"><span class=\"ui--toggle-icon\"><i class=\"ui--icon show-when-closed fontawesome-plus\"><\/i><i class=\"ui--icon show-when-opened fontawesome-minus\"><\/i><\/span><span class=\"ui--toggle-title-text heading\">PER IL RICOVERO PRIVATO (con solvenza a totale carico del Paziente) oppure attraverso  Assicurazioni private \/ Convenzioni<\/span><\/a><\/div><div class=\"ui--toggle-content\"><div class=\"auto-format ui--animation\"><p>Il Paziente pu\u00f2 prenotare il suo ricovero accordandosi direttamente con gli Specialisti della Casa di Cura \u201cRegina Pacis\u201d oppure tramite l&#8217;Uffico Ricoveri Privati chiamando al numero 0934.515215.<\/p>\n<p>Per informazioni pi\u00f9 specifiche in merito ai ricoveri, i Pazienti possono contattare anche telefonicamente il personale dell&#8217;Ufficio Accettazione.<\/p>\n<p>Le convenzioni con fondi assicurativi privati possono essere di tipo diretto per il ricovero, che significa che il Paziente non deve pagare la sua degenza perch\u00e9 \u00e8 a totale carico di queste assicurazioni a condizione che la Casa di Cura abbia aderito a tali convenzioni (salvo eventuali supplementi a carico del Paziente da concordare di volta in volta con l&#8217;assicurazione); oppure di tipo indiretto dove il Paziente dovr\u00e0 saldare personalmente il conto chiedendone poi il rimborso al fondo.<\/p>\n<p>Al momento del ricovero \u00e8 necessario presentare:<\/p>\n<ul>\n<li>Carta d&#8217;identit\u00e0 valida con Codice fiscale o Tesserino Sanitario;<\/li>\n<li>Modulo di prenotazione correttamente compilato.<\/li>\n<\/ul>\n<\/div><\/div><\/div><div  class=\"ui--toggle ui--animation clearfix ui--toggle-state-closed\"><div class=\"ui--toggle-title\"><a href=\"javascript:;\"><span class=\"ui--toggle-icon\"><i class=\"ui--icon show-when-closed fontawesome-plus\"><\/i><i class=\"ui--icon show-when-opened fontawesome-minus\"><\/i><\/span><span class=\"ui--toggle-title-text heading\">RICHIESTE DI PRESTAZIONE SANITARIA DEL PAZIENTE STRANIERO <\/span><\/a><\/div><div class=\"ui--toggle-content\"><div class=\"auto-format ui--animation\"><div>Per i cittadini comunitari, le richieste di prestazioni specialistiche ambulatoriali, ospedaliere e farmaceutiche sono redatte sul ricettario dell&#8217;SSN, contrassegnando la tipologia della ricetta con UE (assistito in possesso della Tessera Europea di Assicurazione e Malattia, TEAM).<br \/>\nNell\u2019ipotesi di cittadino europeo non in regola, le richieste di prestazioni specialistiche ambulatoriali, ospedaliere e farmaceutiche sono redatte sul ricettario dell&#8217;SSN, riportando al posto del codice fiscale il codice ENI (Europeo Non Iscritto) e contrassegnando la tipologia della ricetta con UE.<br \/>\nSe la persona risulta indigente va apposto il codice di esenzione X01, che vale esclusivamente per la prestazione trattata.<\/p>\n<p><strong><u>Norme per gli stranieri richiedenti asilo<\/u><\/strong><br \/>\nPer gli stranieri richiedenti asilo, l&#8217;iscrizione obbligatoria copre anche il periodo dell&#8217;eventuale ricorso contro il diniego del rilascio del permesso di soggiorno, documentato mediante l&#8217;esibizione della ricevuta di presentazione dell&#8217;istanza all&#8217;autorit\u00e0 di polizia. In tal caso, l&#8217;iscrizione \u00e8 rinnovata di volta in volta per un periodo massimo di 30 giorni.<\/p>\n<p><strong><u>Norme per gli stranieri temporaneamente presenti (STP)<\/u><\/strong><br \/>\nLe richieste di prestazioni sanitarie sono redatte sul ricettario del Servizio Sanitario Nazionale (SSN) riportando, in luogo del codice fiscale, il codice STP e in luogo del codice di esenzione, il codice X01, contrassegnando la tipologia della ricetta con ST (straniero STP).<br \/>\nLe prestazioni sono assoggettate alle regole di compartecipazione alla spesa sanitaria tranne i casi previsti per l\u2019esenzione.<br \/>\nI cittadini degli Stati, con i quali l\u2019Italia ha stipulato Accordi internazionali, hanno diritto all\u2019assistenza sanitaria nell\u2019ambito dell&#8217;SSN qualora in possesso dei moduli di autorizzazione rilasciati dal Paese di origine.<br \/>\nLe richieste di prestazioni ambulatoriali, ospedaliere e farmaceutiche sono redatte sul ricettario dell&#8217;SSN. \u00c8 necessario indicare il codice di esenzione E02 e contrassegnare la tipologia della ricetta con EE. Tali cittadini partecipano alla spesa sanitaria e hanno diritto alle stesse forme di esenzione, per invalidit\u00e0, patologia e reddito dei cittadini italiani iscritti all&#8217;SSN.<\/p>\n<p><strong><u>Tessera sanitaria (TS) e Tessera Europea di Assicurazione Malattia (TEAM)<\/u><\/strong><br \/>\n\u00c8 un tesserino plastificato la cui validit\u00e0 \u00e8 fissata in 5 anni, contenente oltre ai dati anagrafici anche quelli riservati alle strutture sanitarie di appartenenza. La parte anteriore (TS) \u00e8 utilizzabile sul territorio nazionale.<br \/>\nLa parte posteriore (TEAM) \u00e8 utilizzabile nei Paesi dell\u2019UE, nella Svizzera, in forza di un apposito accordo con l&#8217;UE, e negli altri Paesi appartenenti allo Spazio Economico Europeo (SEE) quali Islanda, Norvegia e Liechtenstein. La TEAM contiene una banda magnetica con le informazioni anagrafiche dell\u2019assistito (1). \u00c8 presente, altres\u00ec, un codice a barre dal quale si ricava il codice fiscale (2). A destra del codice fiscale si trova la sigla di identificazione dello Stato che rilascia la Tessera (3); per il nostro Paese tale sigla \u00e8 IT secondo il codice ISO 3166-1.<\/p>\n<p><strong><u>Permesso di soggiorno:<\/u><\/strong><br \/>\nIl permesso di soggiorno \u00e8 un tesserino simile alla Tessera sanitaria, con un microchip e una banda a memoria ottica che contengono i dati anagrafici, la fotografia e le impronte del titolare in formato digitale. Costituisce un\u2019autorizzazione amministrativa a permanere sul territorio nazionale.<\/div>\n<\/div><\/div><\/div><div  class=\"ui--toggle ui--animation clearfix ui--toggle-state-closed\"><div class=\"ui--toggle-title\"><a href=\"javascript:;\"><span class=\"ui--toggle-icon\"><i class=\"ui--icon show-when-closed fontawesome-plus\"><\/i><i class=\"ui--icon show-when-opened fontawesome-minus\"><\/i><\/span><span class=\"ui--toggle-title-text heading\">INTERNATIONAL PATIENTS<\/span><\/a><\/div><div class=\"ui--toggle-content\"><div class=\"auto-format ui--animation\"><p>The International Patient Services Department offers services to international patients, including the management of relationships with foreign hospitals and institutions.<br \/>\nFrom the first inquiry until the return home, each patient is followed through all stages of care by a specialized team, and is offered personalized services. The most scrupulous attention is paid to the quality of medical services and to the needs of patients and their families.<\/p>\n<p>The International Patient Services Department offers assistance to international patients before, during and after their stay in San Cataldo (CL), with services that include:<\/p>\n<p>&#8211; Arrangements for transfer to &#8220;Regina Pacis&#8221; Clinic<br \/>\n&#8211; Assistance with residence permit and visa requests<br \/>\n&#8211; Airport pick-up service.Interpreting services<br \/>\n&#8211; Arrangements for accommodations<br \/>\n&#8211; Transportation throughout the city<br \/>\n&#8211; Arrangements for cultural and religious needs<br \/>\n&#8211; Periodic medical and\/or logistical update to embassies<br \/>\n&#8211; Translation into English of medical documents.<\/p>\n<p>The International Patient Services Department also ensures that the continuity of care is maintained by keeping contacts with doctors and hospitals in the home country.<\/p>\n<p>Contact us:<br \/>\ntel:  +39 0934 515201<br \/>\nFax: +39 0934 588748<br \/>\ne-mail: urp@casadicurareginapacis.com<\/p>\n<\/div><div class=\"cloudfw-fatal-error\"><strong>Error<\/strong>: Please insert a correct id when using \"the_content\" shortcode<\/div><\/div><\/div><div  class=\"ui--space clearfix\" data-responsive=\"{&quot;css&quot;:{&quot;height&quot;:{&quot;phone&quot;:null,&quot;tablet&quot;:null,&quot;widescreen&quot;:null}}}\"><\/div><\/div><\/div><\/div><!-- \/.fullwidth-container -->","protected":false},"excerpt":{"rendered":"<p>ACCESS TO THE RECOVERY \u00c8 possibile accedere al ricovero chirurgico oppure riabilitativo presso la Casa di Cura \u201cRegina Pacis\u201d secondo le seguenti modalit\u00e0: Ricovero convenzionato col Sistema Sanitario Nazionale (S.S.N.) per i Pazienti residenti in Sicilia; Ricovero convenzionato col S.S.N. per i Pazienti residenti fuori Sicilia; Ricovero completamente privato (con solvenza a totale carico del [&hellip;]<\/p>\n","protected":false},"author":1,"featured_media":0,"parent":0,"menu_order":0,"comment_status":"closed","ping_status":"closed","template":"","meta":[],"_links":{"self":[{"href":"https:\/\/casadicurareginapacis.com\/en\/wp-json\/wp\/v2\/pages\/5761\/"}],"collection":[{"href":"https:\/\/casadicurareginapacis.com\/en\/wp-json\/wp\/v2\/pages\/"}],"about":[{"href":"https:\/\/casadicurareginapacis.com\/en\/wp-json\/wp\/v2\/types\/page\/"}],"author":[{"embeddable":true,"href":"https:\/\/casadicurareginapacis.com\/en\/wp-json\/wp\/v2\/users\/1\/"}],"replies":[{"embeddable":true,"href":"https:\/\/casadicurareginapacis.com\/en\/wp-json\/wp\/v2\/comments\/?post=5761"}],"version-history":[{"count":1,"href":"https:\/\/casadicurareginapacis.com\/en\/wp-json\/wp\/v2\/pages\/5761\/revisions\/"}],"predecessor-version":[{"id":44339,"href":"https:\/\/casadicurareginapacis.com\/en\/wp-json\/wp\/v2\/pages\/5761\/revisions\/44339\/"}],"wp:attachment":[{"href":"https:\/\/casadicurareginapacis.com\/en\/wp-json\/wp\/v2\/media\/?parent=5761"}],"curies":[{"name":"wp","href":"https:\/\/api.w.org\/{rel}","templated":true}]}}