{"id":5792,"date":"2018-06-21T19:25:53","date_gmt":"2018-06-21T17:25:53","guid":{"rendered":"https:\/\/casadicurareginapacis.com\/uretrocistoscopia\/"},"modified":"2024-01-12T12:28:42","modified_gmt":"2024-01-12T10:28:42","slug":"uretrocistoscopia","status":"publish","type":"page","link":"https:\/\/casadicurareginapacis.com\/en\/uretrocistoscopia\/","title":{"rendered":"Uretrocistoscopia"},"content":{"rendered":"<div class=\"ui--image-wrap clearfix alignright ui--animation text-right ui--block\"><div class=\"ui--image-inline-block\"><img  id=\"ui--image-1\" class=\"ui--image\" src=\"https:\/\/casadicurareginapacis.com\/wp-content\/uploads\/2017\/12\/cistoscopia.jpg\" alt=\"\" title=\"\" data-at2x=\"\"\/><div class=\"ui--shadow ui--shadow-type-1 ui--shadow-abs clearfix\"><img src=\"https:\/\/casadicurareginapacis.com\/wp-content\/themes\/envision\/includes\/modules\/module.shadow\/shadows\/shadow-1.png\" alt=\"shadow\" \/><\/div><\/div><\/div><div class=\"auto-format ui--animation\"><p><strong>CISTOSCOPIA<\/strong><\/p>\n<p>La cistoscopia \u00e8 un esame che permette di visualizzare l&#8217;interno dell&#8217;uretra e della vescica utilizzando uno strumento detto cistoscopio, che viene lentamente inserito attraverso l&#8217;uretra fin nella vescica.<\/p>\n<p><strong>A che cosa serve la cistoscopia?<\/strong><br \/>\nLa cistoscopia viene utilizzata per diagnosticare, monitorare e trattare malattie che colpiscono la vescica e l&#8217;uretra. Pu\u00f2 essere prescritta per risalire alla causa di sintomi a livello delle vie urinarie, nel percorso diagnostico per identificare o escludere la presenza di infiammazioni (cistiti), calcoli alla vescica, tumori alla vescica o iperplasie prostatiche. Inoltre la possibilit\u00e0 di inserire appositi strumenti nel cistoscopio permette di utilizzare la cistoscopia anche per diagnosticare (biopsia) ed eventualmente trattare malattie alla vescica, ad esempio per rimuovere tumori molto piccoli. Pu\u00f2 infine essere usata per la diagnosi di una stenosi (restringimento) dell&#8217;uretra.<\/p>\n<p><strong>Come si svolge la cistoscopia?<\/strong><br \/>\nA seconda dei casi l&#8217;esame pu\u00f2 essere effettuato in ospedale o in ambulatorio e pu\u00f2 richiedere l&#8217;uso di un gel per anestesia locale, una sedazione o un&#8217;anestesia generale. Comunemente una cistoscopia effettuata in ambulatorio dura anche meno di 5 minuti e viene eseguita mediante uno strumento che si chiama &#8220;cistoscopio flessibile&#8221;. Il cistoscopio flessibile \u00e8 uno strumento con un diametro molto piccolo che permette di essere inserito in uretra senza che il paziente percepisca dolore. Quando la cistoscopia richiede una sedazione, pu\u00f2 durare da 10 a 30 minuti.<br \/>\nPrima di iniziare l&#8217;esame \u00e8 necessario svuotare la vescica. Dopo che il paziente si sar\u00e0 sdraiato supino sul lettino, con le ginocchia piegate e i piedi a staffa, il medico applicher\u00e0 il gel anestetizzante o somministrer\u00e0, se previsto, il sedativo o l&#8217;anestetico iniettandolo in vena. Proceder\u00e0 quindi all&#8217;inserimento del cistoscopio, esaminer\u00e0 l&#8217;uretra e la vescica e inietter\u00e0 una soluzione sterile per osservare meglio l&#8217;interno della vescica ed eseguir\u00e0 eventuali biopsie o altre procedure previste nel corso dell&#8217;esame.<\/p>\n<p><strong>Chi pu\u00f2 effettuare cistoscopia?<\/strong><br \/>\nLa cistoscopia \u00e8 controindicata in caso di infezione acuta, stenosi uretrale (in questo caso l&#8217;esame sar\u00e0 limitato all&#8217;uretra) o ipersensibilit\u00e0 al lattice o alla lidocaina.<br \/>\nLa cistoscopia \u00e8 un esame doloroso e\/o pericoloso?<br \/>\nNel caso in cui vengano utilizzati i cistoscopi flessibili di ultima generazione il paziente non avverte dolore. Il dolore associato alla cistoscopia, nel caso in cui esso renda la procedura non tollerabile, viene contrastato con l&#8217;uso di anestetici. L&#8217;esame non \u00e8 pericoloso, ma pu\u00f2 avere effetti collaterali come irritazioni, emorragie, infezioni e dolore addominale o bruciori durante la minzione. In genere questi sintomi sono lievi e sono destinati a scomparire gradualmente.<\/p>\n<p><strong>Sono previste norme di preparazione?<\/strong><br \/>\nIn preparazione a una cistoscopia potrebbe essere necessario assumere degli antibiotici. Meglio inoltre aspettare a svuotare la vescica prima dell&#8217;esame: potrebbe essere richiesto un prelievo per un test delle urine. Nel caso in cui sia prevista un&#8217;anestesia \u00e8 necessario attenersi alle indicazioni fornite dal medico.<\/p>\n<\/div><div  class=\"ui--divider ui--animation clearfix ui--divider-solid-line\"><\/div><a class=\"btn btn-normal btn-icon-left btn-primary ui--animation\" href=\"https:\/\/casadicurareginapacis.com\/prenotazione\/\" target=\"_blank\" style=\"\">Book online<\/a> <a class=\"btn btn-normal btn-icon-left btn-primary ui--animation\" href=\"https:\/\/casadicurareginapacis.com\/urologia\/\" target=\"_blank\" style=\"\">U.O. Urologia<\/a> ","protected":false},"excerpt":{"rendered":"<p>CISTOSCOPIA La cistoscopia \u00e8 un esame che permette di visualizzare l&#8217;interno dell&#8217;uretra e della vescica utilizzando uno strumento detto cistoscopio, che viene lentamente inserito attraverso l&#8217;uretra fin nella vescica. A che cosa serve la cistoscopia? La cistoscopia viene utilizzata per diagnosticare, monitorare e trattare malattie che colpiscono la vescica e l&#8217;uretra. Pu\u00f2 essere prescritta per [&hellip;]<\/p>\n","protected":false},"author":1,"featured_media":0,"parent":0,"menu_order":0,"comment_status":"closed","ping_status":"closed","template":"","meta":[],"_links":{"self":[{"href":"https:\/\/casadicurareginapacis.com\/en\/wp-json\/wp\/v2\/pages\/5792\/"}],"collection":[{"href":"https:\/\/casadicurareginapacis.com\/en\/wp-json\/wp\/v2\/pages\/"}],"about":[{"href":"https:\/\/casadicurareginapacis.com\/en\/wp-json\/wp\/v2\/types\/page\/"}],"author":[{"embeddable":true,"href":"https:\/\/casadicurareginapacis.com\/en\/wp-json\/wp\/v2\/users\/1\/"}],"replies":[{"embeddable":true,"href":"https:\/\/casadicurareginapacis.com\/en\/wp-json\/wp\/v2\/comments\/?post=5792"}],"version-history":[{"count":1,"href":"https:\/\/casadicurareginapacis.com\/en\/wp-json\/wp\/v2\/pages\/5792\/revisions\/"}],"predecessor-version":[{"id":44449,"href":"https:\/\/casadicurareginapacis.com\/en\/wp-json\/wp\/v2\/pages\/5792\/revisions\/44449\/"}],"wp:attachment":[{"href":"https:\/\/casadicurareginapacis.com\/en\/wp-json\/wp\/v2\/media\/?parent=5792"}],"curies":[{"name":"wp","href":"https:\/\/api.w.org\/{rel}","templated":true}]}}