{"id":5794,"date":"2018-06-21T19:29:03","date_gmt":"2018-06-21T17:29:03","guid":{"rendered":"https:\/\/casadicurareginapacis.com\/fertility-and-procreation\/"},"modified":"2024-01-12T11:58:27","modified_gmt":"2024-01-12T09:58:27","slug":"fertility-and-procreation","status":"publish","type":"page","link":"https:\/\/casadicurareginapacis.com\/en\/fertility-and-procreation\/","title":{"rendered":"Fertility and Procreation"},"content":{"rendered":"<div class=\"ui--image-wrap clearfix alignleft ui--animation text-left ui--block\"><div class=\"ui--image-inline-block\"><img  id=\"ui--image-1\" class=\"ui--image\" src=\"https:\/\/casadicurareginapacis.com\/wp-content\/uploads\/2017\/12\/Donna-in-gravidanza-400x300.jpg\" alt=\"\" title=\"\" data-at2x=\"\" width=\"400\" height=\"300\"\/><div class=\"ui--shadow ui--shadow-type-1 ui--shadow-abs clearfix\"><img src=\"https:\/\/casadicurareginapacis.com\/wp-content\/themes\/envision\/includes\/modules\/module.shadow\/shadows\/shadow-1.png\" alt=\"shadow\" \/><\/div><\/div><\/div><div class=\"auto-format ui--animation\"><p>Ormai non \u00e8 raro che la diagnosi di tumore colpisca donne e uomini che non hanno ancora terminato il proprio percorso riproduttivo. Questo avviene perch\u00e8 l\u2019et\u00e0 alla prima gravidanza aumenta, il numero dei figli diminuisce e i tumori che insorgono durante la vita fertile diventano pi\u00f9 frequenti.<\/p>\n<p>La buona notizia \u00e8 che i tassi di guarigione sono in costante miglioramento, quella meno buona \u00e8 che le terapie necessarie per guarire possono mettere a repentaglio una futura maternit\u00e0 o paternit\u00e0. Perdersi d\u2019animo \u00e8 sbagliato: oggi \u00e8 possibile prevenire l\u2019infertilit\u00e0 dovuta ai trattamenti oncologici in modo rapido ed efficace.<\/p>\n<p>Per gli uomini \u00e8 semplice: prima dell\u2019inizio della terapia \u00e8 sufficiente congelare il liquido seminale, conservato in azoto liquido per tutto il tempo necessario alle terapie fino a completa guarigione. Per le donne \u00e8 un po\u2019 pi\u00f9 complesso: le tecniche variano in base all&#8217;et\u00e0 della paziente, al tipo di terapia prevista e al tempo a disposizione prima di iniziare i trattamenti. Si possono raccogliere ovociti con una stimolazione ovarica adattata, si pu\u00f2 congelare tessuto ovarico oppure in concomitanza con la chemioterapia si possono usare farmaci che riducono gli effetti tossici dei farmaci.<\/p>\n<p>Se ti \u00e8 stato diagnosticato un tumore e sei interessato\/a a prevenire la possibile infertilit\u00e0 dovuta ai trattamenti oncologici, parlane con il tuo medico prima possibile. Nella Casa di Cura &#8220;Regina Pacis&#8221; c\u2019\u00e8 un\u2019Unit\u00e0 dedicata ai problemi di Fertilit\u00e0 e Procreazione in Oncologia dove potrai discutere le migliori strategie adatte al tuo caso.<br \/>\nI medici dell\u2019Unit\u00e0 sono a disposizione anche per valutare la residua fertilit\u00e0 dopo chemioterapia, l\u2019impatto di una gravidanza dopo la diagnosi oncologica e le possibili alternative in caso di sterilit\u00e0.<\/p>\n<p>Per avere ulteriori informazioni oppure per prenotare una visita:<br \/>\n&#8211; Tel.: <strong>0934.515201<\/strong><br \/>\n<a href=\"https:\/\/casadicurareginapacis.com\/prenota-on-line\/\" target=\"_blank\">&#8211; Servizio &#8220;Prenota on line&#8221;<\/a><\/p>\n<\/div>","protected":false},"excerpt":{"rendered":"<p>Ormai non \u00e8 raro che la diagnosi di tumore colpisca donne e uomini che non hanno ancora terminato il proprio percorso riproduttivo. Questo avviene perch\u00e8 l\u2019et\u00e0 alla prima gravidanza aumenta, il numero dei figli diminuisce e i tumori che insorgono durante la vita fertile diventano pi\u00f9 frequenti. La buona notizia \u00e8 che i tassi di [&hellip;]<\/p>\n","protected":false},"author":1,"featured_media":0,"parent":0,"menu_order":0,"comment_status":"closed","ping_status":"closed","template":"","meta":[],"_links":{"self":[{"href":"https:\/\/casadicurareginapacis.com\/en\/wp-json\/wp\/v2\/pages\/5794\/"}],"collection":[{"href":"https:\/\/casadicurareginapacis.com\/en\/wp-json\/wp\/v2\/pages\/"}],"about":[{"href":"https:\/\/casadicurareginapacis.com\/en\/wp-json\/wp\/v2\/types\/page\/"}],"author":[{"embeddable":true,"href":"https:\/\/casadicurareginapacis.com\/en\/wp-json\/wp\/v2\/users\/1\/"}],"replies":[{"embeddable":true,"href":"https:\/\/casadicurareginapacis.com\/en\/wp-json\/wp\/v2\/comments\/?post=5794"}],"version-history":[{"count":1,"href":"https:\/\/casadicurareginapacis.com\/en\/wp-json\/wp\/v2\/pages\/5794\/revisions\/"}],"predecessor-version":[{"id":44373,"href":"https:\/\/casadicurareginapacis.com\/en\/wp-json\/wp\/v2\/pages\/5794\/revisions\/44373\/"}],"wp:attachment":[{"href":"https:\/\/casadicurareginapacis.com\/en\/wp-json\/wp\/v2\/media\/?parent=5794"}],"curies":[{"name":"wp","href":"https:\/\/api.w.org\/{rel}","templated":true}]}}