{"id":5797,"date":"2018-06-21T19:50:05","date_gmt":"2018-06-21T17:50:05","guid":{"rendered":"https:\/\/casadicurareginapacis.com\/cardiological-rehabilitation\/"},"modified":"2024-01-12T11:46:26","modified_gmt":"2024-01-12T09:46:26","slug":"cardiological-rehabilitation","status":"publish","type":"page","link":"https:\/\/casadicurareginapacis.com\/en\/cardiological-rehabilitation\/","title":{"rendered":"Cardiological Rehabilitation"},"content":{"rendered":"<div class=\"ui--title ui--animation ui--title-bordered text-left\"><div class=\"ui--title-holder\"><h1 class=\"ui--title-text\">CARDIOLOGICAL REHABILITATION<\/h1><div class=\"ui--title-borders ui--title-border-left\"><\/div><div class=\"ui--title-borders ui--title-border-right\"><\/div><\/div><\/div><div class=\"ui-row row\">\n <div   class=\"ui-column span6\"><div  class=\"ui--space clearfix\" data-responsive=\"{&quot;css&quot;:{&quot;height&quot;:{&quot;phone&quot;:null,&quot;tablet&quot;:null,&quot;widescreen&quot;:null}}}\"><\/div><h1 class=\"dropcap\"><strong>L<\/strong><\/h1><p>\u2019unit\u00e0  operativa di Riabilitazione Cardiologica della Casa di Cura \u201cRegina Pacis\u201d si prefigge di migliorare lo stato della malattia cardiovascolare e di abbassare il grado di disabilit\u00e0 del Paziente.<\/p>\n<p>L\u2019obiettivo \u00e8 il recupero ed il mantenimento del pi\u00f9 elevato livello possibile di condizioni fisiologiche, psicologiche e dunque sociali, preservando  la qualit\u00e0 della vita del paziente e la sua indipendenza nella societ\u00e0.<\/p>\n<p>Il reparto \u00e8 dotato di 18 posti letto.<\/p>\n<p>a struttura \u00e8 dotata di un apparecchio ecocardiografico 3D Real-Time Toshiba Artida e di due apparecchi ecocardiografici di ultima generazione Toshiba Aplio, un cicloergometro Lode Corival e un tapis roulant Ergomile dedicati al test ergometrico, tre apparecchi per la registrazione di ECG dinamico secondo Holter ed un ergospirometro Vmax 29C.<\/p><\/div> \n\n <div   class=\"ui-column span6\"><h3 id=\"custom-title-h3-1\" class=\"ui--animation \" style=\"text-align: center; \">EQUIPE<\/h3><div  class=\"ui--tagline-box-wrapper ui--animation clearfix\" style=\"margin-top: 0px;\"><div  id=\"tagline-1\" class=\"ui--tagline-box ui-row clearfix ui--tagline-box-custom-color radius-3px\" data-responsive=\"{&quot;css&quot;:{&quot;min-height&quot;:{&quot;phone&quot;:&quot;auto&quot;,&quot;tablet&quot;:&quot;auto&quot;,&quot;widescreen&quot;:&quot;&quot;}}}\"><div  class=\"ui--tagline-background-container ui--tagline-background-overlay radius-3px\"><\/div><div  class=\"ui--tagline-background-container ui--tagline-background-image radius-3px\"><\/div><div  class=\"ui--tagline-content\"><ul class=\"ui--list list-circle parent-1\"><li class=\"child-1 total-8 ui--animation\"> Cardiologist <\/li><li class=\"child-2 total-8 ui--animation\"> Physiatrist <\/li><li class=\"child-3 total-8 ui--animation\"> Neurologist <\/li><li class=\"child-4 total-8 ui--animation\"> Physiotherapist <\/li><li class=\"child-5 total-8 ui--animation\"> Psychologist <\/li><li class=\"child-6 total-8 ui--animation\"> Nutritionist <\/li><li class=\"child-7 total-8 ui--animation\"> Guard Doctor 24 h <\/li><li class=\"child-8 total-8 ui--animation\"> Nursing Staff <\/li>  <\/ul><\/div><\/div><div class=\"ui--shadow ui--shadow-type-2  clearfix\"><img src=\"https:\/\/casadicurareginapacis.com\/wp-content\/themes\/envision\/includes\/modules\/module.shadow\/shadows\/shadow-2.png\" alt=\"shadow\" \/><\/div><\/div><\/div> \n\n<\/div> \n<div  id=\"section-auwqr\" class=\"fullwidth-content ui--section clearfix cloudfw-ui-parallax-effect section-auwqr\" style=\"margin-top: 12px;\"><div class=\"ui--video-background-holder\"><div  class=\"ui--parallax\" data-stellar-ratio=\"0.3\"><\/div><\/div><div  class=\"ui--section-content\"><div class=\"container\"><div class=\"ui-row row\">\n <div   class=\"ui-column span4\"><div class=\"ui--image-wrap clearfix ui--animation\"><div class=\"ui--image-inline-block\"><a href=\"https:\/\/casadicurareginapacis.com\/wp-content\/uploads\/2015\/11\/Palestra-Multifunzionale.jpg\" target=\"\" data-rel=\"prettyPhoto\"><img  id=\"ui--image-1\" class=\"ui--image\" src=\"https:\/\/casadicurareginapacis.com\/wp-content\/uploads\/2015\/11\/Palestra-Multifunzionale.jpg\" alt=\"Gym-Multifunctional\" title=\"Gym-Multifunctional\" data-at2x=\"\"\/><\/a><div class=\"ui--shadow ui--shadow-type-2 ui--shadow-abs clearfix\"><img src=\"https:\/\/casadicurareginapacis.com\/wp-content\/themes\/envision\/includes\/modules\/module.shadow\/shadows\/shadow-2.png\" alt=\"shadow\" \/><\/div><\/div><\/div><\/div> \n\n <div   class=\"ui-column span8\"><div  class=\"ui--space clearfix\" data-responsive=\"{&quot;css&quot;:{&quot;height&quot;:{&quot;phone&quot;:null,&quot;tablet&quot;:null,&quot;widescreen&quot;:null}}}\"><\/div><div  class=\"ui--space clearfix\" data-responsive=\"{&quot;css&quot;:{&quot;height&quot;:{&quot;phone&quot;:null,&quot;tablet&quot;:null,&quot;widescreen&quot;:null}}}\"><\/div><h1 id=\"custom-title-1\" class=\"ui--animation \" style=\"font-size: 21px; line-height: 26px; \" >Multifunctional gym, equipped with 4 cycle ergometers, 2 treadmills and equipment for calisthenics.<\/h1><\/div> \n\n<\/div> \n<\/div><\/div><\/div><!-- \/.fullwidth-container --><div  class=\"ui--space clearfix\" data-responsive=\"{&quot;css&quot;:{&quot;height&quot;:{&quot;phone&quot;:null,&quot;tablet&quot;:null,&quot;widescreen&quot;:null}}}\"><\/div><h3 id=\"custom-title-h3-2\" class=\"ui--animation \" style=\"\">Access mode<\/h3><div class=\"ui-row row\">\n <div   class=\"ui-column span8\"><h1 class=\"dropcap\"><strong>I<\/strong><\/h1><p>l Medico Curante pu\u00f2 richiedere, entro quattro mesi dalla dimissione da un reparto per acuti, il \u201cricovero per riabilitazione post acuzie\u201d specificando l\u2019evento acuto o la recidiva di patologia cronica causa della disabilit\u00e0. Il paziente potr\u00e0 quindi contattare il numero 0934-515211 e programmare una visita con l\u2019equipe.<\/p>\n<p>Il ricovero pu\u00f2 avvenire o in regime ordinario o in regime di Day Hospital.<\/p>\n<p>La tipologia di Degenti per i quali \u00e8 indicato il ricovero \u00e8:<\/p>\n<p>&#8211; Pazienti con esiti di recenti interventi di rivascolarizzazione miocardica (meccanica o chirurgica)<\/p>\n<p>&#8211; Pazienti con cardiopatia ischemica cronica<\/p>\n<p>&#8211; Pazienti affetti da scompenso cardiaco cronico<\/p>\n<p>&#8211; Pazienti sottoposti a trapianto di cuore<\/p>\n<div  class=\"ui--space clearfix\" data-responsive=\"{&quot;css&quot;:{&quot;height&quot;:{&quot;phone&quot;:null,&quot;tablet&quot;:null,&quot;widescreen&quot;:null}}}\"><\/div><\/div> \n\n <div   class=\"ui-column span4\"><div class=\"ui--image-wrap clearfix ui--animation\"><div class=\"ui--image-inline-block\"><a href=\"https:\/\/casadicurareginapacis.com\/wp-content\/uploads\/2015\/11\/Modalita-Accesso.jpg\" target=\"\" data-rel=\"prettyPhoto\"><img  id=\"ui--image-2\" class=\"ui--image\" src=\"https:\/\/casadicurareginapacis.com\/wp-content\/uploads\/2015\/11\/Modalita-Accesso.jpg\" alt=\"\" title=\"\" data-at2x=\"\"\/><\/a><div class=\"ui--shadow ui--shadow-type-2 ui--shadow-abs clearfix\"><img src=\"https:\/\/casadicurareginapacis.com\/wp-content\/themes\/envision\/includes\/modules\/module.shadow\/shadows\/shadow-2.png\" alt=\"shadow\" \/><\/div><\/div><\/div><\/div> \n\n<\/div> \n","protected":false},"excerpt":{"rendered":"<p>CARDIOLOGICAL REHABILITATION L\u2019unit\u00e0 operativa di Riabilitazione Cardiologica della Casa di Cura \u201cRegina Pacis\u201d si prefigge di migliorare lo stato della malattia cardiovascolare e di abbassare il grado di disabilit\u00e0 del Paziente. L\u2019obiettivo \u00e8 il recupero ed il mantenimento del pi\u00f9 elevato livello possibile di condizioni fisiologiche, psicologiche e dunque sociali, preservando la qualit\u00e0 della vita [&hellip;]<\/p>\n","protected":false},"author":1,"featured_media":0,"parent":0,"menu_order":0,"comment_status":"closed","ping_status":"closed","template":"","meta":[],"_links":{"self":[{"href":"https:\/\/casadicurareginapacis.com\/en\/wp-json\/wp\/v2\/pages\/5797\/"}],"collection":[{"href":"https:\/\/casadicurareginapacis.com\/en\/wp-json\/wp\/v2\/pages\/"}],"about":[{"href":"https:\/\/casadicurareginapacis.com\/en\/wp-json\/wp\/v2\/types\/page\/"}],"author":[{"embeddable":true,"href":"https:\/\/casadicurareginapacis.com\/en\/wp-json\/wp\/v2\/users\/1\/"}],"replies":[{"embeddable":true,"href":"https:\/\/casadicurareginapacis.com\/en\/wp-json\/wp\/v2\/comments\/?post=5797"}],"version-history":[{"count":1,"href":"https:\/\/casadicurareginapacis.com\/en\/wp-json\/wp\/v2\/pages\/5797\/revisions\/"}],"predecessor-version":[{"id":44358,"href":"https:\/\/casadicurareginapacis.com\/en\/wp-json\/wp\/v2\/pages\/5797\/revisions\/44358\/"}],"wp:attachment":[{"href":"https:\/\/casadicurareginapacis.com\/en\/wp-json\/wp\/v2\/media\/?parent=5797"}],"curies":[{"name":"wp","href":"https:\/\/api.w.org\/{rel}","templated":true}]}}