{"id":5801,"date":"2018-06-21T19:59:54","date_gmt":"2018-06-21T17:59:54","guid":{"rendered":"https:\/\/casadicurareginapacis.com\/neurological-rehabilitation\/"},"modified":"2024-01-12T12:04:36","modified_gmt":"2024-01-12T10:04:36","slug":"neurological-rehabilitation","status":"publish","type":"page","link":"https:\/\/casadicurareginapacis.com\/en\/neurological-rehabilitation\/","title":{"rendered":"Neurological rehabilitation"},"content":{"rendered":"<div class=\"ui--image-wrap clearfix alignleft ui--animation text-left ui--block\"><div class=\"ui--image-inline-block\"><img  id=\"ui--image-1\" class=\"ui--image\" src=\"https:\/\/casadicurareginapacis.com\/wp-content\/uploads\/2017\/10\/10576940_743549829045943_7709983103887053492_n.jpg\" alt=\"\" title=\"\" data-at2x=\"\"\/><div class=\"ui--shadow ui--shadow-type-1 ui--shadow-abs clearfix\"><img src=\"https:\/\/casadicurareginapacis.com\/wp-content\/themes\/envision\/includes\/modules\/module.shadow\/shadows\/shadow-1.png\" alt=\"shadow\" \/><\/div><\/div><\/div><div class=\"auto-format ui--animation\"><p>La riabilitazione dei pazienti reduci da un ictus (ischemico o emorragico) si basa su un lavoro interdisciplinare accuratamente coordinato. Il servizio medico, le terapie e le cure riabilitative sono i pilastri su cui poggia il trattamento.<br \/>\nIl servizio medico interno assicura l&#8217;assistenza a favore dei pazienti dalla prospettiva della neurologia, della cardiologia, della fisiatria, della psicologia . Se esiste un&#8217;indicazione in questo senso, ci si avvale anche della collaborazione di medici consulenti esterni.<br \/>\nUn ruolo di primo piano spetta agli accertamenti dal punto di vista della riabilitazione, accertamenti che vengono effettuati sia dai medici, sia e soprattutto dai terapisti. Essi riguardano principalmente il movimento, le facolt\u00e0 mentali (cognizione), la comunicazione (parola) e la gestione delle attivit\u00e0 della vita quotidiana. Sulla scorta di queste informazioni si prendono le decisioni che sfociano nei programmi terapeutici.<br \/>\nI programmi terapeutici si fondano sul ricorso ai seguenti quattro settori specialistici: fisioterapia, ergoterapia, neuropsicologia e logopedia. In caso di necessit\u00e0, l&#8217;assistenza data ai pazienti comprende parimenti un accompagnamento psicologico e una consulenza dietetica.<br \/>\nIl servizio sociale costituisce un elemento importante del progetto riabilitativo.<br \/>\nA dipendenza della situazione individuale del paziente, a titolo facoltativo possono trovare applicazione anche ulteriori approcci terapeutici.<br \/>\nI singoli programmi vengono adattati individualmente alle esigenze attuali dei pazienti: in altre parole, anzich\u00e9 mettere in atto procedure standardizzate si realizzano percorsi terapeutici che sono oggetto di un continuo aggiornamento. I pazienti ricevono sempre un programma scritto, riveduto alla luce della loro situazione momentanea.<br \/>\nDi norma, il percorso riabilitativo poggia sui seguenti concetti terapeutici: ETC (Esercizio Terapeutico Conoscitivo secondo Perfetti Terapia neurocognitiva), metodo Bobath e metodo Kabat.<br \/>\nIn presenza di problemi particolari, quali ad esempio i dolori, la tendenza alle contrazioni e le paralisi permanenti, trovano applicazione terapie e interventi supplementari, ad esempio di natura ortopedica.<br \/>\nDurante la loro degenza presso la Casa di Cura \u201cRegina Pacis\u201d, i pazienti affetti da disturbi neurologici necessitano spesso di esami neurofisiologici finalizzati all&#8217;accertamento o al controllo del decorso. Fra questi rientrano gli esami elettroencefalografici, elettromiografici ed elettroneurografici, come pure i potenziali evocati.<\/p>\n<\/div><div  class=\"ui--divider ui--animation clearfix ui--divider-solid-line\"><\/div><div class=\"ui--image-wrap clearfix alignright ui--animation text-right ui--block\"><div class=\"ui--image-inline-block\"><img  id=\"ui--image-2\" class=\"ui--image\" src=\"https:\/\/casadicurareginapacis.com\/wp-content\/uploads\/2017\/10\/1186205_570991202968474_1313390048_n-500x250.jpg\" alt=\"\" title=\"\" data-at2x=\"\" width=\"500\" height=\"250\"\/><div class=\"ui--shadow ui--shadow-type-1 ui--shadow-abs clearfix\"><img src=\"https:\/\/casadicurareginapacis.com\/wp-content\/themes\/envision\/includes\/modules\/module.shadow\/shadows\/shadow-1.png\" alt=\"shadow\" \/><\/div><\/div><\/div><div class=\"auto-format ui--animation\"><p><strong>RIABILITAZIONE VESTIBOLARE<\/strong><\/p>\n<p>Le patologie vestibolari acute (neurite vestibolare, neurolabirintite virale, labirintite batterica, ictus labirintico, trauma cranico e frattura dell\u2019osso temporale) possono essere seguite da sintomatologia vertiginosa e possono causare problemi di disequilibrio in chi ne \u00e8 colpito. Di solito, questa sintomatologia si attenua gradualmente in pochi giorni o in alcune settimane, grazie al cosiddetto compenso vestibolare, un fenomeno determinato principalmente dalla plasticit\u00e0 del cervello umano.<\/p>\n<p>In base alla gravit\u00e0 della patologia, esiste tuttavia la possibilit\u00e0 di una cronicizzazione della sintomatologia o di limitazioni permanenti della funzione dell\u2019equilibrio a causa, per esempio, dell\u2019et\u00e0 avanzata o della coesistenza di altre affezioni a carico del sistema nervoso centrale, della prolungata immobilizzazione, o dell\u2019uso incongruo di farmaci ad azione sedativa vestibolare.<br \/>\nIn tutti questi casi pi\u00f9 critici, \u00e8 possibile ridurre i tempi di guarigione se si avvia precocemente un adeguato training riabilitativo vestibolare finalizzato al raggiungimento della migliore capacit\u00e0 di equilibrio per ciascun paziente.<\/p>\n<p>I pazienti che necessitano di riabilitazione vestibolare vengono presi in cura dal servizio di Riabilitazione Funzionale: dopo l\u2019inquadramento clinico e strumentale da parte del medico specialista e del tecnico riabilitatore, si procede alla scelta degli esercizi e dei parametri iniziali pi\u00f9 adeguati per ciascuno. Al paziente sono illustrati alcuni esercizi (a difficolt\u00e0 crescente), che dovr\u00e0 ripetere anche a casa una o due volte al giorno. Si programmano poi controlli ambulatoriali settimanali o quindicinali, fino alla fine del trattamento, quando cio\u00e8 il grado funzionale raggiunto viene ritenuto soddisfacente in relazione alle abitudini di vita del soggetto. <\/p>\n<p>Oltre alla riabilitazione vestibolare propriamente detta, la terapia fisica delle vertigini comprende alcune manovre cliniche definite liberatorie per la capacit\u00e0 di risolvere spesso in modo quasi immediato la sintomatologia delle varie forme di vertigine parossistica posizionale (Vpp).<br \/>\nLa Vpp rappresenta la causa pi\u00f9 frequente di vertigine nell\u2019uomo ed \u00e8 caratterizzata da crisi vertiginose parossistiche, ossia intense e brevi, della durata di pochi minuti, scatenate da particolari movimenti del capo.<\/p>\n<\/div><div  class=\"ui--divider ui--animation clearfix ui--divider-solid-line\"><\/div><div class=\"auto-format ui--animation\"><p><strong>Presso la Struttura sono eseguiti i seguenti servizi di riabilitazione neurofunzionale:<\/strong><\/p>\n<p><a href=\"https:\/\/casadicurareginapacis.com\/wp-content\/uploads\/2016\/07\/Brochure-riabilitazione-funzionale-neuromotoria.pdf\">\u2022 RIABILITAZIONE NEUROLOGICA<\/a><\/p>\n<p><strong>Medico Responsabile: Dott. Salvatore Virz\u00ec<\/strong><br \/>\nSegreteria Medica 0934515211<\/p>\n<\/div>","protected":false},"excerpt":{"rendered":"<p>La riabilitazione dei pazienti reduci da un ictus (ischemico o emorragico) si basa su un lavoro interdisciplinare accuratamente coordinato. Il servizio medico, le terapie e le cure riabilitative sono i pilastri su cui poggia il trattamento. Il servizio medico interno assicura l&#8217;assistenza a favore dei pazienti dalla prospettiva della neurologia, della cardiologia, della fisiatria, della [&hellip;]<\/p>\n","protected":false},"author":1,"featured_media":0,"parent":0,"menu_order":0,"comment_status":"closed","ping_status":"closed","template":"","meta":[],"_links":{"self":[{"href":"https:\/\/casadicurareginapacis.com\/en\/wp-json\/wp\/v2\/pages\/5801\/"}],"collection":[{"href":"https:\/\/casadicurareginapacis.com\/en\/wp-json\/wp\/v2\/pages\/"}],"about":[{"href":"https:\/\/casadicurareginapacis.com\/en\/wp-json\/wp\/v2\/types\/page\/"}],"author":[{"embeddable":true,"href":"https:\/\/casadicurareginapacis.com\/en\/wp-json\/wp\/v2\/users\/1\/"}],"replies":[{"embeddable":true,"href":"https:\/\/casadicurareginapacis.com\/en\/wp-json\/wp\/v2\/comments\/?post=5801"}],"version-history":[{"count":1,"href":"https:\/\/casadicurareginapacis.com\/en\/wp-json\/wp\/v2\/pages\/5801\/revisions\/"}],"predecessor-version":[{"id":44397,"href":"https:\/\/casadicurareginapacis.com\/en\/wp-json\/wp\/v2\/pages\/5801\/revisions\/44397\/"}],"wp:attachment":[{"href":"https:\/\/casadicurareginapacis.com\/en\/wp-json\/wp\/v2\/media\/?parent=5801"}],"curies":[{"name":"wp","href":"https:\/\/api.w.org\/{rel}","templated":true}]}}