{"id":5819,"date":"2018-06-22T09:35:27","date_gmt":"2018-06-22T07:35:27","guid":{"rendered":"https:\/\/casadicurareginapacis.com\/gynecological-health\/"},"modified":"2024-01-12T11:34:54","modified_gmt":"2024-01-12T09:34:54","slug":"gynecological-health","status":"publish","type":"page","link":"https:\/\/casadicurareginapacis.com\/en\/gynecological-health\/","title":{"rendered":"&#8220;Gynecological Health&#8221;"},"content":{"rendered":"<div class=\"ui--image-wrap clearfix alignleft ui--animation text-left ui--block\"><div class=\"ui--image-inline-block\"><img  id=\"ui--image-1\" class=\"ui--image\" src=\"https:\/\/casadicurareginapacis.com\/wp-content\/uploads\/revslider\/highlight-carousel20\/Ginecologia-600x300.jpg\" alt=\"Ginecologia.jpg\" title=\"Ginecologia.jpg\" data-at2x=\"\" width=\"600\" height=\"300\"\/><div class=\"ui--shadow ui--shadow-type-1 ui--shadow-abs clearfix\"><img src=\"https:\/\/casadicurareginapacis.com\/wp-content\/themes\/envision\/includes\/modules\/module.shadow\/shadows\/shadow-1.png\" alt=\"shadow\" \/><\/div><\/div><\/div><div class=\"auto-format ui--animation\"><p>La Casa di Cura \u201cRegina Pacis\u201d dedica a tutte le donne una giornata di visite gratuite con specialisti ginecologi di altissimo livello.<\/p>\n<p><strong>TUMORI GINECOLOGICI<\/strong><br \/>\nLe neoplasie ginecologiche d\u2019interesse, nell\u2019ambito del progetto Ginecologia di diagnosi precoce, sono i tumori dell\u2019utero (collo e corpo) e delle ovaie.<\/p>\n<p><strong>TUMORI DEL COLLO DELL\u2019UTERO o CERVICE UTERINA<\/strong><br \/>\nIl collo dell\u2019utero costituisce la parte inferiore dell\u2019organo e delimita il passaggio tra corpo uterino e vagina.<br \/>\nI tumori della cervice si classificano sulla base delle cellule da cui prendono origine e sono principalmente di due tipi: carcinomi a cellule squamose (80%) e adenocarcinomi (15%). Meno comuni le forme miste definite carcinomi adenosquamosi (3-5%).<br \/>\nLe cellule in trasformazione presentano inizialmente caratteristiche definite precancerose (CIN, SIL). Lasciate a s\u00e9, nel tempo, possono dare origine ad un tumore o in alcuni casi regredire.<br \/>\nE\u2019 evidente che prevenirne la formazione e diagnosticarle e trattarle in modo tempestivo permette  di ridurre il rischio di sviluppare una neoplasia.<\/p>\n<p><strong>FATTORI DI RISCHIO:<\/strong><br \/>\n<em>Infezione da Human Papilloma Virus (HPV):<\/em> l\u2019infezione si trasmette per via sessuale, ma non tutti i ceppi del virus sono coinvolti nella comparsa  della malattia: solamente i ceppi  HPV 16 e HPV 18 paiono essere responsabili della maggior parte dei tumori della cervice.<br \/>\nL\u2019inizio precoce dell\u2019attivit\u00e0 sessuale e partner sessuali multipli possono aumentare il rischio di infezione, cos\u00ec come condizioni di insufficienza delle difese immunitarie legate a malattia (es. AIDS) o trapianti. Non tutte le infezioni da HPV provocano il cancro: il sistema immunitario pu\u00f2 debellarle senza conseguenze per la salute.<br \/>\n<em>Anamnesi familiare positiva<\/em>: presenza in famiglia di parenti strette con questo tumore<br \/>\n<em>Obesit\u00e0<\/em><br \/>\n<em>Dieta povera di frutta e verdura<\/em><br \/>\n<em>Fumo<\/em><\/p>\n<p><strong>SEGNI e SINTOMI:<\/strong><br \/>\nLe fasi iniziali sono generalmente asintomatiche ed aspecifiche: perdite di sangue anomale tra un ciclo e l\u2019altro o dopo un rapporto sessuale; secrezioni vaginali non ematiche; dolore.<\/p>\n<p><strong>DIAGNOSI PRECOCE<\/strong><br \/>\nL\u2019esecuzione programmata del Pap Test nell\u2019ambito dei programmi di screening  ha dimostrato di essere efficace nel modificare la storia naturale dei tumori della cervice, almeno nei paesi occidentali.<br \/>\nIn Italia, ogni anno si manifestano 3500 nuovi casi mentre sono molto pi\u00f9 rare le diagnosi di forme avanzate e scarse le probabilit\u00e0 di morire a causa di questa malattia. Nei paesi in via di sviluppo, al contrario, la malattia, miete ancora molte vittime.<br \/>\nE\u2019 consigliabile effettuare:<br \/>\n<em>Visita ginecologica annuale dopo i 18 anni<\/em> (prima, se sessualmente attive)<br \/>\n<em>Pap Test ogni 3 anni<\/em> (tra i 25 ed i 64 anni)<br \/>\n<em>HPV Test<\/em> (ricerca del Papilloma Virus) su indicazione medica<br \/>\n<em>Colposcopia<\/em> su indicazione medica<br \/>\nPer prevenire i tumori del collo dell\u2019utero, da qualche anno, le donne hanno a disposizione un\u2019arma in pi\u00f9: il vaccino contro il Papilloma virus che somministrato alle adolescenti, al dodicesimo anno d\u2019et\u00e0, riduce il rischio di infezione da parte dei due ceppi  HPV 16 e HPV 18.<br \/>\nPare non essere di nessuna utilit\u00e0 vaccinare donne adulte, sessualmente attive, che gi\u00e0 sono venute in contatto con il virus e che magari lo hanno gi\u00e0 eliminato.<\/p>\n<p><strong>TUMORI DEL CORPO DELL\u2019UTERO<\/strong><br \/>\nL\u2019utero ha la forma di un imbuto rovesciato ed \u00e8 formato da due parti: il collo ed il corpo.<br \/>\nIl corpo \u00e8 costituito da tessuti molto diversi: la parte interna \u00e8 chiamata endometrio ed \u00e8 composta da tessuto ghiandolare; la parte esterna miometrio \u00e8 rappresentata da tessuto muscolare.<br \/>\nLa maggioranza dei tumori dell\u2019utero origina dall\u2019endometrio e prendono il nome di carcinomi endometriali. Nella quasi totalit\u00e0 dei casi sono preceduti da quadri di iperplasia endometriale atipica.<br \/>\nSi parla invece di sarcomi uterini quando i tumori originano dal tessuto muscolare e connettivo dell\u2019utero.<\/p>\n<p><strong>FATTORI DI RISCHIO<\/strong><br \/>\n<em>Et\u00e0<\/em>: raramente compaiono prima dei 50 anni. Colpiscono preferenzialmente le donne dopo i 60 anni<br \/>\n<em>Obesit\u00e0<\/em>: dieta ricca di calorie e grassi<br \/>\n<em>Diabete<\/em>: donne diabetiche spesso in sovrappeso<br \/>\n<em>Ormoni<\/em>: gli estrogeni svolgono un ruolo importante. Gli ormoni sessuali sono responsabili delle modificazioni legate al ciclo mestruale e costituiscono un forte stimolo alla proliferazione delle cellule endometriali. Tutte le condizioni che influenzano il livello di estrogeni possono aumentare il rischio di sviluppare questa malattia:<br \/>\n<em>Menarca precoce<\/em><br \/>\n<em>Menopausa tardiva<\/em><br \/>\n<em>Assenza di gravidanze<\/em><br \/>\n<em>Trattamento con antiestrogeni<\/em><br \/>\n<em>Tumori dell\u2019ovaio estrogeno-secernenti<\/em><br \/>\n<em>Radioterapia:<\/em> per trattamento di altri tumori pelvici<\/p>\n<p><strong>SEGNI e SINTOMI:<\/strong><br \/>\n<em>Sanguinamento vaginale anomalo<\/em>: tra un ciclo e l\u2019altro o dopo la menopausa<br \/>\n<em>Perdite vaginali:<\/em> anche maleodoranti<br \/>\n<em>Dolore:<\/em> in regione pelvica o al rachide<\/p>\n<p><strong>DIAGNOSI PRECOCE:<\/strong><br \/>\nI tumori endometriali rappresentano la quasi totalit\u00e0 dei tumori dell\u2019utero. Rappresentano il 5-6% dei tumori femminili con 7700 nuovi casi l\u2019anno in Italia. Purtroppo non esistono programmi di screening efficaci in grado di individuare la malattia in fase precoce.<br \/>\nE\u2019 consigliabile comunque effettuare:<br \/>\n<em>visita ginecologica annuale<\/em><br \/>\n<em> ecografia pelvica transvaginale + eco color doppler annuale<\/em> in donne in peri e post menopausa e su indicazione medica<br \/>\n<em> citologia endometriale<\/em> in caso di perdite ematiche atipiche e su indicazione medica<\/p>\n<p><strong>TUMORE DELL\u2019OVAIO<\/strong><br \/>\nLe ovaie sono due organi situati a lato dell\u2019utero a cui sono connessi tramite le tube uterine (tube di Falloppio). Sono responsabili della produzione degli ormoni sessuali femminili e degli ovociti, cellule a funzione riproduttiva.<br \/>\nI tumori dell\u2019ovaio si distinguono in benigni, maligni e a malignit\u00e0 intermedia (borderline).<br \/>\nSulla base della cellula d\u2019origine in:<br \/>\n<em>epiteliali<\/em>: nascono dalle cellule che rivestono l\u2019organo. Costituiscono pi\u00f9 del 90%  delle neoplasie ovariche<br \/>\n<em>germinali<\/em>: originano dalle cellule germinali da cui si formano gli ovociti. Rappresentano il 5 % dei tumori maligni ovarici e colpiscono prevalentemente l\u2019et\u00e0 giovanile. Producono marcatori tumorali dosabili nel sangue (alfafetoproteina e gonadotropina corionica)<br \/>\n<em>stromali<\/em>: originano dal tessuto di sostegno dell\u2019ovaio. Producono ormoni sia femminili che maschili. Rappresentano circa il 4% di tutte le neoplasie dell\u2019ovaio.<\/p>\n<p><strong>FATTORI DI RISCHIO<\/strong><br \/>\n<em>Et\u00e0<\/em>: la maggior parte dei tumori maligni compare dopo la menopausa con un picco fra i 50 e 70 anni per le forme epiteliali<br \/>\n<em>Storia personale e familiare positiva:<\/em> predispongono alla malattia<br \/>\n<em>Area geografica:<\/em> l\u2019incidenza delle forma maligne presenta tassi pi\u00f9 elevati in Europa e Nord America<br \/>\n<em>Fattori endocrini:<\/em> menarca precoce, infertilit\u00e0, assenza di figli, menopausa tardiva predispongono alla malattia<br \/>\n<em>Fattori ambientali<\/em>: \u00e8 stata osservata un\u2019associazione con l\u2019esposizione all\u2019asbesto, al talco, con l\u2019obesit\u00e0 e con una dieta ricca di grassi<br \/>\n<em>Fattori genetici:<\/em> difetti a carico dei geni BRCA1 e BRCA2 predispongono all\u2019insorgenza di carcinomi della mammella e dell\u2019ovaio. In questi casi il cancro compare in pi\u00f9 donne della stessa famiglia ed in et\u00e0 pi\u00f9 giovane.<br \/>\nAltra condizione genetica associata all\u2019insorgenza di questi tumori \u00e8 la <em>sindrome di Lynch 2<\/em> associata al carcinoma colico non polipoide.<\/p>\n<p><strong>SEGNI e SINTOMI<\/strong><br \/>\nPurtroppo il tumore non da sintomi in fase iniziale. Spesso sono vaghi ed aspecifici:<br \/>\n<em>dolore addominale o pelvico<\/em><br \/>\n<em>gonfiore addominale<\/em><br \/>\n<em>aerofagia<\/em><br \/>\n<em>disturbi digestivi<\/em><br \/>\n<em>disturbi dell\u2019alvo<\/em><br \/>\n<em>disturbi urinari<\/em><\/p>\n<p><strong>DIAGNOSI PRECOCE<\/strong><br \/>\nIl carcinoma dell\u2019ovaio \u00e8 il sesto pi\u00f9 diffuso cancro femminile e rappresenta la pi\u00f9 comune causa di morte per neoplasia ginecologica, verosimilmente a causa della tardivit\u00e0 della diagnosi (circa i 2\/3 dei casi vengono diagnosticati in stadi avanzati).<br \/>\nNon esistono al momento programmi di screening scientificamente affidabili, ma si ritengono utili:<br \/>\n<em>visita ginecologica annuale<\/em><br \/>\n<em>ecografia pelvica transvaginale annuale su indicazione medica.<\/em> Il controllo periodico \u00e8 particolarmente consigliato alle donne con familiarit\u00e0 positiva per carcinoma ovarico o in caso di mutazioni genetiche come quelle riscontrabili nella sindrome del carcinoma ereditario della mammella \/ovaio e nel carcinoma colo-rettale non polipoide del retto<br \/>\nLa determinazione del <em>marcatore CA 125<\/em> non ha dimostrato di essere utile perch\u00e9 troppo poco specifico mentre risulta essere molto utile nel monitoraggio della malattia gi\u00e0 diagnosticata e trattata.<\/p>\n<p>Il PROGETTO GINECOLOGIA<br \/>\nLa Casa di Cura &#8220;Regina Pacis&#8221; si pone come obiettivo di effettuare controlli ginecologici  gratuiti allo scopo di fare diagnosi precoce di lesioni sospette, permettendo cos\u00ec di intervenire nel modo pi\u00f9 adeguato e tempestivo possibile.<\/p>\n<p>Occorre ricordare che:<br \/>\n\u2013 la prestazione gratuita non comprende eventuali test ematochimici, pap test, esame ecografico<br \/>\n\u2013 \u00e8 necessario astenersi da rapporti sessuali nelle 48 ore precedenti. <\/p>\n<\/div>","protected":false},"excerpt":{"rendered":"<p>La Casa di Cura \u201cRegina Pacis\u201d dedica a tutte le donne una giornata di visite gratuite con specialisti ginecologi di altissimo livello. TUMORI GINECOLOGICI Le neoplasie ginecologiche d\u2019interesse, nell\u2019ambito del progetto Ginecologia di diagnosi precoce, sono i tumori dell\u2019utero (collo e corpo) e delle ovaie. TUMORI DEL COLLO DELL\u2019UTERO o CERVICE UTERINA Il collo dell\u2019utero [&hellip;]<\/p>\n","protected":false},"author":1,"featured_media":0,"parent":0,"menu_order":0,"comment_status":"closed","ping_status":"closed","template":"","meta":[],"_links":{"self":[{"href":"https:\/\/casadicurareginapacis.com\/en\/wp-json\/wp\/v2\/pages\/5819\/"}],"collection":[{"href":"https:\/\/casadicurareginapacis.com\/en\/wp-json\/wp\/v2\/pages\/"}],"about":[{"href":"https:\/\/casadicurareginapacis.com\/en\/wp-json\/wp\/v2\/types\/page\/"}],"author":[{"embeddable":true,"href":"https:\/\/casadicurareginapacis.com\/en\/wp-json\/wp\/v2\/users\/1\/"}],"replies":[{"embeddable":true,"href":"https:\/\/casadicurareginapacis.com\/en\/wp-json\/wp\/v2\/comments\/?post=5819"}],"version-history":[{"count":1,"href":"https:\/\/casadicurareginapacis.com\/en\/wp-json\/wp\/v2\/pages\/5819\/revisions\/"}],"predecessor-version":[{"id":44329,"href":"https:\/\/casadicurareginapacis.com\/en\/wp-json\/wp\/v2\/pages\/5819\/revisions\/44329\/"}],"wp:attachment":[{"href":"https:\/\/casadicurareginapacis.com\/en\/wp-json\/wp\/v2\/media\/?parent=5819"}],"curies":[{"name":"wp","href":"https:\/\/api.w.org\/{rel}","templated":true}]}}