{"id":5827,"date":"2018-06-22T17:59:01","date_gmt":"2018-06-22T15:59:01","guid":{"rendered":"https:\/\/casadicurareginapacis.com\/relief-recovery\/"},"modified":"2024-01-12T12:24:32","modified_gmt":"2024-01-12T10:24:32","slug":"relief-recovery","status":"publish","type":"page","link":"https:\/\/casadicurareginapacis.com\/en\/relief-recovery\/","title":{"rendered":"Relief Recovery"},"content":{"rendered":"<div class=\"ui--image-wrap clearfix alignleft ui--animation text-left ui--block\"><div class=\"ui--image-inline-block\"><img  id=\"ui--image-1\" class=\"ui--image\" src=\"https:\/\/casadicurareginapacis.com\/wp-content\/uploads\/2017\/12\/immagine.jpg\" alt=\"\" title=\"\" data-at2x=\"\"\/><div class=\"ui--shadow ui--shadow-type-1 ui--shadow-abs clearfix\"><img src=\"https:\/\/casadicurareginapacis.com\/wp-content\/themes\/envision\/includes\/modules\/module.shadow\/shadows\/shadow-1.png\" alt=\"shadow\" \/><\/div><\/div><\/div><div class=\"auto-format ui--animation\"><p><em><strong>Cosa \u00e8?<\/strong><\/em><\/p>\n<p>Il <em>ricovero di sollievo<\/em> \u00e8 un ricovero temporaneo programmato rivolto a due categorie di Pazienti:<\/p>\n<ul>\n<li>Ai Pazienti di ogni et\u00e0, affette da disabilit\u00e0, transitorie o permanenti, dovute a diverse cause e che necessitano di recuperare le funzioni compromesse e  raggiungere il massimo livello di autonomia concesso dalla malattia di base e dalle risorse disponibili, facilitando la partecipazione e l&#8217;inserimento sociale. In questa categoria rientrano tutti quei Pazienti normalmente candidati a riabilitazione funzionale ma per i quali non \u00e8 stato possibile un ricovero riabilitativo convenzionato con il S.S.N. entro i termini previsti dalla Legge oppure non \u00e8 stato sufficiente il periodo di ricovero eseguito presso la stessa oppure altra Struttura, ai fini di una quanto pi\u00f9 completa riabilitazione;<\/li>\n<li>Ai Pazienti che normalmente vengono assistiti presso il proprio domicilio, con lo scopo di garantire un periodo di riposo alle famiglie che scelgono di assistere il Paziente a casa e di non ricorrere al ricovero definitivo, oppure che non possono provvedere all\u2019assistenza per motivi di salute del \u201ccare giver\u201d o per altri motivi contingenti. Questo periodo, seppure limitato, pu\u00f2 essere utile per svolgere attivit\u00e0 di riattivazione, assicurare la vigilanza sanitaria e promuovere il recupero del Paziente dopo un ricovero ospedaliero o in Istituto di Riabilitazione (I.d.R.) o in attesa di un ricovero in ospedale o in I.d.R.<\/li>\n<\/ul>\n<p><em><strong>A chi si rivolge?<\/strong><\/em><br \/>\nI ricoveri di sollievo sono rivolti a (elencazione esemplificativa e non esaustiva):<br \/>\na)\tPazienti provenienti da ricoveri presso altri reparti ospedalieri (cardiologia, neurologia, pneumologia, ortopedia) per i quali non \u00e8 stato possibile un ricovero riabilitativo convenzionato con il S.S.N. entro i termini previsti dalla Legge oppure non \u00e8 stato sufficiente il periodo di ricovero eseguito presso la stessa oppure altra Struttura, ai fini di una quanto pi\u00f9 completa riabilitazione; ;<br \/>\nb)\tPazienti  dimessi dalle divisioni ospedaliere o da un I.d.R. e non immediatamente assistibili a domicilio, che necessitano di convalescenza e\/o riabilitazione.<br \/>\nc)\tPazienti Non Autosufficienti assistiti normalmente in famiglia, che per motivate esigenze dei componenti della famiglia stessa necessitano di periodi brevi di ricovero in struttura protetta;<br \/>\nd)\tPazienti in situazioni di bisogno socio-sanitario in attesa della predisposizione di un appropriato programma assistenziale:;<\/p>\n<p><em><strong>Quanto dura?<\/strong><\/em><br \/>\nIl ricovero di sollievo pu\u00f2 durare da un minimo di 10 giorni a un massimo di 60 giorni, sulla base di progetti assistenziali individuali (P.A.I.). In caso di necessit\u00e0, valutata dall\u2019\u00e9quipe e comunque nel contesto del P.A.I., il termine di 60 giorni pu\u00f2 essere prolungato per ulteriori 30 giorni.<br \/>\nGli interventi vengono effettuati in base ad un &#8220;progetto riabilitativo individuale&#8221; che tiene conto delle condizioni cliniche del paziente, del suo potenziale di recupero, dei bisogni del paziente stesso e dei suoi familiari. Il progetto riabilitativo viene realizzato da un team composto da professionisti con diverse competenze. A seconda della situazione clinica e delle necessit\u00e0 della persona, il trattamento riabilitativo pu\u00f2 essere svolto:<br \/>\n\u2022\tin regime ambulatoriale (il Paziente \u00e8 accolto in degenza nell&#8217;arco della mattina o del pomeriggio);<br \/>\n\u2022\tin regime di ricovero ordinario (il Paziente \u00e8 accolto in degenza sia di giorno che di notte).<\/p>\n<\/div><div class=\"ui--image-wrap clearfix alignright ui--animation text-right ui--block\"><div class=\"ui--image-inline-block\"><img  id=\"ui--image-2\" class=\"ui--image\" src=\"https:\/\/casadicurareginapacis.com\/wp-content\/uploads\/2017\/12\/Header-400x300.jpg\" alt=\"\" title=\"\" data-at2x=\"\" width=\"400\" height=\"300\"\/><div class=\"ui--shadow ui--shadow-type-1 ui--shadow-abs clearfix\"><img src=\"https:\/\/casadicurareginapacis.com\/wp-content\/themes\/envision\/includes\/modules\/module.shadow\/shadows\/shadow-1.png\" alt=\"shadow\" \/><\/div><\/div><\/div><div class=\"auto-format ui--animation\"><p><em><strong>Come si accede al servizio?<\/strong><\/em><br \/>\nLa domanda di ricovero di sollievo deve essere inoltrata a: <a href=\"urp@casadicurareginapacis.com\" target=\"_blank\">urp@casadicurareginapacis.com<\/a>. Tale richiesta viene valutata dagli uffici competenti per l\u2019accettazione e la valutazione. La Direzione Sanitaria si riserva di valutare insindacabilmente l\u2019appropriatezza e l\u2019accoglibilit\u00e0 delle domande pervenute.<\/p>\n<p><em><strong>Quanto costa?<\/strong><\/em><br \/>\n La retta di degenza \u00e8 interamente a carico del ricoverato, della sua famiglia o dei terzi obbligati. L\u2019importo viene stabilito annualmente dal Consiglio di Amministrazione. Per l\u2019anno 2017 la retta \u00e8 determinata come segue:<br \/>\n\u2022\teuro 100,00 (cento) al giorno per singolo ricovero in regime ambulatoriale. La retta mensile (o frazioni inferiori) deve essere versata mediante bonifico sul conto corrente bancario o postale intestato anticipatamente al ricovero o, nei ricoveri di durata superiore al mese, con rate mensili anticipate (entro 3 giorni dal ricovero). In caso di ricovero ospedaliero intercorrente la retta verr\u00e0 ridotta di euro 10 (dieci) al giorno;<br \/>\n\u2022\teuro 120,00 (cento) al giorno per singolo ricovero in regime ordinario. La retta mensile (o frazioni inferiori) deve essere versata mediante bonifico sul conto corrente bancario o postale intestato anticipatamente al ricovero o, nei ricoveri di durata superiore al mese, con rate mensili anticipate (entro 3 giorni dal ricovero). In caso di ricovero ospedaliero intercorrente la retta verr\u00e0 ridotta di euro 10 (dieci) al giorno.<br \/>\n\u2022\tNel caso in cui il ricoverato o la sua famiglia decidano di interrompere la degenza prima del termine concordato, le rette gi\u00e0 pagate non verranno restituite, salvo che nei casi seguenti:<br \/>\no\tin caso di decesso dell\u2019Ospite, per il periodo successivo al decesso;<br \/>\no\tin caso di ricovero dell\u2019Ospite in altra struttura, se e nella misura in cui altra persona venga accolta nel posto letto liberato anticipatamente. In queste fattispecie, per il periodo in cui il posto letto destinato al ricovero di sollievo resta libero, la retta di degenza verr\u00e0 ridotta di euro 10 al giorno.<\/p>\n<p><em><strong>Cosa prevede questo servizio?<\/strong><\/em><br \/>\nIl \u201cricovero di sollievo\u201d si ha in regime di autorizzazione al funzionamento da parte dell\u2019A.S.L. competente e non di accreditamento. Conseguentemente le persone ricoverate mantengono il proprio Medico di Medicina Generale (Medico di Famiglia o di base) e l\u2019iscrizione al Servizio Sanitario Regionale \u2013 S.S.R.<br \/>\nI familiari devono provvedere prima del ricovero a fornire al reparto i farmaci e i materiali sanitari necessari, i presidi per l\u2019incontinenza (pannoloni), gli articoli di protesica e quant\u2019altro sia a carico del S.S.R. Durante il ricovero, invece, i farmaci e i presidi per l\u2019incontinenza (pannoloni) saranno forniti dalla Struttura, con eccezione dei farmaci\/dispositivi erogati con piano terapeutico, per i quali i familiari dovranno provvedere su segnalazione del reparto.<br \/>\nSono compresi nella retta:<br \/>\n&#8211;\tAssistenza alberghiera;<br \/>\n&#8211;\tAssistenza di base, che prevede la presenza di un care-giver personalizzato 24h\/24.<br \/>\n&#8211;\tAssistenza farmaceutica, medica e infermieristica, queste ultime limitatamente al controllo e all\u2019attuazione delle prescrizioni del Medico di Medicina Generale (Medico di Famiglia) ;<br \/>\n&#8211;\tConsulenza fisiatrica, neurologica, pneumologica, chirurgica;<br \/>\n&#8211;\tFisioterapia (con trattamenti quotidiani al bisogno);<br \/>\n&#8211;\tServizio religioso;<br \/>\n&#8211;\tConsulenza da parte dello Psicologo.<br \/>\nNon \u00e8 compreso nella retta tutto ci\u00f2 che non risulta sopra elencato.<\/p>\n<\/div>","protected":false},"excerpt":{"rendered":"<p>Cosa \u00e8? Il ricovero di sollievo \u00e8 un ricovero temporaneo programmato rivolto a due categorie di Pazienti: Ai Pazienti di ogni et\u00e0, affette da disabilit\u00e0, transitorie o permanenti, dovute a diverse cause e che necessitano di recuperare le funzioni compromesse e raggiungere il massimo livello di autonomia concesso dalla malattia di base e dalle risorse [&hellip;]<\/p>\n","protected":false},"author":1,"featured_media":0,"parent":0,"menu_order":0,"comment_status":"closed","ping_status":"closed","template":"","meta":[],"_links":{"self":[{"href":"https:\/\/casadicurareginapacis.com\/en\/wp-json\/wp\/v2\/pages\/5827\/"}],"collection":[{"href":"https:\/\/casadicurareginapacis.com\/en\/wp-json\/wp\/v2\/pages\/"}],"about":[{"href":"https:\/\/casadicurareginapacis.com\/en\/wp-json\/wp\/v2\/types\/page\/"}],"author":[{"embeddable":true,"href":"https:\/\/casadicurareginapacis.com\/en\/wp-json\/wp\/v2\/users\/1\/"}],"replies":[{"embeddable":true,"href":"https:\/\/casadicurareginapacis.com\/en\/wp-json\/wp\/v2\/comments\/?post=5827"}],"version-history":[{"count":1,"href":"https:\/\/casadicurareginapacis.com\/en\/wp-json\/wp\/v2\/pages\/5827\/revisions\/"}],"predecessor-version":[{"id":44426,"href":"https:\/\/casadicurareginapacis.com\/en\/wp-json\/wp\/v2\/pages\/5827\/revisions\/44426\/"}],"wp:attachment":[{"href":"https:\/\/casadicurareginapacis.com\/en\/wp-json\/wp\/v2\/media\/?parent=5827"}],"curies":[{"name":"wp","href":"https:\/\/api.w.org\/{rel}","templated":true}]}}