{"id":5847,"date":"2018-06-25T10:05:29","date_gmt":"2018-06-25T08:05:29","guid":{"rendered":"https:\/\/casadicurareginapacis.com\/why-choose-an-integrative-health-care\/"},"modified":"2024-01-12T12:27:59","modified_gmt":"2024-01-12T10:27:59","slug":"why-choose-an-integrative-health-care","status":"publish","type":"page","link":"https:\/\/casadicurareginapacis.com\/en\/why-choose-an-integrative-health-care\/","title":{"rendered":"Why choose an integrative health care?"},"content":{"rendered":"<div  class=\"ui--space clearfix\" data-responsive=\"{&quot;css&quot;:{&quot;height&quot;:{&quot;phone&quot;:null,&quot;tablet&quot;:null,&quot;widescreen&quot;:null}}}\"><\/div><div class=\"ui-row row\">\n <div   class=\"ui-column span6\"><div class=\"ui--image-wrap clearfix\"><img  id=\"ui--image-1\" class=\"ui--image ui--animation\" src=\"https:\/\/casadicurareginapacis.com\/wp-content\/uploads\/2017\/07\/casa-di-cura-imma-2.jpg\" alt=\"\" title=\"\" data-at2x=\"\"\/><\/div><\/div> \n\n<\/div> \n<div class=\"ui--title ui--animation ui--title-bordered text-left\"><div class=\"ui--title-holder\"><h2 class=\"ui--title-text\"><strong>Perch\u00e8 scegliere una assistenza sanitaria integrativa?<\/strong><\/h2><div class=\"ui--title-borders ui--title-border-left\"><\/div><div class=\"ui--title-borders ui--title-border-right\"><\/div><\/div><\/div><div class=\"auto-format ui--animation\"><p>Alcuni pazienti ci chiedono se sia importante stipulare un contratto di assicurazione per ricevere una assistenza sanitaria integrativa.<br \/>\nCi siamo sempre espressi a favore per queste forme di assitenza per i seguenti motivi:<br \/>\n1) In Italia con la legge n. 833 del 23 dicembre 1978 \u00e8 stato istituito il Servizio Sanitario Nazionale. Questa riforma sanitaria \u00e8 stata un progetto molto ambizioso e venne attuata a partire dal 1\u00b0 luglio 1980. Pochi ricorderanno che uno dei principi fondamentali di questa riforma \u00e8 stato che l&#8217;assistenza sanitaria \u00e8 un diritto (art. 32 della Costituzione) e pertanto doveva essere gratuita per tutti. Dopo pochi anni la gratuit\u00e0 delle prestazione fu limitata ai meno abbienti. Quindi da prestazioni completamente gratuite si pass\u00f2 presto a prestazioni con una compartecipazione alla spesa (introduzione dei tickets).<br \/>\nCol passare degli anni questa compartecipazione divent\u00f2 sempre pi\u00f9 onerosa per il cittadino di medio reddito. Poi aumentarono i tipi di farmaci e gli esami diagnostici posti a totale carico dell&#8217;assistito. Oggi esistono dei laboratori di analisi cliniche che sono molto concorrenziali col SSN. Ci sono prestazioni dove persone che pagherebbero il massimo del ticket spendono meno a fare gli esami a pagamento e non con la prescrizione del medico di base. E&#8217; evidente che la prescrizione da parte del medico di base \u00e8 un limite per il cittadino in quanto spesso deve fare attese non brevi e, a volte, non ottiene nemmeno la prescrizione richiesta perch\u00e8 il medico non \u00e8 obbligato a prescrivere tutto ci\u00f2 che il paziente chiede. Questo principio \u00e8 giusto, ma in parecchi casi sono i pazienti stessi ad autoprescriversi esami e il medico si trova frenato da limiti che gli vengono imposti;<\/p>\n<p>2) Alle prestazioni onerose si aggiunge un altro problema di non facile soluzione, cio\u00e8 quello delle liste di attesa.<br \/>\nIl Servizio Sanitario Nazionale \u00e8 un sistema gigantesco, poco flessibile in rapporto alle esigenze degli utenti. La richiesta di prestazioni ha sempre avuto per molte specialit\u00e0 un andamento variabile, \u00e8 molto elevata nel periodo autunno &#8211; inverno e inizio primavera per poi calare sensibilmente durante l&#8217;estate. Il Servizio Pubblico \u00e8 poco incline ad accogliere questo fenomeno e spesso capita che nei mesi di alta morbilit\u00e0 come Dicembre &#8211; Gennaio ed anche oltre le liste di attesa si allungano. Gli utenti con disponibilit\u00e0 economiche cercano di rimediare rivolgendosi alla sanit\u00e0 privata.<br \/>\nLe forme di Assistenza Sanitaria Integrativa hanno proprio questo scopo, cercare di rendere meno oneroso il rivolgersi a medici liberi professionisti privati.<\/p>\n<p>Si sono sviluppate molte forme di assicurazione le quali stipulano per i loro assistiti dei contratti di convenzione con le principali strutture sanitarie private.<\/p>\n<p>L&#8217;accesso alle prestazioni (visite ed esami) ed anche agli interventi chirurgici pu\u00f2 essere in forma diretta o indiretta:<br \/>\n&#8211; Per accesso diretto s&#8217;intende che la prestazione sanitaria sar\u00e0 pagato direttamente dalla Compagnia Assicuratrice al Centro Specialistico o alla Casa di Cura convenzionata.<br \/>\n&#8211; L&#8217;accesso indiretto \u00e8 stabilito sulla base di un tariffario formulato dalla Compagnia. Ad esempio: ipotizziamo che l&#8217;assicurazione X abbia stabilito che rimborser\u00e0 per una rinosettoplastica fino ad euro 5.000,00. Se voi vi sottoporrete ad una rinosettoplastica con l&#8217;accordo di pagare euro 4.700,00 presentando la parcella sanitaria la Compagnia X vi rimborser\u00e0 integralmente. Se vi farete operare in un altra struttura, da un altro chirurgo, dove pagherete \u20ac 8.000,00 voi sarete rimborsati solo per \u20ac 5.000,00. In quest&#8217;ultima ipotesi tremila euro resteranno a vostro carico. Questi tremila euro non saranno proprio un costo perch\u00e8 le quote non rimborsate dalle assicurazioni potranno essere detratte come spese sanitarie nella denuncia dei redditi.<\/p>\n<p>Oggi tutte le principali Compagnie di Assicurazione ed anche molti istituti bancari hanno un servizio dedicato alla gestione dell&#8217;assistenza sanitaria integrativa.<br \/>\nRiteniamo che questa assistenza sia utile, soprattutto per coloro che non vogliono perdere tempo in inutili attese e che non vogliono entrare in un labirinto burocratico dove non sempre si ottiene agevolmente ci\u00f2 di cui si ha bisogno. Il mio orientamento \u00e8 che in un prossimo futuro la situazione tender\u00e0 ad essere sempre pi\u00f9 sfavorevole per i cittadini con reddito medio-alto, soprattutto per le prestazioni chirurgiche.<br \/>\nCredo che l&#8217;esigenza di molti sia quella di poter ricevere una prestazione specialistica nell&#8217;arco di una settimana e se c&#8217;\u00e8 la necessit\u00e0 di un intervento elettivo questo dovrebbe essere eseguito in meno di tre\/quattro mesi. Purtroppo questi tempi non sono realizzabili per il SSN, se non in poche e circoscritte attivit\u00e0.<\/p>\n<p>Sul futuro della sanit\u00e0 incidono problemi importanti di macroeconomia. La spesa sanitaria \u00e8 la maggior spesa del bilancio dello Stato, l&#8217;insicurezza economica \u00e8 un argomento di cui si parla tutti i giorni. E&#8217; logico prevedere un inasprimento dei costi ed una riduzione delle prestazioni offerte ai cittadini. Per questi motivi, stipulare un&#8217;assicurazione per ricevere una assistenza sanitaria integrativa pu\u00f2 essere importante.<\/p>\n<\/div><div  class=\"ui--space clearfix\" data-responsive=\"{&quot;css&quot;:{&quot;height&quot;:{&quot;phone&quot;:null,&quot;tablet&quot;:null,&quot;widescreen&quot;:null}}}\"><\/div>","protected":false},"excerpt":{"rendered":"<p>Perch\u00e8 scegliere una assistenza sanitaria integrativa?Alcuni pazienti ci chiedono se sia importante stipulare un contratto di assicurazione per ricevere una assistenza sanitaria integrativa. Ci siamo sempre espressi a favore per queste forme di assitenza per i seguenti motivi: 1) In Italia con la legge n. 833 del 23 dicembre 1978 \u00e8 stato istituito il Servizio [&hellip;]<\/p>\n","protected":false},"author":1,"featured_media":0,"parent":0,"menu_order":0,"comment_status":"closed","ping_status":"closed","template":"","meta":[],"_links":{"self":[{"href":"https:\/\/casadicurareginapacis.com\/en\/wp-json\/wp\/v2\/pages\/5847\/"}],"collection":[{"href":"https:\/\/casadicurareginapacis.com\/en\/wp-json\/wp\/v2\/pages\/"}],"about":[{"href":"https:\/\/casadicurareginapacis.com\/en\/wp-json\/wp\/v2\/types\/page\/"}],"author":[{"embeddable":true,"href":"https:\/\/casadicurareginapacis.com\/en\/wp-json\/wp\/v2\/users\/1\/"}],"replies":[{"embeddable":true,"href":"https:\/\/casadicurareginapacis.com\/en\/wp-json\/wp\/v2\/comments\/?post=5847"}],"version-history":[{"count":1,"href":"https:\/\/casadicurareginapacis.com\/en\/wp-json\/wp\/v2\/pages\/5847\/revisions\/"}],"predecessor-version":[{"id":5848,"href":"https:\/\/casadicurareginapacis.com\/en\/wp-json\/wp\/v2\/pages\/5847\/revisions\/5848\/"}],"wp:attachment":[{"href":"https:\/\/casadicurareginapacis.com\/en\/wp-json\/wp\/v2\/media\/?parent=5847"}],"curies":[{"name":"wp","href":"https:\/\/api.w.org\/{rel}","templated":true}]}}