{"id":5852,"date":"2018-06-25T13:47:14","date_gmt":"2018-06-25T11:47:14","guid":{"rendered":"https:\/\/casadicurareginapacis.com\/what-are-health-insurance-policies\/"},"modified":"2024-01-12T12:27:37","modified_gmt":"2024-01-12T10:27:37","slug":"what-are-health-insurance-policies","status":"publish","type":"page","link":"https:\/\/casadicurareginapacis.com\/en\/what-are-health-insurance-policies\/","title":{"rendered":"What are health insurance policies?"},"content":{"rendered":"<div class=\"ui--title ui--animation ui--title-bordered text-left\"><div class=\"ui--title-holder\"><h2 class=\"ui--title-text\"><strong>What are health insurance policies?<\/strong><\/h2><div class=\"ui--title-borders ui--title-border-left\"><\/div><div class=\"ui--title-borders ui--title-border-right\"><\/div><\/div><\/div><div class=\"ui-row row\">\n <div   class=\"ui-column span6\"><div class=\"ui--image-wrap clearfix alignleft ui--animation text-left ui--block\"><div class=\"ui--image-inline-block\"><img  id=\"ui--image-1\" class=\"ui--image\" src=\"https:\/\/casadicurareginapacis.com\/wp-content\/uploads\/2017\/07\/Casa-di-cura-imma-1-1.jpg\" alt=\"\" title=\"\" data-at2x=\"\"\/><div class=\"ui--shadow ui--shadow-type-1 ui--shadow-abs clearfix\"><img src=\"https:\/\/casadicurareginapacis.com\/wp-content\/themes\/envision\/includes\/modules\/module.shadow\/shadows\/shadow-1.png\" alt=\"shadow\" \/><\/div><\/div><\/div><\/div> \n\n<\/div> \n<div class=\"auto-format ui--animation\"><p>Una polizza sanitaria \u00e8 una forma di assicurazione complementare atta a \u201ccompensare\u201d l\u2019assistenza fornita dal Sistema Sanitario Nazionale.<br \/>\nNon \u00e8 un segreto che in Italia, a fronte di prestazioni che vengono \u201cpassate\u201d dal Sistema Sanitario, ce ne siano altre che si devono pagare per intero. A ci\u00f2 si aggiungano i tempi di attesa, le medicine che nella maggior parte dei casi si pagano, la mancanza di convenzioni per alcune tipologie di prestazioni. Ed ecco che purtroppo curarsi spesso diviene difficile perch\u00e9 troppo oneroso. A questo punto entrano in gioco le polizze sanitarie che, a fronte del pagamento di un premio, garantiscono la copertura delle spese di prestazioni, di medicine, di cure etc. Nei Paesi dove l\u2019assistenza sanitaria non \u00e8 prevista, un esempio su tutti gli Stati Uniti, queste polizze sono ovviamente molto diffuse poich\u00e9 costituiscono l\u2019unico modo di curarsi senza mettere mano al portafogli al momento del pagamento di una determinata prestazione (perch\u00e9 si \u00e8 sottoscritta una polizza che garantisce il pagamento delle diverse prestazioni) .<\/p>\n<p><strong>La polizza salute pu\u00f2 essere:<\/strong><br \/>\n\u2022 A indennit\u00e0 giornaliera per consentire di integrare il reddito che viene a mancare per l\u2019impossibilit\u00e0 di lavorare. Questa polizza garantisce una somma di denaro per ogni giorno di convalescenza o di degenza.<br \/>\n\u2022 A copertura completa e prevede, entro il limite stabilito dal massimale, un rimborso per tutti i costi sostenuti<br \/>\n\u2022 Per interventi chirurgici, che garantisce il rimborso in caso di interventi e ricoveri.<\/p>\n<p><strong>Cosa coprono le assicurazioni sanitarie?<\/strong><br \/>\nLe polizze malattia coprono diverse spese relative alla salute, ovviamente tutto dipende dalla tipologia di polizza che si sottoscrive, dalla compagnia di assicurazione, dal premio che si versa. Generalmente le polizze sanitarie coprono:<br \/>\n\u2022 Le spese di ricovero, di degenza, le cure, la fisioterapia e la riabilitazione;<br \/>\n\u2022 Gli acquisti di medicinali durante il ricovero;<br \/>\n\u2022 Gli accertamenti diagnostici legati a una malattia o a un infortunio;<br \/>\n\u2022 Prestazioni mediche chirurgiche;<br \/>\n\u2022 Controlli medici ed esami di laboratorio;<br \/>\n\u2022 Cure dentistiche ma solo conseguenti a gravi malattie ed infortuni;<br \/>\n\u2022 Interventi di chirurgia estetica o plastica conseguenti a gravi malattie o incidenti<br \/>\n\u2022 Tutela legale;<br \/>\n\u2022 Fisioterapia;<br \/>\n\u2022 Acquisto di ausili medici e protesi;<br \/>\n\u2022 Prestazioni infermieristiche.<\/p>\n<p>Si possono aggiungere le seguenti prestazioni:<br \/>\n\u2022 Trapianti, spese di trasporto;<br \/>\n\u2022 Day hospital;<br \/>\n\u2022 Cure neonatali;<br \/>\n\u2022 Spese per parti;<br \/>\n\u2022 Consulti medici telefonici;<br \/>\n\u2022 Vaccinazioni;<br \/>\n\u2022 Check up periodici.<\/p>\n<p>Generalmente le polizze sanitarie non comprendono:<br \/>\n\u2022 cure dentarie (tranne qualche contratto che prevede l\u2019ablazione del tartaro e, pi\u00f9 in generale, gli interventi ai denti derivanti da infortuni e tumori maligni);<br \/>\n\u2022 gli interventi estetici;<br \/>\n\u2022 le cure dietologiche;<br \/>\n\u2022 le correzioni di difetti fisici;<br \/>\n\u2022 gli infortuni derivanti da abuso di alcol, stupefacenti, allucinogeni e psicofarmaci;<br \/>\n\u2022 Malattie causate da tossicodipendenza o alcolismo;<br \/>\n\u2022 Disagi psichiatrici;<br \/>\n\u2022 Visite pediatriche;<br \/>\n\u2022 Interventi non legati a motivi di salute;<br \/>\n\u2022 Aborto non terapeutico.<\/p>\n<p>E\u2019 opportuno essere corretti e precisi nel compilare il questionario che generalmente viene richiesto quando si sottoscrive una polizza sanitaria, eventualmente \u00e8 opportuno fare un colloquio con il proprio medico curante che potr\u00e0 aiutarci ad ricordare ultimi accertamenti effettuati, eventuali malattie diagnosticate, pregresse malattie curate etc. Questo perch\u00e9, anche se fatto involontariamente, un errore o un\u2019omissione potrebbe comportare la perdita (totale o parziale) del diritto all\u2019indennizzo.<\/p>\n<p><strong>Come trovare la polizza salute che fa al caso nostro?<\/strong><br \/>\nAttenzione alle clausole:<br \/>\nAlcune compagnie prevedono ancora limiti di et\u00e0 entro i quali stipulare la polizza (dai 55 ai 75 anni). In alcuni casi si rischia dunque di non avere la copertura proprio quando serve di pi\u00f9.<br \/>\nOccorre optare per compagnie che prevedono polizze con la formula a vita intera, ossia fino alla morte dell\u2019assicurato.<br \/>\nCi sono compagnie che prevedono una clausola di aggravamento del rischio. In sostanza l\u2019assicurato deve comunicare immediatamente all\u2019assicurazione qualsiasi fattore che faccia variare il suo rischio malattia (un aggravamento, una diagnosi infausta etc), e la compagnia avr\u00e0 la possibilit\u00e0 di recedere entro un mese. Anche questa clausola \u00e8 ovviamente da evitare.<\/p>\n<p>Chi non pu\u00f2 sottoscrivere una polizza salute?<br \/>\nSono previste determinate categorie di persone che non possono sottoscrivere una polizza salute: tossicodipendenti, malati di Hiv, alcolisti e, solo per alcune, per fortuna rare, compagnie di assicurazione, anche gli insulino-dipendenti, se lo si diventa in corso del contatto, l\u2019assicurazione receder\u00e0 e restituir\u00e0 il premio versato al netto delle imposte.<\/p>\n<\/div><div  class=\"ui--space clearfix\" data-responsive=\"{&quot;css&quot;:{&quot;height&quot;:{&quot;phone&quot;:null,&quot;tablet&quot;:null,&quot;widescreen&quot;:null}}}\"><\/div>","protected":false},"excerpt":{"rendered":"<p>What are health insurance policies? Una polizza sanitaria \u00e8 una forma di assicurazione complementare atta a \u201ccompensare\u201d l\u2019assistenza fornita dal Sistema Sanitario Nazionale. Non \u00e8 un segreto che in Italia, a fronte di prestazioni che vengono \u201cpassate\u201d dal Sistema Sanitario, ce ne siano altre che si devono pagare per intero. A ci\u00f2 si aggiungano i [&hellip;]<\/p>\n","protected":false},"author":1,"featured_media":0,"parent":0,"menu_order":0,"comment_status":"closed","ping_status":"closed","template":"","meta":[],"_links":{"self":[{"href":"https:\/\/casadicurareginapacis.com\/en\/wp-json\/wp\/v2\/pages\/5852\/"}],"collection":[{"href":"https:\/\/casadicurareginapacis.com\/en\/wp-json\/wp\/v2\/pages\/"}],"about":[{"href":"https:\/\/casadicurareginapacis.com\/en\/wp-json\/wp\/v2\/types\/page\/"}],"author":[{"embeddable":true,"href":"https:\/\/casadicurareginapacis.com\/en\/wp-json\/wp\/v2\/users\/1\/"}],"replies":[{"embeddable":true,"href":"https:\/\/casadicurareginapacis.com\/en\/wp-json\/wp\/v2\/comments\/?post=5852"}],"version-history":[{"count":1,"href":"https:\/\/casadicurareginapacis.com\/en\/wp-json\/wp\/v2\/pages\/5852\/revisions\/"}],"predecessor-version":[{"id":44452,"href":"https:\/\/casadicurareginapacis.com\/en\/wp-json\/wp\/v2\/pages\/5852\/revisions\/44452\/"}],"wp:attachment":[{"href":"https:\/\/casadicurareginapacis.com\/en\/wp-json\/wp\/v2\/media\/?parent=5852"}],"curies":[{"name":"wp","href":"https:\/\/api.w.org\/{rel}","templated":true}]}}