{"id":5856,"date":"2018-06-25T13:55:26","date_gmt":"2018-06-25T11:55:26","guid":{"rendered":"https:\/\/casadicurareginapacis.com\/traditional-radiography\/"},"modified":"2024-01-12T12:12:25","modified_gmt":"2024-01-12T10:12:25","slug":"traditional-radiography","status":"publish","type":"page","link":"https:\/\/casadicurareginapacis.com\/en\/traditional-radiography\/","title":{"rendered":"Traditional radiography"},"content":{"rendered":"<div class=\"ui--image-wrap clearfix alignleft ui--animation text-left ui--block\"><div class=\"ui--image-inline-block\"><img  id=\"ui--image-1\" class=\"ui--image\" src=\"https:\/\/casadicurareginapacis.com\/wp-content\/uploads\/2017\/10\/i282882364561317670._szw565h2600-600x300.jpg\" alt=\"\" title=\"\" data-at2x=\"\" width=\"600\" height=\"300\"\/><div class=\"ui--shadow ui--shadow-type-1 ui--shadow-abs clearfix\"><img src=\"https:\/\/casadicurareginapacis.com\/wp-content\/themes\/envision\/includes\/modules\/module.shadow\/shadows\/shadow-1.png\" alt=\"shadow\" \/><\/div><\/div><\/div><div class=\"auto-format ui--animation\"><p><em>Che cos&#8217;\u00e8 la radiografia?<\/em><br \/>\n\u00c8 un esame mediante il quale si ottiene un&#8217;immagine delle parti del corpo investite dai raggi x (radiazioni ionizzanti).<\/p>\n<p><em>A cosa serve la radiografia?<\/em><br \/>\n\u00c8 uno degli esami diagnostici pi\u00f9 comuni e di pi\u00f9 antica data. Molto diffuso \u00e8 il suo impiego nella valutazione del torace (possibilit\u00e0 di evidenziare focolai infettivi, quadri di congestione polmonare, versamenti pleurici) e di tutto l\u2019apparato osteoarticolare (identificazione di fratture, tumori ossei, valutazione dell\u2019osteoartrosi).<\/p>\n<p><em>Sono previste norme di preparazione?<\/em><br \/>\nPer sottoporsi a una radiografia generalmente non \u00e8 richiesta alcuna preparazione specifica. Per eseguire l\u2019esame \u00e8 necessario che il paziente si tolga gli indumenti indossati ed eventuali oggetti metallici presenti nella regione da esaminare.<\/p>\n<p><em>Chi pu\u00f2 effettuare l&#8217;esame?<\/em><br \/>\nNon esistono particolari restrizioni nel sottoporsi a questo tipo di esame. Le donne in et\u00e0 fertile devono essere in grado di escludere con certezza la presenza di una gravidanza: le radiazioni ionizzanti possono infatti essere dannose per il feto. In caso di gravidanza l\u2019indagine viene eseguita solo se assolutamente necessaria e non sostituibile con altre metodiche che non facciano uso di radiazioni ionizzanti.<\/p>\n<p><em>La radiografia \u00e8 dolorosa o pericolosa?<\/em><br \/>\nLa radiografia non \u00e8 dolorosa: i raggi x non provocano alcuna sensazione quando passano attraverso il corpo. Le radiazioni ionizzanti comportano per\u00f2 un effetto biologico sui tessuti che attraversano: nonostante la dose di radiazioni per ogni singola radiografia sia molto bassa, ciascun esame radiologico deve essere giustificato da un preciso quesito diagnostico non risolvibile con altre metodiche.<\/p>\n<p><em>Come funziona?<\/em><br \/>\nPer ottenere le immagini radiografiche di una precisa parte anatomica il paziente viene posizionato su un apposito tavolo e investito da un fascio di raggi x. L&#8217;esame si basa sulla capacit\u00e0 dei raggi x di impressionare una pellicola fotografica con diversa intensit\u00e0 a seconda dell\u2019assorbimento da essi subito nel passaggio attraverso i diversi tessuti.<\/p>\n<\/div><a class=\"btn btn-normal btn-icon-left btn-primary ui--animation\" href=\"https:\/\/casadicurareginapacis.com\/prenotazione\/booking\/\" style=\"\">Book on-line<\/a> ","protected":false},"excerpt":{"rendered":"<p>Che cos&#8217;\u00e8 la radiografia? \u00c8 un esame mediante il quale si ottiene un&#8217;immagine delle parti del corpo investite dai raggi x (radiazioni ionizzanti). A cosa serve la radiografia? \u00c8 uno degli esami diagnostici pi\u00f9 comuni e di pi\u00f9 antica data. Molto diffuso \u00e8 il suo impiego nella valutazione del torace (possibilit\u00e0 di evidenziare focolai infettivi, [&hellip;]<\/p>\n","protected":false},"author":1,"featured_media":0,"parent":0,"menu_order":0,"comment_status":"closed","ping_status":"closed","template":"","meta":[],"_links":{"self":[{"href":"https:\/\/casadicurareginapacis.com\/en\/wp-json\/wp\/v2\/pages\/5856\/"}],"collection":[{"href":"https:\/\/casadicurareginapacis.com\/en\/wp-json\/wp\/v2\/pages\/"}],"about":[{"href":"https:\/\/casadicurareginapacis.com\/en\/wp-json\/wp\/v2\/types\/page\/"}],"author":[{"embeddable":true,"href":"https:\/\/casadicurareginapacis.com\/en\/wp-json\/wp\/v2\/users\/1\/"}],"replies":[{"embeddable":true,"href":"https:\/\/casadicurareginapacis.com\/en\/wp-json\/wp\/v2\/comments\/?post=5856"}],"version-history":[{"count":1,"href":"https:\/\/casadicurareginapacis.com\/en\/wp-json\/wp\/v2\/pages\/5856\/revisions\/"}],"predecessor-version":[{"id":44443,"href":"https:\/\/casadicurareginapacis.com\/en\/wp-json\/wp\/v2\/pages\/5856\/revisions\/44443\/"}],"wp:attachment":[{"href":"https:\/\/casadicurareginapacis.com\/en\/wp-json\/wp\/v2\/media\/?parent=5856"}],"curies":[{"name":"wp","href":"https:\/\/api.w.org\/{rel}","templated":true}]}}