{"id":5857,"date":"2018-06-25T13:57:16","date_gmt":"2018-06-25T11:57:16","guid":{"rendered":"https:\/\/casadicurareginapacis.com\/ultrasound\/"},"modified":"2024-01-12T12:27:00","modified_gmt":"2024-01-12T10:27:00","slug":"ultrasound","status":"publish","type":"page","link":"https:\/\/casadicurareginapacis.com\/en\/ultrasound\/","title":{"rendered":"Ultrasound"},"content":{"rendered":"<div class=\"ui--image-wrap clearfix alignleft ui--animation text-left ui--block\"><div class=\"ui--image-inline-block\"><img  id=\"ui--image-1\" class=\"ui--image\" src=\"https:\/\/casadicurareginapacis.com\/wp-content\/uploads\/2017\/10\/70354-9862710.jpg\" alt=\"\" title=\"\" data-at2x=\"\"\/><div class=\"ui--shadow ui--shadow-type-1 ui--shadow-abs clearfix\"><img src=\"https:\/\/casadicurareginapacis.com\/wp-content\/themes\/envision\/includes\/modules\/module.shadow\/shadows\/shadow-1.png\" alt=\"shadow\" \/><\/div><\/div><\/div><div class=\"auto-format ui--animation\"><p><em>Che cos\u2019\u00e8 l\u2019ecografia?<\/em><br \/>\nL\u2019ecografia \u00e8 una tecnica di diagnostica per immagini di semplice esecuzione, di cui si avvalgono numerosi specialisti che si rivolgono al medico ecografista per un approfondimento utile alla diagnosi. L&#8217;ecografia si avvale degli ultrasuoni per ottenere un&#8217;immagine precisa degli organi indagati.<br \/>\nSe in origine l\u2019ecografia veniva usata prevalentemente in campo internistico e ginecologico, oggi \u00e8 un esame di routine fondamentale cui si ricorre spesso in ambito diagnostico (internistico, chirurgico, ginecologico, endocrinologico, urologico, ostetrico, ortopedico).<\/p>\n<p><em>A cosa serve l\u2019ecografia?<\/em><br \/>\nIl campo di applicazione dell&#8217;ecografia \u00e8 vastissimo, \u00e8 un esame che consente di acquisire immagini degli organi osservati. A parte per esempio le ossa, che non sono visibili, tutto il resto \u00e8 chiaramente osservabile: l&#8217;ecografia mostra tutto ci\u00f2 che \u00e8 di consistenza parenchimale (il fegato, i reni) e tutto ci\u00f2 che \u00e8 liquido (vescica, cisti, ematomi).<br \/>\nL&#8217;ecografia non ha solo uno scopo diagnostico, viene infatti utilizzata moltissimo come guida per manovre di tipo interventistico: biopsie, drenaggi di ascessi, posizionamento di cateteri. Si tratta di interventi effettuati dal medico ecografista con la collaborazione del chirurgo, dell&#8217;epatologo o dello specialista che invia il paziente all&#8217;intervento.<\/p>\n<p><em>Sono previste norme di preparazione?<\/em><br \/>\nL&#8217;ecografia \u00e8 un esame che non richiede alcun tipo di preparazione specifica del paziente; possono essere utili alcuni semplici accorgimenti che vengono spiegati al momento della prenotazione, quali digiunare o bere abbondantemente prima di sottoporsi all&#8217;esame.<\/p>\n<p><em>Chi pu\u00f2 effettuare l\u2019ecografia?<\/em><br \/>\nNon esistono limitazioni o controindicazioni nel sottoporsi a questo esame.<br \/>\nL\u2019ecografia \u00e8 dolorosa o pericolosa?<br \/>\n\u00c8 ormai assodato che gli ultrasuoni sono innocui per l&#8217;organismo; non esistono dunque limitazioni o controindicazioni nel sottoporsi a questo tipo di esame.<\/p>\n<p><em>Come funziona l\u2019ecografia?<\/em><br \/>\nTramite una sonda che invia ultrasuoni (appoggiata sul corpo del paziente o, in determinate ecografie, inserita ad esempio in vagina o nell&#8217;ano) il medico ecografista \u00e8 in grado di &#8220;vedere&#8221; all&#8217;interno del corpo umano.<\/p>\n<\/div><a class=\"btn btn-normal btn-icon-left btn-primary ui--animation\" href=\"https:\/\/casadicurareginapacis.com\/booking\/\" style=\"\">Book on-line<\/a> ","protected":false},"excerpt":{"rendered":"<p>Che cos\u2019\u00e8 l\u2019ecografia? L\u2019ecografia \u00e8 una tecnica di diagnostica per immagini di semplice esecuzione, di cui si avvalgono numerosi specialisti che si rivolgono al medico ecografista per un approfondimento utile alla diagnosi. L&#8217;ecografia si avvale degli ultrasuoni per ottenere un&#8217;immagine precisa degli organi indagati. Se in origine l\u2019ecografia veniva usata prevalentemente in campo internistico e [&hellip;]<\/p>\n","protected":false},"author":1,"featured_media":0,"parent":0,"menu_order":0,"comment_status":"closed","ping_status":"closed","template":"","meta":[],"_links":{"self":[{"href":"https:\/\/casadicurareginapacis.com\/en\/wp-json\/wp\/v2\/pages\/5857\/"}],"collection":[{"href":"https:\/\/casadicurareginapacis.com\/en\/wp-json\/wp\/v2\/pages\/"}],"about":[{"href":"https:\/\/casadicurareginapacis.com\/en\/wp-json\/wp\/v2\/types\/page\/"}],"author":[{"embeddable":true,"href":"https:\/\/casadicurareginapacis.com\/en\/wp-json\/wp\/v2\/users\/1\/"}],"replies":[{"embeddable":true,"href":"https:\/\/casadicurareginapacis.com\/en\/wp-json\/wp\/v2\/comments\/?post=5857"}],"version-history":[{"count":1,"href":"https:\/\/casadicurareginapacis.com\/en\/wp-json\/wp\/v2\/pages\/5857\/revisions\/"}],"predecessor-version":[{"id":44447,"href":"https:\/\/casadicurareginapacis.com\/en\/wp-json\/wp\/v2\/pages\/5857\/revisions\/44447\/"}],"wp:attachment":[{"href":"https:\/\/casadicurareginapacis.com\/en\/wp-json\/wp\/v2\/media\/?parent=5857"}],"curies":[{"name":"wp","href":"https:\/\/api.w.org\/{rel}","templated":true}]}}