{"id":5863,"date":"2018-06-25T14:23:23","date_gmt":"2018-06-25T12:23:23","guid":{"rendered":"https:\/\/casadicurareginapacis.com\/mammography\/"},"modified":"2024-01-12T12:04:22","modified_gmt":"2024-01-12T10:04:22","slug":"mammography","status":"publish","type":"page","link":"https:\/\/casadicurareginapacis.com\/en\/mammography\/","title":{"rendered":"Mammography"},"content":{"rendered":"<div class=\"ui--image-wrap clearfix alignleft ui--animation text-left ui--block\"><div class=\"ui--image-inline-block\"><img  id=\"ui--image-1\" class=\"ui--image\" src=\"https:\/\/casadicurareginapacis.com\/wp-content\/uploads\/2017\/10\/mammografia-2-300x235.png\" alt=\"\" title=\"\" data-at2x=\"\"\/><div class=\"ui--shadow ui--shadow-type-1 ui--shadow-abs clearfix\"><img src=\"https:\/\/casadicurareginapacis.com\/wp-content\/themes\/envision\/includes\/modules\/module.shadow\/shadows\/shadow-1.png\" alt=\"shadow\" \/><\/div><\/div><\/div><div class=\"auto-format ui--animation\"><p><strong>Che cos&#8217;\u00e8 la mammografia?<\/strong><br \/>\nLa mammografia \u00e8 un esame fondamentale per la prevenzione del tumore della mammella.<br \/>\nSi tratta di una tecnica diagnostica morfologica (che studia quindi forma e struttura della mammella) e consente di rilevare lesioni mammarie in fase precoce, che si presentano sotto forma di opacit\u00e0 nodulari a margini irregolari, microcalcificazioni polimorfe, oppure aree di distorsione strutturale.<br \/>\nLa mammografia \u00e8 un esame che utilizza radiazioni ionizzanti, ma le tecniche recenti permettono di utilizzare una dose di radiazioni ionizzanti estremamente bassa.<\/p>\n<p><strong>A cosa serve?<\/strong><br \/>\nLa mammografia \u00e8 un esame fondamentale per la prevenzione del tumore della mammella, poich\u00e9 \u00e8 in grado di individuare anche lesioni di piccole dimensioni. Si consiglia di iniziare a sottoporsi a mammografia a partire dall&#8217;et\u00e0 di 40 anni, quando la struttura mammaria, modificandosi gradualmente, diventa sempre meno ricca di componente ghiandolare e sempre pi\u00f9 ricca di tessuto adiposo.<br \/>\nIl limite maggiore della mammografia \u00e8 rappresentato dalla &#8220;mammella densa&#8221;, in cui strutturalmente prevale la quota di tessuto ghiandolare rispetto a quello adiposo. In queste condizioni, la radiopacit\u00e0 omogenea indotta dal tessuto ghiandolare fa s\u00ec che ci sia una possibilit\u00e0 che la lesione non sia individuata. In questi casi l&#8217;ecografia diventa un indispensabile valido supporto diagnostico della mammografia.<br \/>\nSe l&#8217;ecografia si pone come primo approccio diagnostico complementare della mammografia, la risonanza magnetica nucleare rappresenta un utile approfondimento in casi selezionati, ove cio\u00e8 la mammografia e l&#8217;ecografia non siano state conclusive.<\/p>\n<p><strong>\u00c8 necessaria una preparazione prima dell&#8217;esame?<\/strong><br \/>\nLa mammografia non necessita di alcun tipo di preparazione, se non l&#8217;accorgimento (per le donne non in menopausa) di sottoporsi all&#8217;esame nel periodo compreso tra il 5 \u00b0 ed il 12 \u00b0 giorno dall&#8217;inizio della mestruazione. Questo per evitare di eseguire la mammografia nel periodo ovulatorio, quando generalmente la mammella \u00e8 molto tesa e spesso spontaneamente dolente.<\/p>\n<p><strong>Chi pu\u00f2 effettuare l&#8217;esame?<\/strong><br \/>\nChiunque. La maggior parte dei carcinomi mammari diagnosticati in fase precoce si risolve positivamente; se invece la scoperta avviene in una fase pi\u00f9 avanzata, le possibilit\u00e0 di trattamento e guarigione sono molto pi\u00f9 limitate. Tutte le donne che abbiano superato i 40 anni dovrebbero sottoporsi ad un programma di screening mammografico, come anche consigliato e promosso dal Ministero della Salute.<br \/>\nViene prescritta alle donne sotto i 40 anni soltanto in pochi casi selezionati dallo specialista. In generale, sotto i 40 anni si preferiscono controlli clinici ed ecografici, sia per le caratteristiche strutturali della mammella (in cui predomina la componente ghiandolare), sia per evitare di sottoporre le donne ad un numero eccessivo di mammografie nel corso della vita (l&#8217;ecografia \u00e8 infatti un esame che utilizza ultrasuoni e non radiazioni ionizzanti).<\/p>\n<p><strong>\u00c8 un esame doloroso o pericoloso?<\/strong><br \/>\nLa mammografia non \u00e8 solitamente un esame doloroso e si esegue, di norma, senza l&#8217;ausilio di anestesie o sedazioni. La bassa dose di radiazioni ionizzanti cui la paziente \u00e8 esposta rende il beneficio diagnostico molto superiore ai possibili effetti secondari. Un interessante sviluppo tecnologico recente \u00e8 rappresentato dall&#8217;applicazione della tecnica digitale. Rispetto alla tecnica tradizionale (mammografia analogica), la mammografia digitale permette infatti di ridurre ulteriormente la dose di radiazione, a fronte di un&#8217;ottima qualit\u00e0 dell&#8217;immagine.<\/p>\n<p><strong>Come funziona?<\/strong><br \/>\nL&#8217;esame dura pochi minuti e viene eseguito con un particolare strumento radiologico chiamato mammografo, in grado di proiettare un fascio di raggi x mirato sulla mammella.<br \/>\nPer rendere l&#8217;immagine pi\u00f9 nitida e ridurre al minimo le dosi di radiazione, la mammella viene posizionata su un apposito sostegno e compressa leggermente tra due piastre plastificate. In questo modo i principali costituenti della mammella (tessuto adiposo e tessuto ghiandolare) vengono compressi e dissociati, rendendo pi\u00f9 facile il loro studio, evitando sovrapposizioni di strutture (e quindi false immagini) e utilizzando basse dosi di radiazione (riducendo lo spessore della mammella si riduce la dose di radiazione da erogare).<br \/>\nLa mammografia viene in genere seguita da una visita clinica e completata dal confronto con le mammografie eseguite precedentemente per individuare eventuali variazioni.<\/p>\n<\/div><a class=\"btn btn-normal btn-icon-left btn-primary ui--animation\" href=\"https:\/\/casadicurareginapacis.com\/prenotazione\/\" style=\"\">Book on-line<\/a> ","protected":false},"excerpt":{"rendered":"<p>Che cos&#8217;\u00e8 la mammografia? La mammografia \u00e8 un esame fondamentale per la prevenzione del tumore della mammella. Si tratta di una tecnica diagnostica morfologica (che studia quindi forma e struttura della mammella) e consente di rilevare lesioni mammarie in fase precoce, che si presentano sotto forma di opacit\u00e0 nodulari a margini irregolari, microcalcificazioni polimorfe, oppure [&hellip;]<\/p>\n","protected":false},"author":1,"featured_media":0,"parent":0,"menu_order":0,"comment_status":"closed","ping_status":"closed","template":"","meta":[],"_links":{"self":[{"href":"https:\/\/casadicurareginapacis.com\/en\/wp-json\/wp\/v2\/pages\/5863\/"}],"collection":[{"href":"https:\/\/casadicurareginapacis.com\/en\/wp-json\/wp\/v2\/pages\/"}],"about":[{"href":"https:\/\/casadicurareginapacis.com\/en\/wp-json\/wp\/v2\/types\/page\/"}],"author":[{"embeddable":true,"href":"https:\/\/casadicurareginapacis.com\/en\/wp-json\/wp\/v2\/users\/1\/"}],"replies":[{"embeddable":true,"href":"https:\/\/casadicurareginapacis.com\/en\/wp-json\/wp\/v2\/comments\/?post=5863"}],"version-history":[{"count":1,"href":"https:\/\/casadicurareginapacis.com\/en\/wp-json\/wp\/v2\/pages\/5863\/revisions\/"}],"predecessor-version":[{"id":44392,"href":"https:\/\/casadicurareginapacis.com\/en\/wp-json\/wp\/v2\/pages\/5863\/revisions\/44392\/"}],"wp:attachment":[{"href":"https:\/\/casadicurareginapacis.com\/en\/wp-json\/wp\/v2\/media\/?parent=5863"}],"curies":[{"name":"wp","href":"https:\/\/api.w.org\/{rel}","templated":true}]}}