{"id":5865,"date":"2018-06-25T14:26:22","date_gmt":"2018-06-25T12:26:22","guid":{"rendered":"https:\/\/casadicurareginapacis.com\/tomografia-computerizzata-tc\/"},"modified":"2024-01-12T12:10:34","modified_gmt":"2024-01-12T10:10:34","slug":"tomografia-computerizzata-tc","status":"publish","type":"page","link":"https:\/\/casadicurareginapacis.com\/en\/tomografia-computerizzata-tc\/","title":{"rendered":"Tomografia Computerizzata (TC)"},"content":{"rendered":"<div class=\"ui--image-wrap clearfix alignleft ui--animation text-left ui--block\"><div class=\"ui--image-inline-block\"><img  id=\"ui--image-1\" class=\"ui--image\" src=\"https:\/\/casadicurareginapacis.com\/wp-content\/uploads\/2017\/10\/tc.jpg\" alt=\"\" title=\"\" data-at2x=\"\"\/><div class=\"ui--shadow ui--shadow-type-1 ui--shadow-abs clearfix\"><img src=\"https:\/\/casadicurareginapacis.com\/wp-content\/themes\/envision\/includes\/modules\/module.shadow\/shadows\/shadow-1.png\" alt=\"shadow\" \/><\/div><\/div><\/div><div class=\"auto-format ui--animation\"><p><em>Cos&#8217;\u00e8 la Tomografia Computerizzata?<\/em><br \/>\nLa TC (Tomografia Computerizzata) \u00e8 una metodica di diagnostica per immagini che sfrutta le radiazioni.<br \/>\nUtilizzata fin dall\u2019inizio degli anni 70, soprattutto come TC cerebrale (per questa invenzione Hounsfield ottenne il premio Nobel), \u00e8 in grado di rappresentare il corpo umano in sezioni (tomografia) secondo piani assiali, cio\u00e8 con tagli trasversali dalla testa ai piedi. Il tubo radiogeno, l\u2019elemento che emette i raggi X, ruota attorno al paziente, che sta sdraiato su un lettino che si muove orizzontalmente (TC spirale).<br \/>\nNella Casa di Cura &#8220;Regina Pacis&#8221; si utilizza una macchina a spirale multistrato, che consente cio\u00e8 di acquisire contemporaneamente l\u2019immagine di 16 sezioni del corpo per ogni rotazione del tubo radiogeno, che dura mezzo secondo. Si acquisisce quindi l\u2019immagine di volumi cospicui in tempi brevissimi (una TC del torace o dell\u2019addome pu\u00f2 durare poco pi\u00f9 10 secondi). Strati tanto sottili e rappresentati in tempi tanto brevi consentono un dettaglio molto preciso delle immagini acquisite, eliminando i disturbi dovuti ad esempio alle pulsazioni del cuore o alla respirazione. Il computer, inoltre, ricostruisce le immagini in tre dimensioni, in modo istantaneo.<br \/>\nSpesso quando si effettua la TC si utilizza un mezzo di contrasto iodato per via endovenosa, soprattutto per la TC dell\u2019addome, del torace, del cuore o dei vasi. In questo caso \u00e8 necessario il digiuno per qualche ora e vengono solitamente prescritti alcuni esami del sangue, per accertarsi ad esempio che la funzionalit\u00e0 renale sia buona. L\u2019utilizzo del contrasto comporta il rischio, seppur molto basso, di allergie.<\/p>\n<p><em>A che cosa serve la TC?<\/em><br \/>\nIl campo di applicazione della TC \u00e8 molto vasto: si va dal campo neurologico a quello scheletrico, toracico, addominale, oncologico di ogni distretto, ginecologico, vascolare, cardiaco e traumatologico. Con la TC spirale multistrato si possono visualizzare molto bene non solo gli organi interni del corpo umano, ma anche le arterie e le vene, poich\u00e9 si possono eliminare gli artefatti da movimento. In questo caso la TC pu\u00f2 sostituire un\u2019angiografia, esame sicuramente pi\u00f9 invasivo della TC.<\/p>\n<p>La TC pu\u00f2 a volte essere utilizzata in combinazione con la risonanza magnetica: i due esami forniscono infatti in molti casi informazioni complementari. Molto spesso viene prescritta in seconda battuta dopo l\u2019ecografia, per acquisire ulteriori informazioni utili alla diagnosi.<br \/>\nPoich\u00e9 la dose di radiazioni emesse dalla macchina pu\u00f2 essere in certi casi discretamente alta, \u00e8 necessaria una certa prudenza, soprattutto nei bambini e nelle donne in et\u00e0 fertile. Per questo motivo la TC non pu\u00f2 e non deve essere considerata uno strumento diagnostico da utilizzare come check-up.<\/p>\n<p><strong>TC 64 Strati, AQUILION, Toshiba<br \/>\n<\/strong><br \/>\nIl tomografo computerizzato Toshiba Aquilion 64 \u00e8 considerata sul mercato l&#8217;unica vera volumetrica a 64 strati con un rivelatore a 64 canali.<br \/>\nSi tratta di uno scanner eccellente per il corpo intero e particolarmente efficace in studi cardiaci. Infatti, il fattore velocit\u00e0 si accoppia soprattutto alla ottima risoluzione di immagine, binomio vincente nello studio delle strutture vascolari, come le arterie coronarie (Cardio-TC) ed il sistema vascolare periferico, oltre che nelle indagini di routine (TC di stadiazione o follow-up, coloscopia virtuale, dentascan, etc\u2026).<\/p>\n<\/div><a class=\"btn btn-normal btn-icon-left btn-primary ui--animation\" href=\"https:\/\/casadicurareginapacis.com\/prenotazione\/\" style=\"\">Book on-line<\/a> <div class=\"cloudfw-fatal-error\"><strong>Error<\/strong>: The video (https:\/\/www.youtube.com\/watch?v=5LZDCqfziBw) couldn't be embedded.<\/div>","protected":false},"excerpt":{"rendered":"<p>Cos&#8217;\u00e8 la Tomografia Computerizzata? La TC (Tomografia Computerizzata) \u00e8 una metodica di diagnostica per immagini che sfrutta le radiazioni. Utilizzata fin dall\u2019inizio degli anni 70, soprattutto come TC cerebrale (per questa invenzione Hounsfield ottenne il premio Nobel), \u00e8 in grado di rappresentare il corpo umano in sezioni (tomografia) secondo piani assiali, cio\u00e8 con tagli trasversali [&hellip;]<\/p>\n","protected":false},"author":1,"featured_media":0,"parent":0,"menu_order":0,"comment_status":"closed","ping_status":"closed","template":"","meta":[],"_links":{"self":[{"href":"https:\/\/casadicurareginapacis.com\/en\/wp-json\/wp\/v2\/pages\/5865\/"}],"collection":[{"href":"https:\/\/casadicurareginapacis.com\/en\/wp-json\/wp\/v2\/pages\/"}],"about":[{"href":"https:\/\/casadicurareginapacis.com\/en\/wp-json\/wp\/v2\/types\/page\/"}],"author":[{"embeddable":true,"href":"https:\/\/casadicurareginapacis.com\/en\/wp-json\/wp\/v2\/users\/1\/"}],"replies":[{"embeddable":true,"href":"https:\/\/casadicurareginapacis.com\/en\/wp-json\/wp\/v2\/comments\/?post=5865"}],"version-history":[{"count":1,"href":"https:\/\/casadicurareginapacis.com\/en\/wp-json\/wp\/v2\/pages\/5865\/revisions\/"}],"predecessor-version":[{"id":44441,"href":"https:\/\/casadicurareginapacis.com\/en\/wp-json\/wp\/v2\/pages\/5865\/revisions\/44441\/"}],"wp:attachment":[{"href":"https:\/\/casadicurareginapacis.com\/en\/wp-json\/wp\/v2\/media\/?parent=5865"}],"curies":[{"name":"wp","href":"https:\/\/api.w.org\/{rel}","templated":true}]}}