{"id":5866,"date":"2018-06-25T14:42:15","date_gmt":"2018-06-25T12:42:15","guid":{"rendered":"https:\/\/casadicurareginapacis.com\/magnetic-resonance-imaging-mri-at-3-tesla\/"},"modified":"2024-01-12T12:03:05","modified_gmt":"2024-01-12T10:03:05","slug":"magnetic-resonance-imaging-mri-at-3-tesla","status":"publish","type":"page","link":"https:\/\/casadicurareginapacis.com\/en\/magnetic-resonance-imaging-mri-at-3-tesla\/","title":{"rendered":"Magnetic Resonance Imaging (MRI) at 3 Tesla"},"content":{"rendered":"<div class=\"ui--image-wrap clearfix alignleft ui--animation text-left ui--block\"><div class=\"ui--image-inline-block\"><img  id=\"ui--image-1\" class=\"ui--image\" src=\"https:\/\/casadicurareginapacis.com\/wp-content\/uploads\/2017\/10\/SIGNA-Pioneer-cam2a-side-view-600x300.jpg\" alt=\"\" title=\"\" data-at2x=\"\" width=\"600\" height=\"300\"\/><div class=\"ui--shadow ui--shadow-type-1 ui--shadow-abs clearfix\"><img src=\"https:\/\/casadicurareginapacis.com\/wp-content\/themes\/envision\/includes\/modules\/module.shadow\/shadows\/shadow-1.png\" alt=\"shadow\" \/><\/div><\/div><\/div><div class=\"auto-format ui--animation\"><p>L\u2019innovativo sistema Risonanza Magnetica <strong>SIGNA PIONEER 3 Tesla<\/strong> della General Electric, in uso presso la Casa di Cura &#8220;Regina Pacis&#8221; di San Cataldo (CL), \u00e8 stato concepito per garantire il massimo comfort per il paziente senza rinunciare ad una eccellente qualit\u00e0 delle immagini ed \u00e8, a oggi, la sola RM a 3 Tesla di tutto il Centro Sicilia.<\/p>\n<p>SIGNA PIONEER \u00e8 dotato di un magnete superconduttivo da 3.0 T, di lunghezza ridotta ed elevata omogeneit\u00e0, caratterizzato da un\u2019apertura tunnel pari a 70 cm (tecnologia open bore) ad ampia svasatura e compatto per garantire il massimo comfort per il paziente e ridurre la sensazione di claustrofobia.<\/p>\n<p><strong>Caratteristiche principali:<\/strong><br \/>\n&#8211; <em>Tecnologia SILENT SCAN<\/em> per il massimo comfort dei pazienti<br \/>\nPer garantire il massimo comfort del paziente durante l\u2019esame, l\u2019apparecchio di risonanza magnetica SIGNA \u00e8 dotato della tecnologia Silent Scan in grado di modificare la percezione delle emissioni acustiche durante l\u2019esecuzione dell\u2019esame. Questa rivoluzionaria tecnica di acquisizione \u00e8 in grado di ridurre il livello di rumore della sala scansione da 91 dB (quasi quanto una motocicletta) a 3 dB (prossimo al rumore ambientale) senza per\u00f2 rinunciare all\u2019eccellente qualit\u00e0 delle immagini necessarie ai medici per ottenere una diagnosi accurata.<br \/>\nSilent Scan creando un ambiente pi\u00f9 silenzioso riduce l\u2019ansia e lo stress del paziente durante la scansione, migliora la soddisfazione del paziente grazie ad un ambiente pi\u00f9 confortevole, facilita l\u2019interazione tra paziente e operatore e permette di ottenere risultati pi\u00f9 rapidi con un minor numero di scansioni.<br \/>\n&#8211; <em>Tecnologia MAGiC (Magnetic Resonance Image Compilation)<\/em><br \/>\nCon l\u2019innovativa tecnologia MAGiC \u00e8 ora possibile generare contrasti di immagini multiple in un\u2019unica scansione RM con immagini acquisite in circa un terzo del tempo necessario per l\u2019acquisizione di sequenze separate.<br \/>\nMAGiC permette di modificare il contrasto dell\u2019immagine anche dopo l\u2019acquisizione della scansione e l\u2019uscita del paziente dalla sala, ottenendo ogni tipo di contrasto desiderato e gettando le basi per nuove capacit\u00e0 diagnostiche.<br \/>\n&#8211; <em>Respiro libero<\/em><br \/>\nGrazie alle sue applicazioni a respiro libero e al software per la correzione avanzata del movimento, SIGNA \u00e8 in grado di compensare il movimento del paziente permettendo di eseguire l\u2019imaging body a respiro libero. Ci\u00f2 consente di migliorare notevolmente non solo l\u2019esperienza del paziente ma anche la qualit\u00e0 delle immagini in situazioni particolarmente complesse.<br \/>\n&#8211; <em>iDrive Pro e PROPELLER 3.0<\/em> per la riduzione degli artefatti da movimento<br \/>\nL\u2019utilizzo di un imaging interattivo in tempo reale permette di ottenere immagini dettagliate di ogni distretto corporeo soprattutto relativamente agli organi soggetti ad artefatti da movimento come la colonna vertebrale, il cuore, il diaframma, il tratto gastrointestinale, l\u2019encefalo ed il distretto muscolo scheletrico.<br \/>\n&#8211; <em>Tecnica FOCUS<\/em><br \/>\nLa tecnica FOCUS fornisce immagini di diffusione in alta risoluzione in esami ove la regione di interesse \u00e8 piccola, in particolare encefalo, pancreas e prostata. Riduce la distorsione geometrica ed elimina gli artefatti.<br \/>\nGarantisce una qualit\u00e0 diagnostica superiore, un numero inferiore di artefatti e una minore durata dell\u2019esame rispetto all\u2019imaging in diffusione tradizionale.<\/p>\n<p>Guarda i video qui sotto!<\/p>\n<\/div><a class=\"btn btn-normal btn-icon-left btn-primary ui--animation\" href=\"https:\/\/casadicurareginapacis.com\/prenotazione\/\" style=\"\">Book on-line<\/a> <div class=\"cloudfw-fatal-error\"><strong>Error<\/strong>: The video (https:\/\/www.youtube.com\/watch?v=ejGyt88hKO4) couldn't be embedded.<\/div><div class=\"cloudfw-fatal-error\"><strong>Error<\/strong>: The video (https:\/\/www.youtube.com\/watch?v=BvxOeH5ZVeM&t=4s) couldn't be embedded.<\/div><div class=\"ui--video-wrapper clearfix\"><div class=\"ui--video ui--video-16-9\" style=\"padding-bottom: 56.25%;\"><iframe title=\"Presentata la prima Risonanza magnetica 3 Tesla alla Casa di cura \u201cRegina Pacis\u201d di San Cataldo\" width=\"960\" height=\"540\" src=\"https:\/\/www.youtube.com\/embed\/TghmPRg8gJ0?wmode=transparent&amp;vq=hd1080&amp;rel=0&amp;showinfo=0&amp;iframe=1&amp;fs=1&amp;modestbranding=0&amp;autoplay=0&amp;theme=dark&feature=oembed\" frameborder=\"0\" allow=\"accelerometer; autoplay; clipboard-write; encrypted-media; gyroscope; picture-in-picture; web-share\" referrerpolicy=\"strict-origin-when-cross-origin\" allowfullscreen><\/iframe><\/div><div class=\"ui--shadow ui--shadow-type-1  clearfix\"><img src=\"https:\/\/casadicurareginapacis.com\/wp-content\/themes\/envision\/includes\/modules\/module.shadow\/shadows\/shadow-1.png\" alt=\"shadow\" \/><\/div><\/div><div class=\"auto-format ui--animation\"><p><em><strong>Silent Scan<\/strong><\/em> di GE Healthcare \u00e8 una tecnologia rivoluzionaria che affronta uno degli ostacoli pi\u00f9 significativi al comfort del paziente: il rumore acustico eccessivo generato durante una risonanza magnetica. Gli scanner MRI convenzionali possono generare un rumore superiore a 110 decibel, equivalenti ai concerti rock e richiedono la protezione delle orecchie. L&#8217;esclusiva tecnologia <em>Silent Scan<\/em> \u00e8 progettata per ridurre il rumore dello scanner MR ai livelli di rumore ambientale (di sottofondo) e migliorare l&#8217;esperienza dell&#8217;esame MRI del paziente.<\/p>\n<\/div><div class=\"cloudfw-fatal-error\"><strong>Error<\/strong>: The video (https:\/\/www.youtube.com\/watch?v=tSxBokkF2s0) couldn't be embedded.<\/div>","protected":false},"excerpt":{"rendered":"<p>L\u2019innovativo sistema Risonanza Magnetica SIGNA PIONEER 3 Tesla della General Electric, in uso presso la Casa di Cura &#8220;Regina Pacis&#8221; di San Cataldo (CL), \u00e8 stato concepito per garantire il massimo comfort per il paziente senza rinunciare ad una eccellente qualit\u00e0 delle immagini ed \u00e8, a oggi, la sola RM a 3 Tesla di tutto [&hellip;]<\/p>\n","protected":false},"author":1,"featured_media":0,"parent":0,"menu_order":0,"comment_status":"closed","ping_status":"closed","template":"","meta":[],"_links":{"self":[{"href":"https:\/\/casadicurareginapacis.com\/en\/wp-json\/wp\/v2\/pages\/5866\/"}],"collection":[{"href":"https:\/\/casadicurareginapacis.com\/en\/wp-json\/wp\/v2\/pages\/"}],"about":[{"href":"https:\/\/casadicurareginapacis.com\/en\/wp-json\/wp\/v2\/types\/page\/"}],"author":[{"embeddable":true,"href":"https:\/\/casadicurareginapacis.com\/en\/wp-json\/wp\/v2\/users\/1\/"}],"replies":[{"embeddable":true,"href":"https:\/\/casadicurareginapacis.com\/en\/wp-json\/wp\/v2\/comments\/?post=5866"}],"version-history":[{"count":1,"href":"https:\/\/casadicurareginapacis.com\/en\/wp-json\/wp\/v2\/pages\/5866\/revisions\/"}],"predecessor-version":[{"id":44391,"href":"https:\/\/casadicurareginapacis.com\/en\/wp-json\/wp\/v2\/pages\/5866\/revisions\/44391\/"}],"wp:attachment":[{"href":"https:\/\/casadicurareginapacis.com\/en\/wp-json\/wp\/v2\/media\/?parent=5866"}],"curies":[{"name":"wp","href":"https:\/\/api.w.org\/{rel}","templated":true}]}}