{"id":5867,"date":"2018-06-25T14:44:53","date_gmt":"2018-06-25T12:44:53","guid":{"rendered":"https:\/\/casadicurareginapacis.com\/bone-densitometry\/"},"modified":"2024-01-12T11:43:20","modified_gmt":"2024-01-12T09:43:20","slug":"bone-densitometry","status":"publish","type":"page","link":"https:\/\/casadicurareginapacis.com\/en\/bone-densitometry\/","title":{"rendered":"Bone densitometry"},"content":{"rendered":"<div class=\"ui--image-wrap clearfix alignleft ui--animation text-left ui--block\"><div class=\"ui--image-inline-block\"><img  id=\"ui--image-1\" class=\"ui--image\" src=\"https:\/\/casadicurareginapacis.com\/wp-content\/uploads\/2017\/10\/densitometria_3jpg-300x193.jpg\" alt=\"\" title=\"\" data-at2x=\"\"\/><div class=\"ui--shadow ui--shadow-type-1 ui--shadow-abs clearfix\"><img src=\"https:\/\/casadicurareginapacis.com\/wp-content\/themes\/envision\/includes\/modules\/module.shadow\/shadows\/shadow-1.png\" alt=\"shadow\" \/><\/div><\/div><\/div><div class=\"auto-format ui--animation\"><p>La <strong>densitometria ossea<\/strong> \u00e8 una tecnica diagnostica che permette di valutare la densit\u00e0 minerale delle ossa, risultando particolarmente utile nella diagnosi e nel monitoraggio dell&#8217;osteoporosi.<br \/>\nQuesta malattia dello scheletro si caratterizza per la riduzione del contenuto minerale delle ossa e per il deterioramento della microstruttura che le caratterizza; come tale, espone i pazienti ad un importante rischio di subire fratture anche per traumi di lieve entit\u00e0. In generale, tale rischio \u00e8 tanto maggiore quanto minore \u00e8 la massa ossea; per questo motivo la densitometria \u00e8 attualmente considerata il gold-standard per la diagnosi strumentale di osteoporosi ed un importante &#8220;predittore&#8221; del rischio di frattura.<\/p>\n<p><em>Come Funziona<\/em><br \/>\nLa densitometria ossea utilizza una piccolissima dose di raggi X per stabilire quanti grammi di calcio e altri minerali sono presenti nel segmento osseo esaminato; le dosi di radiazioni sono talmente basse che anche la frequente ripetizione dell&#8217;esame non rappresenta alcun pericolo per la salute del paziente.<\/p>\n<p><em>Esecuzione e Preparazione<\/em><br \/>\nIl tempo necessario per l&#8217;indagine \u00e8 di circa 10 minuti, non \u00e8 in alcun modo dolorosa e non c&#8217;\u00e8 bisogno di particolari preparazioni dietetiche o farmacologiche. Al termine della procedura il paziente pu\u00f2 quindi riprendere normalmente le comuni occupazioni.<br \/>\nL&#8217;unica accortezza \u00e8 di rimandare di qualche giorno la densitometria in caso di recente sottoposizione ad un esame scintigrafico o radiologico con mezzo di contrasto baritato (la valutazione in merito \u00e8 di competenza dello specialista in medicina nucleare). Prima dell&#8217;esame, inoltre, andranno rimosse dal campo di esplorazione parti metalliche come monete, fibbie, orologi, braccialetti e simili.<\/p>\n<\/div><a class=\"btn btn-normal btn-icon-left btn-primary ui--animation\" href=\"https:\/\/casadicurareginapacis.com\/prenotazione\/\" style=\"\">Book on-line<\/a> ","protected":false},"excerpt":{"rendered":"<p>La densitometria ossea \u00e8 una tecnica diagnostica che permette di valutare la densit\u00e0 minerale delle ossa, risultando particolarmente utile nella diagnosi e nel monitoraggio dell&#8217;osteoporosi. Questa malattia dello scheletro si caratterizza per la riduzione del contenuto minerale delle ossa e per il deterioramento della microstruttura che le caratterizza; come tale, espone i pazienti ad un [&hellip;]<\/p>\n","protected":false},"author":1,"featured_media":0,"parent":0,"menu_order":0,"comment_status":"closed","ping_status":"closed","template":"","meta":[],"_links":{"self":[{"href":"https:\/\/casadicurareginapacis.com\/en\/wp-json\/wp\/v2\/pages\/5867\/"}],"collection":[{"href":"https:\/\/casadicurareginapacis.com\/en\/wp-json\/wp\/v2\/pages\/"}],"about":[{"href":"https:\/\/casadicurareginapacis.com\/en\/wp-json\/wp\/v2\/types\/page\/"}],"author":[{"embeddable":true,"href":"https:\/\/casadicurareginapacis.com\/en\/wp-json\/wp\/v2\/users\/1\/"}],"replies":[{"embeddable":true,"href":"https:\/\/casadicurareginapacis.com\/en\/wp-json\/wp\/v2\/comments\/?post=5867"}],"version-history":[{"count":1,"href":"https:\/\/casadicurareginapacis.com\/en\/wp-json\/wp\/v2\/pages\/5867\/revisions\/"}],"predecessor-version":[{"id":44350,"href":"https:\/\/casadicurareginapacis.com\/en\/wp-json\/wp\/v2\/pages\/5867\/revisions\/44350\/"}],"wp:attachment":[{"href":"https:\/\/casadicurareginapacis.com\/en\/wp-json\/wp\/v2\/media\/?parent=5867"}],"curies":[{"name":"wp","href":"https:\/\/api.w.org\/{rel}","templated":true}]}}