{"id":5880,"date":"2018-06-25T15:11:14","date_gmt":"2018-06-25T13:11:14","guid":{"rendered":"https:\/\/casadicurareginapacis.com\/post-bariatric-surgery\/"},"modified":"2024-01-12T12:18:33","modified_gmt":"2024-01-12T10:18:33","slug":"post-bariatric-surgery","status":"publish","type":"page","link":"https:\/\/casadicurareginapacis.com\/en\/post-bariatric-surgery\/","title":{"rendered":"Post-bariatric surgery"},"content":{"rendered":"<div class=\"ui--image-wrap clearfix alignleft ui--animation text-left ui--block\"><div class=\"ui--image-inline-block\"><img  id=\"ui--image-1\" class=\"ui--image\" src=\"https:\/\/casadicurareginapacis.com\/wp-content\/uploads\/2018\/02\/27459165_1693270974073819_8485164225833614051_n-400x300.jpg\" alt=\"\" title=\"\" data-at2x=\"\" width=\"400\" height=\"300\"\/><div class=\"ui--shadow ui--shadow-type-1 ui--shadow-abs clearfix\"><img src=\"https:\/\/casadicurareginapacis.com\/wp-content\/themes\/envision\/includes\/modules\/module.shadow\/shadows\/shadow-1.png\" alt=\"shadow\" \/><\/div><\/div><\/div><div class=\"auto-format ui--animation\"><p>La Casa di Cura \u201cRegina Pacis\u201d dedica ai Pazienti una giornata di visite gratuite in occasione di un Open Day dedicato interamente all\u2019importanza della <strong>Chirurgia Plastica Ricostruttiva post-Bariatrica<\/strong>.<\/p>\n<p>Con la crescente popolarit\u00e0 della chirurgia bariatrica, il rimodellamento del corpo dopo un significativo calo ponderale \u00e8 diventato un elemento sempre pi\u00f9 importante nella terapia dell\u2019obesit\u00e0. Applicando le pi\u00f9 recenti tecniche chirurgiche, basate sulle esigenze e sulle priorit\u00e0 di ogni singolo paziente, la chirurgia plastica permette di ripristinare con armonia l\u2019equilibrio morfofunzionale del corpo.<br \/>\nI pazienti obesi si rivolgono al chirurgo plastico in diversi momenti della loro malattia:<\/p>\n<p>1. <strong>Pazienti obesi<\/strong> \u25ba Devono essere informati che non esiste alcuna procedura di chirurgia plastica che permette di ottenere un calo ponderale significativo e stabile nel tempo. Questi pazienti devono essere inviati presso un medico specialista nella cura dell\u2019obesit\u00e0 o, nel caso in cui sia gi\u00e0 stata tentata senza successo una terapia medica, inviati a visita presso un chirurgo bariatrico.<\/p>\n<p>2. <strong>Pazienti obesi in fase di dimagrimento<\/strong> \u25ba Devono essere informati circa i possibili cambiamenti nel profilo del corpo durante la fase di dimagrimento e sulle possibili procedure per correggere queste alterazioni. I pazienti devono essere incoraggiati a raggiungere un peso ottimale consci del fatto che: maggiore \u00e8 il dimagrimento migliore sar\u00e0 il risultato raggiunto con gli interventi di chirurgia plastica.<\/p>\n<p>3. <strong>Pazienti che hanno avuto un calo ponderale importante<\/strong> \u25ba Sono i pazienti candidati agli interventi per il rimodellamento del profilo del corpo.<\/p>\n<p>Durante la visita, il chirurgo valuter\u00e0 attentamente la storia clinica del paziente, i precedenti interventi chirurgici, l\u2019anamnesi farmacologica, l\u2019eventuale presenza di allergie e le motivazioni che hanno spinto il paziente verso questa decisione. Al termine della stessa visita, il chirurgo indicher\u00e0 le strategie terapeutiche pi\u00f9 appropriate, spiegando i vantaggi e gli svantaggi delle diverse possibilit\u00e0. Gli elementi centrali di questa visita sono:<\/p>\n<p><em>A. Identificare le procedure pi\u00f9 appropriate per la condizione e gli obbiettivi di ciascun paziente.<br \/>\nB. La certezza che il paziente abbia compreso in modo adeguato tutti i problemi legati alle diverse procedure.<br \/>\nC. Il paziente dovr\u00e0 prendere la decisione finale in modo pienamente consapevole.<\/em><\/p>\n<p>Questi tre elementi aiuteranno il paziente a raggiungere l\u2019aspetto desiderato con le procedure meno invasive a disposizione, realizzando in questo modo un\u2019esperienza di reciproca soddisfazione.<br \/>\nLa chirurgia plastica ha sviluppato un approccio globale e sequenziale per il rimodellamento del corpo nei pazienti che hanno avuto un calo ponderale importante.<\/p>\n<\/div><a class=\"btn btn-normal btn-icon-left btn-primary ui--animation\" href=\"https:\/\/casadicurareginapacis.com\/chirurgia-plastica-ricostruttiva\/\" target=\"_blank\" style=\"\">Ulteriori informazioni<\/a> ","protected":false},"excerpt":{"rendered":"<p>La Casa di Cura \u201cRegina Pacis\u201d dedica ai Pazienti una giornata di visite gratuite in occasione di un Open Day dedicato interamente all\u2019importanza della Chirurgia Plastica Ricostruttiva post-Bariatrica. Con la crescente popolarit\u00e0 della chirurgia bariatrica, il rimodellamento del corpo dopo un significativo calo ponderale \u00e8 diventato un elemento sempre pi\u00f9 importante nella terapia dell\u2019obesit\u00e0. Applicando [&hellip;]<\/p>\n","protected":false},"author":1,"featured_media":0,"parent":0,"menu_order":0,"comment_status":"closed","ping_status":"closed","template":"","meta":[],"_links":{"self":[{"href":"https:\/\/casadicurareginapacis.com\/en\/wp-json\/wp\/v2\/pages\/5880\/"}],"collection":[{"href":"https:\/\/casadicurareginapacis.com\/en\/wp-json\/wp\/v2\/pages\/"}],"about":[{"href":"https:\/\/casadicurareginapacis.com\/en\/wp-json\/wp\/v2\/types\/page\/"}],"author":[{"embeddable":true,"href":"https:\/\/casadicurareginapacis.com\/en\/wp-json\/wp\/v2\/users\/1\/"}],"replies":[{"embeddable":true,"href":"https:\/\/casadicurareginapacis.com\/en\/wp-json\/wp\/v2\/comments\/?post=5880"}],"version-history":[{"count":1,"href":"https:\/\/casadicurareginapacis.com\/en\/wp-json\/wp\/v2\/pages\/5880\/revisions\/"}],"predecessor-version":[{"id":44410,"href":"https:\/\/casadicurareginapacis.com\/en\/wp-json\/wp\/v2\/pages\/5880\/revisions\/44410\/"}],"wp:attachment":[{"href":"https:\/\/casadicurareginapacis.com\/en\/wp-json\/wp\/v2\/media\/?parent=5880"}],"curies":[{"name":"wp","href":"https:\/\/api.w.org\/{rel}","templated":true}]}}