{"id":5898,"date":"2018-06-25T15:45:16","date_gmt":"2018-06-25T13:45:16","guid":{"rendered":"https:\/\/casadicurareginapacis.com\/not-on-my-skin\/"},"modified":"2024-01-12T11:35:10","modified_gmt":"2024-01-12T09:35:10","slug":"not-on-my-skin","status":"publish","type":"page","link":"https:\/\/casadicurareginapacis.com\/en\/not-on-my-skin\/","title":{"rendered":"&#8220;Not on my skin!&#8221;"},"content":{"rendered":"<div class=\"ui--image-wrap clearfix alignleft ui--animation text-left ui--block\"><div class=\"ui--image-inline-block\"><img  id=\"ui--image-1\" class=\"ui--image\" src=\"https:\/\/casadicurareginapacis.com\/wp-content\/uploads\/2017\/06\/img_ereditariet\u00e02-400x200.jpg\" alt=\"img_ereditariet\u00e02\" title=\"img_ereditariet\u00e02\" data-at2x=\"\" width=\"400\" height=\"200\"\/><div class=\"ui--shadow ui--shadow-type-1 ui--shadow-abs clearfix\"><img src=\"https:\/\/casadicurareginapacis.com\/wp-content\/themes\/envision\/includes\/modules\/module.shadow\/shadows\/shadow-1.png\" alt=\"shadow\" \/><\/div><\/div><\/div><div class=\"auto-format ui--animation\"><p>Numerosi tumori possono colpire la pelle, che rappresenta l&#8217;organo pi\u00f9 esteso del nostro corpo ed \u00e8 formata da tre strati: l&#8217;epidermide (strato superficiale), il derma (strato intermedio) e il tessuto sottocutaneo (strato profondo).<br \/>\nL&#8217;epidermide, a sua volta, \u00e8 formata da diverse cellule: i melanociti, che hanno il compito di produrre la melanina, un pigmento che protegge dagli effetti dannosi dei raggi solari, e i cheratinociti che rappresentano le cellule pi\u00f9 numerose di questo strato.<br \/>\nI cheratinociti presenti nello strato pi\u00f9 esterno dell&#8217;epidermide prendono il nome di cellule squamose e, quando vanno incontro a trasformazione tumorale, prendono il nome di carcinomi spinocellulari. I cheratinociti dello strato pi\u00f9 profondo sono invece chiamati cellule basali e possono dare origine ai carcinomi basocellulari. Entrambi sono tumori cutanei non melanomatosi, cio\u00e8 tumori della pelle diversi dai melanomi, che invece originano dai melanociti.<br \/>\nPur rappresentando uno dei tumori a pi\u00f9 elevata malignit\u00e0, il melanoma cutaneo \u00e8 l\u2019unico ad essere visibile sin dalle prime fasi evolutive.<br \/>\nLa prevenzione e la diagnosi precoce sono pertanto di fondamentale importanza per raggiungere un\u2019alta percentuale di guaribilit\u00e0. Per sensibilizzare sull\u2019importanza della prevenzione, si terr\u00e0 presso l&#8217;Ambulatorio di Dermatologia della Casa di Cura &#8220;Regina Pacis&#8221; una giornata di prevenzione dei tumori maligni della cute, durante la quale sar\u00e0 possibile effettuare gratuitamente la visita specialistica. <\/p>\n<\/div>","protected":false},"excerpt":{"rendered":"<p>Numerosi tumori possono colpire la pelle, che rappresenta l&#8217;organo pi\u00f9 esteso del nostro corpo ed \u00e8 formata da tre strati: l&#8217;epidermide (strato superficiale), il derma (strato intermedio) e il tessuto sottocutaneo (strato profondo). L&#8217;epidermide, a sua volta, \u00e8 formata da diverse cellule: i melanociti, che hanno il compito di produrre la melanina, un pigmento che [&hellip;]<\/p>\n","protected":false},"author":1,"featured_media":0,"parent":0,"menu_order":0,"comment_status":"closed","ping_status":"closed","template":"","meta":[],"_links":{"self":[{"href":"https:\/\/casadicurareginapacis.com\/en\/wp-json\/wp\/v2\/pages\/5898\/"}],"collection":[{"href":"https:\/\/casadicurareginapacis.com\/en\/wp-json\/wp\/v2\/pages\/"}],"about":[{"href":"https:\/\/casadicurareginapacis.com\/en\/wp-json\/wp\/v2\/types\/page\/"}],"author":[{"embeddable":true,"href":"https:\/\/casadicurareginapacis.com\/en\/wp-json\/wp\/v2\/users\/1\/"}],"replies":[{"embeddable":true,"href":"https:\/\/casadicurareginapacis.com\/en\/wp-json\/wp\/v2\/comments\/?post=5898"}],"version-history":[{"count":1,"href":"https:\/\/casadicurareginapacis.com\/en\/wp-json\/wp\/v2\/pages\/5898\/revisions\/"}],"predecessor-version":[{"id":44331,"href":"https:\/\/casadicurareginapacis.com\/en\/wp-json\/wp\/v2\/pages\/5898\/revisions\/44331\/"}],"wp:attachment":[{"href":"https:\/\/casadicurareginapacis.com\/en\/wp-json\/wp\/v2\/media\/?parent=5898"}],"curies":[{"name":"wp","href":"https:\/\/api.w.org\/{rel}","templated":true}]}}