{"id":5906,"date":"2018-06-25T15:49:06","date_gmt":"2018-06-25T13:49:06","guid":{"rendered":"https:\/\/casadicurareginapacis.com\/bra-day\/"},"modified":"2024-01-12T11:34:08","modified_gmt":"2024-01-12T09:34:08","slug":"bra-day","status":"publish","type":"page","link":"https:\/\/casadicurareginapacis.com\/en\/bra-day\/","title":{"rendered":"&#8220;Bra-Day&#8221;"},"content":{"rendered":"<div class=\"ui--image-wrap clearfix alignleft ui--animation text-left ui--block\"><div class=\"ui--image-inline-block\"><img  id=\"ui--image-1\" class=\"ui--image\" src=\"https:\/\/casadicurareginapacis.com\/wp-content\/uploads\/2017\/10\/BRA-Day-Logo-300x238.jpg\" alt=\"BRA-Day-Logo-300x238\" title=\"BRA-Day-Logo-300x238\" data-at2x=\"\"\/><div class=\"ui--shadow ui--shadow-type-1 ui--shadow-abs clearfix\"><img src=\"https:\/\/casadicurareginapacis.com\/wp-content\/themes\/envision\/includes\/modules\/module.shadow\/shadows\/shadow-1.png\" alt=\"shadow\" \/><\/div><\/div><\/div><div class=\"auto-format ui--animation\"><p>Il <strong>BRA DAY<\/strong> \u00e8 un\u2019iniziativa che ha l\u2019obiettivo di divulgare informazioni corrette e complete sulla ricostruzione del seno post-intervento chirurgico di mastectomia, per offrire alle donne la piena conoscenza riguardo lo sviluppo delle tecniche di chirurgia ricostruttiva.<br \/>\nUna donna informata \u00e8 una donna consapevole delle proprie scelte: con questi propositi la CdC \u201cRegina Pacis\u201d ha organizzato il BRA DAY, una vera e propria festa per l\u2019informazione e la consapevolezza femminile.<br \/>\nAlcuni studi sull\u2019argomento hanno rivelato che:<br \/>\n* l\u201989% delle donne desidera conoscere i risultati della ricostruzione del seno prima di sottoporsi ai trattamenti relativi al cancro al seno.<br \/>\n* solo il 23% delle donne conoscono l\u2019ampia gamma di trattamenti disponibili riguardo la ricostruzione del seno.<br \/>\n* solo il 22% conoscono la qualit\u00e0 dei risultati ottenibili mediante un intervento di ricostruzione del seno.<br \/>\n* solo il 19% delle donne comprendono che la tempestivit\u00e0 del trattamento del cancro al seno e della loro decisione di sottoporsi alla ricostruzione ha un grande impatto sulle opzioni disponibili e sui risultati di tali operazioni.<br \/>\nMolte donne in procinto di sottoporsi ad un intervento di ricostruzione del seno successivamente ad una mastectomia non ricevono informazioni adeguate riguardo alle tecniche di chirurgia ricostruttiva disponibili. Ogni donna ha il diritto di essere informata in maniera tale da permetterle di compiere scelte consapevoli: \u00e8 tempo di fare chiarezza.\t<\/p>\n<p><strong>RICOSTRUZIONE MAMMARIA<\/strong><br \/>\nLa ricostruzione del seno si ottiene tramite una serie di interventi di chirurgia plastica che hanno l\u2019obiettivo di riportare il seno alla sua forma, nell\u2019apparenza e nella taglia a seguito di una mastectomia. La maggior parte delle donne che hanno superato il cancro al seno e hanno subito una intervento chirurgico pi\u00f9 o meno demolitivo possono essere candidate alla ricostruzione del seno. Se la donna si \u00e8 sottoposta, o si sottoporr\u00e0 in futuro, a radioterapia al seno, questa pu\u00f2 influire sulle tempistiche e sulla tipologia della ricostruzione del seno. Alcune pazienti hanno bisogno di un trattamento di chemioterapia successivamente alla mastectomia: anche questo pu\u00f2 influenzare le tempistiche dell\u2019intervento di ricostruzione. Nonostante l\u2019intervento di ricostruzione del seno sia facoltativo, sottoporsi ad un intervento di ricostruzione del seno conferisce un profondo impatto emotivo e immensi benefici a livello pratico. E\u2019 inoltre importante ricordare che la ricostruzione del seno non interferisce con i trattamenti relativi al cancro al seno e, al contempo, aiuta a migliorare la fiducia in s\u00e9 stesse e l\u2019immagine che si ha del proprio corpo. La decisione di sottoporsi ad un intervento di ricostruzione del seno \u00e8 una scelta libera e personale, ma \u00e8 importante sapere che non tutte le pazienti sono adatte a tutte le tipologie di ricostruzione. Il tipo di trattamento al quale la donna decider\u00e0 di sottoporsi andr\u00e0 decisa in collaborazione con il chirurgo e dipender\u00e0 dai desideri personali, dall\u2019anatomia e dai trattamenti precedenti cui ci si \u00e8 sottoposta.<br \/>\nSe la donna si \u00e8 sottoposta, o si sottoporr\u00e0 in futuro, a radioterapia al seno, questa pu\u00f2 influire sulle tempistiche e sulla tipologia della ricostruzione del seno. Alcune pazienti hanno bisogno di un trattamento di chemioterapia successivamente alla mastectomia: anche questo pu\u00f2 influenzare le tempistiche dell\u2019intervento di ricostruzione. Nonostante l\u2019intervento di ricostruzione del seno sia facoltativo, sottoporsi ad un intervento di ricostruzione del seno conferisce un profondo impatto emotivo e immensi benefici a livello pratico. E\u2019 inoltre importante ricordare che la ricostruzione del seno non interferisce con i trattamenti relativi al cancro al seno e, al contempo, aiuta a migliorare la fiducia in s\u00e9 stesse e l\u2019immagine che si ha del proprio corpo. La decisione di sottoporsi ad un intervento di ricostruzione del seno \u00e8 una scelta libera e personale, ma \u00e8 importante sapere che non tutte le pazienti sono adatte a tutte le tipologie di ricostruzione. Il tipo di trattamento al quale la donna decider\u00e0 di sottoporsi andr\u00e0 decisa in collaborazione con il chirurgo e dipender\u00e0 dai desideri personali, dall\u2019anatomia e dai trattamenti precedenti cui ci si \u00e8 sottoposte.<\/p>\n<p><strong>ASPETTO DELLA MAMMELLA RICOSTRUITA<\/strong><br \/>\nMolte donne si chiedono come appaia un seno ricostruito e quali sensazioni si provino.<br \/>\n\u201cSembrer\u00e0 uguale al mio seno precedente? Sar\u00e0 simile all\u2019altro seno? Il capezzolo sar\u00e0 sensibile?\u201d.<br \/>\nNonostante la ricostruzione del seno sia in grado di ricostruire completamente il seno, i risultati sono molto variabili:<br \/>\n* un seno ricostruito non sar\u00e0 in grado di fornire le stesse sensazioni del seno che sostituisce.<br \/>\n* le incisioni dell\u2019intervento saranno sempre visibili sul seno, che si tratti di un intervento di ricostruzione o di mastectomia.<br \/>\n* Alcune tecniche chirurgiche lasceranno delle incisioni sulla zona dalla quale verranno asportata la pelle, solitamente posizionate in zone meno esposte del corpo come schiena, addome o natiche.<br \/>\n* Un appunto riguardo la simmetria: se \u00e8 interessata una sola mammella, sar\u00e0 la sola ad essere ricostruita. In aggiunta, un intervento di riduzione o aumento del seno sano sar\u00e0 raccomandato per migliorare la simmetria e la taglia di entrambe le mammelle.<\/p>\n<p>E\u2019 importante sapere che successivamente alla mastectomia, l\u2019unico tessuto utilizzabile e rimanente sulla gabbia toracica sar\u00e0 costituito da un muscolo e un sottile strato di pelle: il chirurgo creer\u00e0 un nuovo seno partendo da questo tessuto. Spesso il seno appare diverso da quello originale e potrebbero risultare necessarie alcune procedure per renderlo pi\u00f9 simile al seno opposto. Bisogna,inoltre, ricordare che molte donne trovano che la pelle della gabbia toracica sia meno sensibile successivamente all\u2019intervento di mastectomia. I nervi che potrebbero essere stati rimossi durante l\u2019intervento non sono sostituibili e questa perdita di sensibilit\u00e0 \u00e8, purtroppo, permanente. Nonostante queste limitazioni,<em> la maggior parte delle donne che si sottopongono all\u2019intervento di ricostruzione del seno ottengono immensi benefici da tale procedura. Tra questi ricordiamo il recupero di una sensazione di integrit\u00e0 conferita dal nuovo seno, assieme ad una riconquista della femminilit\u00e0, per non parlare dei benefici pratici come l\u2019eliminazione del bisogno di indossare ingombranti protesi nella vita di tutti i giorni.<\/em><\/p>\n<\/div>","protected":false},"excerpt":{"rendered":"<p>Il BRA DAY \u00e8 un\u2019iniziativa che ha l\u2019obiettivo di divulgare informazioni corrette e complete sulla ricostruzione del seno post-intervento chirurgico di mastectomia, per offrire alle donne la piena conoscenza riguardo lo sviluppo delle tecniche di chirurgia ricostruttiva. Una donna informata \u00e8 una donna consapevole delle proprie scelte: con questi propositi la CdC \u201cRegina Pacis\u201d ha [&hellip;]<\/p>\n","protected":false},"author":1,"featured_media":0,"parent":0,"menu_order":0,"comment_status":"closed","ping_status":"closed","template":"","meta":[],"_links":{"self":[{"href":"https:\/\/casadicurareginapacis.com\/en\/wp-json\/wp\/v2\/pages\/5906\/"}],"collection":[{"href":"https:\/\/casadicurareginapacis.com\/en\/wp-json\/wp\/v2\/pages\/"}],"about":[{"href":"https:\/\/casadicurareginapacis.com\/en\/wp-json\/wp\/v2\/types\/page\/"}],"author":[{"embeddable":true,"href":"https:\/\/casadicurareginapacis.com\/en\/wp-json\/wp\/v2\/users\/1\/"}],"replies":[{"embeddable":true,"href":"https:\/\/casadicurareginapacis.com\/en\/wp-json\/wp\/v2\/comments\/?post=5906"}],"version-history":[{"count":1,"href":"https:\/\/casadicurareginapacis.com\/en\/wp-json\/wp\/v2\/pages\/5906\/revisions\/"}],"predecessor-version":[{"id":44326,"href":"https:\/\/casadicurareginapacis.com\/en\/wp-json\/wp\/v2\/pages\/5906\/revisions\/44326\/"}],"wp:attachment":[{"href":"https:\/\/casadicurareginapacis.com\/en\/wp-json\/wp\/v2\/media\/?parent=5906"}],"curies":[{"name":"wp","href":"https:\/\/api.w.org\/{rel}","templated":true}]}}