{"id":8345,"date":"2018-08-28T10:34:18","date_gmt":"2018-08-28T08:34:18","guid":{"rendered":"https:\/\/casadicurareginapacis.com\/?page_id=8345"},"modified":"2024-01-12T11:14:16","modified_gmt":"2024-01-12T09:14:16","slug":"storia-2","status":"publish","type":"page","link":"https:\/\/casadicurareginapacis.com\/en\/storia-2\/","title":{"rendered":"Storia 2"},"content":{"rendered":"<div class=\"ui--image-wrap clearfix alignleft ui--animation text-left ui--block\"><div class=\"ui--image-inline-block\"><img  id=\"ui--image-1\" class=\"ui--image\" src=\"https:\/\/casadicurareginapacis.com\/wp-content\/uploads\/2018\/06\/nastro-rosa_donna_slider-1728x800_c-400x300.jpg\" alt=\"nastro-rosa_donna_slider-1728x800_c\" title=\"nastro-rosa_donna_slider-1728x800_c\" data-at2x=\"\" width=\"400\" height=\"300\"\/><div class=\"ui--shadow ui--shadow-type-1 ui--shadow-abs clearfix\"><img src=\"https:\/\/casadicurareginapacis.com\/wp-content\/themes\/envision\/includes\/modules\/module.shadow\/shadows\/shadow-1.png\" alt=\"shadow\" \/><\/div><\/div><\/div><div class=\"auto-format ui--animation\"><p>&#8220;Sono una ragazza di 32 anni, mi ero appena sposata e sognavamo una famiglia numerosa, ma non fu cos\u00ec perch\u00e9 un bel giorno scoprii di essere ammalata. Avevo compiuto da poco trent\u2019anni e con mio marito avevamo deciso di provare a diventare genitori, quindi la notizia di una gravidanza, ci avrebbe reso la coppia pi\u00f9 felice al mondo.<\/p>\n<p>Alla data del mio matrimonio, giorno bellissimo in cui la mia vita \u00e8 cambiata , se ne \u00e8 aggiunse un\u2019altra molto importante ma con sensazioni opposte, il 9 luglio 2016, data in cui mi \u00e8 crollato il mondo addosso,da un\u2019ecografia al seno eseguito, presso la <a href=\"https:\/\/casadicurareginapacis.com\/informazioni-generali-breastunit\/\" target=\"_blank\">Breast Unit della Casa di Cura &#8220;Regina Pacis&#8221;<\/a>, si \u00e8 subito capito che quel nodulo che avevo toccato era un tumore, poi con i vari esami di circostanza era emersa la natura maligna e aggressiva. Non potr\u00f2 mai dimenticare che la prima domanda che i medici mi fecero riguardava proprio la possibilit\u00e0 di essere in gravidanza, non avrei mai pensato di sperare di non essere incinta, visto il desiderio di diventare madre.<\/p>\n<p>Per un attimo mi sentii sprofondare, sarebbe stato complesso per me dover stabilire cosa fare, non si trattava di scegliere una qualsiasi cosa ma quale vita salvare\u2026. E sarebbe stata una situazione cos\u00ec complessa che non so la decisione che avrei preso, visto che &#8211; ringraziando Dio &#8211; non ero incinta, la mia scelta non la conosco, ho capito che bisogna trovarsi sempre nelle situazioni per sapere cosa fare.<\/p>\n<p>Dopo aver appurato che non ero in gravidanza, iniziai una serie di controlli e la mia prima visita dall\u2019oncologo, altro momento scioccante e doloroso. Lo specialista con tutta la sensibilit\u00e0 e il tatto mi illustr\u00f2 tutta la situazione, mi disse che avrei dovuto iniziare subito la chemioterapia e questo mi avrebbe portato alla possibilit\u00e0 di riduzione del tumore ma anche a degli effetti collaterali, il primo che mi disse riguardava la caduta dei cappelli, scioccante perch\u00e9 \u00e8 l\u2019effetto collaterale che ti fa capire che sei malata e che ti mostra al mondo come tale, successivamente ho capito che era il meno grave. Subito dopo mi disse il danno che la terapia pesante avrebbe potuto causare al mio apparato riproduttivo, ossia per 80% di possibilit\u00e0 sarei entrata in menopausa e li scoppiai in un pianto di disperazione, perch\u00e9 in un istante finii di sentirmi donna soprattutto nei riguardi di mio marito, iniziai ad avere dei sensi di colpa verso di lui, perch\u00e9 in un attimo era venuta meno la possibilit\u00e0 di completare la famiglia. Per\u00f2, devo aggiungere che l\u2019unica cosa che interessava a lui, dal momento della scoperta della malattia, era la mia guarigione, non facendomi mai pesare nulla, anche perch\u00e9 di colpe non avevo.<\/p>\n<p>L\u2019oncologo subito mi disse che c\u2019erano diverse soluzioni mediche ma vista la mia situazione e il poco tempo avrei dovuto scegliere solo se fare la crioconservazione del tessuto ovarico.<\/p>\n<p>Con mio marito non volevamo neanche andare dallo specialista per fare questo intervento, per\u00f2 per evitare qualsiasi rimorso futuro, decidemmo di andare a sentire cosa ci consigliasse; da subito la dottoressa ci disse che qualsiasi scelta avessimo preso sarebbe stata giusta che riguardava solo noi e se avessi scelto di fare l\u2019intervento l\u2019avrebbe fissato a meno di una settimana, dandomi cos\u00ec la possibilit\u00e0 di iniziare immediatamente le cure, a quel punto con mio marito ribaltammo la nostra decisione e decidemmo di fare quell\u2019intervento.<\/p>\n<p>E\u2019 stato uno spiraglio per noi, e mi ha aiutato tantissimo a livello psicologico, riuscendo cos\u00ec a riavere la speranza di poter diventare genitori.<\/p>\n<p>Adesso con mio marito abbiamo deciso di iniziare le pratiche per potere adottare dei bambini, figli non si \u00e8 solo per il sangue ma per l\u2019affetto, quello che abbiamo intenzione di dare e che in qualche modo diamo ai bimbi che ci circondano, tutto passa solo l\u2019amore resta. E, comunque, dopo le cure non sono entrata in menopausa. Ma questa \u00e8 un\u2019altra storia&#8221;.<\/p>\n<\/div>","protected":false},"excerpt":{"rendered":"<p>&#8220;Sono una ragazza di 32 anni, mi ero appena sposata e sognavamo una famiglia numerosa, ma non fu cos\u00ec perch\u00e9 un bel giorno scoprii di essere ammalata. Avevo compiuto da poco trent\u2019anni e con mio marito avevamo deciso di provare a diventare genitori, quindi la notizia di una gravidanza, ci avrebbe reso la coppia pi\u00f9 [&hellip;]<\/p>\n","protected":false},"author":2,"featured_media":0,"parent":0,"menu_order":0,"comment_status":"closed","ping_status":"closed","template":"","meta":[],"_links":{"self":[{"href":"https:\/\/casadicurareginapacis.com\/en\/wp-json\/wp\/v2\/pages\/8345\/"}],"collection":[{"href":"https:\/\/casadicurareginapacis.com\/en\/wp-json\/wp\/v2\/pages\/"}],"about":[{"href":"https:\/\/casadicurareginapacis.com\/en\/wp-json\/wp\/v2\/types\/page\/"}],"author":[{"embeddable":true,"href":"https:\/\/casadicurareginapacis.com\/en\/wp-json\/wp\/v2\/users\/2\/"}],"replies":[{"embeddable":true,"href":"https:\/\/casadicurareginapacis.com\/en\/wp-json\/wp\/v2\/comments\/?post=8345"}],"version-history":[{"count":2,"href":"https:\/\/casadicurareginapacis.com\/en\/wp-json\/wp\/v2\/pages\/8345\/revisions\/"}],"predecessor-version":[{"id":44317,"href":"https:\/\/casadicurareginapacis.com\/en\/wp-json\/wp\/v2\/pages\/8345\/revisions\/44317\/"}],"wp:attachment":[{"href":"https:\/\/casadicurareginapacis.com\/en\/wp-json\/wp\/v2\/media\/?parent=8345"}],"curies":[{"name":"wp","href":"https:\/\/api.w.org\/{rel}","templated":true}]}}