{"id":8416,"date":"2018-08-29T09:40:15","date_gmt":"2018-08-29T07:40:15","guid":{"rendered":"https:\/\/casadicurareginapacis.com\/?page_id=8416"},"modified":"2024-01-12T11:18:34","modified_gmt":"2024-01-12T09:18:34","slug":"terapia-del-dolore","status":"publish","type":"page","link":"https:\/\/casadicurareginapacis.com\/en\/terapia-del-dolore\/","title":{"rendered":"Terapia del Dolore"},"content":{"rendered":"<div class=\"ui--image-wrap clearfix alignleft ui--animation text-left ui--block\"><div class=\"ui--image-inline-block\"><img  id=\"ui--image-1\" class=\"ui--image\" src=\"https:\/\/casadicurareginapacis.com\/wp-content\/uploads\/2015\/11\/RICOVERO.jpg\" alt=\"RICOVERO\" title=\"RICOVERO\" data-at2x=\"\"\/><div class=\"ui--shadow ui--shadow-type-1 ui--shadow-abs clearfix\"><img src=\"https:\/\/casadicurareginapacis.com\/wp-content\/themes\/envision\/includes\/modules\/module.shadow\/shadows\/shadow-1.png\" alt=\"shadow\" \/><\/div><\/div><\/div><div class=\"auto-format ui--animation\"><p> La <strong>terapia del dolore<\/strong> ha lo scopo di riconoscere, valutare e trattare nella maniera pi\u00f9 consona il dolore. E\u2019 un intervento terapeutico e scientifico applicato al trattamento del dolore. Quest\u2019ultimo causa spesso inabilit\u00e0 sia dal punto di vista fisico che emotivo minando seriamente la qualit\u00e0 di vita. Il dolore \u00e8 la chiara manifestazione di disturbi o malattie di tipo osseo, reumatico, metabolico o oncologico.<br \/>\nLa terapia del dolore \u00e8 molto utilizzata durante le ultime fasi di una malattia terminale, come cura palliativa, ma \u00e8 molto utile anche nella cura di dolori cronici provocati da ernie\/protrusioni discali, interventi chirurgici, malattie delle articolazioni e muscolari fino ad arrivare alle malattie neurologiche.<br \/>\nLa terapia del dolore della Casa di Cura \u201cRegina Pacis\u201d si avvale di specialisti di questa branca e di attrezzature e locali molto all&#8217;avanguardia nella diagnosi e nel trattamento di tali sintomi.<\/p>\n<p><strong>LA NOSTRA ATTIVITA\u2019<\/strong><br \/>\n\u2022 Trattamento del mal di schiena (ernie\/protrusioni discali) e delle classiche sciatalgie attraverso tecniche invasive e non, tra tutte le peridurali antalgiche in cui il farmaco idoneo a trattare il dolore e la patologia viene immesso direttamente sul sito causa del dolore stesso;<br \/>\n\u2022 Trattamento del dolore cronico;<br \/>\n\u2022 Trattamento del dolore oncologico;<br \/>\n\u2022 Infiltrazione punti \u201ctrigger\u201d cioe dei siti che causano il dolore con infiltrazioni mirate;<br \/>\n\u2022 Trattamento del dolore neuropatico (nevralgia posterpetica, neuropatia diabetica, nevralgia del trigemino, traumi colonna vertebrale);<br \/>\n\u2022 Trattamento del dolore articolare (spalla, ginocchio, mano, gomito, ecc..)<br \/>\n\u2022 Trattamento dell\u2019infiammazione dei nervi periferici con tecniche avanzate di infiltrazioni eco guidate.<\/p>\n<p><strong>ORGANIZZAZIONE<\/strong><br \/>\nL\u2019iter diagnostico e terapeutico segue delle vie ben definite:<br \/>\n\u2022 Visita specialistica in cui verra inquadrata la patologia di cui e affetto il paziente;<br \/>\n\u2022 Day service: consente al paziente di essere preso in carico da parte dello specialista antalgologo fino alla fine del percorso diagnostico-terapeutico con la garanzia di una efficace forma assistenziale nella rete organizzativa-ambulatoriale.<\/p>\n<\/div><a class=\"btn btn-normal btn-icon-left btn-red ui--animation\" href=\"https:\/\/casadicurareginapacis.com\/wp-content\/uploads\/2018\/08\/Brochure-Terapia-del-Dolore-1.pdf\" target=\"_blank\" style=\"\">Brochure<\/a> <a class=\"btn btn-normal btn-icon-left btn-primary ui--animation\" href=\"https:\/\/casadicurareginapacis.com\/ozonoterapia\/\" target=\"_blank\" style=\"\">Ozonoterapia<\/a> <a class=\"btn btn-normal btn-icon-left btn-primary ui--animation\" href=\"https:\/\/casadicurareginapacis.com\/disturbi-temporo-mandibolari\/\" target=\"_blank\" style=\"\">Disturbi Temporo-Mandibolari<\/a> <a class=\"btn btn-normal btn-icon-left btn-primary ui--animation\" href=\"https:\/\/casadicurareginapacis.com\/prenota\/\" target=\"_blank\" style=\"\">Prenota on line<\/a> <a class=\"btn btn-normal btn-icon-left btn-orange ui--animation\" href=\"http:\/\/www.salute.gov.it\/imgs\/C_17_opuscoliPoster_187_allegato.pdf\" target=\"_blank\" style=\"\">Opuscolo<\/a> ","protected":false},"excerpt":{"rendered":"<p>La terapia del dolore ha lo scopo di riconoscere, valutare e trattare nella maniera pi\u00f9 consona il dolore. E\u2019 un intervento terapeutico e scientifico applicato al trattamento del dolore. Quest\u2019ultimo causa spesso inabilit\u00e0 sia dal punto di vista fisico che emotivo minando seriamente la qualit\u00e0 di vita. Il dolore \u00e8 la chiara manifestazione di disturbi [&hellip;]<\/p>\n","protected":false},"author":1,"featured_media":0,"parent":0,"menu_order":0,"comment_status":"closed","ping_status":"closed","template":"","meta":[],"_links":{"self":[{"href":"https:\/\/casadicurareginapacis.com\/en\/wp-json\/wp\/v2\/pages\/8416\/"}],"collection":[{"href":"https:\/\/casadicurareginapacis.com\/en\/wp-json\/wp\/v2\/pages\/"}],"about":[{"href":"https:\/\/casadicurareginapacis.com\/en\/wp-json\/wp\/v2\/types\/page\/"}],"author":[{"embeddable":true,"href":"https:\/\/casadicurareginapacis.com\/en\/wp-json\/wp\/v2\/users\/1\/"}],"replies":[{"embeddable":true,"href":"https:\/\/casadicurareginapacis.com\/en\/wp-json\/wp\/v2\/comments\/?post=8416"}],"version-history":[{"count":6,"href":"https:\/\/casadicurareginapacis.com\/en\/wp-json\/wp\/v2\/pages\/8416\/revisions\/"}],"predecessor-version":[{"id":24199,"href":"https:\/\/casadicurareginapacis.com\/en\/wp-json\/wp\/v2\/pages\/8416\/revisions\/24199\/"}],"wp:attachment":[{"href":"https:\/\/casadicurareginapacis.com\/en\/wp-json\/wp\/v2\/media\/?parent=8416"}],"curies":[{"name":"wp","href":"https:\/\/api.w.org\/{rel}","templated":true}]}}